{"id":1468,"date":"2021-11-08T13:41:42","date_gmt":"2021-11-08T13:41:42","guid":{"rendered":"https:\/\/piek.international\/certifikace-ipc-designer\/"},"modified":"2021-11-08T13:44:20","modified_gmt":"2021-11-08T13:44:20","slug":"certifikace-ipc-designer","status":"publish","type":"page","link":"https:\/\/piek.international\/cs\/certifikace-ipc-designer\/","title":{"rendered":"Certifikace IPC Designer"},"content":{"rendered":"<p><div class=\"fusion-fullwidth fullwidth-box fusion-builder-row-1 fusion-flex-container nonhundred-percent-fullwidth non-hundred-percent-height-scrolling\" style=\"--awb-border-radius-top-left:0px;--awb-border-radius-top-right:0px;--awb-border-radius-bottom-right:0px;--awb-border-radius-bottom-left:0px;--awb-flex-wrap:wrap;\" ><div class=\"fusion-builder-row fusion-row fusion-flex-align-items-flex-start fusion-flex-content-wrap\" style=\"max-width:1144px;margin-left: calc(-4% \/ 2 );margin-right: calc(-4% \/ 2 );\"><div class=\"fusion-layout-column fusion_builder_column fusion-builder-column-0 fusion_builder_column_1_1 1_1 fusion-flex-column\" style=\"--awb-bg-size:cover;--awb-width-large:100%;--awb-margin-top-large:0px;--awb-spacing-right-large:1.92%;--awb-margin-bottom-large:20px;--awb-spacing-left-large:1.92%;--awb-width-medium:100%;--awb-order-medium:0;--awb-spacing-right-medium:1.92%;--awb-spacing-left-medium:1.92%;--awb-width-small:100%;--awb-order-small:0;--awb-spacing-right-small:1.92%;--awb-spacing-left-small:1.92%;\"><div class=\"fusion-column-wrapper fusion-column-has-shadow fusion-flex-justify-content-flex-start fusion-content-layout-column\"><div class=\"fusion-title title fusion-title-1 sep-underline sep-dotted fusion-title-text fusion-title-size-one\" style=\"--awb-margin-top-small:0px;--awb-margin-right-small:0px;--awb-margin-bottom-small:20px;--awb-margin-left-small:0px;\"><h1 class=\"fusion-title-heading title-heading-left\" style=\"margin:0;\">Certifikace IPC Designer<\/h1><\/div><\/div><\/div><\/div><\/div><div class=\"fusion-bg-parallax\" data-bg-align=\"right top\" data-direction=\"down\" data-mute=\"false\" data-opacity=\"100\" data-velocity=\"-0.3\" data-mobile-enabled=\"false\" data-break_parents=\"0\" data-bg-image=\"https:\/\/piek.international\/wp-content\/uploads\/pcb-background-v4.jpeg\" data-bg-repeat=\"false\" data-bg-color=\"#fcfcfc\" ><\/div><div class=\"fusion-fullwidth fullwidth-box fusion-builder-row-2 fusion-flex-container fusion-parallax-down nonhundred-percent-fullwidth non-hundred-percent-height-scrolling fusion-no-small-visibility fusion-no-medium-visibility\" style=\"--awb-background-position:right top;--awb-border-radius-top-left:0px;--awb-border-radius-top-right:0px;--awb-border-radius-bottom-right:0px;--awb-border-radius-bottom-left:0px;--awb-padding-top:50px;--awb-padding-bottom:25px;--awb-background-color:#fcfcfc;--awb-background-image:url(&quot;https:\/\/piek.international\/wp-content\/uploads\/pcb-background-v4.jpeg&quot;);--awb-background-size:cover;--awb-flex-wrap:wrap;--awb-box-shadow: 0px 0px ;\" ><div class=\"fusion-builder-row fusion-row fusion-flex-align-items-flex-start fusion-flex-content-wrap\" style=\"max-width:1144px;margin-left: calc(-4% \/ 2 );margin-right: calc(-4% \/ 2 );\"><div class=\"fusion-layout-column fusion_builder_column fusion-builder-column-1 fusion_builder_column_1_1 1_1 fusion-flex-column\" style=\"--awb-bg-size:cover;--awb-width-large:100%;--awb-margin-top-large:0px;--awb-spacing-right-large:1.92%;--awb-margin-bottom-large:20px;--awb-spacing-left-large:1.92%;--awb-width-medium:100%;--awb-order-medium:0;--awb-spacing-right-medium:1.92%;--awb-spacing-left-medium:1.92%;--awb-width-small:100%;--awb-order-small:0;--awb-spacing-right-small:1.92%;--awb-spacing-left-small:1.92%;\"><div class=\"fusion-column-wrapper fusion-column-has-shadow fusion-flex-justify-content-flex-start fusion-content-layout-column\"><div class=\"fusion-text fusion-text-1\"><h4><a href=\"#cid\"><i class=\"fb-icon-element-1 fb-icon-element fontawesome-icon fa-check fas circle-no fusion-text-flow\" style=\"--awb-iconcolor:#2cb34a;--awb-iconcolor-hover:#2cb34a;--awb-font-size:24px;--awb-margin-right:12px;\"><\/i>IPC CID (CERTIFIED INTERCONNECT DESIGNER-BASIC)<\/a><\/h4>\n<h4><a href=\"#cidplus\"><i class=\"fb-icon-element-2 fb-icon-element fontawesome-icon fa-check fas circle-no fusion-text-flow\" style=\"--awb-iconcolor:#2cb34a;--awb-iconcolor-hover:#2cb34a;--awb-font-size:24px;--awb-margin-right:12px;\"><\/i>IPC CID+ (ADVANCED CERTIFIED INTERCONNECT DESIGNER)<\/a><\/h4>\n<\/div><\/div><\/div><\/div><\/div><div class=\"fusion-fullwidth fullwidth-box fusion-builder-row-3 fusion-flex-container nonhundred-percent-fullwidth non-hundred-percent-height-scrolling fusion-no-large-visibility\" style=\"--awb-border-radius-top-left:0px;--awb-border-radius-top-right:0px;--awb-border-radius-bottom-right:0px;--awb-border-radius-bottom-left:0px;--awb-padding-top:50px;--awb-padding-bottom:25px;--awb-background-color:#fcfcfc;--awb-flex-wrap:wrap;--awb-box-shadow: 0px 0px ;\" ><div class=\"fusion-builder-row fusion-row fusion-flex-align-items-flex-start fusion-flex-content-wrap\" style=\"max-width:1144px;margin-left: calc(-4% \/ 2 );margin-right: calc(-4% \/ 2 );\"><div class=\"fusion-layout-column fusion_builder_column fusion-builder-column-2 fusion_builder_column_1_1 1_1 fusion-flex-column\" style=\"--awb-bg-size:cover;--awb-width-large:100%;--awb-margin-top-large:0px;--awb-spacing-right-large:1.92%;--awb-margin-bottom-large:20px;--awb-spacing-left-large:1.92%;--awb-width-medium:100%;--awb-order-medium:0;--awb-spacing-right-medium:1.92%;--awb-spacing-left-medium:1.92%;--awb-width-small:100%;--awb-order-small:0;--awb-spacing-right-small:1.92%;--awb-spacing-left-small:1.92%;\"><div class=\"fusion-column-wrapper fusion-column-has-shadow fusion-flex-justify-content-flex-start fusion-content-layout-column\"><div class=\"fusion-text fusion-text-2\"><h4><a href=\"#cid\"><i class=\"fb-icon-element-3 fb-icon-element fontawesome-icon fa-check fas circle-no fusion-text-flow\" style=\"--awb-iconcolor:#2cb34a;--awb-iconcolor-hover:#2cb34a;--awb-font-size:24px;--awb-margin-right:12px;\"><\/i>IPC CID (CERTIFIED INTERCONNECT DESIGNER-BASIC)<\/a><\/h4>\n<h4><a href=\"#cidplus\"><i class=\"fb-icon-element-4 fb-icon-element fontawesome-icon fa-check fas circle-no fusion-text-flow\" style=\"--awb-iconcolor:#2cb34a;--awb-iconcolor-hover:#2cb34a;--awb-font-size:24px;--awb-margin-right:12px;\"><\/i>IPC CID+ (ADVANCED CERTIFIED INTERCONNECT DESIGNER)<\/a><\/h4>\n<\/div><\/div><\/div><\/div><\/div><div id=\"cid\" class=\"fusion-container-anchor\"><div class=\"fusion-fullwidth fullwidth-box fusion-builder-row-4 fusion-flex-container nonhundred-percent-fullwidth non-hundred-percent-height-scrolling\" style=\"--awb-border-radius-top-left:0px;--awb-border-radius-top-right:0px;--awb-border-radius-bottom-right:0px;--awb-border-radius-bottom-left:0px;--awb-padding-top:50px;--awb-padding-bottom:25px;--awb-flex-wrap:wrap;\" ><div class=\"fusion-builder-row fusion-row fusion-flex-align-items-flex-start fusion-flex-content-wrap\" style=\"max-width:1144px;margin-left: calc(-4% \/ 2 );margin-right: calc(-4% \/ 2 );\"><div class=\"fusion-layout-column fusion_builder_column fusion-builder-column-3 fusion_builder_column_1_1 1_1 fusion-flex-column\" style=\"--awb-bg-size:cover;--awb-width-large:100%;--awb-margin-top-large:0px;--awb-spacing-right-large:1.92%;--awb-margin-bottom-large:20px;--awb-spacing-left-large:1.92%;--awb-width-medium:100%;--awb-order-medium:0;--awb-spacing-right-medium:1.92%;--awb-spacing-left-medium:1.92%;--awb-width-small:100%;--awb-order-small:0;--awb-spacing-right-small:1.92%;--awb-spacing-left-small:1.92%;\"><div class=\"fusion-column-wrapper fusion-column-has-shadow fusion-flex-justify-content-flex-start fusion-content-layout-column\"><div class=\"fusion-title title fusion-title-2 sep-underline sep-dotted fusion-title-text fusion-title-size-two\" style=\"--awb-margin-top-small:0px;--awb-margin-right-small:0px;--awb-margin-bottom-small:20px;--awb-margin-left-small:0px;\"><h2 class=\"fusion-title-heading title-heading-left\" style=\"margin:0;\">IPC CID (CERTIFIED INTERCONNECT DESIGNER-BASIC)<\/h2><\/div><div class=\"fusion-text fusion-text-3\"><p>\u0158ada IPC-2220 (&#8222;Generic Standard on Printed Board Design&#8220;) je \u0159ada norem IPC, podle kter\u00fdch jsou navr\u017eeny desky s plo\u0161n\u00fdmi spoji. IPC je americk\u00fd institut, kter\u00fd zaji\u0161\u0165uje, \u017ee v\u0161echny znalosti jsou distribuov\u00e1ny po cel\u00e9m sv\u011bt\u011b certifikovan\u00fdmi IPC \u0161koliteli prost\u0159ednictv\u00edm jejich IPC standard\u016f, IPC \u0161kolic\u00edch program\u016f a IPC v\u00fdukov\u00fdch materi\u00e1l\u016f. IPC-2221 je standard, podle kter\u00e9ho design\u00e9\u0159i navrhuj\u00ed desky plo\u0161n\u00fdch spoj\u016f tak, aby soubory Gerber (n\u00e1kresy\/data) na stran\u011b v\u00fdrobce desek plo\u0161n\u00fdch spoj\u016f byly na jejich v\u00fdrobn\u00edch stroj\u00edch spr\u00e1vn\u011b pochopeny. T\u00e9m\u011b\u0159 v\u0161ichni n\u00e1vrh\u00e1\u0159i desek plo\u0161n\u00fdch spoj\u016f po cel\u00e9m sv\u011bt\u011b pracuj\u00ed podle t\u00e9to normy (standard\u016f).    Pokud pot\u0159ebujete dal\u0161\u00ed znalosti v oblasti n\u00e1vrhu desek plo\u0161n\u00fdch spoj\u016f, materi\u00e1l\u016f desek plo\u0161n\u00fdch spoj\u016f, povrchov\u00fdch \u00faprav, tepeln\u00e9 hmoty, elektrick\u00fdch v\u016fl\u00ed, vzd\u00e1lenosti od okraje desky plo\u0161n\u00fdch spoj\u016f, toleranc\u00ed, test\u016f, zna\u010den\u00ed, zapojov\u00e1n\u00ed\/nap\u00edn\u00e1n\u00ed prokov\u016f, master v\u00fdkres (n\u00e1kres n\u00e1vrhu), p\u00e1jec\u00ed maska, spolehlivost, environment\u00e1ln\u00ed aspekty atd. pak je tato norma pro v\u00e1s ta prav\u00e1.<\/p>\n<h3>CHT\u011aLI BY STE SE NAU\u010cIT, JAK NAVRHNOUT DESKU S PLO\u0160N\u00ddMI OBVODY (PCB)? ANO M\u016e\u017dE\u0160! <\/h3>\n<p>Tato norma se pou\u017e\u00edv\u00e1 pro n\u00e1vrh nov\u00e9ho elektronick\u00e9ho v\u00fdrobku v konstruk\u010dn\u00edm odd\u011blen\u00ed a n\u011bkdy tak\u00e9 jako vstupn\u00ed kontrola u v\u00fdrobce desek plo\u0161n\u00fdch spoj\u016f (spole\u010dnosti, kter\u00e1 vyr\u00e1b\u00ed desky s plo\u0161n\u00fdmi spoji). Pokud jsou konstruk\u010dn\u00ed v\u00fdkresy nespr\u00e1vn\u00e9, v\u00fdrobce desek plo\u0161n\u00fdch spoj\u016f nem\u016f\u017ee spr\u00e1vn\u011b vyr\u00e1b\u011bt, co\u017e znamen\u00e1, \u017ee mont\u00e1\u017en\u00edk nem\u016f\u017ee spr\u00e1vn\u011b zap\u00e1jet sou\u010d\u00e1stky a v nejhor\u0161\u00edm p\u0159\u00edpad\u011b elektronick\u00e9 v\u00fdrobky p\u0159ed\u010dasn\u011b sel\u017eou. Dobr\u00fd design je z\u00e1kladem kvalitn\u00edho kone\u010dn\u00e9ho produktu. \u0160kolen\u00ed CID je \u0161kolen\u00ed, kter\u00e9 \u0161kol\u00ed studenta\/\u00fa\u010dastn\u00edka jako Certified Interconnect Designer (CID). To znamen\u00e1, \u017ee student m\u00e1 n\u00e1sledn\u011b mnoho znalost\u00ed o pravidlech navrhov\u00e1n\u00ed (sm\u011brnice pro navrhov\u00e1n\u00ed).    <\/p>\n<p>Toto \u0161kolen\u00ed je vhodn\u00e9 pro lidi, kte\u0159\u00ed pracuj\u00ed v konstruk\u010dn\u00edm odd\u011blen\u00ed. Certifika\u010dn\u00ed \u0161kolen\u00ed CID se skl\u00e1d\u00e1 ze dvou \u010d\u00e1st\u00ed. Prvn\u00ed \u010d\u00e1st je p\u0159\u00edprava doma, druh\u00e1 \u010d\u00e1st jsou 3 \u0161kol\u00edc\u00ed dny a na konci \u0161kolen\u00ed \u00fa\u010dastn\u00edk p\u00ed\u0161e z\u00e1v\u011bre\u010dnou zkou\u0161ku (110 ot\u00e1zek s v\u00fdb\u011brem). Minim\u00e1ln\u00ed sk\u00f3re pro \u00fasp\u011bch je 73 %. Jakmile \u00fa\u010dastn\u00edk z\u00edsk\u00e1 sv\u016fj certifik\u00e1t CID, je tento certifik\u00e1t platn\u00fd nav\u017edy. S t\u00edmto IPC certifik\u00e1tem m\u016f\u017eete pracovat jako CID ( Certified Interconnect Designer ) po cel\u00e9m sv\u011bt\u011b. Stejn\u011b jako \u0159idi\u010dsk\u00fd pr\u016fkaz je tento certifik\u00e1t IPC mezin\u00e1rodn\u011b uzn\u00e1van\u00fd. Pokud m\u00e1 n\u011bkdo z\u00e1jem o do\u0161kolen\u00ed (pokro\u010dil\u00e9), hod\u00ed se k tomu \u0161kolen\u00ed CID+. CID je ur\u010den\u00e1 osoba, kter\u00e1 diskutuje a \u0159e\u0161\u00ed probl\u00e9my se z\u00e1kazn\u00edky.<\/p>\n<\/div><div class=\"fusion-text fusion-text-4\"><p>Nev\u00e1hejte n\u00e1s kontaktovat pro kompletn\u00ed \u0161kolic\u00ed program, v\u00edce informac\u00ed nebo jin\u00e9 probl\u00e9my souvisej\u00edc\u00ed se \u0161kolen\u00edm. Telefonicky +31-(0)45-5703333, e-mailem <a href=\"mailto:support@piek.international\">support@piek.international<\/a> nebo <a href=\"https:\/\/piek.international\/quote-request\/\">si vy\u017e\u00e1dejte cenovou nab\u00eddku<\/a> .<\/p>\n<\/div>\n<div style=\"text-align:right;\"><a class=\"fusion-button button-flat fusion-button-default-size button-default fusion-button-default button-1 fusion-button-default-span fusion-button-default-type\" style=\"--button_text_transform:uppercase;\" target=\"_self\" title=\"\u017d\u00e1dost o cit\u00e1t\" aria-label=\"\u017d\u00e1dost o cit\u00e1t\" href=\"https:\/\/piek.international\/quote-request\/\"><span class=\"fusion-button-text awb-button__text awb-button__text--default\">\u017d\u00e1dost o cit\u00e1t<\/span><\/a><\/div>\n<\/div><\/div><\/div><\/div><\/div><div id=\"cidplus\" class=\"fusion-container-anchor\"><div class=\"fusion-fullwidth fullwidth-box fusion-builder-row-5 fusion-flex-container nonhundred-percent-fullwidth non-hundred-percent-height-scrolling\" style=\"--awb-border-radius-top-left:0px;--awb-border-radius-top-right:0px;--awb-border-radius-bottom-right:0px;--awb-border-radius-bottom-left:0px;--awb-padding-top:50px;--awb-padding-bottom:25px;--awb-margin-top:50px;--awb-background-color:#fcfcfc;--awb-flex-wrap:wrap;\" ><div class=\"fusion-builder-row fusion-row fusion-flex-align-items-flex-start fusion-flex-content-wrap\" style=\"max-width:1144px;margin-left: calc(-4% \/ 2 );margin-right: calc(-4% \/ 2 );\"><div class=\"fusion-layout-column fusion_builder_column fusion-builder-column-4 fusion_builder_column_1_1 1_1 fusion-flex-column\" style=\"--awb-bg-size:cover;--awb-width-large:100%;--awb-margin-top-large:0px;--awb-spacing-right-large:1.92%;--awb-margin-bottom-large:20px;--awb-spacing-left-large:1.92%;--awb-width-medium:100%;--awb-order-medium:0;--awb-spacing-right-medium:1.92%;--awb-spacing-left-medium:1.92%;--awb-width-small:100%;--awb-order-small:0;--awb-spacing-right-small:1.92%;--awb-spacing-left-small:1.92%;\"><div class=\"fusion-column-wrapper fusion-column-has-shadow fusion-flex-justify-content-flex-start fusion-content-layout-column\"><div class=\"fusion-title title fusion-title-3 sep-underline sep-dotted fusion-title-text fusion-title-size-two\" style=\"--awb-margin-top-small:0px;--awb-margin-right-small:0px;--awb-margin-bottom-small:20px;--awb-margin-left-small:0px;\"><h2 class=\"fusion-title-heading title-heading-left\" style=\"margin:0;\">IPC CID+ (ADVANCED CERTIFIED INTERCONNECT DESIGNER)<\/h2><\/div><div class=\"fusion-text fusion-text-5\"><p>\u0158ada IPC-2220 (&#8222;Generic Standard on Printed Board Design&#8220;) je \u0159ada norem IPC, podle kter\u00fdch jsou navr\u017eeny desky s plo\u0161n\u00fdmi spoji. IPC je americk\u00fd institut, kter\u00fd zaji\u0161\u0165uje, \u017ee v\u0161echny znalosti jsou distribuov\u00e1ny po cel\u00e9m sv\u011bt\u011b certifikovan\u00fdmi IPC \u0161koliteli prost\u0159ednictv\u00edm jejich IPC standard\u016f, IPC \u0161kolic\u00edch program\u016f a IPC v\u00fdukov\u00fdch materi\u00e1l\u016f. IPC-2221 je standard, podle kter\u00e9ho design\u00e9\u0159i navrhuj\u00ed desky plo\u0161n\u00fdch spoj\u016f tak, aby soubory Gerber (n\u00e1kresy\/data) na stran\u011b v\u00fdrobce desek plo\u0161n\u00fdch spoj\u016f byly na jejich v\u00fdrobn\u00edch stroj\u00edch spr\u00e1vn\u011b pochopeny. T\u00e9m\u011b\u0159 v\u0161ichni n\u00e1vrh\u00e1\u0159i desek plo\u0161n\u00fdch spoj\u016f po cel\u00e9m sv\u011bt\u011b pracuj\u00ed podle t\u00e9to normy (standard\u016f).   <\/p>\n<h3>CHT\u011aLI BY STE SE NAU\u010cIT, JAK NAVRHOVAT N\u00c1RO\u010cN\u00c9 DESKY S TI\u0160T\u011aN\u00ddMI OBVODY (PCBS)? ANO M\u016e\u017dE\u0160! <\/h3>\n<p>Pokud pot\u0159ebujete dal\u0161\u00ed znalosti v oblasti n\u00e1vrhu desek plo\u0161n\u00fdch spoj\u016f, materi\u00e1l\u016f desek plo\u0161n\u00fdch spoj\u016f, povrchov\u00fdch \u00faprav, tepeln\u00e9 hmoty, elektrick\u00fdch v\u016fl\u00ed, vzd\u00e1lenosti od okraje desky plo\u0161n\u00fdch spoj\u016f, toleranc\u00ed, test\u016f, zna\u010den\u00ed, zapojov\u00e1n\u00ed\/nap\u00edn\u00e1n\u00ed prokov\u016f, master v\u00fdkres (n\u00e1kres n\u00e1vrhu), p\u00e1jec\u00ed maska, spolehlivost, environment\u00e1ln\u00ed aspekty atd. pak je tato norma pro v\u00e1s ta prav\u00e1. Tato norma se pou\u017e\u00edv\u00e1 pro n\u00e1vrh nov\u00e9ho elektronick\u00e9ho v\u00fdrobku v konstruk\u010dn\u00edm odd\u011blen\u00ed a n\u011bkdy tak\u00e9 jako vstupn\u00ed kontrola u v\u00fdrobce desek plo\u0161n\u00fdch spoj\u016f (spole\u010dnosti, kter\u00e1 vyr\u00e1b\u00ed desky s plo\u0161n\u00fdmi spoji). Pokud jsou konstruk\u010dn\u00ed v\u00fdkresy nespr\u00e1vn\u00e9, v\u00fdrobce desek plo\u0161n\u00fdch spoj\u016f nem\u016f\u017ee spr\u00e1vn\u011b vyr\u00e1b\u011bt, co\u017e znamen\u00e1, \u017ee mont\u00e1\u017en\u00edk nem\u016f\u017ee spr\u00e1vn\u011b zap\u00e1jet sou\u010d\u00e1stky a v nejhor\u0161\u00edm p\u0159\u00edpad\u011b elektronick\u00e9 v\u00fdrobky p\u0159ed\u010dasn\u011b sel\u017eou. Dobr\u00fd design je z\u00e1kladem kvalitn\u00edho kone\u010dn\u00e9ho produktu. \u0160kolen\u00ed CID+ je \u0161kolen\u00ed, kter\u00e9 \u0161kol\u00ed studenta\/\u00fa\u010dastn\u00edka jako Advanced Certified Interconnect Designer (CID+). To znamen\u00e1, \u017ee student m\u00e1 n\u00e1sledn\u011b ve\u0161ker\u00e9 znalosti o pravidlech navrhov\u00e1n\u00ed (sm\u011brnice pro navrhov\u00e1n\u00ed).      Toto \u0161kolen\u00ed je vhodn\u00e9 pro pokro\u010dil\u00e9 (projek\u010dn\u00ed specialisty), kte\u0159\u00ed pracuj\u00ed v konstruk\u010dn\u00edm odd\u011blen\u00ed. Certifika\u010dn\u00ed \u0161kolen\u00ed CID+ se skl\u00e1d\u00e1 ze dvou \u010d\u00e1st\u00ed. Prvn\u00ed \u010d\u00e1st je p\u0159\u00edprava doma, druh\u00e1 \u010d\u00e1st jsou 3 \u0161kol\u00edc\u00ed dny a na konci \u0161kolen\u00ed \u00fa\u010dastn\u00edk p\u00ed\u0161e z\u00e1v\u011bre\u010dnou zkou\u0161ku (120 ot\u00e1zek s v\u00fdb\u011brem). Kdy\u017e \u00fa\u010dastn\u00edk z\u00edsk\u00e1 sv\u016fj certifik\u00e1t CID+, je tento certifik\u00e1t platn\u00fd nav\u017edy. S t\u00edmto certifik\u00e1tem IPC m\u016f\u017eete pracovat po cel\u00e9m sv\u011bt\u011b jako CID+ ( Advanced Certified Interconnect Designer ). Stejn\u011b jako \u0159idi\u010dsk\u00fd pr\u016fkaz je tento certifik\u00e1t IPC mezin\u00e1rodn\u011b uzn\u00e1van\u00fd. CID+ je ur\u010den\u00e1 osoba, kter\u00e1 diskutuje a \u0159e\u0161\u00ed probl\u00e9my se z\u00e1kazn\u00edky.<\/p>\n<\/div><div class=\"fusion-text fusion-text-6\"><p>Nev\u00e1hejte n\u00e1s kontaktovat pro kompletn\u00ed \u0161kolic\u00ed program, v\u00edce informac\u00ed nebo jin\u00e9 probl\u00e9my souvisej\u00edc\u00ed se \u0161kolen\u00edm. Telefonicky +31-(0)45-5703333, e-mailem <a href=\"mailto:support@piek.international\">support@piek.international<\/a> nebo <a href=\"https:\/\/piek.international\/quote-request\/\">si vy\u017e\u00e1dejte cenovou nab\u00eddku<\/a> .<\/p>\n<\/div>\n<div style=\"text-align:right;\"><a class=\"fusion-button button-flat fusion-button-default-size button-default fusion-button-default button-2 fusion-button-default-span fusion-button-default-type\" style=\"--button_text_transform:uppercase;\" target=\"_self\" title=\"\u017d\u00e1dost o cit\u00e1t\" aria-label=\"\u017d\u00e1dost o cit\u00e1t\" href=\"https:\/\/piek.international\/quote-request\/\"><span class=\"fusion-button-text awb-button__text awb-button__text--default\">\u017d\u00e1dost o cit\u00e1t<\/span><\/a><\/div>\n<\/div><\/div><\/div><\/div><\/div><\/p>\n","protected":false},"excerpt":{"rendered":"","protected":false},"author":1,"featured_media":0,"parent":0,"menu_order":0,"comment_status":"closed","ping_status":"closed","template":"100-width.php","meta":{"footnotes":""},"class_list":["post-1468","page","type-page","status-publish","hentry"],"yoast_head":"<!-- This site is optimized with the Yoast SEO plugin v27.3 - https:\/\/yoast.com\/product\/yoast-seo-wordpress\/ -->\n<title>Certifikace IPC Designer - IPC Accredited Training Partner - PIEK<\/title>\n<meta name=\"description\" content=\"\u0160kolen\u00ed CID je \u0161kolen\u00ed n\u00e1vrhu PCB, kter\u00e9 \u0161kol\u00ed studenta jako IPC Certified Interconnect Designer (CID).\" \/>\n<meta name=\"robots\" content=\"index, follow, max-snippet:-1, max-image-preview:large, max-video-preview:-1\" \/>\n<link rel=\"canonical\" href=\"https:\/\/piek.international\/cs\/certifikace-ipc-designer\/\" \/>\n<meta property=\"og:locale\" content=\"cs_CZ\" \/>\n<meta property=\"og:type\" content=\"article\" \/>\n<meta property=\"og:title\" content=\"Certifikace IPC Designer - IPC Accredited Training Partner - PIEK\" \/>\n<meta property=\"og:description\" content=\"\u0160kolen\u00ed CID je \u0161kolen\u00ed n\u00e1vrhu PCB, kter\u00e9 \u0161kol\u00ed studenta jako IPC Certified Interconnect Designer (CID).\" \/>\n<meta property=\"og:url\" content=\"https:\/\/piek.international\/cs\/certifikace-ipc-designer\/\" \/>\n<meta property=\"og:site_name\" content=\"IPC Accredited Training Partner - PIEK\" \/>\n<meta property=\"article:modified_time\" content=\"2021-11-08T13:44:20+00:00\" \/>\n<meta name=\"twitter:card\" content=\"summary_large_image\" \/>\n<meta name=\"twitter:label1\" content=\"Odhadovan\u00e1 doba \u010dten\u00ed\" \/>\n\t<meta name=\"twitter:data1\" content=\"24 minut\" \/>\n<script type=\"application\/ld+json\" class=\"yoast-schema-graph\">{\"@context\":\"https:\\\/\\\/schema.org\",\"@graph\":[{\"@type\":\"WebPage\",\"@id\":\"https:\\\/\\\/piek.international\\\/cs\\\/certifikace-ipc-designer\\\/\",\"url\":\"https:\\\/\\\/piek.international\\\/cs\\\/certifikace-ipc-designer\\\/\",\"name\":\"Certifikace IPC Designer - IPC Accredited Training Partner - PIEK\",\"isPartOf\":{\"@id\":\"https:\\\/\\\/piek.international\\\/cs\\\/#website\"},\"datePublished\":\"2021-11-08T13:41:42+00:00\",\"dateModified\":\"2021-11-08T13:44:20+00:00\",\"description\":\"\u0160kolen\u00ed CID je \u0161kolen\u00ed n\u00e1vrhu PCB, kter\u00e9 \u0161kol\u00ed studenta jako IPC Certified Interconnect Designer (CID).\",\"breadcrumb\":{\"@id\":\"https:\\\/\\\/piek.international\\\/cs\\\/certifikace-ipc-designer\\\/#breadcrumb\"},\"inLanguage\":\"cs\",\"potentialAction\":[{\"@type\":\"ReadAction\",\"target\":[\"https:\\\/\\\/piek.international\\\/cs\\\/certifikace-ipc-designer\\\/\"]}]},{\"@type\":\"BreadcrumbList\",\"@id\":\"https:\\\/\\\/piek.international\\\/cs\\\/certifikace-ipc-designer\\\/#breadcrumb\",\"itemListElement\":[{\"@type\":\"ListItem\",\"position\":1,\"name\":\"Home\",\"item\":\"https:\\\/\\\/piek.international\\\/cs\\\/\"},{\"@type\":\"ListItem\",\"position\":2,\"name\":\"Certifikace IPC Designer\"}]},{\"@type\":\"WebSite\",\"@id\":\"https:\\\/\\\/piek.international\\\/cs\\\/#website\",\"url\":\"https:\\\/\\\/piek.international\\\/cs\\\/\",\"name\":\"IPC Accredited Training Partner - PIEK\",\"description\":\"\",\"potentialAction\":[{\"@type\":\"SearchAction\",\"target\":{\"@type\":\"EntryPoint\",\"urlTemplate\":\"https:\\\/\\\/piek.international\\\/cs\\\/?s={search_term_string}\"},\"query-input\":{\"@type\":\"PropertyValueSpecification\",\"valueRequired\":true,\"valueName\":\"search_term_string\"}}],\"inLanguage\":\"cs\"}]}<\/script>\n<!-- \/ Yoast SEO plugin. -->","yoast_head_json":{"title":"Certifikace IPC Designer - IPC Accredited Training Partner - PIEK","description":"\u0160kolen\u00ed CID je \u0161kolen\u00ed n\u00e1vrhu PCB, kter\u00e9 \u0161kol\u00ed studenta jako IPC Certified Interconnect Designer (CID).","robots":{"index":"index","follow":"follow","max-snippet":"max-snippet:-1","max-image-preview":"max-image-preview:large","max-video-preview":"max-video-preview:-1"},"canonical":"https:\/\/piek.international\/cs\/certifikace-ipc-designer\/","og_locale":"cs_CZ","og_type":"article","og_title":"Certifikace IPC Designer - IPC Accredited Training Partner - PIEK","og_description":"\u0160kolen\u00ed CID je \u0161kolen\u00ed n\u00e1vrhu PCB, kter\u00e9 \u0161kol\u00ed studenta jako IPC Certified Interconnect Designer (CID).","og_url":"https:\/\/piek.international\/cs\/certifikace-ipc-designer\/","og_site_name":"IPC Accredited Training Partner - PIEK","article_modified_time":"2021-11-08T13:44:20+00:00","twitter_card":"summary_large_image","twitter_misc":{"Odhadovan\u00e1 doba \u010dten\u00ed":"24 minut"},"schema":{"@context":"https:\/\/schema.org","@graph":[{"@type":"WebPage","@id":"https:\/\/piek.international\/cs\/certifikace-ipc-designer\/","url":"https:\/\/piek.international\/cs\/certifikace-ipc-designer\/","name":"Certifikace IPC Designer - IPC Accredited Training Partner - PIEK","isPartOf":{"@id":"https:\/\/piek.international\/cs\/#website"},"datePublished":"2021-11-08T13:41:42+00:00","dateModified":"2021-11-08T13:44:20+00:00","description":"\u0160kolen\u00ed CID je \u0161kolen\u00ed n\u00e1vrhu PCB, kter\u00e9 \u0161kol\u00ed studenta jako IPC Certified Interconnect Designer (CID).","breadcrumb":{"@id":"https:\/\/piek.international\/cs\/certifikace-ipc-designer\/#breadcrumb"},"inLanguage":"cs","potentialAction":[{"@type":"ReadAction","target":["https:\/\/piek.international\/cs\/certifikace-ipc-designer\/"]}]},{"@type":"BreadcrumbList","@id":"https:\/\/piek.international\/cs\/certifikace-ipc-designer\/#breadcrumb","itemListElement":[{"@type":"ListItem","position":1,"name":"Home","item":"https:\/\/piek.international\/cs\/"},{"@type":"ListItem","position":2,"name":"Certifikace IPC Designer"}]},{"@type":"WebSite","@id":"https:\/\/piek.international\/cs\/#website","url":"https:\/\/piek.international\/cs\/","name":"IPC Accredited Training Partner - PIEK","description":"","potentialAction":[{"@type":"SearchAction","target":{"@type":"EntryPoint","urlTemplate":"https:\/\/piek.international\/cs\/?s={search_term_string}"},"query-input":{"@type":"PropertyValueSpecification","valueRequired":true,"valueName":"search_term_string"}}],"inLanguage":"cs"}]}},"_links":{"self":[{"href":"https:\/\/piek.international\/cs\/wp-json\/wp\/v2\/pages\/1468","targetHints":{"allow":["GET"]}}],"collection":[{"href":"https:\/\/piek.international\/cs\/wp-json\/wp\/v2\/pages"}],"about":[{"href":"https:\/\/piek.international\/cs\/wp-json\/wp\/v2\/types\/page"}],"author":[{"embeddable":true,"href":"https:\/\/piek.international\/cs\/wp-json\/wp\/v2\/users\/1"}],"replies":[{"embeddable":true,"href":"https:\/\/piek.international\/cs\/wp-json\/wp\/v2\/comments?post=1468"}],"version-history":[{"count":5,"href":"https:\/\/piek.international\/cs\/wp-json\/wp\/v2\/pages\/1468\/revisions"}],"predecessor-version":[{"id":1482,"href":"https:\/\/piek.international\/cs\/wp-json\/wp\/v2\/pages\/1468\/revisions\/1482"}],"wp:attachment":[{"href":"https:\/\/piek.international\/cs\/wp-json\/wp\/v2\/media?parent=1468"}],"curies":[{"name":"wp","href":"https:\/\/api.w.org\/{rel}","templated":true}]}}