{"id":1498,"date":"2021-11-08T13:50:26","date_gmt":"2021-11-08T13:50:26","guid":{"rendered":"https:\/\/piek.international\/ipc-designer-certificering\/"},"modified":"2021-11-08T13:50:26","modified_gmt":"2021-11-08T13:50:26","slug":"ipc-designer-certificering","status":"publish","type":"page","link":"https:\/\/piek.international\/da\/ipc-designer-certificering\/","title":{"rendered":"IPC Designer certificering"},"content":{"rendered":"<p><div class=\"fusion-fullwidth fullwidth-box fusion-builder-row-1 fusion-flex-container nonhundred-percent-fullwidth non-hundred-percent-height-scrolling\" style=\"--awb-border-radius-top-left:0px;--awb-border-radius-top-right:0px;--awb-border-radius-bottom-right:0px;--awb-border-radius-bottom-left:0px;--awb-flex-wrap:wrap;\" ><div class=\"fusion-builder-row fusion-row fusion-flex-align-items-flex-start fusion-flex-content-wrap\" style=\"max-width:1144px;margin-left: calc(-4% \/ 2 );margin-right: calc(-4% \/ 2 );\"><div class=\"fusion-layout-column fusion_builder_column fusion-builder-column-0 fusion_builder_column_1_1 1_1 fusion-flex-column\" style=\"--awb-bg-size:cover;--awb-width-large:100%;--awb-margin-top-large:0px;--awb-spacing-right-large:1.92%;--awb-margin-bottom-large:20px;--awb-spacing-left-large:1.92%;--awb-width-medium:100%;--awb-order-medium:0;--awb-spacing-right-medium:1.92%;--awb-spacing-left-medium:1.92%;--awb-width-small:100%;--awb-order-small:0;--awb-spacing-right-small:1.92%;--awb-spacing-left-small:1.92%;\"><div class=\"fusion-column-wrapper fusion-column-has-shadow fusion-flex-justify-content-flex-start fusion-content-layout-column\"><div class=\"fusion-title title fusion-title-1 sep-underline sep-dotted fusion-title-text fusion-title-size-one\"><h1 class=\"fusion-title-heading title-heading-left\" style=\"margin:0;\">IPC Designer certificering<\/h1><\/div><\/div><\/div><\/div><\/div><div class=\"fusion-bg-parallax\" data-bg-align=\"right top\" data-direction=\"down\" data-mute=\"false\" data-opacity=\"100\" data-velocity=\"-0.3\" data-mobile-enabled=\"false\" data-break_parents=\"0\" data-bg-image=\"https:\/\/piek.international\/wp-content\/uploads\/pcb-background-v4.jpeg\" data-bg-repeat=\"false\" data-bg-color=\"#fcfcfc\" ><\/div><div class=\"fusion-fullwidth fullwidth-box fusion-builder-row-2 fusion-flex-container fusion-parallax-down nonhundred-percent-fullwidth non-hundred-percent-height-scrolling fusion-no-small-visibility fusion-no-medium-visibility\" style=\"--awb-background-position:right top;--awb-border-radius-top-left:0px;--awb-border-radius-top-right:0px;--awb-border-radius-bottom-right:0px;--awb-border-radius-bottom-left:0px;--awb-padding-top:50px;--awb-padding-bottom:25px;--awb-background-color:#fcfcfc;--awb-background-image:url(&quot;https:\/\/piek.international\/wp-content\/uploads\/pcb-background-v4.jpeg&quot;);--awb-background-size:cover;--awb-flex-wrap:wrap;--awb-box-shadow: 0px 0px ;\" ><div class=\"fusion-builder-row fusion-row fusion-flex-align-items-flex-start fusion-flex-content-wrap\" style=\"max-width:1144px;margin-left: calc(-4% \/ 2 );margin-right: calc(-4% \/ 2 );\"><div class=\"fusion-layout-column fusion_builder_column fusion-builder-column-1 fusion_builder_column_1_1 1_1 fusion-flex-column\" style=\"--awb-bg-size:cover;--awb-width-large:100%;--awb-margin-top-large:0px;--awb-spacing-right-large:1.92%;--awb-margin-bottom-large:20px;--awb-spacing-left-large:1.92%;--awb-width-medium:100%;--awb-order-medium:0;--awb-spacing-right-medium:1.92%;--awb-spacing-left-medium:1.92%;--awb-width-small:100%;--awb-order-small:0;--awb-spacing-right-small:1.92%;--awb-spacing-left-small:1.92%;\"><div class=\"fusion-column-wrapper fusion-column-has-shadow fusion-flex-justify-content-flex-start fusion-content-layout-column\"><div class=\"fusion-text fusion-text-1\"><h4><a href=\"#cid\"><i class=\"fb-icon-element-1 fb-icon-element fontawesome-icon fa-check fas circle-no fusion-text-flow\" style=\"--awb-iconcolor:#2cb34a;--awb-iconcolor-hover:#2cb34a;--awb-font-size:24px;--awb-margin-right:12px;\"><\/i>IPC CID ( CERTIFIED INTERCONNECT DESIGNER-BASIC )<\/a><\/h4>\n<h4><a href=\"#cidplus\"><i class=\"fb-icon-element-2 fb-icon-element fontawesome-icon fa-check fas circle-no fusion-text-flow\" style=\"--awb-iconcolor:#2cb34a;--awb-iconcolor-hover:#2cb34a;--awb-font-size:24px;--awb-margin-right:12px;\"><\/i>IPC CID+ ( ADVANCED CERTIFIED INTERCONNECT DESIGNER )<\/a><\/h4>\n<\/div><\/div><\/div><\/div><\/div><div class=\"fusion-fullwidth fullwidth-box fusion-builder-row-3 fusion-flex-container nonhundred-percent-fullwidth non-hundred-percent-height-scrolling fusion-no-large-visibility\" style=\"--awb-border-radius-top-left:0px;--awb-border-radius-top-right:0px;--awb-border-radius-bottom-right:0px;--awb-border-radius-bottom-left:0px;--awb-padding-top:50px;--awb-padding-bottom:25px;--awb-background-color:#fcfcfc;--awb-flex-wrap:wrap;--awb-box-shadow: 0px 0px ;\" ><div class=\"fusion-builder-row fusion-row fusion-flex-align-items-flex-start fusion-flex-content-wrap\" style=\"max-width:1144px;margin-left: calc(-4% \/ 2 );margin-right: calc(-4% \/ 2 );\"><div class=\"fusion-layout-column fusion_builder_column fusion-builder-column-2 fusion_builder_column_1_1 1_1 fusion-flex-column\" style=\"--awb-bg-size:cover;--awb-width-large:100%;--awb-margin-top-large:0px;--awb-spacing-right-large:1.92%;--awb-margin-bottom-large:20px;--awb-spacing-left-large:1.92%;--awb-width-medium:100%;--awb-order-medium:0;--awb-spacing-right-medium:1.92%;--awb-spacing-left-medium:1.92%;--awb-width-small:100%;--awb-order-small:0;--awb-spacing-right-small:1.92%;--awb-spacing-left-small:1.92%;\"><div class=\"fusion-column-wrapper fusion-column-has-shadow fusion-flex-justify-content-flex-start fusion-content-layout-column\"><div class=\"fusion-text fusion-text-2\"><h4><a href=\"#cid\"><i class=\"fb-icon-element-3 fb-icon-element fontawesome-icon fa-check fas circle-no fusion-text-flow\" style=\"--awb-iconcolor:#2cb34a;--awb-iconcolor-hover:#2cb34a;--awb-font-size:24px;--awb-margin-right:12px;\"><\/i>IPC CID ( CERTIFIED INTERCONNECT DESIGNER-BASIC )<\/a><\/h4>\n<h4><a href=\"#cidplus\"><i class=\"fb-icon-element-4 fb-icon-element fontawesome-icon fa-check fas circle-no fusion-text-flow\" style=\"--awb-iconcolor:#2cb34a;--awb-iconcolor-hover:#2cb34a;--awb-font-size:24px;--awb-margin-right:12px;\"><\/i>IPC CID+ ( ADVANCED CERTIFIED INTERCONNECT DESIGNER )<\/a><\/h4>\n<\/div><\/div><\/div><\/div><\/div><div id=\"cid\" class=\"fusion-container-anchor\"><div class=\"fusion-fullwidth fullwidth-box fusion-builder-row-4 fusion-flex-container nonhundred-percent-fullwidth non-hundred-percent-height-scrolling\" style=\"--awb-border-radius-top-left:0px;--awb-border-radius-top-right:0px;--awb-border-radius-bottom-right:0px;--awb-border-radius-bottom-left:0px;--awb-padding-top:50px;--awb-padding-bottom:25px;--awb-flex-wrap:wrap;\" ><div class=\"fusion-builder-row fusion-row fusion-flex-align-items-flex-start fusion-flex-content-wrap\" style=\"max-width:1144px;margin-left: calc(-4% \/ 2 );margin-right: calc(-4% \/ 2 );\"><div class=\"fusion-layout-column fusion_builder_column fusion-builder-column-3 fusion_builder_column_1_1 1_1 fusion-flex-column\" style=\"--awb-bg-size:cover;--awb-width-large:100%;--awb-margin-top-large:0px;--awb-spacing-right-large:1.92%;--awb-margin-bottom-large:20px;--awb-spacing-left-large:1.92%;--awb-width-medium:100%;--awb-order-medium:0;--awb-spacing-right-medium:1.92%;--awb-spacing-left-medium:1.92%;--awb-width-small:100%;--awb-order-small:0;--awb-spacing-right-small:1.92%;--awb-spacing-left-small:1.92%;\"><div class=\"fusion-column-wrapper fusion-column-has-shadow fusion-flex-justify-content-flex-start fusion-content-layout-column\"><div class=\"fusion-title title fusion-title-2 sep-underline sep-dotted fusion-title-text fusion-title-size-two\"><h2 class=\"fusion-title-heading title-heading-left\" style=\"margin:0;\">IPC CID ( CERTIFIED INTERCONNECT DESIGNER-BASIC )<\/h2><\/div><div class=\"fusion-text fusion-text-3\"><p>IPC-2220-serien (&#8220;Generisk standard for printkortdesign&#8221;) er en serie af IPC-standarder, som printkort er designet efter. IPC er et amerikansk institut, der sikrer, at al viden distribueres over hele verden af certificerede IPC-tr\u00e6nere gennem deres IPC-standarder, IPC-tr\u00e6ningsprogrammer og IPC-undervisningsmaterialer. IPC-2221 er en standard, efter hvilken designere designer printkort, s\u00e5 Gerber-filerne (designtegningerne\/data) p\u00e5 printkortproducentens side er korrekt forst\u00e5et p\u00e5 deres produktionsmaskiner. N\u00e6sten alle designere af printkort rundt om i verden arbejder i henhold til denne standard(er).    Har du brug for yderligere viden inden for design af printplader, printpladematerialer, overfladefinish, termisk masse, elektriske afstande, afstand til printkortets kant, tolerancer, test, markeringer, tilslutning\/teltning af vias, master tegning (designtegning), loddemaske, p\u00e5lidelighed, milj\u00f8aspekter etc. s\u00e5 er denne standard den rigtige for dig.<\/p>\n<h3>VIL DU L\u00c6RE, HVORDAN MAN DESINERER ET PRINTKRETS (PCB)? JA DU KAN! <\/h3>\n<p>Denne standard bruges til design af et nyt elektronikprodukt i designafdelingen og nogle gange ogs\u00e5 som en adgangskontrol hos printpladeproducenten (virksomheden der producerer blanke printplader). Hvis designtegningerne er forkerte, kan printpladeproducenten ikke producere ordentligt, hvilket betyder, at mont\u00f8ren ikke kan lodde komponenterne ordentligt og som f\u00f8lge heraf i v\u00e6rste fald svigter de elektroniske produkter for tidligt. Et godt design er grundlaget for et slutprodukt af god kvalitet. CID-uddannelsen er en uddannelse, der uddanner en elev\/deltager som Certified Interconnect Designer (CID). Det betyder, at eleven har meget viden om designregler (design guidelines) efterf\u00f8lgende.    <\/p>\n<p>Denne uddannelse er velegnet til personer, der arbejder i designafdelingen. CID-certificeringsuddannelsen best\u00e5r af to dele. F\u00f8rste del er forberedelse i hjemmet, anden del er 3 tr\u00e6ningsdage og i slutningen af tr\u00e6ningen skriver deltageren en afsluttende eksamen (110 sp\u00f8rgsm\u00e5l multiple choice). Minimumsscore for at lykkes er 73%. N\u00e5r deltageren har opn\u00e5et sit CID-certifikat, er dette certifikat gyldigt for evigt. Med dette IPC-certifikat kan du arbejde som CID ( Certified Interconnect Designer ) over hele verden. Ligesom et k\u00f8rekort er dette IPC-certifikat internationalt anerkendt. Hvis nogen er interesseret i yderligere (videreg\u00e5ende) uddannelse, er CID+ uddannelsen velegnet til dette. CID er den udpegede person, der diskuterer og l\u00f8ser problemer med kunder.<\/p>\n<\/div><div class=\"fusion-text fusion-text-4\"><p>T\u00f8v ikke med at kontakte os for et komplet tr\u00e6ningsprogram, mere information eller andre tr\u00e6ningsrelaterede sp\u00f8rgsm\u00e5l. P\u00e5 telefon +31-(0)45-5703333, via e-mail <a href=\"mailto:support@piek.international\">support@piek.international<\/a> eller <a href=\"https:\/\/piek.international\/quote-request\/\">anmod om et tilbud<\/a> .<\/p>\n<\/div>\n<div style=\"text-align:right;\"><a class=\"fusion-button button-flat fusion-button-default-size button-default fusion-button-default button-1 fusion-button-default-span fusion-button-default-type\" style=\"--button_text_transform:uppercase;\" target=\"_self\" title=\"Tilbudsforesp\u00f8rgsel\" aria-label=\"Tilbudsforesp\u00f8rgsel\" href=\"https:\/\/piek.international\/quote-request\/\"><span class=\"fusion-button-text awb-button__text awb-button__text--default\">Tilbudsforesp\u00f8rgsel<\/span><\/a><\/div>\n<\/div><\/div><\/div><\/div><\/div><div id=\"cidplus\" class=\"fusion-container-anchor\"><div class=\"fusion-fullwidth fullwidth-box fusion-builder-row-5 fusion-flex-container nonhundred-percent-fullwidth non-hundred-percent-height-scrolling\" style=\"--awb-border-radius-top-left:0px;--awb-border-radius-top-right:0px;--awb-border-radius-bottom-right:0px;--awb-border-radius-bottom-left:0px;--awb-padding-top:50px;--awb-padding-bottom:25px;--awb-margin-top:50px;--awb-background-color:#fcfcfc;--awb-flex-wrap:wrap;\" ><div class=\"fusion-builder-row fusion-row fusion-flex-align-items-flex-start fusion-flex-content-wrap\" style=\"max-width:1144px;margin-left: calc(-4% \/ 2 );margin-right: calc(-4% \/ 2 );\"><div class=\"fusion-layout-column fusion_builder_column fusion-builder-column-4 fusion_builder_column_1_1 1_1 fusion-flex-column\" style=\"--awb-bg-size:cover;--awb-width-large:100%;--awb-margin-top-large:0px;--awb-spacing-right-large:1.92%;--awb-margin-bottom-large:20px;--awb-spacing-left-large:1.92%;--awb-width-medium:100%;--awb-order-medium:0;--awb-spacing-right-medium:1.92%;--awb-spacing-left-medium:1.92%;--awb-width-small:100%;--awb-order-small:0;--awb-spacing-right-small:1.92%;--awb-spacing-left-small:1.92%;\"><div class=\"fusion-column-wrapper fusion-column-has-shadow fusion-flex-justify-content-flex-start fusion-content-layout-column\"><div class=\"fusion-title title fusion-title-3 sep-underline sep-dotted fusion-title-text fusion-title-size-two\"><h2 class=\"fusion-title-heading title-heading-left\" style=\"margin:0;\">IPC CID+ ( ADVANCED CERTIFIED INTERCONNECT DESIGNER )<\/h2><\/div><div class=\"fusion-text fusion-text-5\"><p>IPC-2220-serien (&#8220;Generisk standard for printkortdesign&#8221;) er en serie af IPC-standarder, som printkort er designet efter. IPC er et amerikansk institut, der sikrer, at al viden distribueres over hele verden af certificerede IPC-tr\u00e6nere gennem deres IPC-standarder, IPC-tr\u00e6ningsprogrammer og IPC-undervisningsmaterialer. IPC-2221 er en standard, efter hvilken designere designer printkort, s\u00e5 Gerber-filerne (designtegningerne\/data) p\u00e5 printkortproducentens side er korrekt forst\u00e5et p\u00e5 deres produktionsmaskiner. N\u00e6sten alle printkortdesignere rundt om i verden arbejder i henhold til denne standard(er).   <\/p>\n<h3>VIL DU L\u00c6RE, HVORDAN MAN DESIGNERER VANSKELIGE PRINTKRETS (PCBS)? JA DU KAN! <\/h3>\n<p>Har du brug for yderligere viden inden for design af printplader, printpladematerialer, overfladefinish, termisk masse, elektriske afstande, afstand til printkortets kant, tolerancer, test, markeringer, tilslutning\/teltning af vias, master tegning (designtegning), loddemaske, p\u00e5lidelighed, milj\u00f8aspekter etc. s\u00e5 er denne standard den rigtige for dig. Denne standard bruges til design af et nyt elektronikprodukt i designafdelingen og nogle gange ogs\u00e5 som en adgangskontrol hos printpladeproducenten (virksomheden der producerer blanke printplader). Hvis designtegningerne er forkerte, kan printpladeproducenten ikke producere ordentligt, hvilket betyder, at mont\u00f8ren ikke kan lodde komponenterne ordentligt og som f\u00f8lge heraf i v\u00e6rste fald svigter de elektroniske produkter for tidligt. Et godt design er grundlaget for et slutprodukt af god kvalitet. CID+ uddannelsen er en uddannelse, der uddanner en elev\/deltager som Advanced Certified Interconnect Designer (CID+). Det betyder, at eleven har al viden om designregler (design guidelines) efterf\u00f8lgende.      Denne uddannelse er velegnet til avancerede (designspecialister), der arbejder i designafdelingen. CID+ certificeringsuddannelsen best\u00e5r af to dele. F\u00f8rste del er forberedelse i hjemmet, anden del er 3 tr\u00e6ningsdage og i slutningen af tr\u00e6ningen skriver deltageren en afsluttende eksamen (120 sp\u00f8rgsm\u00e5l multiple choice). N\u00e5r deltageren har opn\u00e5et sit CID+ certifikat, er dette certifikat gyldigt for evigt. Med dette IPC-certifikat kan du arbejde over hele verden som CID+ ( Advanced Certified Interconnect Designer ). Ligesom et k\u00f8rekort er dette IPC-certifikat internationalt anerkendt. CID+ er den udpegede person, der diskuterer og l\u00f8ser problemer med kunder.<\/p>\n<\/div><div class=\"fusion-text fusion-text-6\"><p>T\u00f8v ikke med at kontakte os for et komplet tr\u00e6ningsprogram, mere information eller andre tr\u00e6ningsrelaterede sp\u00f8rgsm\u00e5l. P\u00e5 telefon +31-(0)45-5703333, via e-mail <a href=\"mailto:support@piek.international\">support@piek.international<\/a> eller <a href=\"https:\/\/piek.international\/quote-request\/\">anmod om et tilbud<\/a> .<\/p>\n<\/div>\n<div style=\"text-align:right;\"><a class=\"fusion-button button-flat fusion-button-default-size button-default fusion-button-default button-2 fusion-button-default-span fusion-button-default-type\" style=\"--button_text_transform:uppercase;\" target=\"_self\" title=\"Tilbudsforesp\u00f8rgsel\" aria-label=\"Tilbudsforesp\u00f8rgsel\" href=\"https:\/\/piek.international\/quote-request\/\"><span class=\"fusion-button-text awb-button__text awb-button__text--default\">Tilbudsforesp\u00f8rgsel<\/span><\/a><\/div>\n<\/div><\/div><\/div><\/div><\/div><\/p>\n","protected":false},"excerpt":{"rendered":"","protected":false},"author":1,"featured_media":0,"parent":0,"menu_order":0,"comment_status":"closed","ping_status":"closed","template":"100-width.php","meta":{"footnotes":""},"class_list":["post-1498","page","type-page","status-publish","hentry"],"yoast_head":"<!-- This site is optimized with the Yoast SEO plugin v26.9 - https:\/\/yoast.com\/product\/yoast-seo-wordpress\/ -->\n<title>IPC Designer certificering - IPC Accredited Training Partner - PIEK<\/title>\n<meta name=\"description\" content=\"CID-uddannelsen er en pcb-designuddannelse, der uddanner en elev til IPC Certified Interconnect Designer (CID).\" \/>\n<meta name=\"robots\" content=\"index, follow, max-snippet:-1, max-image-preview:large, max-video-preview:-1\" \/>\n<link rel=\"canonical\" href=\"https:\/\/piek.international\/da\/ipc-designer-certificering\/\" \/>\n<meta property=\"og:locale\" content=\"da_DK\" \/>\n<meta property=\"og:type\" content=\"article\" \/>\n<meta property=\"og:title\" content=\"IPC Designer certificering - IPC Accredited Training Partner - PIEK\" \/>\n<meta property=\"og:description\" content=\"CID-uddannelsen er en pcb-designuddannelse, der uddanner en elev til IPC Certified Interconnect Designer (CID).\" \/>\n<meta property=\"og:url\" content=\"https:\/\/piek.international\/da\/ipc-designer-certificering\/\" \/>\n<meta property=\"og:site_name\" content=\"IPC Accredited Training Partner - PIEK\" \/>\n<meta name=\"twitter:card\" content=\"summary_large_image\" \/>\n<meta name=\"twitter:label1\" content=\"Estimeret l\u00e6setid\" \/>\n\t<meta name=\"twitter:data1\" content=\"23 minutter\" \/>\n<script type=\"application\/ld+json\" class=\"yoast-schema-graph\">{\"@context\":\"https:\/\/schema.org\",\"@graph\":[{\"@type\":\"WebPage\",\"@id\":\"https:\/\/piek.international\/da\/ipc-designer-certificering\/\",\"url\":\"https:\/\/piek.international\/da\/ipc-designer-certificering\/\",\"name\":\"IPC Designer certificering - IPC Accredited Training Partner - PIEK\",\"isPartOf\":{\"@id\":\"https:\/\/piek.international\/da\/#website\"},\"datePublished\":\"2021-11-08T13:50:26+00:00\",\"description\":\"CID-uddannelsen er en pcb-designuddannelse, der uddanner en elev til IPC Certified Interconnect Designer (CID).\",\"breadcrumb\":{\"@id\":\"https:\/\/piek.international\/da\/ipc-designer-certificering\/#breadcrumb\"},\"inLanguage\":\"da-DK\",\"potentialAction\":[{\"@type\":\"ReadAction\",\"target\":[\"https:\/\/piek.international\/da\/ipc-designer-certificering\/\"]}]},{\"@type\":\"BreadcrumbList\",\"@id\":\"https:\/\/piek.international\/da\/ipc-designer-certificering\/#breadcrumb\",\"itemListElement\":[{\"@type\":\"ListItem\",\"position\":1,\"name\":\"Home\",\"item\":\"https:\/\/piek.international\/da\/\"},{\"@type\":\"ListItem\",\"position\":2,\"name\":\"IPC Designer certificering\"}]},{\"@type\":\"WebSite\",\"@id\":\"https:\/\/piek.international\/da\/#website\",\"url\":\"https:\/\/piek.international\/da\/\",\"name\":\"IPC Accredited Training Partner - PIEK\",\"description\":\"\",\"potentialAction\":[{\"@type\":\"SearchAction\",\"target\":{\"@type\":\"EntryPoint\",\"urlTemplate\":\"https:\/\/piek.international\/da\/?s={search_term_string}\"},\"query-input\":{\"@type\":\"PropertyValueSpecification\",\"valueRequired\":true,\"valueName\":\"search_term_string\"}}],\"inLanguage\":\"da-DK\"}]}<\/script>\n<!-- \/ Yoast SEO plugin. -->","yoast_head_json":{"title":"IPC Designer certificering - IPC Accredited Training Partner - PIEK","description":"CID-uddannelsen er en pcb-designuddannelse, der uddanner en elev til IPC Certified Interconnect Designer (CID).","robots":{"index":"index","follow":"follow","max-snippet":"max-snippet:-1","max-image-preview":"max-image-preview:large","max-video-preview":"max-video-preview:-1"},"canonical":"https:\/\/piek.international\/da\/ipc-designer-certificering\/","og_locale":"da_DK","og_type":"article","og_title":"IPC Designer certificering - IPC Accredited Training Partner - PIEK","og_description":"CID-uddannelsen er en pcb-designuddannelse, der uddanner en elev til IPC Certified Interconnect Designer (CID).","og_url":"https:\/\/piek.international\/da\/ipc-designer-certificering\/","og_site_name":"IPC Accredited Training Partner - PIEK","twitter_card":"summary_large_image","twitter_misc":{"Estimeret l\u00e6setid":"23 minutter"},"schema":{"@context":"https:\/\/schema.org","@graph":[{"@type":"WebPage","@id":"https:\/\/piek.international\/da\/ipc-designer-certificering\/","url":"https:\/\/piek.international\/da\/ipc-designer-certificering\/","name":"IPC Designer certificering - IPC Accredited Training Partner - PIEK","isPartOf":{"@id":"https:\/\/piek.international\/da\/#website"},"datePublished":"2021-11-08T13:50:26+00:00","description":"CID-uddannelsen er en pcb-designuddannelse, der uddanner en elev til IPC Certified Interconnect Designer (CID).","breadcrumb":{"@id":"https:\/\/piek.international\/da\/ipc-designer-certificering\/#breadcrumb"},"inLanguage":"da-DK","potentialAction":[{"@type":"ReadAction","target":["https:\/\/piek.international\/da\/ipc-designer-certificering\/"]}]},{"@type":"BreadcrumbList","@id":"https:\/\/piek.international\/da\/ipc-designer-certificering\/#breadcrumb","itemListElement":[{"@type":"ListItem","position":1,"name":"Home","item":"https:\/\/piek.international\/da\/"},{"@type":"ListItem","position":2,"name":"IPC Designer certificering"}]},{"@type":"WebSite","@id":"https:\/\/piek.international\/da\/#website","url":"https:\/\/piek.international\/da\/","name":"IPC Accredited Training Partner - PIEK","description":"","potentialAction":[{"@type":"SearchAction","target":{"@type":"EntryPoint","urlTemplate":"https:\/\/piek.international\/da\/?s={search_term_string}"},"query-input":{"@type":"PropertyValueSpecification","valueRequired":true,"valueName":"search_term_string"}}],"inLanguage":"da-DK"}]}},"_links":{"self":[{"href":"https:\/\/piek.international\/da\/wp-json\/wp\/v2\/pages\/1498","targetHints":{"allow":["GET"]}}],"collection":[{"href":"https:\/\/piek.international\/da\/wp-json\/wp\/v2\/pages"}],"about":[{"href":"https:\/\/piek.international\/da\/wp-json\/wp\/v2\/types\/page"}],"author":[{"embeddable":true,"href":"https:\/\/piek.international\/da\/wp-json\/wp\/v2\/users\/1"}],"replies":[{"embeddable":true,"href":"https:\/\/piek.international\/da\/wp-json\/wp\/v2\/comments?post=1498"}],"version-history":[{"count":2,"href":"https:\/\/piek.international\/da\/wp-json\/wp\/v2\/pages\/1498\/revisions"}],"predecessor-version":[{"id":1500,"href":"https:\/\/piek.international\/da\/wp-json\/wp\/v2\/pages\/1498\/revisions\/1500"}],"wp:attachment":[{"href":"https:\/\/piek.international\/da\/wp-json\/wp\/v2\/media?parent=1498"}],"curies":[{"name":"wp","href":"https:\/\/api.w.org\/{rel}","templated":true}]}}