{"id":354,"date":"2021-10-18T12:58:27","date_gmt":"2021-10-18T12:58:27","guid":{"rendered":"https:\/\/piek.international\/ipc-designer-zertifizierung\/"},"modified":"2021-10-18T12:58:28","modified_gmt":"2021-10-18T12:58:28","slug":"ipc-designer-zertifizierung","status":"publish","type":"page","link":"https:\/\/piek.international\/de\/ipc-designer-zertifizierung\/","title":{"rendered":"IPC Designer Zertifizierung"},"content":{"rendered":"<p><div class=\"fusion-fullwidth fullwidth-box fusion-builder-row-1 fusion-flex-container nonhundred-percent-fullwidth non-hundred-percent-height-scrolling\" style=\"--awb-border-radius-top-left:0px;--awb-border-radius-top-right:0px;--awb-border-radius-bottom-right:0px;--awb-border-radius-bottom-left:0px;--awb-flex-wrap:wrap;\" ><div class=\"fusion-builder-row fusion-row fusion-flex-align-items-flex-start fusion-flex-content-wrap\" style=\"max-width:1144px;margin-left: calc(-4% \/ 2 );margin-right: calc(-4% \/ 2 );\"><div class=\"fusion-layout-column fusion_builder_column fusion-builder-column-0 fusion_builder_column_1_1 1_1 fusion-flex-column\" style=\"--awb-bg-size:cover;--awb-width-large:100%;--awb-margin-top-large:0px;--awb-spacing-right-large:1.92%;--awb-margin-bottom-large:20px;--awb-spacing-left-large:1.92%;--awb-width-medium:100%;--awb-order-medium:0;--awb-spacing-right-medium:1.92%;--awb-spacing-left-medium:1.92%;--awb-width-small:100%;--awb-order-small:0;--awb-spacing-right-small:1.92%;--awb-spacing-left-small:1.92%;\"><div class=\"fusion-column-wrapper fusion-column-has-shadow fusion-flex-justify-content-flex-start fusion-content-layout-column\"><div class=\"fusion-title title fusion-title-1 sep-underline sep-dotted fusion-title-text fusion-title-size-one\" style=\"--awb-margin-top-small:0px;--awb-margin-right-small:0px;--awb-margin-bottom-small:20px;--awb-margin-left-small:0px;\"><h1 class=\"fusion-title-heading title-heading-left\" style=\"margin:0;\">IPC Designer Zertifizierung<\/h1><\/div><\/div><\/div><\/div><\/div><div class=\"fusion-bg-parallax\" data-bg-align=\"right top\" data-direction=\"down\" data-mute=\"false\" data-opacity=\"100\" data-velocity=\"-0.3\" data-mobile-enabled=\"false\" data-break_parents=\"0\" data-bg-image=\"https:\/\/piek.international\/wp-content\/uploads\/pcb-background-v4.jpeg\" data-bg-repeat=\"false\" data-bg-color=\"#fcfcfc\" ><\/div><div class=\"fusion-fullwidth fullwidth-box fusion-builder-row-2 fusion-flex-container fusion-parallax-down nonhundred-percent-fullwidth non-hundred-percent-height-scrolling fusion-no-small-visibility fusion-no-medium-visibility\" style=\"--awb-background-position:right top;--awb-border-radius-top-left:0px;--awb-border-radius-top-right:0px;--awb-border-radius-bottom-right:0px;--awb-border-radius-bottom-left:0px;--awb-padding-top:50px;--awb-padding-bottom:25px;--awb-background-color:#fcfcfc;--awb-background-image:url(&quot;https:\/\/piek.international\/wp-content\/uploads\/pcb-background-v4.jpeg&quot;);--awb-background-size:cover;--awb-flex-wrap:wrap;--awb-box-shadow: 0px 0px ;\" ><div class=\"fusion-builder-row fusion-row fusion-flex-align-items-flex-start fusion-flex-content-wrap\" style=\"max-width:1144px;margin-left: calc(-4% \/ 2 );margin-right: calc(-4% \/ 2 );\"><div class=\"fusion-layout-column fusion_builder_column fusion-builder-column-1 fusion_builder_column_1_1 1_1 fusion-flex-column\" style=\"--awb-bg-size:cover;--awb-width-large:100%;--awb-margin-top-large:0px;--awb-spacing-right-large:1.92%;--awb-margin-bottom-large:20px;--awb-spacing-left-large:1.92%;--awb-width-medium:100%;--awb-order-medium:0;--awb-spacing-right-medium:1.92%;--awb-spacing-left-medium:1.92%;--awb-width-small:100%;--awb-order-small:0;--awb-spacing-right-small:1.92%;--awb-spacing-left-small:1.92%;\"><div class=\"fusion-column-wrapper fusion-column-has-shadow fusion-flex-justify-content-flex-start fusion-content-layout-column\"><div class=\"fusion-text fusion-text-1\"><h4><a href=\"#cid\"><i class=\"fb-icon-element-1 fb-icon-element fontawesome-icon fa-check fas circle-no fusion-text-flow\" style=\"--awb-iconcolor:#2cb34a;--awb-iconcolor-hover:#2cb34a;--awb-font-size:24px;--awb-margin-right:12px;\"><\/i>IPC CID (CERTIFIED INTERCONNECT DESIGNER-BASIC)<\/a><\/h4>\n<h4><a href=\"#cidplus\"><i class=\"fb-icon-element-2 fb-icon-element fontawesome-icon fa-check fas circle-no fusion-text-flow\" style=\"--awb-iconcolor:#2cb34a;--awb-iconcolor-hover:#2cb34a;--awb-font-size:24px;--awb-margin-right:12px;\"><\/i>IPC CID+ (ADVANCED CERTIFIED INTERCONNECT DESIGNER)<\/a><\/h4>\n<\/div><\/div><\/div><\/div><\/div><div class=\"fusion-fullwidth fullwidth-box fusion-builder-row-3 fusion-flex-container nonhundred-percent-fullwidth non-hundred-percent-height-scrolling fusion-no-large-visibility\" style=\"--awb-border-radius-top-left:0px;--awb-border-radius-top-right:0px;--awb-border-radius-bottom-right:0px;--awb-border-radius-bottom-left:0px;--awb-padding-top:50px;--awb-padding-bottom:25px;--awb-background-color:#fcfcfc;--awb-flex-wrap:wrap;--awb-box-shadow: 0px 0px ;\" ><div class=\"fusion-builder-row fusion-row fusion-flex-align-items-flex-start fusion-flex-content-wrap\" style=\"max-width:1144px;margin-left: calc(-4% \/ 2 );margin-right: calc(-4% \/ 2 );\"><div class=\"fusion-layout-column fusion_builder_column fusion-builder-column-2 fusion_builder_column_1_1 1_1 fusion-flex-column\" style=\"--awb-bg-size:cover;--awb-width-large:100%;--awb-margin-top-large:0px;--awb-spacing-right-large:1.92%;--awb-margin-bottom-large:20px;--awb-spacing-left-large:1.92%;--awb-width-medium:100%;--awb-order-medium:0;--awb-spacing-right-medium:1.92%;--awb-spacing-left-medium:1.92%;--awb-width-small:100%;--awb-order-small:0;--awb-spacing-right-small:1.92%;--awb-spacing-left-small:1.92%;\"><div class=\"fusion-column-wrapper fusion-column-has-shadow fusion-flex-justify-content-flex-start fusion-content-layout-column\"><div class=\"fusion-text fusion-text-2\"><h4><a href=\"#cid\"><i class=\"fb-icon-element-3 fb-icon-element fontawesome-icon fa-check fas circle-no fusion-text-flow\" style=\"--awb-iconcolor:#2cb34a;--awb-iconcolor-hover:#2cb34a;--awb-font-size:24px;--awb-margin-right:12px;\"><\/i>IPC CID (CERTIFIED INTERCONNECT DESIGNER-BASIC)<\/a><\/h4>\n<h4><a href=\"#cidplus\"><i class=\"fb-icon-element-4 fb-icon-element fontawesome-icon fa-check fas circle-no fusion-text-flow\" style=\"--awb-iconcolor:#2cb34a;--awb-iconcolor-hover:#2cb34a;--awb-font-size:24px;--awb-margin-right:12px;\"><\/i>IPC CID+ (ADVANCED CERTIFIED INTERCONNECT DESIGNER)<\/a><\/h4>\n<\/div><\/div><\/div><\/div><\/div><div id=\"cid\" class=\"fusion-container-anchor\"><div class=\"fusion-fullwidth fullwidth-box fusion-builder-row-4 fusion-flex-container nonhundred-percent-fullwidth non-hundred-percent-height-scrolling\" style=\"--awb-border-radius-top-left:0px;--awb-border-radius-top-right:0px;--awb-border-radius-bottom-right:0px;--awb-border-radius-bottom-left:0px;--awb-padding-top:50px;--awb-padding-bottom:25px;--awb-flex-wrap:wrap;\" ><div class=\"fusion-builder-row fusion-row fusion-flex-align-items-flex-start fusion-flex-content-wrap\" style=\"max-width:1144px;margin-left: calc(-4% \/ 2 );margin-right: calc(-4% \/ 2 );\"><div class=\"fusion-layout-column fusion_builder_column fusion-builder-column-3 fusion_builder_column_1_1 1_1 fusion-flex-column\" style=\"--awb-bg-size:cover;--awb-width-large:100%;--awb-margin-top-large:0px;--awb-spacing-right-large:1.92%;--awb-margin-bottom-large:20px;--awb-spacing-left-large:1.92%;--awb-width-medium:100%;--awb-order-medium:0;--awb-spacing-right-medium:1.92%;--awb-spacing-left-medium:1.92%;--awb-width-small:100%;--awb-order-small:0;--awb-spacing-right-small:1.92%;--awb-spacing-left-small:1.92%;\"><div class=\"fusion-column-wrapper fusion-column-has-shadow fusion-flex-justify-content-flex-start fusion-content-layout-column\"><div class=\"fusion-title title fusion-title-2 sep-underline sep-dotted fusion-title-text fusion-title-size-two\" style=\"--awb-margin-top-small:0px;--awb-margin-right-small:0px;--awb-margin-bottom-small:20px;--awb-margin-left-small:0px;\"><h2 class=\"fusion-title-heading title-heading-left\" style=\"margin:0;\">IPC CID (CERTIFIED INTERCONNECT DESIGNER-BASIC)<\/h2><\/div><div class=\"fusion-text fusion-text-3\"><p>Die IPC-2220-Serie (\u201cAllgemeine Designrichtlinien f\u00fcr Leiterplatten\u201d) ist eine Serie von IPC-Normen, mit denen Leiterplatten entwickelt werden. IPC ist ein amerikanisches Institut, das durch seine IPC-Normen, IPC-Schulungsprogramme und IPC-Lehrmaterialien sicherstellt, dass alle Kenntnisse von zertifizierten IPC-Trainern weltweit verbreitet werden. Die IPC-2221 ist eine Richtlinie, nach dem Designer (Entwerfer) Leiterplatten so entwerfen, dass die Gerberfiles (die Konstruktionszeichnungen\/Dateien) beim Leiterplattenhersteller auf ihren Produktionsmaschinen verstanden werden. Fast alle Leiterplattenentwickler (PCB Designer) auf der ganzen Welt arbeiten nach diesem Standard.    Ben\u00f6tigen Sie weitere Kenntnisse in der Konstruktion\/Aufbau von Leiterplatten, Leiterplattenmaterialien, Oberfl\u00e4chenbeschichtungen (Finishes), thermische Masse, elektrischen Abst\u00e4nden, Abstand zum Rand der Leiterplatte, Toleranzen, Pr\u00fcfungen, Markierungen, Durchkontaktierungen, Masterzeichnung (Konstruktionszeichnung), L\u00f6tstopplack, Zuverl\u00e4ssigkeit, Umweltaspekten usw. dann ist dieser Norm der richtige f\u00fcr Sie.<\/p>\n<h3>M\u00d6CHTEN SIE LERNEN WIE MAN EINE LEITERPLATTEN ENTWERFEN KANN? DAS IST M\u00d6GLICH! <\/h3>\n<p>Diese Norm wird f\u00fcr die Entwicklung eines neuen Elektronikprodukts in der Designabteilung und manchmal auch als Eingangskontrolle beim Leiterplattenhersteller (die Firma, die unbest\u00fcckte Leiterplatten herstellt) verwendet. Wenn die Konstruktionszeichnungen nicht korrekt sind, kann der Leiterplattenhersteller nicht ordnungsgem\u00e4\u00df Leiterplatten produzieren, was bedeutet, dass der Best\u00fccker die Komponenten nicht ordnungsgem\u00e4\u00df l\u00f6ten kann und im schlimmsten Fall die Elektronikprodukte dadurch vorzeitig ausfallen. Ein gutes Design ist die Basis f\u00fcr ein qualitativ hochwertiges Endprodukt. Die CID-Training ist ein Training, bei dem ein Student\/Teilnehmer zum Certified Interconnect Designer (CID) ausgebildet wird. Dies bedeutet, dass der Student danach viel Wissen \u00fcber Entwurfsregeln (Designrichtlinien) hat.    <\/p>\n<p>Diese Schulung ist f\u00fcr Personen geeignet, die auf der Designabteilung arbeiten. Das CID-Zertifizierungstraining besteht aus zwei Teilen. Das erste Teil ist die Vorbereitung zu Hause, das zweite Teil besteht aus 3 Trainingstage und am Ende des Trainings erh\u00e4lt der Teilnehmer eine schriftliche Pr\u00fcfung (110 Fragen Multiple Choice). Die Mindestpunktzahl f\u00fcr den Erfolg betr\u00e4gt 73%. Wenn der Teilnehmer sein CID-Zertifikat erhalten hat, ist dieses Zertifikat f\u00fcr immer g\u00fcltig. Mit diesem IPC-Zertifikat k\u00f6nnen Sie weltweit als CID (Certified Interconnect Designer) arbeiten. Dieses IPC-Zertifikat ist wie ein F\u00fchrerschein international anerkannt. Wenn sich jemand f\u00fcr eine zus\u00e4tzliche Training (Aufbauschulung f\u00fcr fortgeschnittener Entwurf) interessiert, ist die CID+ Training daf\u00fcr geeignet. Der CID ist die benannte Person, die Probleme mit Kunden bespricht und l\u00f6st.<\/p>\n<\/div><div class=\"fusion-text fusion-text-4\"><p>Bitte kontaktieren Sie uns f\u00fcr das vollst\u00e4ndige Schulungsprogramm, weitere Informationen oder andere Schulungsfragen. Telefonisch unter +49-(0)241-9435956, per E-Mail <a href=\"mailto:support@piek.international\">support@piektraining.com<\/a> oder fordern Sie unverbindlich ein <a href=\"https:\/\/piek.international\/de\/angebotsanfrage\/\">Angebot<\/a> an.<\/p>\n<\/div>\n<div style=\"text-align:right;\"><a class=\"fusion-button button-flat fusion-button-default-size button-default fusion-button-default button-1 fusion-button-default-span fusion-button-default-type\" style=\"--button_text_transform:uppercase;\" target=\"_self\" title=\"Angebotsanfrage\" aria-label=\"Angebotsanfrage\" href=\"https:\/\/piek.international\/de\/angebotsanfrage\/\"><span class=\"fusion-button-text awb-button__text awb-button__text--default\">Angebotsanfrage<\/span><\/a><\/div>\n<\/div><\/div><\/div><\/div><\/div><div id=\"cidplus\" class=\"fusion-container-anchor\"><div class=\"fusion-fullwidth fullwidth-box fusion-builder-row-5 fusion-flex-container nonhundred-percent-fullwidth non-hundred-percent-height-scrolling\" style=\"--awb-border-radius-top-left:0px;--awb-border-radius-top-right:0px;--awb-border-radius-bottom-right:0px;--awb-border-radius-bottom-left:0px;--awb-padding-top:50px;--awb-padding-bottom:25px;--awb-margin-top:50px;--awb-background-color:#fcfcfc;--awb-flex-wrap:wrap;\" ><div class=\"fusion-builder-row fusion-row fusion-flex-align-items-flex-start fusion-flex-content-wrap\" style=\"max-width:1144px;margin-left: calc(-4% \/ 2 );margin-right: calc(-4% \/ 2 );\"><div class=\"fusion-layout-column fusion_builder_column fusion-builder-column-4 fusion_builder_column_1_1 1_1 fusion-flex-column\" style=\"--awb-bg-size:cover;--awb-width-large:100%;--awb-margin-top-large:0px;--awb-spacing-right-large:1.92%;--awb-margin-bottom-large:20px;--awb-spacing-left-large:1.92%;--awb-width-medium:100%;--awb-order-medium:0;--awb-spacing-right-medium:1.92%;--awb-spacing-left-medium:1.92%;--awb-width-small:100%;--awb-order-small:0;--awb-spacing-right-small:1.92%;--awb-spacing-left-small:1.92%;\"><div class=\"fusion-column-wrapper fusion-column-has-shadow fusion-flex-justify-content-flex-start fusion-content-layout-column\"><div class=\"fusion-title title fusion-title-3 sep-underline sep-dotted fusion-title-text fusion-title-size-two\" style=\"--awb-margin-top-small:0px;--awb-margin-right-small:0px;--awb-margin-bottom-small:20px;--awb-margin-left-small:0px;\"><h2 class=\"fusion-title-heading title-heading-left\" style=\"margin:0;\">IPC CID+ (ADVANCED CERTIFIED INTERCONNECT DESIGNER)<\/h2><\/div><div class=\"fusion-text fusion-text-5\"><p>Die IPC-2220-Serie (\u201cAllgemeine Designrichtlinien f\u00fcr Leiterplatten\u201d) ist eine Serie von IPC-Normen, mit denen Leiterplatten entwickelt werden. IPC ist ein amerikanisches Institut, das durch seine IPC-Normen, IPC-Schulungsprogramme und IPC-Lehrmaterialien sicherstellt, dass alle Kenntnisse von zertifizierten IPC-Trainern weltweit verbreitet werden. Die IPC-2221 ist eine Richtlinie, nach dem Designer (Entwerfer) Leiterplatten so entwerfen, dass die Gerberfiles (die Konstruktionszeichnungen\/Dateien) beim Leiterplattenhersteller auf ihren Produktionsmaschinen verstanden werden. Fast alle Leiterplattenentwickler (PCB Designer) auf der ganzen Welt arbeiten nach diesem Standard.   <\/p>\n<h3>M\u00d6CHTEN SIE LERNEN WIE MAN SCHWIERIGE LEITERPLATTEN ENTWERFEN KANN? DAS IST M\u00d6GLICH! <\/h3>\n<p>Ben\u00f6tigen Sie weitere Kenntnisse in der Konstruktion\/Aufbau von Leiterplatten, Leiterplattenmaterialien, Oberfl\u00e4chenbeschichtungen (Finishes), thermische Masse, elektrischen Abst\u00e4nden, Abstand zum Rand der Leiterplatte, Toleranzen, Pr\u00fcfungen, Markierungen, Durchkontaktierungen, Masterzeichnung (Konstruktionszeichnung), L\u00f6tstopplack, Zuverl\u00e4ssigkeit, Umweltaspekten usw. dann ist dieser Norm der richtige f\u00fcr Sie. Diese Norm wird f\u00fcr die Entwicklung eines neuen Elektronikprodukts in der Designabteilung und manchmal auch als Eingangskontrolle beim Leiterplattenhersteller (die Firma, die unbest\u00fcckte Leiterplatten herstellt) verwendet. Wenn die Konstruktionszeichnungen nicht korrekt sind, kann der Leiterplattenhersteller nicht ordnungsgem\u00e4\u00df Leiterplatten produzieren, was bedeutet, dass der Best\u00fccker die Komponenten nicht ordnungsgem\u00e4\u00df l\u00f6ten kann und im schlimmsten Fall die Elektronikprodukte dadurch vorzeitig ausfallen. Ein gutes Design ist die Basis f\u00fcr ein qualitativ hochwertiges Endprodukt. Die CID+ Training ist eine Training, die einen Student\/Teilnehmer zum Advanced Certified Interconnect Designer (CID +) ausbildet. Dies bedeutet, dass der Student anschlie\u00dfend alle Kenntnisse \u00fcber Entwurfsregeln (Designrichtlinien) hat.      Diese Schulung ist f\u00fcr Fortgeschrittene (Designspezialisten) geeignet, die auf der Designabteilung arbeiten. Das CID+ -Zertifizierungstraining besteht aus zwei Teilen. Der erste Teil ist die Vorbereitung zu Hause, der zweite Teil dauert 3 Trainingstage und am Ende des Trainings erh\u00e4lt der Teilnehmer eine schriftliche Pr\u00fcfung (120 Fragen Multiple Choice). Wenn der Teilnehmer sein CID+ -Zertifikat erhalten hat, ist dieses Zertifikat f\u00fcr immer g\u00fcltig. Mit diesem IPC-Zertifikat k\u00f6nnen Sie weltweit als CID + (Advanced Certified Interconnect Designer) arbeiten. Dieses IPC-Zertifikat ist wie ein F\u00fchrerschein international anerkannt. Die CID+ ist die benannte Person, die Kundenprobleme bespricht und l\u00f6st.<\/p>\n<\/div><div class=\"fusion-text fusion-text-6\"><p>Bitte kontaktieren Sie uns f\u00fcr das vollst\u00e4ndige Schulungsprogramm, weitere Informationen oder andere Schulungsfragen. Telefonisch unter +49-(0)241-9435956, per E-Mail <a href=\"mailto:support@piek.international\">support@piektraining.com<\/a> oder fordern Sie unverbindlich ein <a href=\"https:\/\/piek.international\/de\/angebotsanfrage\/\">Angebot<\/a> an.<\/p>\n<\/div>\n<div style=\"text-align:right;\"><a class=\"fusion-button button-flat fusion-button-default-size button-default fusion-button-default button-2 fusion-button-default-span fusion-button-default-type\" style=\"--button_text_transform:uppercase;\" target=\"_self\" title=\"Angebotsanfrage\" aria-label=\"Angebotsanfrage\" href=\"https:\/\/piek.international\/de\/angebotsanfrage\/\"><span class=\"fusion-button-text awb-button__text awb-button__text--default\">Angebotsanfrage<\/span><\/a><\/div>\n<\/div><\/div><\/div><\/div><\/div><\/p>\n","protected":false},"excerpt":{"rendered":"","protected":false},"author":1,"featured_media":0,"parent":0,"menu_order":0,"comment_status":"closed","ping_status":"closed","template":"100-width.php","meta":{"footnotes":""},"class_list":["post-354","page","type-page","status-publish","hentry"],"yoast_head":"<!-- This site is optimized with the Yoast SEO plugin v27.3 - https:\/\/yoast.com\/product\/yoast-seo-wordpress\/ -->\n<title>IPC Designer Zertifizierung - IPC Accredited Training Partner - PIEK<\/title>\n<meta name=\"description\" content=\"Die CID-Training ist ein pcb design Schulung, bei dem ein Student\/Teilnehmer zum Certified Interconnect Designer (CID) ausgebildet wird.\" \/>\n<meta name=\"robots\" content=\"index, follow, max-snippet:-1, max-image-preview:large, max-video-preview:-1\" \/>\n<link rel=\"canonical\" href=\"https:\/\/piek.international\/de\/ipc-designer-zertifizierung\/\" \/>\n<meta property=\"og:locale\" content=\"de_DE\" \/>\n<meta property=\"og:type\" content=\"article\" \/>\n<meta property=\"og:title\" content=\"IPC Designer Zertifizierung - IPC Accredited Training Partner - PIEK\" \/>\n<meta property=\"og:description\" content=\"Die CID-Training ist ein pcb design Schulung, bei dem ein Student\/Teilnehmer zum Certified Interconnect Designer (CID) ausgebildet wird.\" \/>\n<meta property=\"og:url\" content=\"https:\/\/piek.international\/de\/ipc-designer-zertifizierung\/\" \/>\n<meta property=\"og:site_name\" content=\"IPC Accredited Training Partner - PIEK\" \/>\n<meta property=\"article:modified_time\" content=\"2021-10-18T12:58:28+00:00\" \/>\n<meta name=\"twitter:card\" content=\"summary_large_image\" \/>\n<meta name=\"twitter:label1\" content=\"Gesch\u00e4tzte Lesezeit\" \/>\n\t<meta name=\"twitter:data1\" content=\"23\u00a0Minuten\" \/>\n<script type=\"application\/ld+json\" class=\"yoast-schema-graph\">{\"@context\":\"https:\\\/\\\/schema.org\",\"@graph\":[{\"@type\":\"WebPage\",\"@id\":\"https:\\\/\\\/piek.international\\\/de\\\/ipc-designer-zertifizierung\\\/\",\"url\":\"https:\\\/\\\/piek.international\\\/de\\\/ipc-designer-zertifizierung\\\/\",\"name\":\"IPC Designer Zertifizierung - IPC Accredited Training Partner - PIEK\",\"isPartOf\":{\"@id\":\"https:\\\/\\\/piek.international\\\/de\\\/#website\"},\"datePublished\":\"2021-10-18T12:58:27+00:00\",\"dateModified\":\"2021-10-18T12:58:28+00:00\",\"description\":\"Die CID-Training ist ein pcb design Schulung, bei dem ein Student\\\/Teilnehmer zum Certified Interconnect Designer (CID) ausgebildet wird.\",\"breadcrumb\":{\"@id\":\"https:\\\/\\\/piek.international\\\/de\\\/ipc-designer-zertifizierung\\\/#breadcrumb\"},\"inLanguage\":\"de\",\"potentialAction\":[{\"@type\":\"ReadAction\",\"target\":[\"https:\\\/\\\/piek.international\\\/de\\\/ipc-designer-zertifizierung\\\/\"]}]},{\"@type\":\"BreadcrumbList\",\"@id\":\"https:\\\/\\\/piek.international\\\/de\\\/ipc-designer-zertifizierung\\\/#breadcrumb\",\"itemListElement\":[{\"@type\":\"ListItem\",\"position\":1,\"name\":\"Home\",\"item\":\"https:\\\/\\\/piek.international\\\/de\\\/\"},{\"@type\":\"ListItem\",\"position\":2,\"name\":\"IPC Designer Zertifizierung\"}]},{\"@type\":\"WebSite\",\"@id\":\"https:\\\/\\\/piek.international\\\/de\\\/#website\",\"url\":\"https:\\\/\\\/piek.international\\\/de\\\/\",\"name\":\"IPC Accredited Training Partner - PIEK\",\"description\":\"\",\"potentialAction\":[{\"@type\":\"SearchAction\",\"target\":{\"@type\":\"EntryPoint\",\"urlTemplate\":\"https:\\\/\\\/piek.international\\\/de\\\/?s={search_term_string}\"},\"query-input\":{\"@type\":\"PropertyValueSpecification\",\"valueRequired\":true,\"valueName\":\"search_term_string\"}}],\"inLanguage\":\"de\"}]}<\/script>\n<!-- \/ Yoast SEO plugin. -->","yoast_head_json":{"title":"IPC Designer Zertifizierung - IPC Accredited Training Partner - PIEK","description":"Die CID-Training ist ein pcb design Schulung, bei dem ein Student\/Teilnehmer zum Certified Interconnect Designer (CID) ausgebildet wird.","robots":{"index":"index","follow":"follow","max-snippet":"max-snippet:-1","max-image-preview":"max-image-preview:large","max-video-preview":"max-video-preview:-1"},"canonical":"https:\/\/piek.international\/de\/ipc-designer-zertifizierung\/","og_locale":"de_DE","og_type":"article","og_title":"IPC Designer Zertifizierung - IPC Accredited Training Partner - PIEK","og_description":"Die CID-Training ist ein pcb design Schulung, bei dem ein Student\/Teilnehmer zum Certified Interconnect Designer (CID) ausgebildet wird.","og_url":"https:\/\/piek.international\/de\/ipc-designer-zertifizierung\/","og_site_name":"IPC Accredited Training Partner - PIEK","article_modified_time":"2021-10-18T12:58:28+00:00","twitter_card":"summary_large_image","twitter_misc":{"Gesch\u00e4tzte Lesezeit":"23\u00a0Minuten"},"schema":{"@context":"https:\/\/schema.org","@graph":[{"@type":"WebPage","@id":"https:\/\/piek.international\/de\/ipc-designer-zertifizierung\/","url":"https:\/\/piek.international\/de\/ipc-designer-zertifizierung\/","name":"IPC Designer Zertifizierung - IPC Accredited Training Partner - PIEK","isPartOf":{"@id":"https:\/\/piek.international\/de\/#website"},"datePublished":"2021-10-18T12:58:27+00:00","dateModified":"2021-10-18T12:58:28+00:00","description":"Die CID-Training ist ein pcb design Schulung, bei dem ein Student\/Teilnehmer zum Certified Interconnect Designer (CID) ausgebildet wird.","breadcrumb":{"@id":"https:\/\/piek.international\/de\/ipc-designer-zertifizierung\/#breadcrumb"},"inLanguage":"de","potentialAction":[{"@type":"ReadAction","target":["https:\/\/piek.international\/de\/ipc-designer-zertifizierung\/"]}]},{"@type":"BreadcrumbList","@id":"https:\/\/piek.international\/de\/ipc-designer-zertifizierung\/#breadcrumb","itemListElement":[{"@type":"ListItem","position":1,"name":"Home","item":"https:\/\/piek.international\/de\/"},{"@type":"ListItem","position":2,"name":"IPC Designer Zertifizierung"}]},{"@type":"WebSite","@id":"https:\/\/piek.international\/de\/#website","url":"https:\/\/piek.international\/de\/","name":"IPC Accredited Training Partner - PIEK","description":"","potentialAction":[{"@type":"SearchAction","target":{"@type":"EntryPoint","urlTemplate":"https:\/\/piek.international\/de\/?s={search_term_string}"},"query-input":{"@type":"PropertyValueSpecification","valueRequired":true,"valueName":"search_term_string"}}],"inLanguage":"de"}]}},"_links":{"self":[{"href":"https:\/\/piek.international\/de\/wp-json\/wp\/v2\/pages\/354","targetHints":{"allow":["GET"]}}],"collection":[{"href":"https:\/\/piek.international\/de\/wp-json\/wp\/v2\/pages"}],"about":[{"href":"https:\/\/piek.international\/de\/wp-json\/wp\/v2\/types\/page"}],"author":[{"embeddable":true,"href":"https:\/\/piek.international\/de\/wp-json\/wp\/v2\/users\/1"}],"replies":[{"embeddable":true,"href":"https:\/\/piek.international\/de\/wp-json\/wp\/v2\/comments?post=354"}],"version-history":[{"count":4,"href":"https:\/\/piek.international\/de\/wp-json\/wp\/v2\/pages\/354\/revisions"}],"predecessor-version":[{"id":358,"href":"https:\/\/piek.international\/de\/wp-json\/wp\/v2\/pages\/354\/revisions\/358"}],"wp:attachment":[{"href":"https:\/\/piek.international\/de\/wp-json\/wp\/v2\/media?parent=354"}],"curies":[{"name":"wp","href":"https:\/\/api.w.org\/{rel}","templated":true}]}}