{"id":658,"date":"2021-10-20T11:21:10","date_gmt":"2021-10-20T11:21:10","guid":{"rendered":"https:\/\/piek.international\/ipc-designer-certification\/"},"modified":"2021-11-05T12:14:35","modified_gmt":"2021-11-05T12:14:35","slug":"ipc-designer-certification","status":"publish","type":"page","link":"https:\/\/piek.international\/es\/ipc-designer-certification\/","title":{"rendered":"IPC Designer Certification"},"content":{"rendered":"<p><div class=\"fusion-fullwidth fullwidth-box fusion-builder-row-1 fusion-flex-container nonhundred-percent-fullwidth non-hundred-percent-height-scrolling\" style=\"--awb-border-radius-top-left:0px;--awb-border-radius-top-right:0px;--awb-border-radius-bottom-right:0px;--awb-border-radius-bottom-left:0px;--awb-flex-wrap:wrap;\" ><div class=\"fusion-builder-row fusion-row fusion-flex-align-items-flex-start fusion-flex-content-wrap\" style=\"max-width:1144px;margin-left: calc(-4% \/ 2 );margin-right: calc(-4% \/ 2 );\"><div class=\"fusion-layout-column fusion_builder_column fusion-builder-column-0 fusion_builder_column_1_1 1_1 fusion-flex-column\" style=\"--awb-bg-size:cover;--awb-width-large:100%;--awb-margin-top-large:0px;--awb-spacing-right-large:1.92%;--awb-margin-bottom-large:20px;--awb-spacing-left-large:1.92%;--awb-width-medium:100%;--awb-order-medium:0;--awb-spacing-right-medium:1.92%;--awb-spacing-left-medium:1.92%;--awb-width-small:100%;--awb-order-small:0;--awb-spacing-right-small:1.92%;--awb-spacing-left-small:1.92%;\"><div class=\"fusion-column-wrapper fusion-column-has-shadow fusion-flex-justify-content-flex-start fusion-content-layout-column\"><div class=\"fusion-title title fusion-title-1 sep-underline sep-dotted fusion-title-text fusion-title-size-one\" style=\"--awb-margin-top-small:0px;--awb-margin-right-small:0px;--awb-margin-bottom-small:20px;--awb-margin-left-small:0px;\"><h1 class=\"fusion-title-heading title-heading-left\" style=\"margin:0;\">IPC Designer Certification<\/h1><\/div><\/div><\/div><\/div><\/div><div class=\"fusion-bg-parallax\" data-bg-align=\"right top\" data-direction=\"down\" data-mute=\"false\" data-opacity=\"100\" data-velocity=\"-0.3\" data-mobile-enabled=\"false\" data-break_parents=\"0\" data-bg-image=\"https:\/\/piek.international\/wp-content\/uploads\/pcb-background-v4.jpeg\" data-bg-repeat=\"false\" data-bg-color=\"#fcfcfc\" ><\/div><div class=\"fusion-fullwidth fullwidth-box fusion-builder-row-2 fusion-flex-container fusion-parallax-down nonhundred-percent-fullwidth non-hundred-percent-height-scrolling fusion-no-small-visibility fusion-no-medium-visibility\" style=\"--awb-background-position:right top;--awb-border-radius-top-left:0px;--awb-border-radius-top-right:0px;--awb-border-radius-bottom-right:0px;--awb-border-radius-bottom-left:0px;--awb-padding-top:50px;--awb-padding-bottom:25px;--awb-background-color:#fcfcfc;--awb-background-image:url(&quot;https:\/\/piek.international\/wp-content\/uploads\/pcb-background-v4.jpeg&quot;);--awb-background-size:cover;--awb-flex-wrap:wrap;--awb-box-shadow: 0px 0px ;\" ><div class=\"fusion-builder-row fusion-row fusion-flex-align-items-flex-start fusion-flex-content-wrap\" style=\"max-width:1144px;margin-left: calc(-4% \/ 2 );margin-right: calc(-4% \/ 2 );\"><div class=\"fusion-layout-column fusion_builder_column fusion-builder-column-1 fusion_builder_column_1_1 1_1 fusion-flex-column\" style=\"--awb-bg-size:cover;--awb-width-large:100%;--awb-margin-top-large:0px;--awb-spacing-right-large:1.92%;--awb-margin-bottom-large:20px;--awb-spacing-left-large:1.92%;--awb-width-medium:100%;--awb-order-medium:0;--awb-spacing-right-medium:1.92%;--awb-spacing-left-medium:1.92%;--awb-width-small:100%;--awb-order-small:0;--awb-spacing-right-small:1.92%;--awb-spacing-left-small:1.92%;\"><div class=\"fusion-column-wrapper fusion-column-has-shadow fusion-flex-justify-content-flex-start fusion-content-layout-column\"><div class=\"fusion-text fusion-text-1\"><h4><a href=\"#cid\"><i class=\"fb-icon-element-1 fb-icon-element fontawesome-icon fa-check fas circle-no fusion-text-flow\" style=\"--awb-iconcolor:#2cb34a;--awb-iconcolor-hover:#2cb34a;--awb-font-size:24px;--awb-margin-right:12px;\"><\/i>IPC CID (CERTIFIED INTERCONNECT DESIGNER-BASIC)<\/a><\/h4>\n<h4><a href=\"#cidplus\"><i class=\"fb-icon-element-2 fb-icon-element fontawesome-icon fa-check fas circle-no fusion-text-flow\" style=\"--awb-iconcolor:#2cb34a;--awb-iconcolor-hover:#2cb34a;--awb-font-size:24px;--awb-margin-right:12px;\"><\/i>IPC CID+ (ADVANCED CERTIFIED INTERCONNECT DESIGNER)<\/a><\/h4>\n<\/div><\/div><\/div><\/div><\/div><div class=\"fusion-fullwidth fullwidth-box fusion-builder-row-3 fusion-flex-container nonhundred-percent-fullwidth non-hundred-percent-height-scrolling fusion-no-large-visibility\" style=\"--awb-border-radius-top-left:0px;--awb-border-radius-top-right:0px;--awb-border-radius-bottom-right:0px;--awb-border-radius-bottom-left:0px;--awb-padding-top:50px;--awb-padding-bottom:25px;--awb-background-color:#fcfcfc;--awb-flex-wrap:wrap;--awb-box-shadow: 0px 0px ;\" ><div class=\"fusion-builder-row fusion-row fusion-flex-align-items-flex-start fusion-flex-content-wrap\" style=\"max-width:1144px;margin-left: calc(-4% \/ 2 );margin-right: calc(-4% \/ 2 );\"><div class=\"fusion-layout-column fusion_builder_column fusion-builder-column-2 fusion_builder_column_1_1 1_1 fusion-flex-column\" style=\"--awb-bg-size:cover;--awb-width-large:100%;--awb-margin-top-large:0px;--awb-spacing-right-large:1.92%;--awb-margin-bottom-large:20px;--awb-spacing-left-large:1.92%;--awb-width-medium:100%;--awb-order-medium:0;--awb-spacing-right-medium:1.92%;--awb-spacing-left-medium:1.92%;--awb-width-small:100%;--awb-order-small:0;--awb-spacing-right-small:1.92%;--awb-spacing-left-small:1.92%;\"><div class=\"fusion-column-wrapper fusion-column-has-shadow fusion-flex-justify-content-flex-start fusion-content-layout-column\"><div class=\"fusion-text fusion-text-2\"><h4><a href=\"#cid\"><i class=\"fb-icon-element-3 fb-icon-element fontawesome-icon fa-check fas circle-no fusion-text-flow\" style=\"--awb-iconcolor:#2cb34a;--awb-iconcolor-hover:#2cb34a;--awb-font-size:24px;--awb-margin-right:12px;\"><\/i>IPC CID (CERTIFIED INTERCONNECT DESIGNER-BASIC)<\/a><\/h4>\n<h4><a href=\"#cidplus\"><i class=\"fb-icon-element-4 fb-icon-element fontawesome-icon fa-check fas circle-no fusion-text-flow\" style=\"--awb-iconcolor:#2cb34a;--awb-iconcolor-hover:#2cb34a;--awb-font-size:24px;--awb-margin-right:12px;\"><\/i>IPC CID+ (ADVANCED CERTIFIED INTERCONNECT DESIGNER)<\/a><\/h4>\n<\/div><\/div><\/div><\/div><\/div><div id=\"cid\" class=\"fusion-container-anchor\"><div class=\"fusion-fullwidth fullwidth-box fusion-builder-row-4 fusion-flex-container nonhundred-percent-fullwidth non-hundred-percent-height-scrolling\" style=\"--awb-border-radius-top-left:0px;--awb-border-radius-top-right:0px;--awb-border-radius-bottom-right:0px;--awb-border-radius-bottom-left:0px;--awb-padding-top:50px;--awb-padding-bottom:25px;--awb-flex-wrap:wrap;\" ><div class=\"fusion-builder-row fusion-row fusion-flex-align-items-flex-start fusion-flex-content-wrap\" style=\"max-width:1144px;margin-left: calc(-4% \/ 2 );margin-right: calc(-4% \/ 2 );\"><div class=\"fusion-layout-column fusion_builder_column fusion-builder-column-3 fusion_builder_column_1_1 1_1 fusion-flex-column\" style=\"--awb-bg-size:cover;--awb-width-large:100%;--awb-margin-top-large:0px;--awb-spacing-right-large:1.92%;--awb-margin-bottom-large:20px;--awb-spacing-left-large:1.92%;--awb-width-medium:100%;--awb-order-medium:0;--awb-spacing-right-medium:1.92%;--awb-spacing-left-medium:1.92%;--awb-width-small:100%;--awb-order-small:0;--awb-spacing-right-small:1.92%;--awb-spacing-left-small:1.92%;\"><div class=\"fusion-column-wrapper fusion-column-has-shadow fusion-flex-justify-content-flex-start fusion-content-layout-column\"><div class=\"fusion-title title fusion-title-2 sep-underline sep-dotted fusion-title-text fusion-title-size-two\" style=\"--awb-margin-top-small:0px;--awb-margin-right-small:0px;--awb-margin-bottom-small:20px;--awb-margin-left-small:0px;\"><h2 class=\"fusion-title-heading title-heading-left\" style=\"margin:0;\">IPC CID (CERTIFIED INTERCONNECT DESIGNER-BASIC)<\/h2><\/div><div class=\"fusion-text fusion-text-3\"><p>La serie IPC-2220 (\u00abGeneric Standard on Printed Board Design\u00bb) es una serie de normas IPC seg\u00fan las cuales se dise\u00f1an las placas de circuitos impresos.<br \/>\nEl IPC es un instituto estadounidense que garantiza que todos los conocimientos sean distribuidos en todo el mundo por formadores certificados del IPC a trav\u00e9s de sus normas IPC, programas de formaci\u00f3n del IPC y materiales did\u00e1cticos del IPC.<br \/>\nEl IPC-2221 es un est\u00e1ndar por el cual los dise\u00f1adores dise\u00f1an placas de circuito impreso para que los archivos Gerber (los dibujos\/datos de dise\u00f1o) en el lado del fabricante de placas de circuito impreso se entiendan correctamente en sus m\u00e1quinas de producci\u00f3n.<br \/>\nCasi todos los dise\u00f1adores de placas de circuito impreso del mundo trabajan seg\u00fan esta norma.    Si necesita ampliar sus conocimientos sobre el dise\u00f1o de placas de circuito impreso, los materiales de las placas de circuito impreso, los acabados superficiales, la masa t\u00e9rmica, las holguras el\u00e9ctricas, la distancia al borde de la placa de circuito impreso, las tolerancias, las pruebas, las marcas, el taponado\/tenting de las v\u00edas, el dibujo maestro (dibujo de dise\u00f1o), la m\u00e1scara de soldadura, la fiabilidad, los aspectos medioambientales, etc., esta norma es la adecuada para usted.<\/p>\n<h3>\u00bfQUIERES APRENDER A DISE\u00d1AR UN CIRCUITO IMPRESO (PCB)?<br \/>\nS\u00cd PUEDES! <\/h3>\n<p>Esta norma se utiliza para el dise\u00f1o de un nuevo producto electr\u00f3nico en el departamento de dise\u00f1o y, a veces, tambi\u00e9n como control de entrada en el fabricante de placas de circuito impreso (la empresa que produce las placas de circuito desnudo).<br \/>\nSi los dibujos del dise\u00f1o son incorrectos, el fabricante de placas de circuito impreso no puede producir correctamente, lo que significa que el montador no puede soldar adecuadamente los componentes y, como resultado, en el peor de los casos los productos electr\u00f3nicos fallan prematuramente.<br \/>\nUn buen dise\u00f1o es la base de un producto final de buena calidad.<br \/>\nLa formaci\u00f3n CID es una formaci\u00f3n que capacita al estudiante\/participante como Dise\u00f1ador de Interconexi\u00f3n Certificado (CID).<br \/>\nEsto significa que el estudiante tiene despu\u00e9s muchos conocimientos sobre las normas de dise\u00f1o (directrices de dise\u00f1o).    <\/p>\n<p>Esta formaci\u00f3n es adecuada para las personas que trabajan en el departamento de dise\u00f1o.<br \/>\nLa formaci\u00f3n para la certificaci\u00f3n CID consta de dos partes.<br \/>\nLa primera parte es la preparaci\u00f3n en casa, la segunda parte son 3 d\u00edas de formaci\u00f3n y al final de la formaci\u00f3n el participante realiza un examen final (110 preguntas de opci\u00f3n m\u00faltiple).<br \/>\nLa puntuaci\u00f3n m\u00ednima para aprobar es del 73%.<br \/>\nCuando el participante ha obtenido su certificado CID, \u00e9ste es v\u00e1lido para siempre.<br \/>\nCon este certificado CIP puede trabajar como CID (Certified Interconnect Designer) en todo el mundo.<br \/>\nAl igual que el carnet de conducir, este certificado del IPC est\u00e1 reconocido internacionalmente.<br \/>\nSi alguien est\u00e1 interesado en una formaci\u00f3n adicional (avanzada), la formaci\u00f3n CID+ es adecuada para ello.<br \/>\nEl CID es la persona designada para discutir y resolver problemas con los clientes.<\/p>\n<\/div><div class=\"fusion-text fusion-text-4\"><p>No dude en ponerse en contacto con nosotros para solicitar un programa de formaci\u00f3n completo, m\u00e1s informaci\u00f3n o cualquier otra cuesti\u00f3n relacionada con la formaci\u00f3n. Por tel\u00e9fono +31-(0)45-5703333, por correo electr\u00f3nico <a href=\"mailto:support@piek.international\">support@piek.international<\/a> o <a href=\"https:\/\/piek.international\/quote-request\/\">solicitando un presupuesto<\/a>.<\/p>\n<\/div>\n<div style=\"text-align:right;\"><a class=\"fusion-button button-flat fusion-button-default-size button-default fusion-button-default button-1 fusion-button-default-span fusion-button-default-type\" style=\"--button_text_transform:uppercase;\" target=\"_self\" title=\"Solicitud de presupuesto\" aria-label=\"Solicitud de presupuesto\" href=\"https:\/\/piek.international\/quote-request\/\"><span class=\"fusion-button-text awb-button__text awb-button__text--default\">Solicitud de presupuesto<\/span><\/a><\/div>\n<\/div><\/div><\/div><\/div><\/div><div id=\"cidplus\" class=\"fusion-container-anchor\"><div class=\"fusion-fullwidth fullwidth-box fusion-builder-row-5 fusion-flex-container nonhundred-percent-fullwidth non-hundred-percent-height-scrolling\" style=\"--awb-border-radius-top-left:0px;--awb-border-radius-top-right:0px;--awb-border-radius-bottom-right:0px;--awb-border-radius-bottom-left:0px;--awb-padding-top:50px;--awb-padding-bottom:25px;--awb-margin-top:50px;--awb-background-color:#fcfcfc;--awb-flex-wrap:wrap;\" ><div class=\"fusion-builder-row fusion-row fusion-flex-align-items-flex-start fusion-flex-content-wrap\" style=\"max-width:1144px;margin-left: calc(-4% \/ 2 );margin-right: calc(-4% \/ 2 );\"><div class=\"fusion-layout-column fusion_builder_column fusion-builder-column-4 fusion_builder_column_1_1 1_1 fusion-flex-column\" style=\"--awb-bg-size:cover;--awb-width-large:100%;--awb-margin-top-large:0px;--awb-spacing-right-large:1.92%;--awb-margin-bottom-large:20px;--awb-spacing-left-large:1.92%;--awb-width-medium:100%;--awb-order-medium:0;--awb-spacing-right-medium:1.92%;--awb-spacing-left-medium:1.92%;--awb-width-small:100%;--awb-order-small:0;--awb-spacing-right-small:1.92%;--awb-spacing-left-small:1.92%;\"><div class=\"fusion-column-wrapper fusion-column-has-shadow fusion-flex-justify-content-flex-start fusion-content-layout-column\"><div class=\"fusion-title title fusion-title-3 sep-underline sep-dotted fusion-title-text fusion-title-size-two\" style=\"--awb-margin-top-small:0px;--awb-margin-right-small:0px;--awb-margin-bottom-small:20px;--awb-margin-left-small:0px;\"><h2 class=\"fusion-title-heading title-heading-left\" style=\"margin:0;\">IPC CID+ (ADVANCED CERTIFIED INTERCONNECT DESIGNER)<\/h2><\/div><div class=\"fusion-text fusion-text-5\"><p>La serie IPC-2220 (\u00abGeneric Standard on Printed Board Design\u00bb) es una serie de normas IPC seg\u00fan las cuales se dise\u00f1an las placas de circuitos impresos.<br \/>\nEl IPC es un instituto estadounidense que garantiza que todos los conocimientos sean distribuidos en todo el mundo por formadores certificados del IPC a trav\u00e9s de sus normas IPC, programas de formaci\u00f3n del IPC y materiales did\u00e1cticos del IPC.<br \/>\nEl IPC-2221 es un est\u00e1ndar por el cual los dise\u00f1adores dise\u00f1an placas de circuito impreso para que los archivos Gerber (los dibujos\/datos de dise\u00f1o) en el lado del fabricante de placas de circuito impreso se entiendan correctamente en sus m\u00e1quinas de producci\u00f3n.<br \/>\nCasi todos los dise\u00f1adores de placas de circuito impreso del mundo trabajan seg\u00fan esta norma.   <\/p>\n<h3>\u00bfQUIERES APRENDER A DISE\u00d1AR CIRCUITOS IMPRESOS DIF\u00cdCILES (PCBS)?<br \/>\nS\u00cd PUEDES! <\/h3>\n<p>Si necesita m\u00e1s conocimientos sobre el dise\u00f1o de placas de circuito impreso, materiales de placas de circuito impreso, acabados superficiales, masa t\u00e9rmica, holguras el\u00e9ctricas, distancia al borde de la placa de circuito impreso, tolerancias, pruebas, marcas, conexi\u00f3n\/entrada de v\u00edas, dibujo maestro (dibujo de dise\u00f1o), m\u00e1scara de soldadura, fiabilidad, aspectos medioambientales, etc., esta norma es la adecuada para usted.<br \/>\nEsta norma se utiliza para el dise\u00f1o de un nuevo producto electr\u00f3nico en el departamento de dise\u00f1o y, a veces, tambi\u00e9n como control de entrada en el fabricante de placas de circuitos (la empresa que produce las placas de circuitos desnudos).<br \/>\nSi los dibujos del dise\u00f1o son incorrectos, el fabricante de placas de circuito impreso no puede producir correctamente, lo que significa que el montador no puede soldar adecuadamente los componentes y, como resultado, en el peor de los casos los productos electr\u00f3nicos fallan prematuramente.<br \/>\nUn buen dise\u00f1o es la base de un producto final de buena calidad.<br \/>\nLa formaci\u00f3n CID+ es una formaci\u00f3n que capacita al estudiante\/participante como Dise\u00f1ador de Interconexi\u00f3n Certificado Avanzado (CID+).<br \/>\nEsto significa que el estudiante tiene todos los conocimientos sobre las normas de dise\u00f1o (directrices de dise\u00f1o) despu\u00e9s.      Esta formaci\u00f3n es adecuada para avanzados (especialistas en dise\u00f1o) que trabajan en el departamento de dise\u00f1o.<br \/>\nLa formaci\u00f3n para la certificaci\u00f3n CID+ consta de dos partes.<br \/>\nLa primera parte es la preparaci\u00f3n en casa, la segunda parte son 3 d\u00edas de formaci\u00f3n y al final de la formaci\u00f3n el participante realiza un examen final (120 preguntas de opci\u00f3n m\u00faltiple).<br \/>\nCuando el participante ha obtenido su certificado CID+, \u00e9ste es v\u00e1lido para siempre.<br \/>\nCon este certificado IPC puede trabajar en todo el mundo como CID+ (Advanced Certified Interconnect Designer).<br \/>\nAl igual que el carn\u00e9 de conducir, este certificado del IPC est\u00e1 reconocido internacionalmente.<br \/>\nEl CID+ es la persona designada para discutir y resolver problemas con los clientes.<\/p>\n<\/div><div class=\"fusion-text fusion-text-6\"><p>No dude en ponerse en contacto con nosotros para solicitar un programa de formaci\u00f3n completo, m\u00e1s informaci\u00f3n o cualquier otra cuesti\u00f3n relacionada con la formaci\u00f3n. Por tel\u00e9fono +31-(0)45-5703333, por correo electr\u00f3nico <a href=\"mailto:support@piek.international\">support@piek.international<\/a> o <a href=\"https:\/\/piek.international\/quote-request\/\">solicitando un presupuesto<\/a>.<\/p>\n<\/div>\n<div style=\"text-align:right;\"><a class=\"fusion-button button-flat fusion-button-default-size button-default fusion-button-default button-2 fusion-button-default-span fusion-button-default-type\" style=\"--button_text_transform:uppercase;\" target=\"_self\" title=\"Solicitud de presupuesto\" aria-label=\"Solicitud de presupuesto\" href=\"https:\/\/piek.international\/quote-request\/\"><span class=\"fusion-button-text awb-button__text awb-button__text--default\">Solicitud de presupuesto<\/span><\/a><\/div>\n<\/div><\/div><\/div><\/div><\/div><\/p>\n","protected":false},"excerpt":{"rendered":"","protected":false},"author":1,"featured_media":0,"parent":0,"menu_order":0,"comment_status":"closed","ping_status":"closed","template":"100-width.php","meta":{"footnotes":""},"class_list":["post-658","page","type-page","status-publish","hentry"],"yoast_head":"<!-- This site is optimized with the Yoast SEO plugin v27.3 - https:\/\/yoast.com\/product\/yoast-seo-wordpress\/ -->\n<title>IPC Designer Certification - IPC Accredited Training Partner - PIEK<\/title>\n<meta name=\"description\" content=\"La formaci\u00f3n CID es una formaci\u00f3n de dise\u00f1o de placas de circuito impreso que capacita al estudiante como Dise\u00f1ador de Interconexi\u00f3n Certificado por el IPC (CID).\" \/>\n<meta name=\"robots\" content=\"index, follow, max-snippet:-1, max-image-preview:large, max-video-preview:-1\" \/>\n<link rel=\"canonical\" href=\"https:\/\/piek.international\/es\/ipc-designer-certification\/\" \/>\n<meta property=\"og:locale\" content=\"es_ES\" \/>\n<meta property=\"og:type\" content=\"article\" \/>\n<meta property=\"og:title\" content=\"IPC Designer Certification - IPC Accredited Training Partner - PIEK\" \/>\n<meta property=\"og:description\" content=\"La formaci\u00f3n CID es una formaci\u00f3n de dise\u00f1o de placas de circuito impreso que capacita al estudiante como Dise\u00f1ador de Interconexi\u00f3n Certificado por el IPC (CID).\" \/>\n<meta property=\"og:url\" content=\"https:\/\/piek.international\/es\/ipc-designer-certification\/\" \/>\n<meta property=\"og:site_name\" content=\"IPC Accredited Training Partner - PIEK\" \/>\n<meta property=\"article:modified_time\" content=\"2021-11-05T12:14:35+00:00\" \/>\n<meta name=\"twitter:card\" content=\"summary_large_image\" \/>\n<meta name=\"twitter:label1\" content=\"Tiempo de lectura\" \/>\n\t<meta name=\"twitter:data1\" content=\"24 minutos\" \/>\n<script type=\"application\/ld+json\" class=\"yoast-schema-graph\">{\"@context\":\"https:\\\/\\\/schema.org\",\"@graph\":[{\"@type\":\"WebPage\",\"@id\":\"https:\\\/\\\/piek.international\\\/es\\\/ipc-designer-certification\\\/\",\"url\":\"https:\\\/\\\/piek.international\\\/es\\\/ipc-designer-certification\\\/\",\"name\":\"IPC Designer Certification - IPC Accredited Training Partner - PIEK\",\"isPartOf\":{\"@id\":\"https:\\\/\\\/piek.international\\\/es\\\/#website\"},\"datePublished\":\"2021-10-20T11:21:10+00:00\",\"dateModified\":\"2021-11-05T12:14:35+00:00\",\"description\":\"La formaci\u00f3n CID es una formaci\u00f3n de dise\u00f1o de placas de circuito impreso que capacita al estudiante como Dise\u00f1ador de Interconexi\u00f3n Certificado por el IPC (CID).\",\"breadcrumb\":{\"@id\":\"https:\\\/\\\/piek.international\\\/es\\\/ipc-designer-certification\\\/#breadcrumb\"},\"inLanguage\":\"es\",\"potentialAction\":[{\"@type\":\"ReadAction\",\"target\":[\"https:\\\/\\\/piek.international\\\/es\\\/ipc-designer-certification\\\/\"]}]},{\"@type\":\"BreadcrumbList\",\"@id\":\"https:\\\/\\\/piek.international\\\/es\\\/ipc-designer-certification\\\/#breadcrumb\",\"itemListElement\":[{\"@type\":\"ListItem\",\"position\":1,\"name\":\"Home\",\"item\":\"https:\\\/\\\/piek.international\\\/es\\\/\"},{\"@type\":\"ListItem\",\"position\":2,\"name\":\"IPC Designer Certification\"}]},{\"@type\":\"WebSite\",\"@id\":\"https:\\\/\\\/piek.international\\\/es\\\/#website\",\"url\":\"https:\\\/\\\/piek.international\\\/es\\\/\",\"name\":\"IPC Accredited Training Partner - PIEK\",\"description\":\"\",\"potentialAction\":[{\"@type\":\"SearchAction\",\"target\":{\"@type\":\"EntryPoint\",\"urlTemplate\":\"https:\\\/\\\/piek.international\\\/es\\\/?s={search_term_string}\"},\"query-input\":{\"@type\":\"PropertyValueSpecification\",\"valueRequired\":true,\"valueName\":\"search_term_string\"}}],\"inLanguage\":\"es\"}]}<\/script>\n<!-- \/ Yoast SEO plugin. -->","yoast_head_json":{"title":"IPC Designer Certification - IPC Accredited Training Partner - PIEK","description":"La formaci\u00f3n CID es una formaci\u00f3n de dise\u00f1o de placas de circuito impreso que capacita al estudiante como Dise\u00f1ador de Interconexi\u00f3n Certificado por el IPC (CID).","robots":{"index":"index","follow":"follow","max-snippet":"max-snippet:-1","max-image-preview":"max-image-preview:large","max-video-preview":"max-video-preview:-1"},"canonical":"https:\/\/piek.international\/es\/ipc-designer-certification\/","og_locale":"es_ES","og_type":"article","og_title":"IPC Designer Certification - IPC Accredited Training Partner - PIEK","og_description":"La formaci\u00f3n CID es una formaci\u00f3n de dise\u00f1o de placas de circuito impreso que capacita al estudiante como Dise\u00f1ador de Interconexi\u00f3n Certificado por el IPC (CID).","og_url":"https:\/\/piek.international\/es\/ipc-designer-certification\/","og_site_name":"IPC Accredited Training Partner - PIEK","article_modified_time":"2021-11-05T12:14:35+00:00","twitter_card":"summary_large_image","twitter_misc":{"Tiempo de lectura":"24 minutos"},"schema":{"@context":"https:\/\/schema.org","@graph":[{"@type":"WebPage","@id":"https:\/\/piek.international\/es\/ipc-designer-certification\/","url":"https:\/\/piek.international\/es\/ipc-designer-certification\/","name":"IPC Designer Certification - IPC Accredited Training Partner - PIEK","isPartOf":{"@id":"https:\/\/piek.international\/es\/#website"},"datePublished":"2021-10-20T11:21:10+00:00","dateModified":"2021-11-05T12:14:35+00:00","description":"La formaci\u00f3n CID es una formaci\u00f3n de dise\u00f1o de placas de circuito impreso que capacita al estudiante como Dise\u00f1ador de Interconexi\u00f3n Certificado por el IPC (CID).","breadcrumb":{"@id":"https:\/\/piek.international\/es\/ipc-designer-certification\/#breadcrumb"},"inLanguage":"es","potentialAction":[{"@type":"ReadAction","target":["https:\/\/piek.international\/es\/ipc-designer-certification\/"]}]},{"@type":"BreadcrumbList","@id":"https:\/\/piek.international\/es\/ipc-designer-certification\/#breadcrumb","itemListElement":[{"@type":"ListItem","position":1,"name":"Home","item":"https:\/\/piek.international\/es\/"},{"@type":"ListItem","position":2,"name":"IPC Designer Certification"}]},{"@type":"WebSite","@id":"https:\/\/piek.international\/es\/#website","url":"https:\/\/piek.international\/es\/","name":"IPC Accredited Training Partner - PIEK","description":"","potentialAction":[{"@type":"SearchAction","target":{"@type":"EntryPoint","urlTemplate":"https:\/\/piek.international\/es\/?s={search_term_string}"},"query-input":{"@type":"PropertyValueSpecification","valueRequired":true,"valueName":"search_term_string"}}],"inLanguage":"es"}]}},"_links":{"self":[{"href":"https:\/\/piek.international\/es\/wp-json\/wp\/v2\/pages\/658","targetHints":{"allow":["GET"]}}],"collection":[{"href":"https:\/\/piek.international\/es\/wp-json\/wp\/v2\/pages"}],"about":[{"href":"https:\/\/piek.international\/es\/wp-json\/wp\/v2\/types\/page"}],"author":[{"embeddable":true,"href":"https:\/\/piek.international\/es\/wp-json\/wp\/v2\/users\/1"}],"replies":[{"embeddable":true,"href":"https:\/\/piek.international\/es\/wp-json\/wp\/v2\/comments?post=658"}],"version-history":[{"count":8,"href":"https:\/\/piek.international\/es\/wp-json\/wp\/v2\/pages\/658\/revisions"}],"predecessor-version":[{"id":753,"href":"https:\/\/piek.international\/es\/wp-json\/wp\/v2\/pages\/658\/revisions\/753"}],"wp:attachment":[{"href":"https:\/\/piek.international\/es\/wp-json\/wp\/v2\/media?parent=658"}],"curies":[{"name":"wp","href":"https:\/\/api.w.org\/{rel}","templated":true}]}}