{"id":1528,"date":"2021-11-08T14:04:26","date_gmt":"2021-11-08T14:04:26","guid":{"rendered":"https:\/\/piek.international\/ipc-designer-sertifikaat\/"},"modified":"2021-11-08T14:04:26","modified_gmt":"2021-11-08T14:04:26","slug":"ipc-designer-sertifikaat","status":"publish","type":"page","link":"https:\/\/piek.international\/et\/ipc-designer-sertifikaat\/","title":{"rendered":"IPC Designer sertifikaat"},"content":{"rendered":"<p><div class=\"fusion-fullwidth fullwidth-box fusion-builder-row-1 fusion-flex-container nonhundred-percent-fullwidth non-hundred-percent-height-scrolling\" style=\"--awb-border-radius-top-left:0px;--awb-border-radius-top-right:0px;--awb-border-radius-bottom-right:0px;--awb-border-radius-bottom-left:0px;--awb-flex-wrap:wrap;\" ><div class=\"fusion-builder-row fusion-row fusion-flex-align-items-flex-start fusion-flex-content-wrap\" style=\"max-width:1144px;margin-left: calc(-4% \/ 2 );margin-right: calc(-4% \/ 2 );\"><div class=\"fusion-layout-column fusion_builder_column fusion-builder-column-0 fusion_builder_column_1_1 1_1 fusion-flex-column\" style=\"--awb-bg-size:cover;--awb-width-large:100%;--awb-margin-top-large:0px;--awb-spacing-right-large:1.92%;--awb-margin-bottom-large:20px;--awb-spacing-left-large:1.92%;--awb-width-medium:100%;--awb-order-medium:0;--awb-spacing-right-medium:1.92%;--awb-spacing-left-medium:1.92%;--awb-width-small:100%;--awb-order-small:0;--awb-spacing-right-small:1.92%;--awb-spacing-left-small:1.92%;\"><div class=\"fusion-column-wrapper fusion-column-has-shadow fusion-flex-justify-content-flex-start fusion-content-layout-column\"><div class=\"fusion-title title fusion-title-1 sep-underline sep-dotted fusion-title-text fusion-title-size-one\" style=\"--awb-margin-top-small:0px;--awb-margin-right-small:0px;--awb-margin-bottom-small:20px;--awb-margin-left-small:0px;\"><h1 class=\"fusion-title-heading title-heading-left\" style=\"margin:0;\">IPC Designer sertifikaat<\/h1><\/div><\/div><\/div><\/div><\/div><div class=\"fusion-bg-parallax\" data-bg-align=\"right top\" data-direction=\"down\" data-mute=\"false\" data-opacity=\"100\" data-velocity=\"-0.3\" data-mobile-enabled=\"false\" data-break_parents=\"0\" data-bg-image=\"https:\/\/piek.international\/wp-content\/uploads\/pcb-background-v4.jpeg\" data-bg-repeat=\"false\" data-bg-color=\"#fcfcfc\" ><\/div><div class=\"fusion-fullwidth fullwidth-box fusion-builder-row-2 fusion-flex-container fusion-parallax-down nonhundred-percent-fullwidth non-hundred-percent-height-scrolling fusion-no-small-visibility fusion-no-medium-visibility\" style=\"--awb-background-position:right top;--awb-border-radius-top-left:0px;--awb-border-radius-top-right:0px;--awb-border-radius-bottom-right:0px;--awb-border-radius-bottom-left:0px;--awb-padding-top:50px;--awb-padding-bottom:25px;--awb-background-color:#fcfcfc;--awb-background-image:url(&quot;https:\/\/piek.international\/wp-content\/uploads\/pcb-background-v4.jpeg&quot;);--awb-background-size:cover;--awb-flex-wrap:wrap;--awb-box-shadow: 0px 0px ;\" ><div class=\"fusion-builder-row fusion-row fusion-flex-align-items-flex-start fusion-flex-content-wrap\" style=\"max-width:1144px;margin-left: calc(-4% \/ 2 );margin-right: calc(-4% \/ 2 );\"><div class=\"fusion-layout-column fusion_builder_column fusion-builder-column-1 fusion_builder_column_1_1 1_1 fusion-flex-column\" style=\"--awb-bg-size:cover;--awb-width-large:100%;--awb-margin-top-large:0px;--awb-spacing-right-large:1.92%;--awb-margin-bottom-large:20px;--awb-spacing-left-large:1.92%;--awb-width-medium:100%;--awb-order-medium:0;--awb-spacing-right-medium:1.92%;--awb-spacing-left-medium:1.92%;--awb-width-small:100%;--awb-order-small:0;--awb-spacing-right-small:1.92%;--awb-spacing-left-small:1.92%;\"><div class=\"fusion-column-wrapper fusion-column-has-shadow fusion-flex-justify-content-flex-start fusion-content-layout-column\"><div class=\"fusion-text fusion-text-1\"><h4><a href=\"#cid\"><i class=\"fb-icon-element-1 fb-icon-element fontawesome-icon fa-check fas circle-no fusion-text-flow\" style=\"--awb-iconcolor:#2cb34a;--awb-iconcolor-hover:#2cb34a;--awb-font-size:24px;--awb-margin-right:12px;\"><\/i>IPC CID ( CERTIFIED INTERCONNECT DESIGNER-BASIC )<\/a><\/h4>\n<h4><a href=\"#cidplus\"><i class=\"fb-icon-element-2 fb-icon-element fontawesome-icon fa-check fas circle-no fusion-text-flow\" style=\"--awb-iconcolor:#2cb34a;--awb-iconcolor-hover:#2cb34a;--awb-font-size:24px;--awb-margin-right:12px;\"><\/i>IPC CID+ ( ADVANCED CERTIFIED INTERCONNECT DESIGNER )<\/a><\/h4>\n<\/div><\/div><\/div><\/div><\/div><div class=\"fusion-fullwidth fullwidth-box fusion-builder-row-3 fusion-flex-container nonhundred-percent-fullwidth non-hundred-percent-height-scrolling fusion-no-large-visibility\" style=\"--awb-border-radius-top-left:0px;--awb-border-radius-top-right:0px;--awb-border-radius-bottom-right:0px;--awb-border-radius-bottom-left:0px;--awb-padding-top:50px;--awb-padding-bottom:25px;--awb-background-color:#fcfcfc;--awb-flex-wrap:wrap;--awb-box-shadow: 0px 0px ;\" ><div class=\"fusion-builder-row fusion-row fusion-flex-align-items-flex-start fusion-flex-content-wrap\" style=\"max-width:1144px;margin-left: calc(-4% \/ 2 );margin-right: calc(-4% \/ 2 );\"><div class=\"fusion-layout-column fusion_builder_column fusion-builder-column-2 fusion_builder_column_1_1 1_1 fusion-flex-column\" style=\"--awb-bg-size:cover;--awb-width-large:100%;--awb-margin-top-large:0px;--awb-spacing-right-large:1.92%;--awb-margin-bottom-large:20px;--awb-spacing-left-large:1.92%;--awb-width-medium:100%;--awb-order-medium:0;--awb-spacing-right-medium:1.92%;--awb-spacing-left-medium:1.92%;--awb-width-small:100%;--awb-order-small:0;--awb-spacing-right-small:1.92%;--awb-spacing-left-small:1.92%;\"><div class=\"fusion-column-wrapper fusion-column-has-shadow fusion-flex-justify-content-flex-start fusion-content-layout-column\"><div class=\"fusion-text fusion-text-2\"><h4><a href=\"#cid\"><i class=\"fb-icon-element-3 fb-icon-element fontawesome-icon fa-check fas circle-no fusion-text-flow\" style=\"--awb-iconcolor:#2cb34a;--awb-iconcolor-hover:#2cb34a;--awb-font-size:24px;--awb-margin-right:12px;\"><\/i>IPC CID ( CERTIFIED INTERCONNECT DESIGNER-BASIC )<\/a><\/h4>\n<h4><a href=\"#cidplus\"><i class=\"fb-icon-element-4 fb-icon-element fontawesome-icon fa-check fas circle-no fusion-text-flow\" style=\"--awb-iconcolor:#2cb34a;--awb-iconcolor-hover:#2cb34a;--awb-font-size:24px;--awb-margin-right:12px;\"><\/i>IPC CID+ ( ADVANCED CERTIFIED INTERCONNECT DESIGNER )<\/a><\/h4>\n<\/div><\/div><\/div><\/div><\/div><div id=\"cid\" class=\"fusion-container-anchor\"><div class=\"fusion-fullwidth fullwidth-box fusion-builder-row-4 fusion-flex-container nonhundred-percent-fullwidth non-hundred-percent-height-scrolling\" style=\"--awb-border-radius-top-left:0px;--awb-border-radius-top-right:0px;--awb-border-radius-bottom-right:0px;--awb-border-radius-bottom-left:0px;--awb-padding-top:50px;--awb-padding-bottom:25px;--awb-flex-wrap:wrap;\" ><div class=\"fusion-builder-row fusion-row fusion-flex-align-items-flex-start fusion-flex-content-wrap\" style=\"max-width:1144px;margin-left: calc(-4% \/ 2 );margin-right: calc(-4% \/ 2 );\"><div class=\"fusion-layout-column fusion_builder_column fusion-builder-column-3 fusion_builder_column_1_1 1_1 fusion-flex-column\" style=\"--awb-bg-size:cover;--awb-width-large:100%;--awb-margin-top-large:0px;--awb-spacing-right-large:1.92%;--awb-margin-bottom-large:20px;--awb-spacing-left-large:1.92%;--awb-width-medium:100%;--awb-order-medium:0;--awb-spacing-right-medium:1.92%;--awb-spacing-left-medium:1.92%;--awb-width-small:100%;--awb-order-small:0;--awb-spacing-right-small:1.92%;--awb-spacing-left-small:1.92%;\"><div class=\"fusion-column-wrapper fusion-column-has-shadow fusion-flex-justify-content-flex-start fusion-content-layout-column\"><div class=\"fusion-title title fusion-title-2 sep-underline sep-dotted fusion-title-text fusion-title-size-two\" style=\"--awb-margin-top-small:0px;--awb-margin-right-small:0px;--awb-margin-bottom-small:20px;--awb-margin-left-small:0px;\"><h2 class=\"fusion-title-heading title-heading-left\" style=\"margin:0;\">IPC CID ( CERTIFIED INTERCONNECT DESIGNER-BASIC )<\/h2><\/div><div class=\"fusion-text fusion-text-3\"><p>IPC-2220 seeria (&#8220;Generic Standard on Printed Board Design&#8221;) on IPC standardite sari, mille j\u00e4rgi tr\u00fckkplaadid on kujundatud. IPC on Ameerika instituut, mis tagab, et sertifitseeritud IPC koolitajad levitavad kogu maailmas oma STK standardite, IPC koolitusprogrammide ja IPC \u00f5ppematerjalide kaudu k\u00f5iki teadmisi. IPC-2221 on standard, mille j\u00e4rgi disainerid kujundavad tr\u00fckkplaate nii, et tr\u00fckkplaadi tootjapoolsed Gerberi failid (disaini joonised\/andmed) oleksid nende tootmismasinatel \u00f5igesti arusaadavad. Peaaegu k\u00f5ik tr\u00fckkplaatide disainerid \u00fcle maailma t\u00f6\u00f6tavad selle standardi(te) j\u00e4rgi.    Kui vajate lisateadmisi tr\u00fckkplaatide projekteerimisest, tr\u00fckkplaatide materjalidest, pinnaviimistlusest, soojusmassist, elektrilistest vahekaugustest, kaugusest tr\u00fckkplaadi servast, tolerantside, testide, m\u00e4rgistuste, l\u00e4bip\u00e4\u00e4sude \u00fchendamise\/telgimise kohta, kapten joonis (disainjoonis), jootemask, t\u00f6\u00f6kindlus, keskkonnaaspektid jne, siis on see standard teie jaoks \u00f5ige.<\/p>\n<h3>KAS TAHAD \u00d5PPIDA TR\u00dcKKPLABETI (PCB) KUJUNDAMA? JAH, SA SAAD! <\/h3>\n<p>Seda standardit kasutatakse uue elektroonikatoote projekteerimisel projekteerimisosakonnas ja m\u00f5nikord ka sisenemiskontrollina tr\u00fckkplaadi tootja (firma, mis toodab paljastr\u00fckkplaate) juures. Kui projekteerimisjoonised on valed, ei saa tr\u00fckkplaadi tootja korralikult toota, mis t\u00e4hendab, et monteerija ei saa komponente korralikult jootma ning selle tulemusena rikuvad halvimal juhul elektroonikatooted enneaegselt. Hea disain on kvaliteetse l\u00f5pptoote aluseks. CID koolitus on koolitus, mis koolitab \u00f5pilast\/osalejat Certified Interconnect Designer (CID). See t\u00e4hendab, et \u00f5pilasel on tagantj\u00e4rele palju teadmisi disainireeglitest (disainijuhistest).    <\/p>\n<p>See koolitus sobib inimestele, kes t\u00f6\u00f6tavad disainiosakonnas. CID sertifitseerimiskoolitus koosneb kahest osast. Esimene osa on ettevalmistus kodus, teine osa 3 koolitusp\u00e4eva ja koolituse l\u00f5pus kirjutab osaleja l\u00f5pueksami (110 k\u00fcsimust valikvastustega). Minimaalne tulemus edu saavutamiseks on 73%. Kui osaleja on saanud oma CID-sertifikaadi, kehtib see sertifikaat igavesti. Selle IPC-sertifikaadiga saate t\u00f6\u00f6tada CID-na ( Certified Interconnect Designer ) \u00fcle kogu maailma. Nii nagu juhiluba, on ka see IPC-sertifikaat rahvusvaheliselt tunnustatud. Kui kellelgi on huvi t\u00e4iendkoolituse vastu, siis selleks sobib CID+ koolitus. CID on m\u00e4\u00e4ratud isik, kes arutab ja lahendab klientidega probleeme.<\/p>\n<\/div><div class=\"fusion-text fusion-text-4\"><p>T\u00e4ieliku koolitusprogrammi, lisateabe v\u00f5i muude koolitusega seotud k\u00fcsimuste saamiseks v\u00f5tke meiega kindlasti \u00fchendust. Telefoni +31-(0)45-5703333, e-posti teel <a href=\"mailto:support@piek.international\">support@piek.international<\/a> v\u00f5i k\u00fcsi <a href=\"https:\/\/piek.international\/quote-request\/\">pakkumist<\/a> .<\/p>\n<\/div>\n<div style=\"text-align:right;\"><a class=\"fusion-button button-flat fusion-button-default-size button-default fusion-button-default button-1 fusion-button-default-span fusion-button-default-type\" style=\"--button_text_transform:uppercase;\" target=\"_self\" title=\"Hinnapakkumise taotlus\" aria-label=\"Hinnapakkumise taotlus\" href=\"https:\/\/piek.international\/quote-request\/\"><span class=\"fusion-button-text awb-button__text awb-button__text--default\">Hinnapakkumise taotlus<\/span><\/a><\/div>\n<\/div><\/div><\/div><\/div><\/div><div id=\"cidplus\" class=\"fusion-container-anchor\"><div class=\"fusion-fullwidth fullwidth-box fusion-builder-row-5 fusion-flex-container nonhundred-percent-fullwidth non-hundred-percent-height-scrolling\" style=\"--awb-border-radius-top-left:0px;--awb-border-radius-top-right:0px;--awb-border-radius-bottom-right:0px;--awb-border-radius-bottom-left:0px;--awb-padding-top:50px;--awb-padding-bottom:25px;--awb-margin-top:50px;--awb-background-color:#fcfcfc;--awb-flex-wrap:wrap;\" ><div class=\"fusion-builder-row fusion-row fusion-flex-align-items-flex-start fusion-flex-content-wrap\" style=\"max-width:1144px;margin-left: calc(-4% \/ 2 );margin-right: calc(-4% \/ 2 );\"><div class=\"fusion-layout-column fusion_builder_column fusion-builder-column-4 fusion_builder_column_1_1 1_1 fusion-flex-column\" style=\"--awb-bg-size:cover;--awb-width-large:100%;--awb-margin-top-large:0px;--awb-spacing-right-large:1.92%;--awb-margin-bottom-large:20px;--awb-spacing-left-large:1.92%;--awb-width-medium:100%;--awb-order-medium:0;--awb-spacing-right-medium:1.92%;--awb-spacing-left-medium:1.92%;--awb-width-small:100%;--awb-order-small:0;--awb-spacing-right-small:1.92%;--awb-spacing-left-small:1.92%;\"><div class=\"fusion-column-wrapper fusion-column-has-shadow fusion-flex-justify-content-flex-start fusion-content-layout-column\"><div class=\"fusion-title title fusion-title-3 sep-underline sep-dotted fusion-title-text fusion-title-size-two\" style=\"--awb-margin-top-small:0px;--awb-margin-right-small:0px;--awb-margin-bottom-small:20px;--awb-margin-left-small:0px;\"><h2 class=\"fusion-title-heading title-heading-left\" style=\"margin:0;\">IPC CID+ ( ADVANCED CERTIFIED INTERCONNECT DESIGNER )<\/h2><\/div><div class=\"fusion-text fusion-text-5\"><p>IPC-2220 seeria (&#8220;Generic Standard on Printed Board Design&#8221;) on IPC standardite sari, mille j\u00e4rgi tr\u00fckkplaadid on kujundatud. IPC on Ameerika instituut, mis tagab, et sertifitseeritud IPC koolitajad levitavad kogu maailmas oma STK standardite, IPC koolitusprogrammide ja IPC \u00f5ppematerjalide kaudu k\u00f5iki teadmisi. IPC-2221 on standard, mille j\u00e4rgi disainerid kujundavad tr\u00fckkplaate nii, et tr\u00fckkplaadi tootjapoolsed Gerberi failid (disaini joonised\/andmed) oleksid nende tootmismasinatel \u00f5igesti arusaadavad. Peaaegu k\u00f5ik tr\u00fckkplaatide disainerid \u00fcle maailma t\u00f6\u00f6tavad selle standardi(te) j\u00e4rgi.   <\/p>\n<h3>KAS TAHAD \u00d5PPIDA KUIDAS DISAINEMADA RASKEID TR\u00dcKPLAADE (PCBS)? JAH, SA SAAD! <\/h3>\n<p>Kui vajate lisateadmisi tr\u00fckkplaatide projekteerimisest, tr\u00fckkplaatide materjalidest, pinnaviimistlusest, soojusmassist, elektrilistest vahekaugustest, kaugusest tr\u00fckkplaadi servast, tolerantside, testide, m\u00e4rgistuste, l\u00e4bip\u00e4\u00e4sude \u00fchendamise\/telgimise kohta, kapten joonis (disainjoonis), jootemask, t\u00f6\u00f6kindlus, keskkonnaaspektid jne, siis on see standard teie jaoks \u00f5ige. Seda standardit kasutatakse uue elektroonikatoote projekteerimisel projekteerimisosakonnas ja m\u00f5nikord ka sisenemiskontrollina tr\u00fckkplaadi tootja (firma, mis toodab paljastr\u00fckkplaate) juures. Kui projekteerimisjoonised on valed, ei saa tr\u00fckkplaadi tootja korralikult toota, mis t\u00e4hendab, et monteerija ei saa komponente korralikult jootma ning selle tulemusena rikuvad halvimal juhul elektroonikatooted enneaegselt. Hea disain on kvaliteetse l\u00f5pptoote aluseks. CID+ koolitus on koolitus, mis koolitab \u00f5pilast\/osalejat Advanced Certified Interconnect Designer (CID+). See t\u00e4hendab, et \u00f5pilasel on p\u00e4rast k\u00f5ik teadmised projekteerimisreeglitest (disainijuhistest).      See koolitus sobib edasij\u00f5udnutele (disainispetsialistidele), kes t\u00f6\u00f6tavad disainiosakonnas. CID+ sertifitseerimiskoolitus koosneb kahest osast. Esimene osa on ettevalmistus kodus, teine osa 3 koolitusp\u00e4eva ja koolituse l\u00f5pus kirjutab osaleja l\u00f5pueksami (120 k\u00fcsimust valikvastustega). Kui osaleja on saanud oma CID+ sertifikaadi, kehtib see sertifikaat igavesti. Selle IPC-sertifikaadiga saate t\u00f6\u00f6tada k\u00f5ikjal maailmas CID+-na ( Advanced Certified Interconnect Designer ). Nii nagu juhiluba, on ka see IPC-sertifikaat rahvusvaheliselt tunnustatud. CID+ on m\u00e4\u00e4ratud isik, kes arutab ja lahendab klientidega probleeme.<\/p>\n<\/div><div class=\"fusion-text fusion-text-6\"><p>T\u00e4ieliku koolitusprogrammi, lisateabe v\u00f5i muude koolitusega seotud k\u00fcsimuste saamiseks v\u00f5tke meiega kindlasti \u00fchendust. Telefoni +31-(0)45-5703333, e-posti teel <a href=\"mailto:support@piek.international\">support@piek.international<\/a> v\u00f5i k\u00fcsi <a href=\"https:\/\/piek.international\/quote-request\/\">pakkumist<\/a> .<\/p>\n<\/div>\n<div style=\"text-align:right;\"><a class=\"fusion-button button-flat fusion-button-default-size button-default fusion-button-default button-2 fusion-button-default-span fusion-button-default-type\" style=\"--button_text_transform:uppercase;\" target=\"_self\" title=\"Hinnapakkumise taotlus\" aria-label=\"Hinnapakkumise taotlus\" href=\"https:\/\/piek.international\/quote-request\/\"><span class=\"fusion-button-text awb-button__text awb-button__text--default\">Hinnapakkumise taotlus<\/span><\/a><\/div>\n<\/div><\/div><\/div><\/div><\/div><\/p>\n","protected":false},"excerpt":{"rendered":"","protected":false},"author":1,"featured_media":0,"parent":0,"menu_order":0,"comment_status":"closed","ping_status":"closed","template":"100-width.php","meta":{"footnotes":""},"class_list":["post-1528","page","type-page","status-publish","hentry"],"yoast_head":"<!-- This site is optimized with the Yoast SEO plugin v27.3 - https:\/\/yoast.com\/product\/yoast-seo-wordpress\/ -->\n<title>IPC Designer sertifikaat - IPC Accredited Training Partner - PIEK<\/title>\n<meta name=\"description\" content=\"CID koolitus on PCB disaini koolitus, mis koolitab \u00f5pilast IPC Certified Interconnect Designer (CID).\" \/>\n<meta name=\"robots\" content=\"index, follow, max-snippet:-1, max-image-preview:large, max-video-preview:-1\" \/>\n<link rel=\"canonical\" href=\"https:\/\/piek.international\/et\/ipc-designer-sertifikaat\/\" \/>\n<meta property=\"og:locale\" content=\"et_EE\" \/>\n<meta property=\"og:type\" content=\"article\" \/>\n<meta property=\"og:title\" content=\"IPC Designer sertifikaat - IPC Accredited Training Partner - PIEK\" \/>\n<meta property=\"og:description\" content=\"CID koolitus on PCB disaini koolitus, mis koolitab \u00f5pilast IPC Certified Interconnect Designer (CID).\" \/>\n<meta property=\"og:url\" content=\"https:\/\/piek.international\/et\/ipc-designer-sertifikaat\/\" \/>\n<meta property=\"og:site_name\" content=\"IPC Accredited Training Partner - PIEK\" \/>\n<meta name=\"twitter:card\" content=\"summary_large_image\" \/>\n<meta name=\"twitter:label1\" content=\"Est. reading time\" \/>\n\t<meta name=\"twitter:data1\" content=\"22 minutit\" \/>\n<script type=\"application\/ld+json\" class=\"yoast-schema-graph\">{\"@context\":\"https:\\\/\\\/schema.org\",\"@graph\":[{\"@type\":\"WebPage\",\"@id\":\"https:\\\/\\\/piek.international\\\/et\\\/ipc-designer-sertifikaat\\\/\",\"url\":\"https:\\\/\\\/piek.international\\\/et\\\/ipc-designer-sertifikaat\\\/\",\"name\":\"IPC Designer sertifikaat - IPC Accredited Training Partner - PIEK\",\"isPartOf\":{\"@id\":\"https:\\\/\\\/piek.international\\\/et\\\/#website\"},\"datePublished\":\"2021-11-08T14:04:26+00:00\",\"description\":\"CID koolitus on PCB disaini koolitus, mis koolitab \u00f5pilast IPC Certified Interconnect Designer (CID).\",\"breadcrumb\":{\"@id\":\"https:\\\/\\\/piek.international\\\/et\\\/ipc-designer-sertifikaat\\\/#breadcrumb\"},\"inLanguage\":\"et\",\"potentialAction\":[{\"@type\":\"ReadAction\",\"target\":[\"https:\\\/\\\/piek.international\\\/et\\\/ipc-designer-sertifikaat\\\/\"]}]},{\"@type\":\"BreadcrumbList\",\"@id\":\"https:\\\/\\\/piek.international\\\/et\\\/ipc-designer-sertifikaat\\\/#breadcrumb\",\"itemListElement\":[{\"@type\":\"ListItem\",\"position\":1,\"name\":\"Home\",\"item\":\"https:\\\/\\\/piek.international\\\/et\\\/\"},{\"@type\":\"ListItem\",\"position\":2,\"name\":\"IPC Designer sertifikaat\"}]},{\"@type\":\"WebSite\",\"@id\":\"https:\\\/\\\/piek.international\\\/et\\\/#website\",\"url\":\"https:\\\/\\\/piek.international\\\/et\\\/\",\"name\":\"IPC Accredited Training Partner - PIEK\",\"description\":\"\",\"potentialAction\":[{\"@type\":\"SearchAction\",\"target\":{\"@type\":\"EntryPoint\",\"urlTemplate\":\"https:\\\/\\\/piek.international\\\/et\\\/?s={search_term_string}\"},\"query-input\":{\"@type\":\"PropertyValueSpecification\",\"valueRequired\":true,\"valueName\":\"search_term_string\"}}],\"inLanguage\":\"et\"}]}<\/script>\n<!-- \/ Yoast SEO plugin. -->","yoast_head_json":{"title":"IPC Designer sertifikaat - IPC Accredited Training Partner - PIEK","description":"CID koolitus on PCB disaini koolitus, mis koolitab \u00f5pilast IPC Certified Interconnect Designer (CID).","robots":{"index":"index","follow":"follow","max-snippet":"max-snippet:-1","max-image-preview":"max-image-preview:large","max-video-preview":"max-video-preview:-1"},"canonical":"https:\/\/piek.international\/et\/ipc-designer-sertifikaat\/","og_locale":"et_EE","og_type":"article","og_title":"IPC Designer sertifikaat - IPC Accredited Training Partner - PIEK","og_description":"CID koolitus on PCB disaini koolitus, mis koolitab \u00f5pilast IPC Certified Interconnect Designer (CID).","og_url":"https:\/\/piek.international\/et\/ipc-designer-sertifikaat\/","og_site_name":"IPC Accredited Training Partner - PIEK","twitter_card":"summary_large_image","twitter_misc":{"Est. reading time":"22 minutit"},"schema":{"@context":"https:\/\/schema.org","@graph":[{"@type":"WebPage","@id":"https:\/\/piek.international\/et\/ipc-designer-sertifikaat\/","url":"https:\/\/piek.international\/et\/ipc-designer-sertifikaat\/","name":"IPC Designer sertifikaat - IPC Accredited Training Partner - PIEK","isPartOf":{"@id":"https:\/\/piek.international\/et\/#website"},"datePublished":"2021-11-08T14:04:26+00:00","description":"CID koolitus on PCB disaini koolitus, mis koolitab \u00f5pilast IPC Certified Interconnect Designer (CID).","breadcrumb":{"@id":"https:\/\/piek.international\/et\/ipc-designer-sertifikaat\/#breadcrumb"},"inLanguage":"et","potentialAction":[{"@type":"ReadAction","target":["https:\/\/piek.international\/et\/ipc-designer-sertifikaat\/"]}]},{"@type":"BreadcrumbList","@id":"https:\/\/piek.international\/et\/ipc-designer-sertifikaat\/#breadcrumb","itemListElement":[{"@type":"ListItem","position":1,"name":"Home","item":"https:\/\/piek.international\/et\/"},{"@type":"ListItem","position":2,"name":"IPC Designer sertifikaat"}]},{"@type":"WebSite","@id":"https:\/\/piek.international\/et\/#website","url":"https:\/\/piek.international\/et\/","name":"IPC Accredited Training Partner - PIEK","description":"","potentialAction":[{"@type":"SearchAction","target":{"@type":"EntryPoint","urlTemplate":"https:\/\/piek.international\/et\/?s={search_term_string}"},"query-input":{"@type":"PropertyValueSpecification","valueRequired":true,"valueName":"search_term_string"}}],"inLanguage":"et"}]}},"_links":{"self":[{"href":"https:\/\/piek.international\/et\/wp-json\/wp\/v2\/pages\/1528","targetHints":{"allow":["GET"]}}],"collection":[{"href":"https:\/\/piek.international\/et\/wp-json\/wp\/v2\/pages"}],"about":[{"href":"https:\/\/piek.international\/et\/wp-json\/wp\/v2\/types\/page"}],"author":[{"embeddable":true,"href":"https:\/\/piek.international\/et\/wp-json\/wp\/v2\/users\/1"}],"replies":[{"embeddable":true,"href":"https:\/\/piek.international\/et\/wp-json\/wp\/v2\/comments?post=1528"}],"version-history":[{"count":2,"href":"https:\/\/piek.international\/et\/wp-json\/wp\/v2\/pages\/1528\/revisions"}],"predecessor-version":[{"id":1530,"href":"https:\/\/piek.international\/et\/wp-json\/wp\/v2\/pages\/1528\/revisions\/1530"}],"wp:attachment":[{"href":"https:\/\/piek.international\/et\/wp-json\/wp\/v2\/media?parent=1528"}],"curies":[{"name":"wp","href":"https:\/\/api.w.org\/{rel}","templated":true}]}}