{"id":1360,"date":"2021-11-05T15:00:34","date_gmt":"2021-11-05T15:00:34","guid":{"rendered":"https:\/\/piek.international\/ipc-suunnittelijan-sertifikaatti\/"},"modified":"2021-11-08T14:09:45","modified_gmt":"2021-11-08T14:09:45","slug":"ipc-suunnittelijan-sertifikaatti","status":"publish","type":"page","link":"https:\/\/piek.international\/fi\/ipc-suunnittelijan-sertifikaatti\/","title":{"rendered":"IPC-suunnittelijan sertifikaatti"},"content":{"rendered":"<p><div class=\"fusion-fullwidth fullwidth-box fusion-builder-row-1 fusion-flex-container nonhundred-percent-fullwidth non-hundred-percent-height-scrolling\" style=\"--awb-border-radius-top-left:0px;--awb-border-radius-top-right:0px;--awb-border-radius-bottom-right:0px;--awb-border-radius-bottom-left:0px;--awb-flex-wrap:wrap;\" ><div class=\"fusion-builder-row fusion-row fusion-flex-align-items-flex-start fusion-flex-content-wrap\" style=\"max-width:1144px;margin-left: calc(-4% \/ 2 );margin-right: calc(-4% \/ 2 );\"><div class=\"fusion-layout-column fusion_builder_column fusion-builder-column-0 fusion_builder_column_1_1 1_1 fusion-flex-column\" style=\"--awb-bg-size:cover;--awb-width-large:100%;--awb-margin-top-large:0px;--awb-spacing-right-large:1.92%;--awb-margin-bottom-large:20px;--awb-spacing-left-large:1.92%;--awb-width-medium:100%;--awb-order-medium:0;--awb-spacing-right-medium:1.92%;--awb-spacing-left-medium:1.92%;--awb-width-small:100%;--awb-order-small:0;--awb-spacing-right-small:1.92%;--awb-spacing-left-small:1.92%;\"><div class=\"fusion-column-wrapper fusion-column-has-shadow fusion-flex-justify-content-flex-start fusion-content-layout-column\"><div class=\"fusion-title title fusion-title-1 sep-underline sep-dotted fusion-title-text fusion-title-size-one\" style=\"--awb-margin-top-small:0px;--awb-margin-right-small:0px;--awb-margin-bottom-small:20px;--awb-margin-left-small:0px;\"><h1 class=\"fusion-title-heading title-heading-left\" style=\"margin:0;\">IPC-suunnittelijan sertifikaatti<\/h1><\/div><\/div><\/div><\/div><\/div><div class=\"fusion-bg-parallax\" data-bg-align=\"right top\" data-direction=\"down\" data-mute=\"false\" data-opacity=\"100\" data-velocity=\"-0.3\" data-mobile-enabled=\"false\" data-break_parents=\"0\" data-bg-image=\"https:\/\/piek.international\/wp-content\/uploads\/pcb-background-v4.jpeg\" data-bg-repeat=\"false\" data-bg-color=\"#fcfcfc\" ><\/div><div class=\"fusion-fullwidth fullwidth-box fusion-builder-row-2 fusion-flex-container fusion-parallax-down nonhundred-percent-fullwidth non-hundred-percent-height-scrolling fusion-no-small-visibility fusion-no-medium-visibility\" style=\"--awb-background-position:right top;--awb-border-radius-top-left:0px;--awb-border-radius-top-right:0px;--awb-border-radius-bottom-right:0px;--awb-border-radius-bottom-left:0px;--awb-padding-top:50px;--awb-padding-bottom:25px;--awb-background-color:#fcfcfc;--awb-background-image:url(&quot;https:\/\/piek.international\/wp-content\/uploads\/pcb-background-v4.jpeg&quot;);--awb-background-size:cover;--awb-flex-wrap:wrap;--awb-box-shadow: 0px 0px ;\" ><div class=\"fusion-builder-row fusion-row fusion-flex-align-items-flex-start fusion-flex-content-wrap\" style=\"max-width:1144px;margin-left: calc(-4% \/ 2 );margin-right: calc(-4% \/ 2 );\"><div class=\"fusion-layout-column fusion_builder_column fusion-builder-column-1 fusion_builder_column_1_1 1_1 fusion-flex-column\" style=\"--awb-bg-size:cover;--awb-width-large:100%;--awb-margin-top-large:0px;--awb-spacing-right-large:1.92%;--awb-margin-bottom-large:20px;--awb-spacing-left-large:1.92%;--awb-width-medium:100%;--awb-order-medium:0;--awb-spacing-right-medium:1.92%;--awb-spacing-left-medium:1.92%;--awb-width-small:100%;--awb-order-small:0;--awb-spacing-right-small:1.92%;--awb-spacing-left-small:1.92%;\"><div class=\"fusion-column-wrapper fusion-column-has-shadow fusion-flex-justify-content-flex-start fusion-content-layout-column\"><div class=\"fusion-text fusion-text-1\"><h4><a href=\"#cid\"><i class=\"fb-icon-element-1 fb-icon-element fontawesome-icon fa-check fas circle-no fusion-text-flow\" style=\"--awb-iconcolor:#2cb34a;--awb-iconcolor-hover:#2cb34a;--awb-font-size:24px;--awb-margin-right:12px;\"><\/i>IPC CID (CERTIFIED INTERCONNECT DESIGNER-BASIC)<\/a><\/h4>\n<h4><a href=\"#cidplus\"><i class=\"fb-icon-element-2 fb-icon-element fontawesome-icon fa-check fas circle-no fusion-text-flow\" style=\"--awb-iconcolor:#2cb34a;--awb-iconcolor-hover:#2cb34a;--awb-font-size:24px;--awb-margin-right:12px;\"><\/i>IPC CID+ (ADVANCED CERTIFIED INTERCONNECT DESIGNER)<\/a><\/h4>\n<\/div><\/div><\/div><\/div><\/div><div class=\"fusion-fullwidth fullwidth-box fusion-builder-row-3 fusion-flex-container nonhundred-percent-fullwidth non-hundred-percent-height-scrolling fusion-no-large-visibility\" style=\"--awb-border-radius-top-left:0px;--awb-border-radius-top-right:0px;--awb-border-radius-bottom-right:0px;--awb-border-radius-bottom-left:0px;--awb-padding-top:50px;--awb-padding-bottom:25px;--awb-background-color:#fcfcfc;--awb-flex-wrap:wrap;--awb-box-shadow: 0px 0px ;\" ><div class=\"fusion-builder-row fusion-row fusion-flex-align-items-flex-start fusion-flex-content-wrap\" style=\"max-width:1144px;margin-left: calc(-4% \/ 2 );margin-right: calc(-4% \/ 2 );\"><div class=\"fusion-layout-column fusion_builder_column fusion-builder-column-2 fusion_builder_column_1_1 1_1 fusion-flex-column\" style=\"--awb-bg-size:cover;--awb-width-large:100%;--awb-margin-top-large:0px;--awb-spacing-right-large:1.92%;--awb-margin-bottom-large:20px;--awb-spacing-left-large:1.92%;--awb-width-medium:100%;--awb-order-medium:0;--awb-spacing-right-medium:1.92%;--awb-spacing-left-medium:1.92%;--awb-width-small:100%;--awb-order-small:0;--awb-spacing-right-small:1.92%;--awb-spacing-left-small:1.92%;\"><div class=\"fusion-column-wrapper fusion-column-has-shadow fusion-flex-justify-content-flex-start fusion-content-layout-column\"><div class=\"fusion-text fusion-text-2\"><h4><a href=\"#cid\"><i class=\"fb-icon-element-3 fb-icon-element fontawesome-icon fa-check fas circle-no fusion-text-flow\" style=\"--awb-iconcolor:#2cb34a;--awb-iconcolor-hover:#2cb34a;--awb-font-size:24px;--awb-margin-right:12px;\"><\/i>IPC CID (CERTIFIED INTERCONNECT DESIGNER-BASIC)<\/a><\/h4>\n<h4><a href=\"#cidplus\"><i class=\"fb-icon-element-4 fb-icon-element fontawesome-icon fa-check fas circle-no fusion-text-flow\" style=\"--awb-iconcolor:#2cb34a;--awb-iconcolor-hover:#2cb34a;--awb-font-size:24px;--awb-margin-right:12px;\"><\/i>IPC CID+ (ADVANCED CERTIFIED INTERCONNECT DESIGNER)<\/a><\/h4>\n<\/div><\/div><\/div><\/div><\/div><div id=\"cid\" class=\"fusion-container-anchor\"><div class=\"fusion-fullwidth fullwidth-box fusion-builder-row-4 fusion-flex-container nonhundred-percent-fullwidth non-hundred-percent-height-scrolling\" style=\"--awb-border-radius-top-left:0px;--awb-border-radius-top-right:0px;--awb-border-radius-bottom-right:0px;--awb-border-radius-bottom-left:0px;--awb-padding-top:50px;--awb-padding-bottom:25px;--awb-flex-wrap:wrap;\" ><div class=\"fusion-builder-row fusion-row fusion-flex-align-items-flex-start fusion-flex-content-wrap\" style=\"max-width:1144px;margin-left: calc(-4% \/ 2 );margin-right: calc(-4% \/ 2 );\"><div class=\"fusion-layout-column fusion_builder_column fusion-builder-column-3 fusion_builder_column_1_1 1_1 fusion-flex-column\" style=\"--awb-bg-size:cover;--awb-width-large:100%;--awb-margin-top-large:0px;--awb-spacing-right-large:1.92%;--awb-margin-bottom-large:20px;--awb-spacing-left-large:1.92%;--awb-width-medium:100%;--awb-order-medium:0;--awb-spacing-right-medium:1.92%;--awb-spacing-left-medium:1.92%;--awb-width-small:100%;--awb-order-small:0;--awb-spacing-right-small:1.92%;--awb-spacing-left-small:1.92%;\"><div class=\"fusion-column-wrapper fusion-column-has-shadow fusion-flex-justify-content-flex-start fusion-content-layout-column\"><div class=\"fusion-title title fusion-title-2 sep-underline sep-dotted fusion-title-text fusion-title-size-two\" style=\"--awb-margin-top-small:0px;--awb-margin-right-small:0px;--awb-margin-bottom-small:20px;--awb-margin-left-small:0px;\"><h2 class=\"fusion-title-heading title-heading-left\" style=\"margin:0;\">IPC CID (CERTIFIED INTERCONNECT DESIGNER-BASIC)<\/h2><\/div><div class=\"fusion-text fusion-text-3\"><p>IPC-2220-sarja (&#8221;Generic Standard on Printed Board Design&#8221;) on sarja IPC-standardeja, joiden mukaan painetut piirilevyt suunnitellaan. IPC on amerikkalainen instituutti, joka varmistaa, ett\u00e4 sertifioidut IPC-kouluttajat jakavat kaiken tiedon maailmanlaajuisesti IPC-standardien, IPC-koulutusohjelmien ja IPC-opetusmateriaalien kautta. IPC-2221 on standardi, jolla suunnittelijat suunnittelevat painettuja piirilevyj\u00e4 niin, ett\u00e4 piirilevyn valmistajan puolella olevat Gerber-tiedostot (suunnittelupiirustukset\/tiedot) ymm\u00e4rret\u00e4\u00e4n oikein heid\u00e4n tuotantokoneissaan. L\u00e4hes kaikki piirilevysuunnittelijat ymp\u00e4ri maailmaa ty\u00f6skentelev\u00e4t t\u00e4m\u00e4n standardin (standardien) mukaisesti.    Jos tarvitset lis\u00e4tietoa painettujen piirilevyjen suunnittelusta, painetun piirilevyn materiaaleista, pintak\u00e4sittelyist\u00e4, l\u00e4mp\u00f6massasta, s\u00e4hk\u00f6v\u00e4lyksist\u00e4, et\u00e4isyydest\u00e4 piirilevyn reunaan, toleransseista, testeist\u00e4, merkinn\u00f6ist\u00e4, l\u00e4pivientien kytkemisest\u00e4\/telttauksesta, master piirustus (suunnittelupiirustus), juotosmaski, luotettavuus, ymp\u00e4rist\u00f6n\u00e4k\u00f6kohdat jne. niin t\u00e4m\u00e4 standardi on oikea sinulle.<\/p>\n<h3>HALUAISITKO OPPIA SUUNNITTAMAAN PIIRILEVYN (PCB)? KYLL\u00c4 SIN\u00c4 VOIT! <\/h3>\n<p>T\u00e4t\u00e4 standardia k\u00e4ytet\u00e4\u00e4n uuden elektroniikkatuotteen suunnittelussa suunnitteluosastolla ja joskus my\u00f6s tulotarkastuksena piirilevyjen valmistajalla (paljaita piirilevyj\u00e4 valmistava yritys). Jos suunnittelupiirustukset ovat virheellisi\u00e4, piirilevyn valmistaja ei pysty valmistamaan kunnolla, jolloin kokoonpanija ei pysty juottamaan komponentteja kunnolla ja t\u00e4m\u00e4n seurauksena pahimmassa tapauksessa elektroniikkatuotteet hajoavat ennenaikaisesti. Hyv\u00e4 muotoilu on laadukkaan lopputuotteen perusta. CID-koulutus on koulutus, jossa opiskelija\/osallistuja koulutetaan Certified Interconnect Designeriksi (CID). T\u00e4m\u00e4 tarkoittaa, ett\u00e4 opiskelijalla on paljon tietoa suunnittelus\u00e4\u00e4nn\u00f6ist\u00e4 (suunnitteluohjeista) j\u00e4lkik\u00e4teen.    <\/p>\n<p>T\u00e4m\u00e4 koulutus sopii suunnitteluosastolla ty\u00f6skenteleville. CID-sertifiointikoulutus koostuu kahdesta osasta. Ensimm\u00e4inen osa on valmistautumista kotona, toinen osa on 3 koulutusp\u00e4iv\u00e4\u00e4 ja koulutuksen lopussa osallistuja kirjoittaa loppukokeen (110 monivalintakysymyst\u00e4). Minimipistem\u00e4\u00e4r\u00e4 onnistumiseen on 73 %. Kun osallistuja on hankkinut CID-varmenteensa, se on voimassa ikuisesti. T\u00e4ll\u00e4 IPC-sertifikaatilla voit ty\u00f6skennell\u00e4 CID:n\u00e4 (Certified Interconnect Designer) kaikkialla maailmassa. Kuten ajokortti, t\u00e4m\u00e4 IPC-sertifikaatti on kansainv\u00e4lisesti tunnustettu. Jos joku on kiinnostunut lis\u00e4koulutuksesta, CID+ koulutus sopii t\u00e4h\u00e4n. CID on nimetty henkil\u00f6, joka keskustelee ja ratkaisee ongelmia asiakkaiden kanssa.<\/p>\n<\/div><div class=\"fusion-text fusion-text-4\"><p>\u00c4l\u00e4 ep\u00e4r\u00f6i ottaa meihin yhteytt\u00e4 saadaksesi t\u00e4ydellisen koulutusohjelman, lis\u00e4tietoja tai muita koulutukseen liittyvi\u00e4 kysymyksi\u00e4. Puhelimella +31-(0)45-5703333, s\u00e4hk\u00f6postilla <a href=\"mailto:support@piek.international\">support@piek.international<\/a> tai <a href=\"https:\/\/piek.international\/quote-request\/\">pyyd\u00e4 tarjous<\/a> .<\/p>\n<\/div>\n<div style=\"text-align:right;\"><a class=\"fusion-button button-flat fusion-button-default-size button-default fusion-button-default button-1 fusion-button-default-span fusion-button-default-type\" style=\"--button_text_transform:uppercase;\" target=\"_self\" title=\"Tarjouspyynt\u00f6\" aria-label=\"Tarjouspyynt\u00f6\" href=\"https:\/\/piek.international\/quote-request\/\"><span class=\"fusion-button-text awb-button__text awb-button__text--default\">Tarjouspyynt\u00f6<\/span><\/a><\/div>\n<\/div><\/div><\/div><\/div><\/div><div id=\"cidplus\" class=\"fusion-container-anchor\"><div class=\"fusion-fullwidth fullwidth-box fusion-builder-row-5 fusion-flex-container nonhundred-percent-fullwidth non-hundred-percent-height-scrolling\" style=\"--awb-border-radius-top-left:0px;--awb-border-radius-top-right:0px;--awb-border-radius-bottom-right:0px;--awb-border-radius-bottom-left:0px;--awb-padding-top:50px;--awb-padding-bottom:25px;--awb-margin-top:50px;--awb-background-color:#fcfcfc;--awb-flex-wrap:wrap;\" ><div class=\"fusion-builder-row fusion-row fusion-flex-align-items-flex-start fusion-flex-content-wrap\" style=\"max-width:1144px;margin-left: calc(-4% \/ 2 );margin-right: calc(-4% \/ 2 );\"><div class=\"fusion-layout-column fusion_builder_column fusion-builder-column-4 fusion_builder_column_1_1 1_1 fusion-flex-column\" style=\"--awb-bg-size:cover;--awb-width-large:100%;--awb-margin-top-large:0px;--awb-spacing-right-large:1.92%;--awb-margin-bottom-large:20px;--awb-spacing-left-large:1.92%;--awb-width-medium:100%;--awb-order-medium:0;--awb-spacing-right-medium:1.92%;--awb-spacing-left-medium:1.92%;--awb-width-small:100%;--awb-order-small:0;--awb-spacing-right-small:1.92%;--awb-spacing-left-small:1.92%;\"><div class=\"fusion-column-wrapper fusion-column-has-shadow fusion-flex-justify-content-flex-start fusion-content-layout-column\"><div class=\"fusion-title title fusion-title-3 sep-underline sep-dotted fusion-title-text fusion-title-size-two\" style=\"--awb-margin-top-small:0px;--awb-margin-right-small:0px;--awb-margin-bottom-small:20px;--awb-margin-left-small:0px;\"><h2 class=\"fusion-title-heading title-heading-left\" style=\"margin:0;\">IPC CID+ (ADVANCED CERTIFIED INTERCONNECT DESIGNER)<\/h2><\/div><div class=\"fusion-text fusion-text-5\"><p>IPC-2220-sarja (&#8221;Generic Standard on Printed Board Design&#8221;) on sarja IPC-standardeja, joiden mukaan painetut piirilevyt suunnitellaan. IPC on amerikkalainen instituutti, joka varmistaa, ett\u00e4 sertifioidut IPC-kouluttajat jakavat kaiken tiedon maailmanlaajuisesti IPC-standardien, IPC-koulutusohjelmien ja IPC-opetusmateriaalien kautta. IPC-2221 on standardi, jolla suunnittelijat suunnittelevat painettuja piirilevyj\u00e4 niin, ett\u00e4 piirilevyn valmistajan puolella olevat Gerber-tiedostot (suunnittelupiirustukset\/tiedot) ymm\u00e4rret\u00e4\u00e4n oikein heid\u00e4n tuotantokoneissaan. L\u00e4hes kaikki piirilevysuunnittelijat ymp\u00e4ri maailmaa ty\u00f6skentelev\u00e4t t\u00e4m\u00e4n standardin (standardien) mukaisesti.   <\/p>\n<h3>HALUAISITKO OPPIA SUUNNITTAMAAN VAIKKEITA PIIRILUVIA (PCBS)? KYLL\u00c4 SIN\u00c4 VOIT! <\/h3>\n<p>Jos tarvitset lis\u00e4tietoa painettujen piirilevyjen suunnittelusta, painetun piirilevyn materiaaleista, pintak\u00e4sittelyist\u00e4, l\u00e4mp\u00f6massasta, s\u00e4hk\u00f6v\u00e4lyksist\u00e4, et\u00e4isyydest\u00e4 piirilevyn reunaan, toleransseista, testeist\u00e4, merkinn\u00f6ist\u00e4, l\u00e4pivientien kytkemisest\u00e4\/telttauksesta, master piirustus (suunnittelupiirustus), juotosmaski, luotettavuus, ymp\u00e4rist\u00f6n\u00e4k\u00f6kohdat jne. niin t\u00e4m\u00e4 standardi on oikea sinulle. T\u00e4t\u00e4 standardia k\u00e4ytet\u00e4\u00e4n uuden elektroniikkatuotteen suunnittelussa suunnitteluosastolla ja joskus my\u00f6s tulotarkastuksena piirilevyjen valmistajalla (paljaita piirilevyj\u00e4 valmistava yritys). Jos suunnittelupiirustukset ovat virheellisi\u00e4, piirilevyn valmistaja ei pysty valmistamaan kunnolla, jolloin kokoonpanija ei pysty juottamaan komponentteja kunnolla ja t\u00e4m\u00e4n seurauksena pahimmassa tapauksessa elektroniikkatuotteet hajoavat ennenaikaisesti. Hyv\u00e4 muotoilu on laadukkaan lopputuotteen perusta. CID+ -koulutus on koulutus, jossa opiskelija\/osallistuja koulutetaan Advanced Certified Interconnect Designeriksi (CID+). T\u00e4m\u00e4 tarkoittaa, ett\u00e4 opiskelijalla on kaikki tiedot suunnittelus\u00e4\u00e4nn\u00f6ist\u00e4 (suunnitteluohjeet) j\u00e4lkeenp\u00e4in.      T\u00e4m\u00e4 koulutus sopii edistyneille (suunnittelun asiantuntijoille), jotka ty\u00f6skentelev\u00e4t suunnitteluosastolla. CID+ -sertifiointikoulutus koostuu kahdesta osasta. Ensimm\u00e4inen osa on valmistautumista kotona, toinen osa on 3 koulutusp\u00e4iv\u00e4\u00e4 ja koulutuksen lopussa osallistuja kirjoittaa loppukokeen (120 monivalintakysymyst\u00e4). Kun osallistuja on hankkinut CID+ -sertifikaattinsa, se on voimassa ikuisesti. T\u00e4ll\u00e4 IPC-sertifikaatilla voit ty\u00f6skennell\u00e4 kaikkialla maailmassa CID+:na (Advanced Certified Interconnect Designer). Kuten ajokortti, t\u00e4m\u00e4 IPC-sertifikaatti on kansainv\u00e4lisesti tunnustettu. CID+ on nimetty henkil\u00f6, joka keskustelee ja ratkaisee ongelmia asiakkaiden kanssa.<\/p>\n<\/div><div class=\"fusion-text fusion-text-6\"><p>\u00c4l\u00e4 ep\u00e4r\u00f6i ottaa meihin yhteytt\u00e4 saadaksesi t\u00e4ydellisen koulutusohjelman, lis\u00e4tietoja tai muita koulutukseen liittyvi\u00e4 kysymyksi\u00e4. Puhelimella +31-(0)45-5703333, s\u00e4hk\u00f6postilla <a href=\"mailto:support@piek.international\">support@piek.international<\/a> tai <a href=\"https:\/\/piek.international\/quote-request\/\">pyyd\u00e4 tarjous<\/a> .<\/p>\n<\/div>\n<div style=\"text-align:right;\"><a class=\"fusion-button button-flat fusion-button-default-size button-default fusion-button-default button-2 fusion-button-default-span fusion-button-default-type\" style=\"--button_text_transform:uppercase;\" target=\"_self\" title=\"Tarjouspyynt\u00f6\" aria-label=\"Tarjouspyynt\u00f6\" href=\"https:\/\/piek.international\/quote-request\/\"><span class=\"fusion-button-text awb-button__text awb-button__text--default\">Tarjouspyynt\u00f6<\/span><\/a><\/div>\n<\/div><\/div><\/div><\/div><\/div><\/p>\n","protected":false},"excerpt":{"rendered":"","protected":false},"author":1,"featured_media":0,"parent":0,"menu_order":0,"comment_status":"closed","ping_status":"closed","template":"100-width.php","meta":{"footnotes":""},"class_list":["post-1360","page","type-page","status-publish","hentry"],"yoast_head":"<!-- This site is optimized with the Yoast SEO plugin v27.3 - https:\/\/yoast.com\/product\/yoast-seo-wordpress\/ -->\n<title>IPC-suunnittelijan sertifikaatti - IPC Accredited Training Partner - PIEK<\/title>\n<meta name=\"description\" content=\"CID-koulutus on PCB-suunnittelukoulutus, joka kouluttaa opiskelijan IPC Certified Interconnect Designer (CID) -suunnittelijaksi.\" \/>\n<meta name=\"robots\" content=\"index, follow, max-snippet:-1, max-image-preview:large, max-video-preview:-1\" \/>\n<link rel=\"canonical\" href=\"https:\/\/piek.international\/fi\/ipc-suunnittelijan-sertifikaatti\/\" \/>\n<meta property=\"og:locale\" content=\"fi_FI\" \/>\n<meta property=\"og:type\" content=\"article\" \/>\n<meta property=\"og:title\" content=\"IPC-suunnittelijan sertifikaatti - IPC Accredited Training Partner - PIEK\" \/>\n<meta property=\"og:description\" content=\"CID-koulutus on PCB-suunnittelukoulutus, joka kouluttaa opiskelijan IPC Certified Interconnect Designer (CID) -suunnittelijaksi.\" \/>\n<meta property=\"og:url\" content=\"https:\/\/piek.international\/fi\/ipc-suunnittelijan-sertifikaatti\/\" \/>\n<meta property=\"og:site_name\" content=\"IPC Accredited Training Partner - PIEK\" \/>\n<meta property=\"article:modified_time\" content=\"2021-11-08T14:09:45+00:00\" \/>\n<meta name=\"twitter:card\" content=\"summary_large_image\" \/>\n<meta name=\"twitter:label1\" content=\"Arvioitu lukuaika\" \/>\n\t<meta name=\"twitter:data1\" content=\"22 minuuttia\" \/>\n<script type=\"application\/ld+json\" class=\"yoast-schema-graph\">{\"@context\":\"https:\\\/\\\/schema.org\",\"@graph\":[{\"@type\":\"WebPage\",\"@id\":\"https:\\\/\\\/piek.international\\\/fi\\\/ipc-suunnittelijan-sertifikaatti\\\/\",\"url\":\"https:\\\/\\\/piek.international\\\/fi\\\/ipc-suunnittelijan-sertifikaatti\\\/\",\"name\":\"IPC-suunnittelijan sertifikaatti - IPC Accredited Training Partner - PIEK\",\"isPartOf\":{\"@id\":\"https:\\\/\\\/piek.international\\\/fi\\\/#website\"},\"datePublished\":\"2021-11-05T15:00:34+00:00\",\"dateModified\":\"2021-11-08T14:09:45+00:00\",\"description\":\"CID-koulutus on PCB-suunnittelukoulutus, joka kouluttaa opiskelijan IPC Certified Interconnect Designer (CID) -suunnittelijaksi.\",\"breadcrumb\":{\"@id\":\"https:\\\/\\\/piek.international\\\/fi\\\/ipc-suunnittelijan-sertifikaatti\\\/#breadcrumb\"},\"inLanguage\":\"fi\",\"potentialAction\":[{\"@type\":\"ReadAction\",\"target\":[\"https:\\\/\\\/piek.international\\\/fi\\\/ipc-suunnittelijan-sertifikaatti\\\/\"]}]},{\"@type\":\"BreadcrumbList\",\"@id\":\"https:\\\/\\\/piek.international\\\/fi\\\/ipc-suunnittelijan-sertifikaatti\\\/#breadcrumb\",\"itemListElement\":[{\"@type\":\"ListItem\",\"position\":1,\"name\":\"Home\",\"item\":\"https:\\\/\\\/piek.international\\\/fi\\\/\"},{\"@type\":\"ListItem\",\"position\":2,\"name\":\"IPC-suunnittelijan sertifikaatti\"}]},{\"@type\":\"WebSite\",\"@id\":\"https:\\\/\\\/piek.international\\\/fi\\\/#website\",\"url\":\"https:\\\/\\\/piek.international\\\/fi\\\/\",\"name\":\"IPC Accredited Training Partner - PIEK\",\"description\":\"\",\"potentialAction\":[{\"@type\":\"SearchAction\",\"target\":{\"@type\":\"EntryPoint\",\"urlTemplate\":\"https:\\\/\\\/piek.international\\\/fi\\\/?s={search_term_string}\"},\"query-input\":{\"@type\":\"PropertyValueSpecification\",\"valueRequired\":true,\"valueName\":\"search_term_string\"}}],\"inLanguage\":\"fi\"}]}<\/script>\n<!-- \/ Yoast SEO plugin. -->","yoast_head_json":{"title":"IPC-suunnittelijan sertifikaatti - IPC Accredited Training Partner - PIEK","description":"CID-koulutus on PCB-suunnittelukoulutus, joka kouluttaa opiskelijan IPC Certified Interconnect Designer (CID) -suunnittelijaksi.","robots":{"index":"index","follow":"follow","max-snippet":"max-snippet:-1","max-image-preview":"max-image-preview:large","max-video-preview":"max-video-preview:-1"},"canonical":"https:\/\/piek.international\/fi\/ipc-suunnittelijan-sertifikaatti\/","og_locale":"fi_FI","og_type":"article","og_title":"IPC-suunnittelijan sertifikaatti - IPC Accredited Training Partner - PIEK","og_description":"CID-koulutus on PCB-suunnittelukoulutus, joka kouluttaa opiskelijan IPC Certified Interconnect Designer (CID) -suunnittelijaksi.","og_url":"https:\/\/piek.international\/fi\/ipc-suunnittelijan-sertifikaatti\/","og_site_name":"IPC Accredited Training Partner - PIEK","article_modified_time":"2021-11-08T14:09:45+00:00","twitter_card":"summary_large_image","twitter_misc":{"Arvioitu lukuaika":"22 minuuttia"},"schema":{"@context":"https:\/\/schema.org","@graph":[{"@type":"WebPage","@id":"https:\/\/piek.international\/fi\/ipc-suunnittelijan-sertifikaatti\/","url":"https:\/\/piek.international\/fi\/ipc-suunnittelijan-sertifikaatti\/","name":"IPC-suunnittelijan sertifikaatti - IPC Accredited Training Partner - PIEK","isPartOf":{"@id":"https:\/\/piek.international\/fi\/#website"},"datePublished":"2021-11-05T15:00:34+00:00","dateModified":"2021-11-08T14:09:45+00:00","description":"CID-koulutus on PCB-suunnittelukoulutus, joka kouluttaa opiskelijan IPC Certified Interconnect Designer (CID) -suunnittelijaksi.","breadcrumb":{"@id":"https:\/\/piek.international\/fi\/ipc-suunnittelijan-sertifikaatti\/#breadcrumb"},"inLanguage":"fi","potentialAction":[{"@type":"ReadAction","target":["https:\/\/piek.international\/fi\/ipc-suunnittelijan-sertifikaatti\/"]}]},{"@type":"BreadcrumbList","@id":"https:\/\/piek.international\/fi\/ipc-suunnittelijan-sertifikaatti\/#breadcrumb","itemListElement":[{"@type":"ListItem","position":1,"name":"Home","item":"https:\/\/piek.international\/fi\/"},{"@type":"ListItem","position":2,"name":"IPC-suunnittelijan sertifikaatti"}]},{"@type":"WebSite","@id":"https:\/\/piek.international\/fi\/#website","url":"https:\/\/piek.international\/fi\/","name":"IPC Accredited Training Partner - PIEK","description":"","potentialAction":[{"@type":"SearchAction","target":{"@type":"EntryPoint","urlTemplate":"https:\/\/piek.international\/fi\/?s={search_term_string}"},"query-input":{"@type":"PropertyValueSpecification","valueRequired":true,"valueName":"search_term_string"}}],"inLanguage":"fi"}]}},"_links":{"self":[{"href":"https:\/\/piek.international\/fi\/wp-json\/wp\/v2\/pages\/1360","targetHints":{"allow":["GET"]}}],"collection":[{"href":"https:\/\/piek.international\/fi\/wp-json\/wp\/v2\/pages"}],"about":[{"href":"https:\/\/piek.international\/fi\/wp-json\/wp\/v2\/types\/page"}],"author":[{"embeddable":true,"href":"https:\/\/piek.international\/fi\/wp-json\/wp\/v2\/users\/1"}],"replies":[{"embeddable":true,"href":"https:\/\/piek.international\/fi\/wp-json\/wp\/v2\/comments?post=1360"}],"version-history":[{"count":5,"href":"https:\/\/piek.international\/fi\/wp-json\/wp\/v2\/pages\/1360\/revisions"}],"predecessor-version":[{"id":1554,"href":"https:\/\/piek.international\/fi\/wp-json\/wp\/v2\/pages\/1360\/revisions\/1554"}],"wp:attachment":[{"href":"https:\/\/piek.international\/fi\/wp-json\/wp\/v2\/media?parent=1360"}],"curies":[{"name":"wp","href":"https:\/\/api.w.org\/{rel}","templated":true}]}}