{"id":456,"date":"2021-10-19T11:53:34","date_gmt":"2021-10-19T11:53:34","guid":{"rendered":"https:\/\/piek.international\/ipc-designer-certification\/"},"modified":"2021-10-19T11:53:34","modified_gmt":"2021-10-19T11:53:34","slug":"ipc-designer-certification","status":"publish","type":"page","link":"https:\/\/piek.international\/fr\/ipc-designer-certification\/","title":{"rendered":"IPC Designer Certification"},"content":{"rendered":"<p><div class=\"fusion-fullwidth fullwidth-box fusion-builder-row-1 fusion-flex-container nonhundred-percent-fullwidth non-hundred-percent-height-scrolling\" style=\"--awb-border-radius-top-left:0px;--awb-border-radius-top-right:0px;--awb-border-radius-bottom-right:0px;--awb-border-radius-bottom-left:0px;--awb-flex-wrap:wrap;\" ><div class=\"fusion-builder-row fusion-row fusion-flex-align-items-flex-start fusion-flex-content-wrap\" style=\"max-width:1144px;margin-left: calc(-4% \/ 2 );margin-right: calc(-4% \/ 2 );\"><div class=\"fusion-layout-column fusion_builder_column fusion-builder-column-0 fusion_builder_column_1_1 1_1 fusion-flex-column\" style=\"--awb-bg-size:cover;--awb-width-large:100%;--awb-margin-top-large:0px;--awb-spacing-right-large:1.92%;--awb-margin-bottom-large:20px;--awb-spacing-left-large:1.92%;--awb-width-medium:100%;--awb-order-medium:0;--awb-spacing-right-medium:1.92%;--awb-spacing-left-medium:1.92%;--awb-width-small:100%;--awb-order-small:0;--awb-spacing-right-small:1.92%;--awb-spacing-left-small:1.92%;\"><div class=\"fusion-column-wrapper fusion-column-has-shadow fusion-flex-justify-content-flex-start fusion-content-layout-column\"><div class=\"fusion-title title fusion-title-1 sep-underline sep-dotted fusion-title-text fusion-title-size-one\" style=\"--awb-margin-top-small:0px;--awb-margin-right-small:0px;--awb-margin-bottom-small:20px;--awb-margin-left-small:0px;\"><h1 class=\"fusion-title-heading title-heading-left\" style=\"margin:0;\">IPC Designer Certification<\/h1><\/div><\/div><\/div><\/div><\/div><div class=\"fusion-bg-parallax\" data-bg-align=\"right top\" data-direction=\"down\" data-mute=\"false\" data-opacity=\"100\" data-velocity=\"-0.3\" data-mobile-enabled=\"false\" data-break_parents=\"0\" data-bg-image=\"https:\/\/piek.international\/wp-content\/uploads\/pcb-background-v4.jpeg\" data-bg-repeat=\"false\" data-bg-color=\"#fcfcfc\" ><\/div><div class=\"fusion-fullwidth fullwidth-box fusion-builder-row-2 fusion-flex-container fusion-parallax-down nonhundred-percent-fullwidth non-hundred-percent-height-scrolling fusion-no-small-visibility fusion-no-medium-visibility\" style=\"--awb-background-position:right top;--awb-border-radius-top-left:0px;--awb-border-radius-top-right:0px;--awb-border-radius-bottom-right:0px;--awb-border-radius-bottom-left:0px;--awb-padding-top:50px;--awb-padding-bottom:25px;--awb-background-color:#fcfcfc;--awb-background-image:url(&quot;https:\/\/piek.international\/wp-content\/uploads\/pcb-background-v4.jpeg&quot;);--awb-background-size:cover;--awb-flex-wrap:wrap;--awb-box-shadow: 0px 0px ;\" ><div class=\"fusion-builder-row fusion-row fusion-flex-align-items-flex-start fusion-flex-content-wrap\" style=\"max-width:1144px;margin-left: calc(-4% \/ 2 );margin-right: calc(-4% \/ 2 );\"><div class=\"fusion-layout-column fusion_builder_column fusion-builder-column-1 fusion_builder_column_1_1 1_1 fusion-flex-column\" style=\"--awb-bg-size:cover;--awb-width-large:100%;--awb-margin-top-large:0px;--awb-spacing-right-large:1.92%;--awb-margin-bottom-large:20px;--awb-spacing-left-large:1.92%;--awb-width-medium:100%;--awb-order-medium:0;--awb-spacing-right-medium:1.92%;--awb-spacing-left-medium:1.92%;--awb-width-small:100%;--awb-order-small:0;--awb-spacing-right-small:1.92%;--awb-spacing-left-small:1.92%;\"><div class=\"fusion-column-wrapper fusion-column-has-shadow fusion-flex-justify-content-flex-start fusion-content-layout-column\"><div class=\"fusion-text fusion-text-1\"><h4><a href=\"#cid\"><i class=\"fb-icon-element-1 fb-icon-element fontawesome-icon fa-check fas circle-no fusion-text-flow\" style=\"--awb-iconcolor:#2cb34a;--awb-iconcolor-hover:#2cb34a;--awb-font-size:24px;--awb-margin-right:12px;\"><\/i>IPC CID (CERTIFIED INTERCONNECT DESIGNER-BASIC)<\/a><\/h4>\n<h4><a href=\"#cidplus\"><i class=\"fb-icon-element-2 fb-icon-element fontawesome-icon fa-check fas circle-no fusion-text-flow\" style=\"--awb-iconcolor:#2cb34a;--awb-iconcolor-hover:#2cb34a;--awb-font-size:24px;--awb-margin-right:12px;\"><\/i>IPC CID+ (ADVANCED CERTIFIED INTERCONNECT DESIGNER)<\/a><\/h4>\n<\/div><\/div><\/div><\/div><\/div><div class=\"fusion-fullwidth fullwidth-box fusion-builder-row-3 fusion-flex-container nonhundred-percent-fullwidth non-hundred-percent-height-scrolling fusion-no-large-visibility\" style=\"--awb-border-radius-top-left:0px;--awb-border-radius-top-right:0px;--awb-border-radius-bottom-right:0px;--awb-border-radius-bottom-left:0px;--awb-padding-top:50px;--awb-padding-bottom:25px;--awb-background-color:#fcfcfc;--awb-flex-wrap:wrap;--awb-box-shadow: 0px 0px ;\" ><div class=\"fusion-builder-row fusion-row fusion-flex-align-items-flex-start fusion-flex-content-wrap\" style=\"max-width:1144px;margin-left: calc(-4% \/ 2 );margin-right: calc(-4% \/ 2 );\"><div class=\"fusion-layout-column fusion_builder_column fusion-builder-column-2 fusion_builder_column_1_1 1_1 fusion-flex-column\" style=\"--awb-bg-size:cover;--awb-width-large:100%;--awb-margin-top-large:0px;--awb-spacing-right-large:1.92%;--awb-margin-bottom-large:20px;--awb-spacing-left-large:1.92%;--awb-width-medium:100%;--awb-order-medium:0;--awb-spacing-right-medium:1.92%;--awb-spacing-left-medium:1.92%;--awb-width-small:100%;--awb-order-small:0;--awb-spacing-right-small:1.92%;--awb-spacing-left-small:1.92%;\"><div class=\"fusion-column-wrapper fusion-column-has-shadow fusion-flex-justify-content-flex-start fusion-content-layout-column\"><div class=\"fusion-text fusion-text-2\"><h4><a href=\"#cid\"><i class=\"fb-icon-element-3 fb-icon-element fontawesome-icon fa-check fas circle-no fusion-text-flow\" style=\"--awb-iconcolor:#2cb34a;--awb-iconcolor-hover:#2cb34a;--awb-font-size:24px;--awb-margin-right:12px;\"><\/i>IPC CID (CERTIFIED INTERCONNECT DESIGNER-BASIC)<\/a><\/h4>\n<h4><a href=\"#cidplus\"><i class=\"fb-icon-element-4 fb-icon-element fontawesome-icon fa-check fas circle-no fusion-text-flow\" style=\"--awb-iconcolor:#2cb34a;--awb-iconcolor-hover:#2cb34a;--awb-font-size:24px;--awb-margin-right:12px;\"><\/i>IPC CID+ (ADVANCED CERTIFIED INTERCONNECT DESIGNER)<\/a><\/h4>\n<\/div><\/div><\/div><\/div><\/div><div id=\"cid\" class=\"fusion-container-anchor\"><div class=\"fusion-fullwidth fullwidth-box fusion-builder-row-4 fusion-flex-container nonhundred-percent-fullwidth non-hundred-percent-height-scrolling\" style=\"--awb-border-radius-top-left:0px;--awb-border-radius-top-right:0px;--awb-border-radius-bottom-right:0px;--awb-border-radius-bottom-left:0px;--awb-padding-top:50px;--awb-padding-bottom:25px;--awb-flex-wrap:wrap;\" ><div class=\"fusion-builder-row fusion-row fusion-flex-align-items-flex-start fusion-flex-content-wrap\" style=\"max-width:1144px;margin-left: calc(-4% \/ 2 );margin-right: calc(-4% \/ 2 );\"><div class=\"fusion-layout-column fusion_builder_column fusion-builder-column-3 fusion_builder_column_1_1 1_1 fusion-flex-column\" style=\"--awb-bg-size:cover;--awb-width-large:100%;--awb-margin-top-large:0px;--awb-spacing-right-large:1.92%;--awb-margin-bottom-large:20px;--awb-spacing-left-large:1.92%;--awb-width-medium:100%;--awb-order-medium:0;--awb-spacing-right-medium:1.92%;--awb-spacing-left-medium:1.92%;--awb-width-small:100%;--awb-order-small:0;--awb-spacing-right-small:1.92%;--awb-spacing-left-small:1.92%;\"><div class=\"fusion-column-wrapper fusion-column-has-shadow fusion-flex-justify-content-flex-start fusion-content-layout-column\"><div class=\"fusion-title title fusion-title-2 sep-underline sep-dotted fusion-title-text fusion-title-size-two\" style=\"--awb-margin-top-small:0px;--awb-margin-right-small:0px;--awb-margin-bottom-small:20px;--awb-margin-left-small:0px;\"><h2 class=\"fusion-title-heading title-heading-left\" style=\"margin:0;\">IPC CID (CERTIFIED INTERCONNECT DESIGNER-BASIC)<\/h2><\/div><div class=\"fusion-text fusion-text-3\"><p>La s\u00e9rie IPC-2220 (\u00ab\u00a0Generic Standard on Printed Board Design\u00a0\u00bb) est une s\u00e9rie de normes IPC selon lesquelles les cartes de circuits imprim\u00e9s sont con\u00e7ues. L&rsquo;IPC est un institut am\u00e9ricain qui veille \u00e0 ce que toutes les connaissances soient diffus\u00e9es dans le monde entier par des formateurs IPC certifi\u00e9s, par le biais de leurs normes IPC, de leurs programmes de formation IPC et de leur mat\u00e9riel p\u00e9dagogique IPC. L&rsquo;IPC-2221 est une norme selon laquelle les concepteurs con\u00e7oivent les cartes de circuits imprim\u00e9s afin que les fichiers Gerber (les dessins\/donn\u00e9es de conception) du c\u00f4t\u00e9 du fabricant de cartes de circuits imprim\u00e9s soient correctement compris sur ses machines de production. Presque tous les concepteurs de circuits imprim\u00e9s du monde entier travaillent selon cette (ces) norme(s).    Si vous avez besoin de connaissances suppl\u00e9mentaires sur la conception des cartes de circuits imprim\u00e9s, les mat\u00e9riaux des cartes de circuits imprim\u00e9s, les finitions de surface, la masse thermique, les jeux \u00e9lectriques, la distance par rapport au bord de la carte de circuits imprim\u00e9s, les tol\u00e9rances, les tests, les marquages, le branchement\/le piquage des vias, le sch\u00e9ma directeur (dessin de conception), le masque de soudure, la fiabilit\u00e9, les aspects environnementaux, etc., alors cette norme est faite pour vous.<\/p>\n<h3>VOULEZ-VOUS APPRENDRE \u00c0 CONCEVOIR UN CIRCUIT IMPRIM\u00c9 (PCB) ? OUI, VOUS POUVEZ ! <\/h3>\n<p>Cette norme est utilis\u00e9e pour la conception d&rsquo;un nouveau produit \u00e9lectronique dans le bureau d&rsquo;\u00e9tudes et parfois aussi comme contr\u00f4le d&rsquo;entr\u00e9e chez le fabricant de circuits imprim\u00e9s (l&rsquo;entreprise qui produit les circuits imprim\u00e9s nus). Si les dessins de conception sont incorrects, le fabricant de circuits imprim\u00e9s ne peut pas produire correctement, ce qui signifie que l&rsquo;assembleur ne peut pas souder correctement les composants et, par cons\u00e9quent, dans le pire des cas, les produits \u00e9lectroniques tombent en panne pr\u00e9matur\u00e9ment. Une bonne conception est la base d&rsquo;un produit final de bonne qualit\u00e9. La formation CID est une formation qui forme un \u00e9tudiant\/participant en tant que Certified Interconnect Designer (CID). Cela signifie que l&rsquo;\u00e9tudiant poss\u00e8de ensuite de nombreuses connaissances sur les r\u00e8gles de conception (design guidelines).    <\/p>\n<p>Cette formation est adapt\u00e9e aux personnes qui travaillent dans un bureau d&rsquo;\u00e9tudes. La formation \u00e0 la certification CID se compose de deux parties. La premi\u00e8re partie est une pr\u00e9paration \u00e0 domicile, la seconde partie est constitu\u00e9e de 3 jours de formation et \u00e0 la fin de la formation le participant passe un examen final (110 questions \u00e0 choix multiples). Le score minimum pour r\u00e9ussir est de 73%. Lorsque le participant a obtenu son certificat CID, ce certificat est valable pour toujours. Avec ce certificat IPC, vous pouvez travailler en tant que CID (Certified Interconnect Designer) dans le monde entier. Tout comme un permis de conduire, ce certificat IPC est reconnu au niveau international. Si quelqu&rsquo;un est int\u00e9ress\u00e9 par une formation compl\u00e9mentaire (avanc\u00e9e), la formation CID+ est adapt\u00e9e. Le CID est la personne d\u00e9sign\u00e9e qui discute et r\u00e9sout les probl\u00e8mes avec les clients.<\/p>\n<\/div><div class=\"fusion-text fusion-text-4\"><p>N&rsquo;h\u00e9sitez pas \u00e0 nous contacter pour un programme de formation complet, des informations suppl\u00e9mentaires ou d&rsquo;autres questions li\u00e9es \u00e0 la formation. Par t\u00e9l\u00e9phone +31-(0)45-5703333, par courriel <a href=\"mailto:support@piek.international\">support@piek.international<\/a> ou <a href=\"https:\/\/piek.international\/quote-request\/\">demandez un devis<\/a>.<\/p>\n<\/div>\n<div style=\"text-align:right;\"><a class=\"fusion-button button-flat fusion-button-default-size button-default fusion-button-default button-1 fusion-button-default-span fusion-button-default-type\" style=\"--button_text_transform:uppercase;\" target=\"_self\" title=\"Demande de devis\" aria-label=\"Demande de devis\" href=\"https:\/\/piek.international\/quote-request\/\"><span class=\"fusion-button-text awb-button__text awb-button__text--default\">Demande de devis<\/span><\/a><\/div>\n<\/div><\/div><\/div><\/div><\/div><div id=\"cidplus\" class=\"fusion-container-anchor\"><div class=\"fusion-fullwidth fullwidth-box fusion-builder-row-5 fusion-flex-container nonhundred-percent-fullwidth non-hundred-percent-height-scrolling\" style=\"--awb-border-radius-top-left:0px;--awb-border-radius-top-right:0px;--awb-border-radius-bottom-right:0px;--awb-border-radius-bottom-left:0px;--awb-padding-top:50px;--awb-padding-bottom:25px;--awb-margin-top:50px;--awb-background-color:#fcfcfc;--awb-flex-wrap:wrap;\" ><div class=\"fusion-builder-row fusion-row fusion-flex-align-items-flex-start fusion-flex-content-wrap\" style=\"max-width:1144px;margin-left: calc(-4% \/ 2 );margin-right: calc(-4% \/ 2 );\"><div class=\"fusion-layout-column fusion_builder_column fusion-builder-column-4 fusion_builder_column_1_1 1_1 fusion-flex-column\" style=\"--awb-bg-size:cover;--awb-width-large:100%;--awb-margin-top-large:0px;--awb-spacing-right-large:1.92%;--awb-margin-bottom-large:20px;--awb-spacing-left-large:1.92%;--awb-width-medium:100%;--awb-order-medium:0;--awb-spacing-right-medium:1.92%;--awb-spacing-left-medium:1.92%;--awb-width-small:100%;--awb-order-small:0;--awb-spacing-right-small:1.92%;--awb-spacing-left-small:1.92%;\"><div class=\"fusion-column-wrapper fusion-column-has-shadow fusion-flex-justify-content-flex-start fusion-content-layout-column\"><div class=\"fusion-title title fusion-title-3 sep-underline sep-dotted fusion-title-text fusion-title-size-two\" style=\"--awb-margin-top-small:0px;--awb-margin-right-small:0px;--awb-margin-bottom-small:20px;--awb-margin-left-small:0px;\"><h2 class=\"fusion-title-heading title-heading-left\" style=\"margin:0;\">IPC CID+ (ADVANCED CERTIFIED INTERCONNECT DESIGNER)<\/h2><\/div><div class=\"fusion-text fusion-text-5\"><p>La s\u00e9rie IPC-2220 (\u00ab\u00a0Generic Standard on Printed Board Design\u00a0\u00bb) est une s\u00e9rie de normes IPC selon lesquelles les cartes de circuits imprim\u00e9s sont con\u00e7ues. L&rsquo;IPC est un institut am\u00e9ricain qui veille \u00e0 ce que toutes les connaissances soient diffus\u00e9es dans le monde entier par des formateurs IPC certifi\u00e9s, par le biais de leurs normes IPC, de leurs programmes de formation IPC et de leur mat\u00e9riel p\u00e9dagogique IPC. L&rsquo;IPC-2221 est une norme selon laquelle les concepteurs con\u00e7oivent les cartes de circuits imprim\u00e9s afin que les fichiers Gerber (les dessins\/donn\u00e9es de conception) du c\u00f4t\u00e9 du fabricant de cartes de circuits imprim\u00e9s soient correctement compris sur ses machines de production. Presque tous les concepteurs de circuits imprim\u00e9s du monde entier travaillent selon cette (ces) norme(s).   <\/p>\n<h3>VOULEZ-VOUS APPRENDRE \u00c0 CONCEVOIR DES CIRCUITS IMPRIM\u00c9S (PCBS) DIFFICILES ? OUI, VOUS POUVEZ ! <\/h3>\n<p>Si vous avez besoin de connaissances suppl\u00e9mentaires sur la conception des cartes de circuits imprim\u00e9s, les mat\u00e9riaux des cartes de circuits imprim\u00e9s, les finitions de surface, la masse thermique, les jeux \u00e9lectriques, la distance par rapport au bord de la carte de circuits imprim\u00e9s, les tol\u00e9rances, les tests, les marquages, l&rsquo;enfichage\/le piquage des vias, le sch\u00e9ma directeur (dessin de conception), le masque de soudure, la fiabilit\u00e9, les aspects environnementaux, etc., alors cette norme est faite pour vous. Cette norme est utilis\u00e9e pour la conception d&rsquo;un nouveau produit \u00e9lectronique dans le bureau d&rsquo;\u00e9tudes et parfois aussi comme contr\u00f4le d&rsquo;entr\u00e9e chez le fabricant de circuits imprim\u00e9s (la soci\u00e9t\u00e9 qui produit les circuits imprim\u00e9s nus). Si les dessins de conception sont incorrects, le fabricant de circuits imprim\u00e9s ne peut pas produire correctement, ce qui signifie que l&rsquo;assembleur ne peut pas souder correctement les composants et, par cons\u00e9quent, dans le pire des cas, les produits \u00e9lectroniques tombent en panne pr\u00e9matur\u00e9ment. Une bonne conception est la base d&rsquo;un produit final de bonne qualit\u00e9. La formation CID+ est une formation qui forme un \u00e9tudiant\/participant en tant que concepteur d&rsquo;interconnexion certifi\u00e9 avanc\u00e9 (CID+). Cela signifie que l&rsquo;\u00e9tudiant poss\u00e8de ensuite toutes les connaissances sur les r\u00e8gles de conception (design guidelines).      Cette formation est adapt\u00e9e aux avanc\u00e9s (sp\u00e9cialistes de la conception) qui travaillent dans le d\u00e9partement de la conception. La formation \u00e0 la certification CID+ se compose de deux parties. La premi\u00e8re partie est une pr\u00e9paration \u00e0 domicile, la seconde partie est constitu\u00e9e de 3 jours de formation et \u00e0 la fin de la formation le participant passe un examen final (120 questions \u00e0 choix multiples). Lorsque le participant a obtenu son certificat CID+, ce certificat est valable pour toujours. Avec ce certificat IPC, vous pouvez travailler dans le monde entier en tant que CID+ (Advanced Certified Interconnect Designer). Tout comme un permis de conduire, ce certificat IPC est reconnu au niveau international. Le CID+ est la personne d\u00e9sign\u00e9e qui discute et r\u00e9sout les probl\u00e8mes avec les clients.<\/p>\n<\/div><div class=\"fusion-text fusion-text-6\"><p>N&rsquo;h\u00e9sitez pas \u00e0 nous contacter pour un programme de formation complet, des informations suppl\u00e9mentaires ou d&rsquo;autres questions li\u00e9es \u00e0 la formation. Par t\u00e9l\u00e9phone +31-(0)45-5703333, par courriel <a href=\"mailto:support@piek.international\">support@piek.international<\/a> ou <a href=\"https:\/\/piek.international\/quote-request\/\">demandez un devis<\/a>.<\/p>\n<\/div>\n<div style=\"text-align:right;\"><a class=\"fusion-button button-flat fusion-button-default-size button-default fusion-button-default button-2 fusion-button-default-span fusion-button-default-type\" style=\"--button_text_transform:uppercase;\" target=\"_self\" title=\"Demande de devis\" aria-label=\"Demande de devis\" href=\"https:\/\/piek.international\/quote-request\/\"><span class=\"fusion-button-text awb-button__text awb-button__text--default\">Demande de devis<\/span><\/a><\/div>\n<\/div><\/div><\/div><\/div><\/div><\/p>\n","protected":false},"excerpt":{"rendered":"","protected":false},"author":1,"featured_media":0,"parent":0,"menu_order":0,"comment_status":"closed","ping_status":"closed","template":"100-width.php","meta":{"footnotes":""},"class_list":["post-456","page","type-page","status-publish","hentry"],"yoast_head":"<!-- This site is optimized with the Yoast SEO plugin v27.3 - https:\/\/yoast.com\/product\/yoast-seo-wordpress\/ -->\n<title>IPC Designer Certification - IPC Accredited Training Partner - PIEK<\/title>\n<meta name=\"description\" content=\"La formation CID est une formation en conception de circuits imprim\u00e9s qui forme un \u00e9tudiant en tant que concepteur d&#039;interconnexion certifi\u00e9 IPC (CID).\" \/>\n<meta name=\"robots\" content=\"index, follow, max-snippet:-1, max-image-preview:large, max-video-preview:-1\" \/>\n<link rel=\"canonical\" href=\"https:\/\/piek.international\/fr\/ipc-designer-certification\/\" \/>\n<meta property=\"og:locale\" content=\"fr_FR\" \/>\n<meta property=\"og:type\" content=\"article\" \/>\n<meta property=\"og:title\" content=\"IPC Designer Certification - IPC Accredited Training Partner - PIEK\" \/>\n<meta property=\"og:description\" content=\"La formation CID est une formation en conception de circuits imprim\u00e9s qui forme un \u00e9tudiant en tant que concepteur d&#039;interconnexion certifi\u00e9 IPC (CID).\" \/>\n<meta property=\"og:url\" content=\"https:\/\/piek.international\/fr\/ipc-designer-certification\/\" \/>\n<meta property=\"og:site_name\" content=\"IPC Accredited Training Partner - PIEK\" \/>\n<meta name=\"twitter:card\" content=\"summary_large_image\" \/>\n<meta name=\"twitter:label1\" content=\"Dur\u00e9e de lecture estim\u00e9e\" \/>\n\t<meta name=\"twitter:data1\" content=\"24 minutes\" \/>\n<script type=\"application\/ld+json\" class=\"yoast-schema-graph\">{\"@context\":\"https:\\\/\\\/schema.org\",\"@graph\":[{\"@type\":\"WebPage\",\"@id\":\"https:\\\/\\\/piek.international\\\/fr\\\/ipc-designer-certification\\\/\",\"url\":\"https:\\\/\\\/piek.international\\\/fr\\\/ipc-designer-certification\\\/\",\"name\":\"IPC Designer Certification - IPC Accredited Training Partner - PIEK\",\"isPartOf\":{\"@id\":\"https:\\\/\\\/piek.international\\\/fr\\\/#website\"},\"datePublished\":\"2021-10-19T11:53:34+00:00\",\"description\":\"La formation CID est une formation en conception de circuits imprim\u00e9s qui forme un \u00e9tudiant en tant que concepteur d'interconnexion certifi\u00e9 IPC (CID).\",\"breadcrumb\":{\"@id\":\"https:\\\/\\\/piek.international\\\/fr\\\/ipc-designer-certification\\\/#breadcrumb\"},\"inLanguage\":\"fr-FR\",\"potentialAction\":[{\"@type\":\"ReadAction\",\"target\":[\"https:\\\/\\\/piek.international\\\/fr\\\/ipc-designer-certification\\\/\"]}]},{\"@type\":\"BreadcrumbList\",\"@id\":\"https:\\\/\\\/piek.international\\\/fr\\\/ipc-designer-certification\\\/#breadcrumb\",\"itemListElement\":[{\"@type\":\"ListItem\",\"position\":1,\"name\":\"Home\",\"item\":\"https:\\\/\\\/piek.international\\\/fr\\\/\"},{\"@type\":\"ListItem\",\"position\":2,\"name\":\"IPC Designer Certification\"}]},{\"@type\":\"WebSite\",\"@id\":\"https:\\\/\\\/piek.international\\\/fr\\\/#website\",\"url\":\"https:\\\/\\\/piek.international\\\/fr\\\/\",\"name\":\"IPC Accredited Training Partner - PIEK\",\"description\":\"\",\"potentialAction\":[{\"@type\":\"SearchAction\",\"target\":{\"@type\":\"EntryPoint\",\"urlTemplate\":\"https:\\\/\\\/piek.international\\\/fr\\\/?s={search_term_string}\"},\"query-input\":{\"@type\":\"PropertyValueSpecification\",\"valueRequired\":true,\"valueName\":\"search_term_string\"}}],\"inLanguage\":\"fr-FR\"}]}<\/script>\n<!-- \/ Yoast SEO plugin. -->","yoast_head_json":{"title":"IPC Designer Certification - IPC Accredited Training Partner - PIEK","description":"La formation CID est une formation en conception de circuits imprim\u00e9s qui forme un \u00e9tudiant en tant que concepteur d'interconnexion certifi\u00e9 IPC (CID).","robots":{"index":"index","follow":"follow","max-snippet":"max-snippet:-1","max-image-preview":"max-image-preview:large","max-video-preview":"max-video-preview:-1"},"canonical":"https:\/\/piek.international\/fr\/ipc-designer-certification\/","og_locale":"fr_FR","og_type":"article","og_title":"IPC Designer Certification - IPC Accredited Training Partner - PIEK","og_description":"La formation CID est une formation en conception de circuits imprim\u00e9s qui forme un \u00e9tudiant en tant que concepteur d'interconnexion certifi\u00e9 IPC (CID).","og_url":"https:\/\/piek.international\/fr\/ipc-designer-certification\/","og_site_name":"IPC Accredited Training Partner - PIEK","twitter_card":"summary_large_image","twitter_misc":{"Dur\u00e9e de lecture estim\u00e9e":"24 minutes"},"schema":{"@context":"https:\/\/schema.org","@graph":[{"@type":"WebPage","@id":"https:\/\/piek.international\/fr\/ipc-designer-certification\/","url":"https:\/\/piek.international\/fr\/ipc-designer-certification\/","name":"IPC Designer Certification - IPC Accredited Training Partner - PIEK","isPartOf":{"@id":"https:\/\/piek.international\/fr\/#website"},"datePublished":"2021-10-19T11:53:34+00:00","description":"La formation CID est une formation en conception de circuits imprim\u00e9s qui forme un \u00e9tudiant en tant que concepteur d'interconnexion certifi\u00e9 IPC (CID).","breadcrumb":{"@id":"https:\/\/piek.international\/fr\/ipc-designer-certification\/#breadcrumb"},"inLanguage":"fr-FR","potentialAction":[{"@type":"ReadAction","target":["https:\/\/piek.international\/fr\/ipc-designer-certification\/"]}]},{"@type":"BreadcrumbList","@id":"https:\/\/piek.international\/fr\/ipc-designer-certification\/#breadcrumb","itemListElement":[{"@type":"ListItem","position":1,"name":"Home","item":"https:\/\/piek.international\/fr\/"},{"@type":"ListItem","position":2,"name":"IPC Designer Certification"}]},{"@type":"WebSite","@id":"https:\/\/piek.international\/fr\/#website","url":"https:\/\/piek.international\/fr\/","name":"IPC Accredited Training Partner - PIEK","description":"","potentialAction":[{"@type":"SearchAction","target":{"@type":"EntryPoint","urlTemplate":"https:\/\/piek.international\/fr\/?s={search_term_string}"},"query-input":{"@type":"PropertyValueSpecification","valueRequired":true,"valueName":"search_term_string"}}],"inLanguage":"fr-FR"}]}},"_links":{"self":[{"href":"https:\/\/piek.international\/fr\/wp-json\/wp\/v2\/pages\/456","targetHints":{"allow":["GET"]}}],"collection":[{"href":"https:\/\/piek.international\/fr\/wp-json\/wp\/v2\/pages"}],"about":[{"href":"https:\/\/piek.international\/fr\/wp-json\/wp\/v2\/types\/page"}],"author":[{"embeddable":true,"href":"https:\/\/piek.international\/fr\/wp-json\/wp\/v2\/users\/1"}],"replies":[{"embeddable":true,"href":"https:\/\/piek.international\/fr\/wp-json\/wp\/v2\/comments?post=456"}],"version-history":[{"count":2,"href":"https:\/\/piek.international\/fr\/wp-json\/wp\/v2\/pages\/456\/revisions"}],"predecessor-version":[{"id":458,"href":"https:\/\/piek.international\/fr\/wp-json\/wp\/v2\/pages\/456\/revisions\/458"}],"wp:attachment":[{"href":"https:\/\/piek.international\/fr\/wp-json\/wp\/v2\/media?parent=456"}],"curies":[{"name":"wp","href":"https:\/\/api.w.org\/{rel}","templated":true}]}}