{"id":1636,"date":"2021-11-09T10:34:12","date_gmt":"2021-11-09T10:34:12","guid":{"rendered":"https:\/\/piek.international\/deimhniu-ipc-designer\/"},"modified":"2021-11-09T10:34:13","modified_gmt":"2021-11-09T10:34:13","slug":"deimhniu-ipc-designer","status":"publish","type":"page","link":"https:\/\/piek.international\/ga\/deimhniu-ipc-designer\/","title":{"rendered":"Deimhni\u00fa IPC Designer"},"content":{"rendered":"<p><div class=\"fusion-fullwidth fullwidth-box fusion-builder-row-1 fusion-flex-container nonhundred-percent-fullwidth non-hundred-percent-height-scrolling\" style=\"--awb-border-radius-top-left:0px;--awb-border-radius-top-right:0px;--awb-border-radius-bottom-right:0px;--awb-border-radius-bottom-left:0px;--awb-flex-wrap:wrap;\" ><div class=\"fusion-builder-row fusion-row fusion-flex-align-items-flex-start fusion-flex-content-wrap\" style=\"max-width:1144px;margin-left: calc(-4% \/ 2 );margin-right: calc(-4% \/ 2 );\"><div class=\"fusion-layout-column fusion_builder_column fusion-builder-column-0 fusion_builder_column_1_1 1_1 fusion-flex-column\" style=\"--awb-bg-size:cover;--awb-width-large:100%;--awb-margin-top-large:0px;--awb-spacing-right-large:1.92%;--awb-margin-bottom-large:20px;--awb-spacing-left-large:1.92%;--awb-width-medium:100%;--awb-order-medium:0;--awb-spacing-right-medium:1.92%;--awb-spacing-left-medium:1.92%;--awb-width-small:100%;--awb-order-small:0;--awb-spacing-right-small:1.92%;--awb-spacing-left-small:1.92%;\"><div class=\"fusion-column-wrapper fusion-column-has-shadow fusion-flex-justify-content-flex-start fusion-content-layout-column\"><div class=\"fusion-title title fusion-title-1 sep-underline sep-dotted fusion-title-text fusion-title-size-one\" style=\"--awb-margin-top-small:0px;--awb-margin-right-small:0px;--awb-margin-bottom-small:20px;--awb-margin-left-small:0px;\"><h1 class=\"fusion-title-heading title-heading-left\" style=\"margin:0;\">Deimhni\u00fa IPC Designer<\/h1><\/div><\/div><\/div><\/div><\/div><div class=\"fusion-bg-parallax\" data-bg-align=\"right top\" data-direction=\"down\" data-mute=\"false\" data-opacity=\"100\" data-velocity=\"-0.3\" data-mobile-enabled=\"false\" data-break_parents=\"0\" data-bg-image=\"https:\/\/piek.international\/wp-content\/uploads\/pcb-background-v4.jpeg\" data-bg-repeat=\"false\" data-bg-color=\"#fcfcfc\" ><\/div><div class=\"fusion-fullwidth fullwidth-box fusion-builder-row-2 fusion-flex-container fusion-parallax-down nonhundred-percent-fullwidth non-hundred-percent-height-scrolling fusion-no-small-visibility fusion-no-medium-visibility\" style=\"--awb-background-position:right top;--awb-border-radius-top-left:0px;--awb-border-radius-top-right:0px;--awb-border-radius-bottom-right:0px;--awb-border-radius-bottom-left:0px;--awb-padding-top:50px;--awb-padding-bottom:25px;--awb-background-color:#fcfcfc;--awb-background-image:url(&quot;https:\/\/piek.international\/wp-content\/uploads\/pcb-background-v4.jpeg&quot;);--awb-background-size:cover;--awb-flex-wrap:wrap;--awb-box-shadow: 0px 0px ;\" ><div class=\"fusion-builder-row fusion-row fusion-flex-align-items-flex-start fusion-flex-content-wrap\" style=\"max-width:1144px;margin-left: calc(-4% \/ 2 );margin-right: calc(-4% \/ 2 );\"><div class=\"fusion-layout-column fusion_builder_column fusion-builder-column-1 fusion_builder_column_1_1 1_1 fusion-flex-column\" style=\"--awb-bg-size:cover;--awb-width-large:100%;--awb-margin-top-large:0px;--awb-spacing-right-large:1.92%;--awb-margin-bottom-large:20px;--awb-spacing-left-large:1.92%;--awb-width-medium:100%;--awb-order-medium:0;--awb-spacing-right-medium:1.92%;--awb-spacing-left-medium:1.92%;--awb-width-small:100%;--awb-order-small:0;--awb-spacing-right-small:1.92%;--awb-spacing-left-small:1.92%;\"><div class=\"fusion-column-wrapper fusion-column-has-shadow fusion-flex-justify-content-flex-start fusion-content-layout-column\"><div class=\"fusion-text fusion-text-1\"><h4><a href=\"#cid\"><i class=\"fb-icon-element-1 fb-icon-element fontawesome-icon fa-check fas circle-no fusion-text-flow\" style=\"--awb-iconcolor:#2cb34a;--awb-iconcolor-hover:#2cb34a;--awb-font-size:24px;--awb-margin-right:12px;\"><\/i>IPC CID (CERTIFIED INTERCONNECT DESIGNER-BASIC)<\/a><\/h4>\n<h4><a href=\"#cidplus\"><i class=\"fb-icon-element-2 fb-icon-element fontawesome-icon fa-check fas circle-no fusion-text-flow\" style=\"--awb-iconcolor:#2cb34a;--awb-iconcolor-hover:#2cb34a;--awb-font-size:24px;--awb-margin-right:12px;\"><\/i>IPC CID+ (ADVANCED CERTIFIED INTERCONNECT DESIGNER)<\/a><\/h4>\n<\/div><\/div><\/div><\/div><\/div><div class=\"fusion-fullwidth fullwidth-box fusion-builder-row-3 fusion-flex-container nonhundred-percent-fullwidth non-hundred-percent-height-scrolling fusion-no-large-visibility\" style=\"--awb-border-radius-top-left:0px;--awb-border-radius-top-right:0px;--awb-border-radius-bottom-right:0px;--awb-border-radius-bottom-left:0px;--awb-padding-top:50px;--awb-padding-bottom:25px;--awb-background-color:#fcfcfc;--awb-flex-wrap:wrap;--awb-box-shadow: 0px 0px ;\" ><div class=\"fusion-builder-row fusion-row fusion-flex-align-items-flex-start fusion-flex-content-wrap\" style=\"max-width:1144px;margin-left: calc(-4% \/ 2 );margin-right: calc(-4% \/ 2 );\"><div class=\"fusion-layout-column fusion_builder_column fusion-builder-column-2 fusion_builder_column_1_1 1_1 fusion-flex-column\" style=\"--awb-bg-size:cover;--awb-width-large:100%;--awb-margin-top-large:0px;--awb-spacing-right-large:1.92%;--awb-margin-bottom-large:20px;--awb-spacing-left-large:1.92%;--awb-width-medium:100%;--awb-order-medium:0;--awb-spacing-right-medium:1.92%;--awb-spacing-left-medium:1.92%;--awb-width-small:100%;--awb-order-small:0;--awb-spacing-right-small:1.92%;--awb-spacing-left-small:1.92%;\"><div class=\"fusion-column-wrapper fusion-column-has-shadow fusion-flex-justify-content-flex-start fusion-content-layout-column\"><div class=\"fusion-text fusion-text-2\"><h4><a href=\"#cid\"><i class=\"fb-icon-element-3 fb-icon-element fontawesome-icon fa-check fas circle-no fusion-text-flow\" style=\"--awb-iconcolor:#2cb34a;--awb-iconcolor-hover:#2cb34a;--awb-font-size:24px;--awb-margin-right:12px;\"><\/i>IPC CID (CERTIFIED INTERCONNECT DESIGNER-BASIC)<\/a><\/h4>\n<h4><a href=\"#cidplus\"><i class=\"fb-icon-element-4 fb-icon-element fontawesome-icon fa-check fas circle-no fusion-text-flow\" style=\"--awb-iconcolor:#2cb34a;--awb-iconcolor-hover:#2cb34a;--awb-font-size:24px;--awb-margin-right:12px;\"><\/i>IPC CID+ (ADVANCED CERTIFIED INTERCONNECT DESIGNER)<\/a><\/h4>\n<\/div><\/div><\/div><\/div><\/div><div id=\"cid\" class=\"fusion-container-anchor\"><div class=\"fusion-fullwidth fullwidth-box fusion-builder-row-4 fusion-flex-container nonhundred-percent-fullwidth non-hundred-percent-height-scrolling\" style=\"--awb-border-radius-top-left:0px;--awb-border-radius-top-right:0px;--awb-border-radius-bottom-right:0px;--awb-border-radius-bottom-left:0px;--awb-padding-top:50px;--awb-padding-bottom:25px;--awb-flex-wrap:wrap;\" ><div class=\"fusion-builder-row fusion-row fusion-flex-align-items-flex-start fusion-flex-content-wrap\" style=\"max-width:1144px;margin-left: calc(-4% \/ 2 );margin-right: calc(-4% \/ 2 );\"><div class=\"fusion-layout-column fusion_builder_column fusion-builder-column-3 fusion_builder_column_1_1 1_1 fusion-flex-column\" style=\"--awb-bg-size:cover;--awb-width-large:100%;--awb-margin-top-large:0px;--awb-spacing-right-large:1.92%;--awb-margin-bottom-large:20px;--awb-spacing-left-large:1.92%;--awb-width-medium:100%;--awb-order-medium:0;--awb-spacing-right-medium:1.92%;--awb-spacing-left-medium:1.92%;--awb-width-small:100%;--awb-order-small:0;--awb-spacing-right-small:1.92%;--awb-spacing-left-small:1.92%;\"><div class=\"fusion-column-wrapper fusion-column-has-shadow fusion-flex-justify-content-flex-start fusion-content-layout-column\"><div class=\"fusion-title title fusion-title-2 sep-underline sep-dotted fusion-title-text fusion-title-size-two\" style=\"--awb-margin-top-small:0px;--awb-margin-right-small:0px;--awb-margin-bottom-small:20px;--awb-margin-left-small:0px;\"><h2 class=\"fusion-title-heading title-heading-left\" style=\"margin:0;\">IPC CID (CERTIFIED INTERCONNECT DESIGNER-BASIC)<\/h2><\/div><div class=\"fusion-text fusion-text-3\"><p>Sraith de chaighde\u00e1in IPC tr\u00edna nd\u00e9antar cl\u00e1ir chiorcad priont\u00e1ilte a dhearadh is ea Sraith IPC-2220 (\u201cCaighde\u00e1n Cine\u00e1lach ar Dhearadh Bord Cl\u00f3bhuailte\u201d). Is institi\u00faid Mheirice\u00e1nach \u00e9 IPC a chinnt\u00edonn go nd\u00e9anann oili\u00fan\u00f3ir\u00ed deimhnithe IPC an t-eolas go l\u00e9ir a dh\u00e1ileadh ar fud an domhain tr\u00edna gcaighde\u00e1in IPC, cl\u00e1ir oili\u00fana IPC agus \u00e1bhair theagaisc IPC. Is caighde\u00e1n \u00e9 an IPC-2221 tr\u00edna nd\u00e9anann dearth\u00f3ir\u00ed cl\u00e1ir chiorcad priont\u00e1ilte a dhearadh ionas go dtuigtear i gceart na comhaid Gerber (na l\u00edn\u00edochta\u00ed \/ sonra\u00ed dearaidh) ar thaobh an mhonar\u00f3ra bord ciorcad priont\u00e1ilte ar a meais\u00edn\u00ed t\u00e1irgeachta. Oibr\u00edonn beagnach gach dearth\u00f3ir bord ciorcad priont\u00e1ilte ar fud an domhain de r\u00e9ir an chaighde\u00e1in \/ na gcaighde\u00e1n seo.    M\u00e1 theasta\u00edonn tuilleadh eolais uait maidir le dearadh cl\u00e1r ciorcad priont\u00e1ilte, \u00e1bhair bhoird chiorcaid phriont\u00e1ilte, bailchr\u00edocha dromchla, mais theirmeach, imr\u00e9itigh leictreacha, an fad go dt\u00ed imeall an chl\u00e1ir chiorcaid phriont\u00e1ilte, lamh\u00e1ltais, t\u00e1st\u00e1lacha, marc\u00e1lacha, plug\u00e1il \/ tent\u00e1il vias, m\u00e1istir l\u00edn\u00edocht (l\u00edn\u00edocht dearaidh), masc solder, iontaofacht, gn\u00e9ithe comhshaoil srl. ansin is \u00e9 an caighde\u00e1n seo an ceann ceart duitse.<\/p>\n<h3>AN BHFUIL T\u00da F\u00c9IDIR LE FOGHLAIM CONAS BORD CIRCUIT PRINTED (PCB) a DEARADH? IS F\u00c9IDIR LEAT! <\/h3>\n<p>\u00das\u00e1idtear an caighde\u00e1n seo chun t\u00e1irge nua leictreonaice a dhearadh sa roinn dearaidh agus uaireanta freisin mar sheice\u00e1il iontr\u00e1la ag monar\u00f3ir an bhoird chiorcaid (an chuideachta a th\u00e1irgeann cl\u00e1ir chiorcaid lom). M\u00e1 t\u00e1 na l\u00edn\u00edochta\u00ed dearaidh m\u00edcheart, n\u00ed f\u00e9idir le monar\u00f3ir an bhoird chiorcaid phriont\u00e1ilte t\u00e1irgeadh i gceart, rud a chialla\u00edonn nach f\u00e9idir leis an gc\u00f3ime\u00e1la\u00ed na comhph\u00e1irteanna a s\u00e1dr\u00e1il i gceart agus, d\u00e1 bharr sin, sa ch\u00e1s is measa go dteipeann ar na t\u00e1irg\u00ed leictreonacha roimh am. T\u00e1 dearadh maith mar bhun\u00fas le t\u00e1irge deiridh ar ardchaighde\u00e1n. Is oili\u00faint \u00ed an oili\u00faint CID a chuireann oili\u00faint ar mhac l\u00e9inn \/ rannph\u00e1irt\u00ed mar Certified Interconnect Designer (CID). Cialla\u00edonn s\u00e9 seo go mbeidh a l\u00e1n eolais ag an mac l\u00e9inn faoi rialacha dearaidh (treoirl\u00ednte dearaidh) ina dhiaidh sin.    <\/p>\n<p>T\u00e1 an oili\u00faint seo oiri\u00fanach do dhaoine at\u00e1 ag obair sa roinn dearaidh. T\u00e1 dh\u00e1 chuid san oili\u00faint deimhni\u00fach\u00e1in CID. Is \u00e9 an ch\u00e9ad chuid ullmh\u00fach\u00e1n sa bhaile, 3 l\u00e1 oili\u00fana an dara cuid agus ag deireadh na hoili\u00fana scr\u00edobhann an rannph\u00e1irt\u00ed scr\u00fad\u00fa deiridh (110 ceist ilroghnacha). Is \u00e9 73% an sc\u00f3r \u00edosta chun go n-\u00e9ireoidh leis. Nuair a fhaigheann an rannph\u00e1irt\u00ed a dheimhni\u00fa CID, b\u00edonn an deimhni\u00fa sin bail\u00ed go deo. Leis an deimhni\u00fa IPC seo is f\u00e9idir leat oibri\u00fa mar CID ( Certified Interconnect Designer ) ar fud an domhain. D\u00edreach cos\u00fail le cead\u00fanas tiom\u00e1na, aithn\u00edtear an deimhni\u00fa IPC seo go hidirn\u00e1isi\u00fanta. M\u00e1 t\u00e1 suim ag duine in oili\u00faint bhreise (ardleibh\u00e9al), t\u00e1 an oili\u00faint CID + oiri\u00fanach chuige seo. Is \u00e9 an CID an duine ainmnithe a phl\u00e9ann agus a r\u00e9it\u00edonn fadhbanna le custaim\u00e9ir\u00ed.<\/p>\n<\/div><div class=\"fusion-text fusion-text-4\"><p>N\u00e1 b\u00edodh drogall ort teagmh\u00e1il a dh\u00e9anamh linn le haghaidh cl\u00e1r oili\u00fana ioml\u00e1n, tuilleadh faisn\u00e9ise, n\u00f3 saincheisteanna eile a bhaineann le hoili\u00faint. Ar an bhf\u00f3n + 31- (0) 45-5703333, tr\u00ed r-phost <a href=\"mailto:support@piek.international\">support@piek.international<\/a> n\u00f3 <a href=\"https:\/\/piek.international\/quote-request\/\">iarr luachan<\/a> .<\/p>\n<\/div>\n<div style=\"text-align:right;\"><a class=\"fusion-button button-flat fusion-button-default-size button-default fusion-button-default button-1 fusion-button-default-span fusion-button-default-type\" style=\"--button_text_transform:uppercase;\" target=\"_self\" title=\"Iarratas ar Athfhriotail\" aria-label=\"Iarratas ar Athfhriotail\" href=\"https:\/\/piek.international\/quote-request\/\"><span class=\"fusion-button-text awb-button__text awb-button__text--default\">Iarratas ar Athfhriotail<\/span><\/a><\/div>\n<\/div><\/div><\/div><\/div><\/div><div id=\"cidplus\" class=\"fusion-container-anchor\"><div class=\"fusion-fullwidth fullwidth-box fusion-builder-row-5 fusion-flex-container nonhundred-percent-fullwidth non-hundred-percent-height-scrolling\" style=\"--awb-border-radius-top-left:0px;--awb-border-radius-top-right:0px;--awb-border-radius-bottom-right:0px;--awb-border-radius-bottom-left:0px;--awb-padding-top:50px;--awb-padding-bottom:25px;--awb-margin-top:50px;--awb-background-color:#fcfcfc;--awb-flex-wrap:wrap;\" ><div class=\"fusion-builder-row fusion-row fusion-flex-align-items-flex-start fusion-flex-content-wrap\" style=\"max-width:1144px;margin-left: calc(-4% \/ 2 );margin-right: calc(-4% \/ 2 );\"><div class=\"fusion-layout-column fusion_builder_column fusion-builder-column-4 fusion_builder_column_1_1 1_1 fusion-flex-column\" style=\"--awb-bg-size:cover;--awb-width-large:100%;--awb-margin-top-large:0px;--awb-spacing-right-large:1.92%;--awb-margin-bottom-large:20px;--awb-spacing-left-large:1.92%;--awb-width-medium:100%;--awb-order-medium:0;--awb-spacing-right-medium:1.92%;--awb-spacing-left-medium:1.92%;--awb-width-small:100%;--awb-order-small:0;--awb-spacing-right-small:1.92%;--awb-spacing-left-small:1.92%;\"><div class=\"fusion-column-wrapper fusion-column-has-shadow fusion-flex-justify-content-flex-start fusion-content-layout-column\"><div class=\"fusion-title title fusion-title-3 sep-underline sep-dotted fusion-title-text fusion-title-size-two\" style=\"--awb-margin-top-small:0px;--awb-margin-right-small:0px;--awb-margin-bottom-small:20px;--awb-margin-left-small:0px;\"><h2 class=\"fusion-title-heading title-heading-left\" style=\"margin:0;\">IPC CID+ (ADVANCED CERTIFIED INTERCONNECT DESIGNER)<\/h2><\/div><div class=\"fusion-text fusion-text-5\"><p>Sraith de chaighde\u00e1in IPC tr\u00edna nd\u00e9antar cl\u00e1ir chiorcad priont\u00e1ilte a dhearadh is ea Sraith IPC-2220 (\u201cCaighde\u00e1n Cine\u00e1lach ar Dhearadh Bord Cl\u00f3bhuailte\u201d). Is institi\u00faid Mheirice\u00e1nach \u00e9 IPC a chinnt\u00edonn go nd\u00e9anann oili\u00fan\u00f3ir\u00ed deimhnithe IPC an t-eolas go l\u00e9ir a dh\u00e1ileadh ar fud an domhain tr\u00edna gcaighde\u00e1in IPC, cl\u00e1ir oili\u00fana IPC agus \u00e1bhair theagaisc IPC. Is caighde\u00e1n \u00e9 an IPC-2221 tr\u00edna nd\u00e9anann dearth\u00f3ir\u00ed cl\u00e1ir chiorcad priont\u00e1ilte a dhearadh ionas go dtuigtear i gceart na comhaid Gerber (na l\u00edn\u00edochta\u00ed \/ sonra\u00ed dearaidh) ar thaobh an mhonar\u00f3ra bord ciorcad priont\u00e1ilte ar a meais\u00edn\u00ed t\u00e1irgeachta. Oibr\u00edonn beagnach gach dearth\u00f3ir bord ciorcad priont\u00e1ilte ar fud an domhain de r\u00e9ir an chaighde\u00e1in \/ na gcaighde\u00e1n seo.   <\/p>\n<h3>AN BHFUIL T\u00da F\u00c9IDIR LE FOGHLAIM CONAS BORDANNA CIRCUIT PRINTED DIFFICULT (PCBS) a DEARADH? IS F\u00c9IDIR LEAT! <\/h3>\n<p>M\u00e1 theasta\u00edonn tuilleadh eolais uait maidir le dearadh cl\u00e1r ciorcad priont\u00e1ilte, \u00e1bhair bhoird chiorcaid phriont\u00e1ilte, bailchr\u00edocha dromchla, mais theirmeach, imr\u00e9itigh leictreacha, an fad go dt\u00ed imeall an chl\u00e1ir chiorcaid phriont\u00e1ilte, lamh\u00e1ltais, t\u00e1st\u00e1lacha, marc\u00e1lacha, plug\u00e1il \/ tent\u00e1il vias, m\u00e1istir l\u00edn\u00edocht (l\u00edn\u00edocht dearaidh), masc solder, iontaofacht, gn\u00e9ithe comhshaoil srl. ansin is \u00e9 an caighde\u00e1n seo an ceann ceart duitse. \u00das\u00e1idtear an caighde\u00e1n seo chun t\u00e1irge nua leictreonaice a dhearadh sa roinn dearaidh agus uaireanta freisin mar sheice\u00e1il iontr\u00e1la ag monar\u00f3ir an bhoird chiorcaid (an chuideachta a th\u00e1irgeann cl\u00e1ir chiorcaid lom). M\u00e1 t\u00e1 na l\u00edn\u00edochta\u00ed dearaidh m\u00edcheart, n\u00ed f\u00e9idir le monar\u00f3ir an bhoird chiorcaid phriont\u00e1ilte t\u00e1irgeadh i gceart, rud a chialla\u00edonn nach f\u00e9idir leis an gc\u00f3ime\u00e1la\u00ed na comhph\u00e1irteanna a s\u00e1dr\u00e1il i gceart agus, d\u00e1 bharr sin, sa ch\u00e1s is measa go dteipeann ar na t\u00e1irg\u00ed leictreonacha roimh am. T\u00e1 dearadh maith mar bhun\u00fas le t\u00e1irge deiridh ar ardchaighde\u00e1n. Is oili\u00faint \u00ed an oili\u00faint CID + a chuireann oili\u00faint ar mhac l\u00e9inn \/ rannph\u00e1irt\u00ed mar Advanced Certified Interconnect Designer (CID +). Cialla\u00edonn s\u00e9 seo go mbeidh gach eolas ag an mac l\u00e9inn faoi rialacha dearaidh (treoirl\u00ednte dearaidh) ina dhiaidh sin.      T\u00e1 an oili\u00faint seo oiri\u00fanach do ardranganna (speisialt\u00f3ir\u00ed dearaidh) a oibr\u00edonn sa roinn dearaidh. T\u00e1 dh\u00e1 chuid san oili\u00faint deimhni\u00fach\u00e1in CID +. Is \u00e9 an ch\u00e9ad chuid ullmh\u00fach\u00e1n sa bhaile, 3 l\u00e1 oili\u00fana an dara cuid agus ag deireadh na hoili\u00fana scr\u00edobhann an rannph\u00e1irt\u00ed scr\u00fad\u00fa deiridh (120 ceist ilroghnacha). Nuair a bheidh a theastas CID + faighte ag an rannph\u00e1irt\u00ed, b\u00edonn an deimhni\u00fa sin bail\u00ed go deo. Leis an deimhni\u00fa IPC seo is f\u00e9idir leat oibri\u00fa ar fud an domhain mar CID + ( Advanced Certified Interconnect Designer ). D\u00edreach cos\u00fail le cead\u00fanas tiom\u00e1na, aithn\u00edtear an deimhni\u00fa IPC seo go hidirn\u00e1isi\u00fanta. Is \u00e9 an CID + an duine ainmnithe a phl\u00e9ann agus a r\u00e9it\u00edonn fadhbanna le custaim\u00e9ir\u00ed.<\/p>\n<\/div><div class=\"fusion-text fusion-text-6\"><p>N\u00e1 b\u00edodh drogall ort teagmh\u00e1il a dh\u00e9anamh linn le haghaidh cl\u00e1r oili\u00fana ioml\u00e1n, tuilleadh faisn\u00e9ise, n\u00f3 saincheisteanna eile a bhaineann le hoili\u00faint. Ar an bhf\u00f3n + 31- (0) 45-5703333, tr\u00ed r-phost <a href=\"mailto:support@piek.international\">support@piek.international<\/a> n\u00f3 <a href=\"https:\/\/piek.international\/quote-request\/\">iarr luachan<\/a> .<\/p>\n<\/div>\n<div style=\"text-align:right;\"><a class=\"fusion-button button-flat fusion-button-default-size button-default fusion-button-default button-2 fusion-button-default-span fusion-button-default-type\" style=\"--button_text_transform:uppercase;\" target=\"_self\" title=\"Iarratas ar Athfhriotail\" aria-label=\"Iarratas ar Athfhriotail\" href=\"https:\/\/piek.international\/quote-request\/\"><span class=\"fusion-button-text awb-button__text awb-button__text--default\">Iarratas ar Athfhriotail<\/span><\/a><\/div>\n<\/div><\/div><\/div><\/div><\/div><\/p>\n","protected":false},"excerpt":{"rendered":"","protected":false},"author":1,"featured_media":0,"parent":0,"menu_order":0,"comment_status":"closed","ping_status":"closed","template":"100-width.php","meta":{"footnotes":""},"class_list":["post-1636","page","type-page","status-publish","hentry"],"yoast_head":"<!-- This site is optimized with the Yoast SEO plugin v27.3 - https:\/\/yoast.com\/product\/yoast-seo-wordpress\/ -->\n<title>Deimhni\u00fa IPC Designer - IPC Accredited Training Partner - PIEK<\/title>\n<meta name=\"description\" content=\"Is oili\u00faint dearaidh pcb \u00ed an oili\u00faint CID a chuireann oili\u00faint ar mhac l\u00e9inn mar Certified Interconnect Designer IPC (CID).\" \/>\n<meta name=\"robots\" content=\"index, follow, max-snippet:-1, max-image-preview:large, max-video-preview:-1\" \/>\n<link rel=\"canonical\" href=\"https:\/\/piek.international\/ga\/deimhniu-ipc-designer\/\" \/>\n<meta property=\"og:locale\" content=\"ga_IE\" \/>\n<meta property=\"og:type\" content=\"article\" \/>\n<meta property=\"og:title\" content=\"Deimhni\u00fa IPC Designer - IPC Accredited Training Partner - PIEK\" \/>\n<meta property=\"og:description\" content=\"Is oili\u00faint dearaidh pcb \u00ed an oili\u00faint CID a chuireann oili\u00faint ar mhac l\u00e9inn mar Certified Interconnect Designer IPC (CID).\" \/>\n<meta property=\"og:url\" content=\"https:\/\/piek.international\/ga\/deimhniu-ipc-designer\/\" \/>\n<meta property=\"og:site_name\" content=\"IPC Accredited Training Partner - PIEK\" \/>\n<meta property=\"article:modified_time\" content=\"2021-11-09T10:34:13+00:00\" \/>\n<meta name=\"twitter:card\" content=\"summary_large_image\" \/>\n<meta name=\"twitter:label1\" content=\"Est. reading time\" \/>\n\t<meta name=\"twitter:data1\" content=\"25 minutes\" \/>\n<script type=\"application\/ld+json\" class=\"yoast-schema-graph\">{\"@context\":\"https:\\\/\\\/schema.org\",\"@graph\":[{\"@type\":\"WebPage\",\"@id\":\"https:\\\/\\\/piek.international\\\/ga\\\/deimhniu-ipc-designer\\\/\",\"url\":\"https:\\\/\\\/piek.international\\\/ga\\\/deimhniu-ipc-designer\\\/\",\"name\":\"Deimhni\u00fa IPC Designer - IPC Accredited Training Partner - PIEK\",\"isPartOf\":{\"@id\":\"https:\\\/\\\/piek.international\\\/ga\\\/#website\"},\"datePublished\":\"2021-11-09T10:34:12+00:00\",\"dateModified\":\"2021-11-09T10:34:13+00:00\",\"description\":\"Is oili\u00faint dearaidh pcb \u00ed an oili\u00faint CID a chuireann oili\u00faint ar mhac l\u00e9inn mar Certified Interconnect Designer IPC (CID).\",\"breadcrumb\":{\"@id\":\"https:\\\/\\\/piek.international\\\/ga\\\/deimhniu-ipc-designer\\\/#breadcrumb\"},\"inLanguage\":\"ga-IE\",\"potentialAction\":[{\"@type\":\"ReadAction\",\"target\":[\"https:\\\/\\\/piek.international\\\/ga\\\/deimhniu-ipc-designer\\\/\"]}]},{\"@type\":\"BreadcrumbList\",\"@id\":\"https:\\\/\\\/piek.international\\\/ga\\\/deimhniu-ipc-designer\\\/#breadcrumb\",\"itemListElement\":[{\"@type\":\"ListItem\",\"position\":1,\"name\":\"Home\",\"item\":\"https:\\\/\\\/piek.international\\\/ga\\\/\"},{\"@type\":\"ListItem\",\"position\":2,\"name\":\"Deimhni\u00fa IPC Designer\"}]},{\"@type\":\"WebSite\",\"@id\":\"https:\\\/\\\/piek.international\\\/ga\\\/#website\",\"url\":\"https:\\\/\\\/piek.international\\\/ga\\\/\",\"name\":\"IPC Accredited Training Partner - PIEK\",\"description\":\"\",\"potentialAction\":[{\"@type\":\"SearchAction\",\"target\":{\"@type\":\"EntryPoint\",\"urlTemplate\":\"https:\\\/\\\/piek.international\\\/ga\\\/?s={search_term_string}\"},\"query-input\":{\"@type\":\"PropertyValueSpecification\",\"valueRequired\":true,\"valueName\":\"search_term_string\"}}],\"inLanguage\":\"ga-IE\"}]}<\/script>\n<!-- \/ Yoast SEO plugin. -->","yoast_head_json":{"title":"Deimhni\u00fa IPC Designer - IPC Accredited Training Partner - PIEK","description":"Is oili\u00faint dearaidh pcb \u00ed an oili\u00faint CID a chuireann oili\u00faint ar mhac l\u00e9inn mar Certified Interconnect Designer IPC (CID).","robots":{"index":"index","follow":"follow","max-snippet":"max-snippet:-1","max-image-preview":"max-image-preview:large","max-video-preview":"max-video-preview:-1"},"canonical":"https:\/\/piek.international\/ga\/deimhniu-ipc-designer\/","og_locale":"ga_IE","og_type":"article","og_title":"Deimhni\u00fa IPC Designer - IPC Accredited Training Partner - PIEK","og_description":"Is oili\u00faint dearaidh pcb \u00ed an oili\u00faint CID a chuireann oili\u00faint ar mhac l\u00e9inn mar Certified Interconnect Designer IPC (CID).","og_url":"https:\/\/piek.international\/ga\/deimhniu-ipc-designer\/","og_site_name":"IPC Accredited Training Partner - PIEK","article_modified_time":"2021-11-09T10:34:13+00:00","twitter_card":"summary_large_image","twitter_misc":{"Est. reading time":"25 minutes"},"schema":{"@context":"https:\/\/schema.org","@graph":[{"@type":"WebPage","@id":"https:\/\/piek.international\/ga\/deimhniu-ipc-designer\/","url":"https:\/\/piek.international\/ga\/deimhniu-ipc-designer\/","name":"Deimhni\u00fa IPC Designer - IPC Accredited Training Partner - PIEK","isPartOf":{"@id":"https:\/\/piek.international\/ga\/#website"},"datePublished":"2021-11-09T10:34:12+00:00","dateModified":"2021-11-09T10:34:13+00:00","description":"Is oili\u00faint dearaidh pcb \u00ed an oili\u00faint CID a chuireann oili\u00faint ar mhac l\u00e9inn mar Certified Interconnect Designer IPC (CID).","breadcrumb":{"@id":"https:\/\/piek.international\/ga\/deimhniu-ipc-designer\/#breadcrumb"},"inLanguage":"ga-IE","potentialAction":[{"@type":"ReadAction","target":["https:\/\/piek.international\/ga\/deimhniu-ipc-designer\/"]}]},{"@type":"BreadcrumbList","@id":"https:\/\/piek.international\/ga\/deimhniu-ipc-designer\/#breadcrumb","itemListElement":[{"@type":"ListItem","position":1,"name":"Home","item":"https:\/\/piek.international\/ga\/"},{"@type":"ListItem","position":2,"name":"Deimhni\u00fa IPC Designer"}]},{"@type":"WebSite","@id":"https:\/\/piek.international\/ga\/#website","url":"https:\/\/piek.international\/ga\/","name":"IPC Accredited Training Partner - PIEK","description":"","potentialAction":[{"@type":"SearchAction","target":{"@type":"EntryPoint","urlTemplate":"https:\/\/piek.international\/ga\/?s={search_term_string}"},"query-input":{"@type":"PropertyValueSpecification","valueRequired":true,"valueName":"search_term_string"}}],"inLanguage":"ga-IE"}]}},"_links":{"self":[{"href":"https:\/\/piek.international\/ga\/wp-json\/wp\/v2\/pages\/1636","targetHints":{"allow":["GET"]}}],"collection":[{"href":"https:\/\/piek.international\/ga\/wp-json\/wp\/v2\/pages"}],"about":[{"href":"https:\/\/piek.international\/ga\/wp-json\/wp\/v2\/types\/page"}],"author":[{"embeddable":true,"href":"https:\/\/piek.international\/ga\/wp-json\/wp\/v2\/users\/1"}],"replies":[{"embeddable":true,"href":"https:\/\/piek.international\/ga\/wp-json\/wp\/v2\/comments?post=1636"}],"version-history":[{"count":2,"href":"https:\/\/piek.international\/ga\/wp-json\/wp\/v2\/pages\/1636\/revisions"}],"predecessor-version":[{"id":1638,"href":"https:\/\/piek.international\/ga\/wp-json\/wp\/v2\/pages\/1636\/revisions\/1638"}],"wp:attachment":[{"href":"https:\/\/piek.international\/ga\/wp-json\/wp\/v2\/media?parent=1636"}],"curies":[{"name":"wp","href":"https:\/\/api.w.org\/{rel}","templated":true}]}}