{"id":1423,"date":"2021-11-08T11:03:25","date_gmt":"2021-11-08T11:03:25","guid":{"rendered":"https:\/\/piek.international\/certifikacija-ipc-designer\/"},"modified":"2021-11-08T11:03:25","modified_gmt":"2021-11-08T11:03:25","slug":"certifikacija-ipc-designer","status":"publish","type":"page","link":"https:\/\/piek.international\/hr\/certifikacija-ipc-designer\/","title":{"rendered":"Certifikacija IPC Designer"},"content":{"rendered":"<p><div class=\"fusion-fullwidth fullwidth-box fusion-builder-row-1 fusion-flex-container nonhundred-percent-fullwidth non-hundred-percent-height-scrolling\" style=\"--awb-border-radius-top-left:0px;--awb-border-radius-top-right:0px;--awb-border-radius-bottom-right:0px;--awb-border-radius-bottom-left:0px;--awb-flex-wrap:wrap;\" ><div class=\"fusion-builder-row fusion-row fusion-flex-align-items-flex-start fusion-flex-content-wrap\" style=\"max-width:1144px;margin-left: calc(-4% \/ 2 );margin-right: calc(-4% \/ 2 );\"><div class=\"fusion-layout-column fusion_builder_column fusion-builder-column-0 fusion_builder_column_1_1 1_1 fusion-flex-column\" style=\"--awb-bg-size:cover;--awb-width-large:100%;--awb-margin-top-large:0px;--awb-spacing-right-large:1.92%;--awb-margin-bottom-large:20px;--awb-spacing-left-large:1.92%;--awb-width-medium:100%;--awb-order-medium:0;--awb-spacing-right-medium:1.92%;--awb-spacing-left-medium:1.92%;--awb-width-small:100%;--awb-order-small:0;--awb-spacing-right-small:1.92%;--awb-spacing-left-small:1.92%;\"><div class=\"fusion-column-wrapper fusion-column-has-shadow fusion-flex-justify-content-flex-start fusion-content-layout-column\"><div class=\"fusion-title title fusion-title-1 sep-underline sep-dotted fusion-title-text fusion-title-size-one\" style=\"--awb-margin-top-small:0px;--awb-margin-right-small:0px;--awb-margin-bottom-small:20px;--awb-margin-left-small:0px;\"><h1 class=\"fusion-title-heading title-heading-left\" style=\"margin:0;\">Certifikacija IPC Designer<\/h1><\/div><\/div><\/div><\/div><\/div><div class=\"fusion-bg-parallax\" data-bg-align=\"right top\" data-direction=\"down\" data-mute=\"false\" data-opacity=\"100\" data-velocity=\"-0.3\" data-mobile-enabled=\"false\" data-break_parents=\"0\" data-bg-image=\"https:\/\/piek.international\/wp-content\/uploads\/pcb-background-v4.jpeg\" data-bg-repeat=\"false\" data-bg-color=\"#fcfcfc\" ><\/div><div class=\"fusion-fullwidth fullwidth-box fusion-builder-row-2 fusion-flex-container fusion-parallax-down nonhundred-percent-fullwidth non-hundred-percent-height-scrolling fusion-no-small-visibility fusion-no-medium-visibility\" style=\"--awb-background-position:right top;--awb-border-radius-top-left:0px;--awb-border-radius-top-right:0px;--awb-border-radius-bottom-right:0px;--awb-border-radius-bottom-left:0px;--awb-padding-top:50px;--awb-padding-bottom:25px;--awb-background-color:#fcfcfc;--awb-background-image:url(&quot;https:\/\/piek.international\/wp-content\/uploads\/pcb-background-v4.jpeg&quot;);--awb-background-size:cover;--awb-flex-wrap:wrap;--awb-box-shadow: 0px 0px ;\" ><div class=\"fusion-builder-row fusion-row fusion-flex-align-items-flex-start fusion-flex-content-wrap\" style=\"max-width:1144px;margin-left: calc(-4% \/ 2 );margin-right: calc(-4% \/ 2 );\"><div class=\"fusion-layout-column fusion_builder_column fusion-builder-column-1 fusion_builder_column_1_1 1_1 fusion-flex-column\" style=\"--awb-bg-size:cover;--awb-width-large:100%;--awb-margin-top-large:0px;--awb-spacing-right-large:1.92%;--awb-margin-bottom-large:20px;--awb-spacing-left-large:1.92%;--awb-width-medium:100%;--awb-order-medium:0;--awb-spacing-right-medium:1.92%;--awb-spacing-left-medium:1.92%;--awb-width-small:100%;--awb-order-small:0;--awb-spacing-right-small:1.92%;--awb-spacing-left-small:1.92%;\"><div class=\"fusion-column-wrapper fusion-column-has-shadow fusion-flex-justify-content-flex-start fusion-content-layout-column\"><div class=\"fusion-text fusion-text-1\"><h4><a href=\"#cid\"><i class=\"fb-icon-element-1 fb-icon-element fontawesome-icon fa-check fas circle-no fusion-text-flow\" style=\"--awb-iconcolor:#2cb34a;--awb-iconcolor-hover:#2cb34a;--awb-font-size:24px;--awb-margin-right:12px;\"><\/i>IPC CID ( CERTIFIED INTERCONNECT DESIGNER-BASIC )<\/a><\/h4>\n<h4><a href=\"#cidplus\"><i class=\"fb-icon-element-2 fb-icon-element fontawesome-icon fa-check fas circle-no fusion-text-flow\" style=\"--awb-iconcolor:#2cb34a;--awb-iconcolor-hover:#2cb34a;--awb-font-size:24px;--awb-margin-right:12px;\"><\/i>IPC CID+ (ADVANCED CERTIFIED INTERCONNECT DESIGNER)<\/a><\/h4>\n<\/div><\/div><\/div><\/div><\/div><div class=\"fusion-fullwidth fullwidth-box fusion-builder-row-3 fusion-flex-container nonhundred-percent-fullwidth non-hundred-percent-height-scrolling fusion-no-large-visibility\" style=\"--awb-border-radius-top-left:0px;--awb-border-radius-top-right:0px;--awb-border-radius-bottom-right:0px;--awb-border-radius-bottom-left:0px;--awb-padding-top:50px;--awb-padding-bottom:25px;--awb-background-color:#fcfcfc;--awb-flex-wrap:wrap;--awb-box-shadow: 0px 0px ;\" ><div class=\"fusion-builder-row fusion-row fusion-flex-align-items-flex-start fusion-flex-content-wrap\" style=\"max-width:1144px;margin-left: calc(-4% \/ 2 );margin-right: calc(-4% \/ 2 );\"><div class=\"fusion-layout-column fusion_builder_column fusion-builder-column-2 fusion_builder_column_1_1 1_1 fusion-flex-column\" style=\"--awb-bg-size:cover;--awb-width-large:100%;--awb-margin-top-large:0px;--awb-spacing-right-large:1.92%;--awb-margin-bottom-large:20px;--awb-spacing-left-large:1.92%;--awb-width-medium:100%;--awb-order-medium:0;--awb-spacing-right-medium:1.92%;--awb-spacing-left-medium:1.92%;--awb-width-small:100%;--awb-order-small:0;--awb-spacing-right-small:1.92%;--awb-spacing-left-small:1.92%;\"><div class=\"fusion-column-wrapper fusion-column-has-shadow fusion-flex-justify-content-flex-start fusion-content-layout-column\"><div class=\"fusion-text fusion-text-2\"><h4><a href=\"#cid\"><i class=\"fb-icon-element-3 fb-icon-element fontawesome-icon fa-check fas circle-no fusion-text-flow\" style=\"--awb-iconcolor:#2cb34a;--awb-iconcolor-hover:#2cb34a;--awb-font-size:24px;--awb-margin-right:12px;\"><\/i>IPC CID ( CERTIFIED INTERCONNECT DESIGNER-BASIC )<\/a><\/h4>\n<h4><a href=\"#cidplus\"><i class=\"fb-icon-element-4 fb-icon-element fontawesome-icon fa-check fas circle-no fusion-text-flow\" style=\"--awb-iconcolor:#2cb34a;--awb-iconcolor-hover:#2cb34a;--awb-font-size:24px;--awb-margin-right:12px;\"><\/i>IPC CID+ (ADVANCED CERTIFIED INTERCONNECT DESIGNER)<\/a><\/h4>\n<\/div><\/div><\/div><\/div><\/div><div id=\"cid\" class=\"fusion-container-anchor\"><div class=\"fusion-fullwidth fullwidth-box fusion-builder-row-4 fusion-flex-container nonhundred-percent-fullwidth non-hundred-percent-height-scrolling\" style=\"--awb-border-radius-top-left:0px;--awb-border-radius-top-right:0px;--awb-border-radius-bottom-right:0px;--awb-border-radius-bottom-left:0px;--awb-padding-top:50px;--awb-padding-bottom:25px;--awb-flex-wrap:wrap;\" ><div class=\"fusion-builder-row fusion-row fusion-flex-align-items-flex-start fusion-flex-content-wrap\" style=\"max-width:1144px;margin-left: calc(-4% \/ 2 );margin-right: calc(-4% \/ 2 );\"><div class=\"fusion-layout-column fusion_builder_column fusion-builder-column-3 fusion_builder_column_1_1 1_1 fusion-flex-column\" style=\"--awb-bg-size:cover;--awb-width-large:100%;--awb-margin-top-large:0px;--awb-spacing-right-large:1.92%;--awb-margin-bottom-large:20px;--awb-spacing-left-large:1.92%;--awb-width-medium:100%;--awb-order-medium:0;--awb-spacing-right-medium:1.92%;--awb-spacing-left-medium:1.92%;--awb-width-small:100%;--awb-order-small:0;--awb-spacing-right-small:1.92%;--awb-spacing-left-small:1.92%;\"><div class=\"fusion-column-wrapper fusion-column-has-shadow fusion-flex-justify-content-flex-start fusion-content-layout-column\"><div class=\"fusion-title title fusion-title-2 sep-underline sep-dotted fusion-title-text fusion-title-size-two\" style=\"--awb-margin-top-small:0px;--awb-margin-right-small:0px;--awb-margin-bottom-small:20px;--awb-margin-left-small:0px;\"><h2 class=\"fusion-title-heading title-heading-left\" style=\"margin:0;\">IPC CID ( CERTIFIED INTERCONNECT DESIGNER-BASIC )<\/h2><\/div><div class=\"fusion-text fusion-text-3\"><p>Serija IPC-2220 (\u201cGeneri\u010dki standard za dizajn tiskanih plo\u010da\u201d) je serija IPC standarda prema kojima su dizajnirane tiskane plo\u010de. IPC je ameri\u010dki institut koji osigurava da se svo znanje distribuira diljem svijeta od strane certificiranih IPC trenera kroz svoje IPC standarde, IPC programe obuke i IPC nastavne materijale. IPC-2221 je standard prema kojem dizajneri dizajniraju tiskane plo\u010de tako da se Gerber datoteke (nacrti\/podaci dizajna) na strani proizvo\u0111a\u010da tiskanih plo\u010da pravilno razumiju na njihovim proizvodnim strojevima. Gotovo svi dizajneri tiskanih plo\u010da diljem svijeta rade u skladu s ovim standardom(ima).    Ako trebate daljnje znanje o dizajnu tiskanih plo\u010da, materijalima tiskanih plo\u010dica, povr\u0161inskoj obradi, toplinskoj masi, elektri\u010dnim razmacima, udaljenosti do ruba tiskane plo\u010de, tolerancijama, testovima, oznakama, umetanju\/zatvaranju spojeva, master crte\u017e (crtanje dizajna), maska za lemljenje, pouzdanost, aspekti okoli\u0161a itd. onda je ovaj standard pravi za vas.<\/p>\n<h3>\u017dELITE LI NAU\u010cITI KAKO DIZAJNIRATI TISKANU PLO\u010cU (PCB)? DA MO\u017dETE! <\/h3>\n<p>Ovaj standard se koristi za dizajn novog elektroni\u010dkog proizvoda u dizajnerskom odjelu, a ponekad i kao ulazna provjera kod proizvo\u0111a\u010da plo\u010dica (tvrtka koja proizvodi gole plo\u010dice). Ako su projektni crte\u017ei neto\u010dni, proizvo\u0111a\u010d tiskanih plo\u010dica ne mo\u017ee pravilno proizvesti, \u0161to zna\u010di da monta\u017eer ne mo\u017ee pravilno zalemiti komponente i, kao rezultat toga, u najgorem slu\u010daju elektroni\u010dki proizvodi prerano pokvare. Dobar dizajn temelj je kvalitetnog krajnjeg proizvoda. CID trening je trening koji osposobljava studenta\/polaznika za Certified Interconnect Designer (CID). To zna\u010di da student nakon toga ima puno znanja o pravilima dizajna (smjernicama dizajna).    <\/p>\n<p>Ova obuka je pogodna za ljude koji rade u dizajnerskom odjelu. CID certifikacijski trening sastoji se od dva dijela. Prvi dio je priprema kod ku\u0107e, drugi dio je 3 dana treninga i na kraju treninga polaznik pi\u0161e zavr\u0161ni ispit (110 pitanja vi\u0161estrukog izbora). Minimalni rezultat za uspjeh je 73%. Kada sudionik dobije svoj CID certifikat, taj certifikat vrijedi zauvijek. S ovim IPC certifikatom mo\u017eete raditi kao CID ( Certified Interconnect Designer ) u cijelom svijetu. Ba\u0161 kao i voza\u010dka, ovaj IPC certifikat je me\u0111unarodno priznat. Ako je netko zainteresiran za dodatnu (naprednu) obuku, za to je prikladna CID+ obuka. CID je odre\u0111ena osoba koja raspravlja i rje\u0161ava probleme s kupcima.<\/p>\n<\/div><div class=\"fusion-text fusion-text-4\"><p>Ne ustru\u010davajte se kontaktirati nas za kompletan program obuke, vi\u0161e informacija ili druge probleme vezane uz obuku. Telefonom +31-(0)45-5703333, e-po\u0161tom <a href=\"mailto:support@piek.international\">support@piek.international<\/a> ili <a href=\"https:\/\/piek.international\/quote-request\/\">zatra\u017eite ponudu<\/a> .<\/p>\n<\/div>\n<div style=\"text-align:right;\"><a class=\"fusion-button button-flat fusion-button-default-size button-default fusion-button-default button-1 fusion-button-default-span fusion-button-default-type\" style=\"--button_text_transform:uppercase;\" target=\"_self\" title=\"Zahtjev za ponudu\" aria-label=\"Zahtjev za ponudu\" href=\"https:\/\/piek.international\/quote-request\/\"><span class=\"fusion-button-text awb-button__text awb-button__text--default\">Zahtjev za ponudu<\/span><\/a><\/div>\n<\/div><\/div><\/div><\/div><\/div><div id=\"cidplus\" class=\"fusion-container-anchor\"><div class=\"fusion-fullwidth fullwidth-box fusion-builder-row-5 fusion-flex-container nonhundred-percent-fullwidth non-hundred-percent-height-scrolling\" style=\"--awb-border-radius-top-left:0px;--awb-border-radius-top-right:0px;--awb-border-radius-bottom-right:0px;--awb-border-radius-bottom-left:0px;--awb-padding-top:50px;--awb-padding-bottom:25px;--awb-margin-top:50px;--awb-background-color:#fcfcfc;--awb-flex-wrap:wrap;\" ><div class=\"fusion-builder-row fusion-row fusion-flex-align-items-flex-start fusion-flex-content-wrap\" style=\"max-width:1144px;margin-left: calc(-4% \/ 2 );margin-right: calc(-4% \/ 2 );\"><div class=\"fusion-layout-column fusion_builder_column fusion-builder-column-4 fusion_builder_column_1_1 1_1 fusion-flex-column\" style=\"--awb-bg-size:cover;--awb-width-large:100%;--awb-margin-top-large:0px;--awb-spacing-right-large:1.92%;--awb-margin-bottom-large:20px;--awb-spacing-left-large:1.92%;--awb-width-medium:100%;--awb-order-medium:0;--awb-spacing-right-medium:1.92%;--awb-spacing-left-medium:1.92%;--awb-width-small:100%;--awb-order-small:0;--awb-spacing-right-small:1.92%;--awb-spacing-left-small:1.92%;\"><div class=\"fusion-column-wrapper fusion-column-has-shadow fusion-flex-justify-content-flex-start fusion-content-layout-column\"><div class=\"fusion-title title fusion-title-3 sep-underline sep-dotted fusion-title-text fusion-title-size-two\" style=\"--awb-margin-top-small:0px;--awb-margin-right-small:0px;--awb-margin-bottom-small:20px;--awb-margin-left-small:0px;\"><h2 class=\"fusion-title-heading title-heading-left\" style=\"margin:0;\">IPC CID+ (ADVANCED CERTIFIED INTERCONNECT DESIGNER)<\/h2><\/div><div class=\"fusion-text fusion-text-5\"><p>Serija IPC-2220 (\u201cGeneri\u010dki standard za dizajn tiskanih plo\u010da\u201d) je serija IPC standarda prema kojima su dizajnirane tiskane plo\u010de. IPC je ameri\u010dki institut koji osigurava da se svo znanje distribuira diljem svijeta od strane certificiranih IPC trenera kroz svoje IPC standarde, IPC programe obuke i IPC nastavne materijale. IPC-2221 je standard prema kojem dizajneri dizajniraju tiskane plo\u010de tako da se Gerber datoteke (nacrti\/podaci dizajna) na strani proizvo\u0111a\u010da tiskanih plo\u010da pravilno razumiju na njihovim proizvodnim strojevima. Gotovo svi dizajneri tiskanih plo\u010da diljem svijeta rade u skladu s ovim standardom(ima).   <\/p>\n<h3>\u017dELITE LI NAU\u010cITI KAKO DIZAJNIRATI TE\u0160KE TISKANE PLO\u010cE (PCBS)? DA MO\u017dETE! <\/h3>\n<p>Ako trebate daljnje znanje o dizajnu tiskanih plo\u010da, materijalima tiskanih plo\u010dica, povr\u0161inskoj obradi, toplinskoj masi, elektri\u010dnim razmacima, udaljenosti do ruba tiskane plo\u010de, tolerancijama, testovima, oznakama, umetanju\/zatvaranju spojeva, master crte\u017e (crtanje dizajna), maska za lemljenje, pouzdanost, aspekti okoli\u0161a itd. onda je ovaj standard pravi za vas. Ovaj standard se koristi za dizajn novog elektroni\u010dkog proizvoda u dizajnerskom odjelu, a ponekad i kao ulazna provjera kod proizvo\u0111a\u010da plo\u010dica (tvrtka koja proizvodi gole plo\u010dice). Ako su projektni crte\u017ei neto\u010dni, proizvo\u0111a\u010d tiskanih plo\u010dica ne mo\u017ee pravilno proizvesti, \u0161to zna\u010di da monta\u017eer ne mo\u017ee pravilno zalemiti komponente i, kao rezultat toga, u najgorem slu\u010daju elektroni\u010dki proizvodi prerano pokvare. Dobar dizajn temelj je kvalitetnog krajnjeg proizvoda. CID+ trening je trening koji osposobljava studenta\/polaznika za Advanced Certified Interconnect Designer (CID+). To zna\u010di da student nakon toga ima sva znanja o pravilima dizajna (smjernicama dizajna).      Ova obuka je pogodna za napredne (dizajnerske stru\u010dnjake) koji rade u dizajnerskom odjelu. CID+ certifikacijski trening sastoji se od dva dijela. Prvi dio je priprema kod ku\u0107e, drugi dio je 3 dana treninga i na kraju treninga polaznik pi\u0161e zavr\u0161ni ispit (120 pitanja vi\u0161estrukog izbora). Kada sudionik dobije svoj CID+ certifikat, taj certifikat vrijedi zauvijek. S ovim IPC certifikatom mo\u017eete raditi diljem svijeta kao CID+ ( Advanced Certified Interconnect Designer ). Ba\u0161 kao i voza\u010dka, ovaj IPC certifikat je me\u0111unarodno priznat. CID+ je odre\u0111ena osoba koja raspravlja i rje\u0161ava probleme s kupcima.<\/p>\n<\/div><div class=\"fusion-text fusion-text-6\"><p>Ne ustru\u010davajte se kontaktirati nas za kompletan program obuke, vi\u0161e informacija ili druge probleme vezane uz obuku. Telefonom +31-(0)45-5703333, e-po\u0161tom <a href=\"mailto:support@piek.international\">support@piek.international<\/a> ili <a href=\"https:\/\/piek.international\/quote-request\/\">zatra\u017eite ponudu<\/a> .<\/p>\n<\/div>\n<div style=\"text-align:right;\"><a class=\"fusion-button button-flat fusion-button-default-size button-default fusion-button-default button-2 fusion-button-default-span fusion-button-default-type\" style=\"--button_text_transform:uppercase;\" target=\"_self\" title=\"Zahtjev za ponudu\" aria-label=\"Zahtjev za ponudu\" href=\"https:\/\/piek.international\/quote-request\/\"><span class=\"fusion-button-text awb-button__text awb-button__text--default\">Zahtjev za ponudu<\/span><\/a><\/div>\n<\/div><\/div><\/div><\/div><\/div><\/p>\n","protected":false},"excerpt":{"rendered":"","protected":false},"author":1,"featured_media":0,"parent":0,"menu_order":0,"comment_status":"closed","ping_status":"closed","template":"100-width.php","meta":{"footnotes":""},"class_list":["post-1423","page","type-page","status-publish","hentry"],"yoast_head":"<!-- This site is optimized with the Yoast SEO plugin v27.3 - https:\/\/yoast.com\/product\/yoast-seo-wordpress\/ -->\n<title>Certifikacija IPC Designer - IPC Accredited Training Partner - PIEK<\/title>\n<meta name=\"description\" content=\"CID obuka je obuka za dizajn PCB-a koja osposobljava studenta za IPC Certified Interconnect Designer (CID).\" \/>\n<meta name=\"robots\" content=\"index, follow, max-snippet:-1, max-image-preview:large, max-video-preview:-1\" \/>\n<link rel=\"canonical\" href=\"https:\/\/piek.international\/hr\/certifikacija-ipc-designer\/\" \/>\n<meta property=\"og:locale\" content=\"hr_HR\" \/>\n<meta property=\"og:type\" content=\"article\" \/>\n<meta property=\"og:title\" content=\"Certifikacija IPC Designer - IPC Accredited Training Partner - PIEK\" \/>\n<meta property=\"og:description\" content=\"CID obuka je obuka za dizajn PCB-a koja osposobljava studenta za IPC Certified Interconnect Designer (CID).\" \/>\n<meta property=\"og:url\" content=\"https:\/\/piek.international\/hr\/certifikacija-ipc-designer\/\" \/>\n<meta property=\"og:site_name\" content=\"IPC Accredited Training Partner - PIEK\" \/>\n<meta name=\"twitter:card\" content=\"summary_large_image\" \/>\n<meta name=\"twitter:label1\" content=\"Procijenjeno vrijeme \u010ditanja\" \/>\n\t<meta name=\"twitter:data1\" content=\"23 minute\" \/>\n<script type=\"application\/ld+json\" class=\"yoast-schema-graph\">{\"@context\":\"https:\\\/\\\/schema.org\",\"@graph\":[{\"@type\":\"WebPage\",\"@id\":\"https:\\\/\\\/piek.international\\\/hr\\\/certifikacija-ipc-designer\\\/\",\"url\":\"https:\\\/\\\/piek.international\\\/hr\\\/certifikacija-ipc-designer\\\/\",\"name\":\"Certifikacija IPC Designer - IPC Accredited Training Partner - PIEK\",\"isPartOf\":{\"@id\":\"https:\\\/\\\/piek.international\\\/hr\\\/#website\"},\"datePublished\":\"2021-11-08T11:03:25+00:00\",\"description\":\"CID obuka je obuka za dizajn PCB-a koja osposobljava studenta za IPC Certified Interconnect Designer (CID).\",\"breadcrumb\":{\"@id\":\"https:\\\/\\\/piek.international\\\/hr\\\/certifikacija-ipc-designer\\\/#breadcrumb\"},\"inLanguage\":\"hr\",\"potentialAction\":[{\"@type\":\"ReadAction\",\"target\":[\"https:\\\/\\\/piek.international\\\/hr\\\/certifikacija-ipc-designer\\\/\"]}]},{\"@type\":\"BreadcrumbList\",\"@id\":\"https:\\\/\\\/piek.international\\\/hr\\\/certifikacija-ipc-designer\\\/#breadcrumb\",\"itemListElement\":[{\"@type\":\"ListItem\",\"position\":1,\"name\":\"Home\",\"item\":\"https:\\\/\\\/piek.international\\\/hr\\\/\"},{\"@type\":\"ListItem\",\"position\":2,\"name\":\"Certifikacija IPC Designer\"}]},{\"@type\":\"WebSite\",\"@id\":\"https:\\\/\\\/piek.international\\\/hr\\\/#website\",\"url\":\"https:\\\/\\\/piek.international\\\/hr\\\/\",\"name\":\"IPC Accredited Training Partner - PIEK\",\"description\":\"\",\"potentialAction\":[{\"@type\":\"SearchAction\",\"target\":{\"@type\":\"EntryPoint\",\"urlTemplate\":\"https:\\\/\\\/piek.international\\\/hr\\\/?s={search_term_string}\"},\"query-input\":{\"@type\":\"PropertyValueSpecification\",\"valueRequired\":true,\"valueName\":\"search_term_string\"}}],\"inLanguage\":\"hr\"}]}<\/script>\n<!-- \/ Yoast SEO plugin. -->","yoast_head_json":{"title":"Certifikacija IPC Designer - IPC Accredited Training Partner - PIEK","description":"CID obuka je obuka za dizajn PCB-a koja osposobljava studenta za IPC Certified Interconnect Designer (CID).","robots":{"index":"index","follow":"follow","max-snippet":"max-snippet:-1","max-image-preview":"max-image-preview:large","max-video-preview":"max-video-preview:-1"},"canonical":"https:\/\/piek.international\/hr\/certifikacija-ipc-designer\/","og_locale":"hr_HR","og_type":"article","og_title":"Certifikacija IPC Designer - IPC Accredited Training Partner - PIEK","og_description":"CID obuka je obuka za dizajn PCB-a koja osposobljava studenta za IPC Certified Interconnect Designer (CID).","og_url":"https:\/\/piek.international\/hr\/certifikacija-ipc-designer\/","og_site_name":"IPC Accredited Training Partner - PIEK","twitter_card":"summary_large_image","twitter_misc":{"Procijenjeno vrijeme \u010ditanja":"23 minute"},"schema":{"@context":"https:\/\/schema.org","@graph":[{"@type":"WebPage","@id":"https:\/\/piek.international\/hr\/certifikacija-ipc-designer\/","url":"https:\/\/piek.international\/hr\/certifikacija-ipc-designer\/","name":"Certifikacija IPC Designer - IPC Accredited Training Partner - PIEK","isPartOf":{"@id":"https:\/\/piek.international\/hr\/#website"},"datePublished":"2021-11-08T11:03:25+00:00","description":"CID obuka je obuka za dizajn PCB-a koja osposobljava studenta za IPC Certified Interconnect Designer (CID).","breadcrumb":{"@id":"https:\/\/piek.international\/hr\/certifikacija-ipc-designer\/#breadcrumb"},"inLanguage":"hr","potentialAction":[{"@type":"ReadAction","target":["https:\/\/piek.international\/hr\/certifikacija-ipc-designer\/"]}]},{"@type":"BreadcrumbList","@id":"https:\/\/piek.international\/hr\/certifikacija-ipc-designer\/#breadcrumb","itemListElement":[{"@type":"ListItem","position":1,"name":"Home","item":"https:\/\/piek.international\/hr\/"},{"@type":"ListItem","position":2,"name":"Certifikacija IPC Designer"}]},{"@type":"WebSite","@id":"https:\/\/piek.international\/hr\/#website","url":"https:\/\/piek.international\/hr\/","name":"IPC Accredited Training Partner - PIEK","description":"","potentialAction":[{"@type":"SearchAction","target":{"@type":"EntryPoint","urlTemplate":"https:\/\/piek.international\/hr\/?s={search_term_string}"},"query-input":{"@type":"PropertyValueSpecification","valueRequired":true,"valueName":"search_term_string"}}],"inLanguage":"hr"}]}},"_links":{"self":[{"href":"https:\/\/piek.international\/hr\/wp-json\/wp\/v2\/pages\/1423","targetHints":{"allow":["GET"]}}],"collection":[{"href":"https:\/\/piek.international\/hr\/wp-json\/wp\/v2\/pages"}],"about":[{"href":"https:\/\/piek.international\/hr\/wp-json\/wp\/v2\/types\/page"}],"author":[{"embeddable":true,"href":"https:\/\/piek.international\/hr\/wp-json\/wp\/v2\/users\/1"}],"replies":[{"embeddable":true,"href":"https:\/\/piek.international\/hr\/wp-json\/wp\/v2\/comments?post=1423"}],"version-history":[{"count":2,"href":"https:\/\/piek.international\/hr\/wp-json\/wp\/v2\/pages\/1423\/revisions"}],"predecessor-version":[{"id":1425,"href":"https:\/\/piek.international\/hr\/wp-json\/wp\/v2\/pages\/1423\/revisions\/1425"}],"wp:attachment":[{"href":"https:\/\/piek.international\/hr\/wp-json\/wp\/v2\/media?parent=1423"}],"curies":[{"name":"wp","href":"https:\/\/api.w.org\/{rel}","templated":true}]}}