{"id":655,"date":"2021-10-20T11:21:09","date_gmt":"2021-10-20T11:21:09","guid":{"rendered":"https:\/\/piek.international\/ipc-design-tanusitvany\/"},"modified":"2021-11-05T11:57:45","modified_gmt":"2021-11-05T11:57:45","slug":"ipc-design-tanusitvany","status":"publish","type":"page","link":"https:\/\/piek.international\/hu\/ipc-design-tanusitvany\/","title":{"rendered":"IPC Design tan\u00fas\u00edtv\u00e1ny"},"content":{"rendered":"<p><div class=\"fusion-fullwidth fullwidth-box fusion-builder-row-1 fusion-flex-container nonhundred-percent-fullwidth non-hundred-percent-height-scrolling\" style=\"--awb-border-radius-top-left:0px;--awb-border-radius-top-right:0px;--awb-border-radius-bottom-right:0px;--awb-border-radius-bottom-left:0px;--awb-flex-wrap:wrap;\" ><div class=\"fusion-builder-row fusion-row fusion-flex-align-items-flex-start fusion-flex-content-wrap\" style=\"max-width:1144px;margin-left: calc(-4% \/ 2 );margin-right: calc(-4% \/ 2 );\"><div class=\"fusion-layout-column fusion_builder_column fusion-builder-column-0 fusion_builder_column_1_1 1_1 fusion-flex-column\" style=\"--awb-bg-size:cover;--awb-width-large:100%;--awb-margin-top-large:0px;--awb-spacing-right-large:1.92%;--awb-margin-bottom-large:20px;--awb-spacing-left-large:1.92%;--awb-width-medium:100%;--awb-order-medium:0;--awb-spacing-right-medium:1.92%;--awb-spacing-left-medium:1.92%;--awb-width-small:100%;--awb-order-small:0;--awb-spacing-right-small:1.92%;--awb-spacing-left-small:1.92%;\"><div class=\"fusion-column-wrapper fusion-column-has-shadow fusion-flex-justify-content-flex-start fusion-content-layout-column\"><div class=\"fusion-title title fusion-title-1 sep-underline sep-dotted fusion-title-text fusion-title-size-one\" style=\"--awb-margin-top-small:0px;--awb-margin-right-small:0px;--awb-margin-bottom-small:20px;--awb-margin-left-small:0px;\"><h1 class=\"fusion-title-heading title-heading-left\" style=\"margin:0;\">IPC Design tan\u00fas\u00edtv\u00e1ny<\/h1><\/div><\/div><\/div><\/div><\/div><div class=\"fusion-bg-parallax\" data-bg-align=\"right top\" data-direction=\"down\" data-mute=\"false\" data-opacity=\"100\" data-velocity=\"-0.3\" data-mobile-enabled=\"false\" data-break_parents=\"0\" data-bg-image=\"https:\/\/piek.international\/wp-content\/uploads\/pcb-background-v4.jpeg\" data-bg-repeat=\"false\" data-bg-color=\"#fcfcfc\" ><\/div><div class=\"fusion-fullwidth fullwidth-box fusion-builder-row-2 fusion-flex-container fusion-parallax-down nonhundred-percent-fullwidth non-hundred-percent-height-scrolling fusion-no-small-visibility fusion-no-medium-visibility\" style=\"--awb-background-position:right top;--awb-border-radius-top-left:0px;--awb-border-radius-top-right:0px;--awb-border-radius-bottom-right:0px;--awb-border-radius-bottom-left:0px;--awb-padding-top:50px;--awb-padding-bottom:25px;--awb-background-color:#fcfcfc;--awb-background-image:url(&quot;https:\/\/piek.international\/wp-content\/uploads\/pcb-background-v4.jpeg&quot;);--awb-background-size:cover;--awb-flex-wrap:wrap;--awb-box-shadow: 0px 0px ;\" ><div class=\"fusion-builder-row fusion-row fusion-flex-align-items-flex-start fusion-flex-content-wrap\" style=\"max-width:1144px;margin-left: calc(-4% \/ 2 );margin-right: calc(-4% \/ 2 );\"><div class=\"fusion-layout-column fusion_builder_column fusion-builder-column-1 fusion_builder_column_1_1 1_1 fusion-flex-column\" style=\"--awb-bg-size:cover;--awb-width-large:100%;--awb-margin-top-large:0px;--awb-spacing-right-large:1.92%;--awb-margin-bottom-large:20px;--awb-spacing-left-large:1.92%;--awb-width-medium:100%;--awb-order-medium:0;--awb-spacing-right-medium:1.92%;--awb-spacing-left-medium:1.92%;--awb-width-small:100%;--awb-order-small:0;--awb-spacing-right-small:1.92%;--awb-spacing-left-small:1.92%;\"><div class=\"fusion-column-wrapper fusion-column-has-shadow fusion-flex-justify-content-flex-start fusion-content-layout-column\"><div class=\"fusion-text fusion-text-1\"><h4><a href=\"#cid\"><i class=\"fb-icon-element-1 fb-icon-element fontawesome-icon fa-check fas circle-no fusion-text-flow\" style=\"--awb-iconcolor:#2cb34a;--awb-iconcolor-hover:#2cb34a;--awb-font-size:24px;--awb-margin-right:12px;\"><\/i>IPC CID (CERTIFIED INTERCONNECT DESIGNER-BASIC)<\/a><\/h4>\n<h4><a href=\"#cidplus\"><i class=\"fb-icon-element-2 fb-icon-element fontawesome-icon fa-check fas circle-no fusion-text-flow\" style=\"--awb-iconcolor:#2cb34a;--awb-iconcolor-hover:#2cb34a;--awb-font-size:24px;--awb-margin-right:12px;\"><\/i>IPC CID+ (ADVANCED CERTIFIED INTERCONNECT DESIGNER)<\/a><\/h4>\n<\/div><\/div><\/div><\/div><\/div><div class=\"fusion-fullwidth fullwidth-box fusion-builder-row-3 fusion-flex-container nonhundred-percent-fullwidth non-hundred-percent-height-scrolling fusion-no-large-visibility\" style=\"--awb-border-radius-top-left:0px;--awb-border-radius-top-right:0px;--awb-border-radius-bottom-right:0px;--awb-border-radius-bottom-left:0px;--awb-padding-top:50px;--awb-padding-bottom:25px;--awb-background-color:#fcfcfc;--awb-flex-wrap:wrap;--awb-box-shadow: 0px 0px ;\" ><div class=\"fusion-builder-row fusion-row fusion-flex-align-items-flex-start fusion-flex-content-wrap\" style=\"max-width:1144px;margin-left: calc(-4% \/ 2 );margin-right: calc(-4% \/ 2 );\"><div class=\"fusion-layout-column fusion_builder_column fusion-builder-column-2 fusion_builder_column_1_1 1_1 fusion-flex-column\" style=\"--awb-bg-size:cover;--awb-width-large:100%;--awb-margin-top-large:0px;--awb-spacing-right-large:1.92%;--awb-margin-bottom-large:20px;--awb-spacing-left-large:1.92%;--awb-width-medium:100%;--awb-order-medium:0;--awb-spacing-right-medium:1.92%;--awb-spacing-left-medium:1.92%;--awb-width-small:100%;--awb-order-small:0;--awb-spacing-right-small:1.92%;--awb-spacing-left-small:1.92%;\"><div class=\"fusion-column-wrapper fusion-column-has-shadow fusion-flex-justify-content-flex-start fusion-content-layout-column\"><div class=\"fusion-text fusion-text-2\"><h4><a href=\"#cid\"><i class=\"fb-icon-element-3 fb-icon-element fontawesome-icon fa-check fas circle-no fusion-text-flow\" style=\"--awb-iconcolor:#2cb34a;--awb-iconcolor-hover:#2cb34a;--awb-font-size:24px;--awb-margin-right:12px;\"><\/i>IPC CID (CERTIFIED INTERCONNECT DESIGNER-BASIC)<\/a><\/h4>\n<h4><a href=\"#cidplus\"><i class=\"fb-icon-element-4 fb-icon-element fontawesome-icon fa-check fas circle-no fusion-text-flow\" style=\"--awb-iconcolor:#2cb34a;--awb-iconcolor-hover:#2cb34a;--awb-font-size:24px;--awb-margin-right:12px;\"><\/i>IPC CID+ (ADVANCED CERTIFIED INTERCONNECT DESIGNER)<\/a><\/h4>\n<\/div><\/div><\/div><\/div><\/div><div id=\"cid\" class=\"fusion-container-anchor\"><div class=\"fusion-fullwidth fullwidth-box fusion-builder-row-4 fusion-flex-container nonhundred-percent-fullwidth non-hundred-percent-height-scrolling\" style=\"--awb-border-radius-top-left:0px;--awb-border-radius-top-right:0px;--awb-border-radius-bottom-right:0px;--awb-border-radius-bottom-left:0px;--awb-padding-top:50px;--awb-padding-bottom:25px;--awb-flex-wrap:wrap;\" ><div class=\"fusion-builder-row fusion-row fusion-flex-align-items-flex-start fusion-flex-content-wrap\" style=\"max-width:1144px;margin-left: calc(-4% \/ 2 );margin-right: calc(-4% \/ 2 );\"><div class=\"fusion-layout-column fusion_builder_column fusion-builder-column-3 fusion_builder_column_1_1 1_1 fusion-flex-column\" style=\"--awb-bg-size:cover;--awb-width-large:100%;--awb-margin-top-large:0px;--awb-spacing-right-large:1.92%;--awb-margin-bottom-large:20px;--awb-spacing-left-large:1.92%;--awb-width-medium:100%;--awb-order-medium:0;--awb-spacing-right-medium:1.92%;--awb-spacing-left-medium:1.92%;--awb-width-small:100%;--awb-order-small:0;--awb-spacing-right-small:1.92%;--awb-spacing-left-small:1.92%;\"><div class=\"fusion-column-wrapper fusion-column-has-shadow fusion-flex-justify-content-flex-start fusion-content-layout-column\"><div class=\"fusion-title title fusion-title-2 sep-underline sep-dotted fusion-title-text fusion-title-size-two\" style=\"--awb-margin-top-small:0px;--awb-margin-right-small:0px;--awb-margin-bottom-small:20px;--awb-margin-left-small:0px;\"><h2 class=\"fusion-title-heading title-heading-left\" style=\"margin:0;\">IPC CID (CERTIFIED INTERCONNECT DESIGNER-BASIC)<\/h2><\/div><div class=\"fusion-text fusion-text-3\"><p>Az IPC-2220 sorozat (\u201eGeneric Standard on Printed Board Design\u201d) egy sor IPC szabv\u00e1ny, amelyek alapj\u00e1n nyomtatott \u00e1ramk\u00f6ri lapokat terveznek. Az IPC egy amerikai int\u00e9zet, amely biztos\u00edtja, hogy minden tud\u00e1st a min\u0151s\u00edtett IPC oktat\u00f3k terjesszenek vil\u00e1gszerte IPC szabv\u00e1nyaik, IPC k\u00e9pz\u00e9si programjaik \u00e9s IPC tananyagaik r\u00e9v\u00e9n. Az IPC-2221 olyan szabv\u00e1ny, amely szerint a tervez\u0151k nyomtatott \u00e1ramk\u00f6ri lapokat terveznek \u00fagy, hogy a nyomtatott \u00e1ramk\u00f6ri lap gy\u00e1rt\u00f3j\u00e1nak Gerber f\u00e1jljait (a tervrajzokat\/adatokat) megfelel\u0151en meg\u00e9rts\u00e9k a gy\u00e1rt\u00f3g\u00e9peiken. A vil\u00e1gon szinte minden nyomtatott \u00e1ramk\u00f6ri lap tervez\u0151je ezen szabv\u00e1ny (ok) szerint dolgozik.    Ha tov\u00e1bbi ismeretekre van sz\u00fcks\u00e9ge a nyomtatott \u00e1ramk\u00f6ri lapok, nyomtatott \u00e1ramk\u00f6ri lapok anyagainak, fel\u00fcletkezel\u00e9seinek, termikus t\u00f6meg\u00e9nek, elektromos h\u00e9zagoknak, a nyomtatott \u00e1ramk\u00f6ri lap sz\u00e9l\u00e9nek t\u00e1vols\u00e1g\u00e1nak tervez\u00e9s\u00e9ben, t\u0171r\u00e9sek, tesztek, jel\u00f6l\u00e9sek, az el\u0151lapok bedug\u00e1sa\/s\u00e1toroz\u00e1sa, mester rajz (tervrajz), forraszt\u00f3maszk, megb\u00edzhat\u00f3s\u00e1g, k\u00f6rnyezetv\u00e9delmi szempontok stb., akkor ez a szabv\u00e1ny az \u00d6n sz\u00e1m\u00e1ra megfelel\u0151.<\/p>\n<h3>SZERETN\u00c9T TANULNI, HOGYAN TERVEZZE A NYOMTATOTT \u00c1RAMK\u00d6RT\u00c1NYOT (NY\u00c1K)? IGEN TUDSZ! <\/h3>\n<p>Ezt a szabv\u00e1nyt egy \u00faj elektronikai term\u00e9k tervez\u00e9s\u00e9re haszn\u00e1lj\u00e1k a tervez\u00e9si oszt\u00e1lyon, \u00e9s n\u00e9ha bel\u00e9p\u00e9si ellen\u0151rz\u00e9sk\u00e9nt az \u00e1ramk\u00f6ri lap gy\u00e1rt\u00f3j\u00e1n\u00e1l (a csupasz \u00e1ramk\u00f6ri lapokat gy\u00e1rt\u00f3 c\u00e9gn\u00e9l). Ha a tervez\u00e9si rajzok helytelenek, a nyomtatott \u00e1ramk\u00f6ri lapok gy\u00e1rt\u00f3ja nem tud megfelel\u0151en termelni, ami azt jelenti, hogy az \u00f6sszeszerel\u0151 nem tudja megfelel\u0151en forrasztani az alkatr\u00e9szeket, \u00e9s ennek k\u00f6vetkezt\u00e9ben a legrosszabb esetben az elektronikai term\u00e9kek id\u0151 el\u0151tt meghib\u00e1sodnak. A j\u00f3 design a j\u00f3 min\u0151s\u00e9g\u0171 v\u00e9gterm\u00e9k alapja. A CID k\u00e9pz\u00e9s olyan k\u00e9pz\u00e9s, amely tan\u00edtv\u00e1nyt\/r\u00e9sztvev\u0151t tan\u00edt Certified Interconnect Designer -nek (CID). Ez azt jelenti, hogy a hallgat\u00f3 sok ismerettel rendelkezik a tervez\u00e9si szab\u00e1lyokr\u00f3l (tervez\u00e9si ir\u00e1nyelvekr\u0151l).    <\/p>\n<p>Ez a k\u00e9pz\u00e9s azoknak aj\u00e1nlott, akik a tervez\u00e9si oszt\u00e1lyon dolgoznak. A CID tan\u00fas\u00edt\u00e1si k\u00e9pz\u00e9s k\u00e9t r\u00e9szb\u0151l \u00e1ll. Az els\u0151 r\u00e9sz az otthoni felk\u00e9sz\u00fcl\u00e9s, a m\u00e1sodik r\u00e9sz 3 k\u00e9pz\u00e9si nap, \u00e9s a k\u00e9pz\u00e9s v\u00e9g\u00e9n a r\u00e9sztvev\u0151 z\u00e1r\u00f3vizsg\u00e1t \u00edr (110 k\u00e9rd\u00e9s feleletv\u00e1laszt\u00f3s). A sikerhez sz\u00fcks\u00e9ges minim\u00e1lis pontsz\u00e1m 73%. Amikor a r\u00e9sztvev\u0151 megszerezte a CID -tan\u00fas\u00edtv\u00e1ny\u00e1t, az a tan\u00fas\u00edtv\u00e1ny \u00f6r\u00f6kre \u00e9rv\u00e9nyes. Ezzel az IPC tan\u00fas\u00edtv\u00e1nnyal CID -k\u00e9nt (Certified Interconnect Designer) dolgozhat vil\u00e1gszerte. A vezet\u0151i enged\u00e9lyhez hasonl\u00f3an ez az IPC tan\u00fas\u00edtv\u00e1ny nemzetk\u00f6zileg elismert. Ha valakit \u00e9rdekel a tov\u00e1bbi (halad\u00f3) k\u00e9pz\u00e9s, a CID+ k\u00e9pz\u00e9s alkalmas erre. A CID a kijel\u00f6lt szem\u00e9ly, aki megbesz\u00e9li \u00e9s megoldja a probl\u00e9m\u00e1kat az \u00fcgyfelekkel.<\/p>\n<\/div><div class=\"fusion-text fusion-text-4\"><p>K\u00e9rj\u00fck, ne habozzon kapcsolatba l\u00e9pni vel\u00fcnk egy teljes k\u00e9pz\u00e9si programmal, tov\u00e1bbi inform\u00e1ci\u00f3kkal vagy egy\u00e9b k\u00e9pz\u00e9ssel kapcsolatos k\u00e9rd\u00e9sekkel kapcsolatban. Telefonon +31- (0) 45-5703333, e-mailben<a href=\"mailto:support@piek.international\"> support@piek.international<\/a> vagy<a href=\"https:\/\/piek.international\/quote-request\/\"> \u00e1raj\u00e1nlatot k\u00e9r<\/a> .<\/p>\n<\/div>\n<div style=\"text-align:right;\"><a class=\"fusion-button button-flat fusion-button-default-size button-default fusion-button-default button-1 fusion-button-default-span fusion-button-default-type\" style=\"--button_text_transform:uppercase;\" target=\"_self\" title=\"\u00c1raj\u00e1nlatk\u00e9r\u00e9s\" aria-label=\"\u00c1raj\u00e1nlatk\u00e9r\u00e9s\" href=\"https:\/\/piek.international\/quote-request\/\"><span class=\"fusion-button-text awb-button__text awb-button__text--default\">\u00c1raj\u00e1nlatk\u00e9r\u00e9s<\/span><\/a><\/div>\n<\/div><\/div><\/div><\/div><\/div><div id=\"cidplus\" class=\"fusion-container-anchor\"><div class=\"fusion-fullwidth fullwidth-box fusion-builder-row-5 fusion-flex-container nonhundred-percent-fullwidth non-hundred-percent-height-scrolling\" style=\"--awb-border-radius-top-left:0px;--awb-border-radius-top-right:0px;--awb-border-radius-bottom-right:0px;--awb-border-radius-bottom-left:0px;--awb-padding-top:50px;--awb-padding-bottom:25px;--awb-margin-top:50px;--awb-background-color:#fcfcfc;--awb-flex-wrap:wrap;\" ><div class=\"fusion-builder-row fusion-row fusion-flex-align-items-flex-start fusion-flex-content-wrap\" style=\"max-width:1144px;margin-left: calc(-4% \/ 2 );margin-right: calc(-4% \/ 2 );\"><div class=\"fusion-layout-column fusion_builder_column fusion-builder-column-4 fusion_builder_column_1_1 1_1 fusion-flex-column\" style=\"--awb-bg-size:cover;--awb-width-large:100%;--awb-margin-top-large:0px;--awb-spacing-right-large:1.92%;--awb-margin-bottom-large:20px;--awb-spacing-left-large:1.92%;--awb-width-medium:100%;--awb-order-medium:0;--awb-spacing-right-medium:1.92%;--awb-spacing-left-medium:1.92%;--awb-width-small:100%;--awb-order-small:0;--awb-spacing-right-small:1.92%;--awb-spacing-left-small:1.92%;\"><div class=\"fusion-column-wrapper fusion-column-has-shadow fusion-flex-justify-content-flex-start fusion-content-layout-column\"><div class=\"fusion-title title fusion-title-3 sep-underline sep-dotted fusion-title-text fusion-title-size-two\" style=\"--awb-margin-top-small:0px;--awb-margin-right-small:0px;--awb-margin-bottom-small:20px;--awb-margin-left-small:0px;\"><h2 class=\"fusion-title-heading title-heading-left\" style=\"margin:0;\">IPC CID+ (ADVANCED CERTIFIED INTERCONNECT DESIGNER)<\/h2><\/div><div class=\"fusion-text fusion-text-5\"><p>Az IPC-2220 sorozat (\u201eGeneric Standard on Printed Board Design\u201d) egy sor IPC szabv\u00e1ny, amelyek alapj\u00e1n nyomtatott \u00e1ramk\u00f6ri lapokat terveznek. Az IPC egy amerikai int\u00e9zet, amely biztos\u00edtja, hogy minden tud\u00e1st a min\u0151s\u00edtett IPC oktat\u00f3k terjesszenek vil\u00e1gszerte IPC szabv\u00e1nyaik, IPC k\u00e9pz\u00e9si programjaik \u00e9s IPC tananyagaik r\u00e9v\u00e9n. Az IPC-2221 olyan szabv\u00e1ny, amely szerint a tervez\u0151k nyomtatott \u00e1ramk\u00f6ri lapokat terveznek \u00fagy, hogy a nyomtatott \u00e1ramk\u00f6ri lap gy\u00e1rt\u00f3j\u00e1nak Gerber f\u00e1jljait (a tervrajzokat\/adatokat) megfelel\u0151en meg\u00e9rts\u00e9k a gy\u00e1rt\u00f3g\u00e9peiken. A vil\u00e1gon szinte minden nyomtatott \u00e1ramk\u00f6ri lap tervez\u0151je ezen szabv\u00e1ny (ok) szerint dolgozik.   <\/p>\n<h3>SZERETN\u00c9T TANULNI, HOGYAN TERVEZZE A NEH\u00c9Z NYOMTATOTT \u00c1RAMK\u00d6RT\u00c1NYOKAT (PCBS)? IGEN TUDSZ! <\/h3>\n<p>Ha tov\u00e1bbi ismeretekre van sz\u00fcks\u00e9ge a nyomtatott \u00e1ramk\u00f6ri lapok, nyomtatott \u00e1ramk\u00f6ri lapok anyagainak, fel\u00fcletkezel\u00e9seinek, termikus t\u00f6meg\u00e9nek, elektromos h\u00e9zagoknak, a nyomtatott \u00e1ramk\u00f6ri lap sz\u00e9l\u00e9nek t\u00e1vols\u00e1g\u00e1nak tervez\u00e9s\u00e9ben, t\u0171r\u00e9sek, tesztek, jel\u00f6l\u00e9sek, az el\u0151lapok bedug\u00e1sa\/s\u00e1toroz\u00e1sa, mester rajz (tervrajz), forraszt\u00f3maszk, megb\u00edzhat\u00f3s\u00e1g, k\u00f6rnyezetv\u00e9delmi szempontok stb., akkor ez a szabv\u00e1ny az \u00d6n sz\u00e1m\u00e1ra megfelel\u0151. Ezt a szabv\u00e1nyt egy \u00faj elektronikai term\u00e9k tervez\u00e9s\u00e9re haszn\u00e1lj\u00e1k a tervez\u00e9si oszt\u00e1lyon, \u00e9s n\u00e9ha bel\u00e9p\u00e9si ellen\u0151rz\u00e9sk\u00e9nt az \u00e1ramk\u00f6ri lap gy\u00e1rt\u00f3j\u00e1n\u00e1l (a csupasz \u00e1ramk\u00f6ri lapokat gy\u00e1rt\u00f3 c\u00e9gn\u00e9l). Ha a tervez\u00e9si rajzok helytelenek, a nyomtatott \u00e1ramk\u00f6ri lapok gy\u00e1rt\u00f3ja nem tud megfelel\u0151en termelni, ami azt jelenti, hogy az \u00f6sszeszerel\u0151 nem tudja megfelel\u0151en forrasztani az alkatr\u00e9szeket, \u00e9s ennek k\u00f6vetkezt\u00e9ben a legrosszabb esetben az elektronikai term\u00e9kek id\u0151 el\u0151tt meghib\u00e1sodnak. A j\u00f3 design a j\u00f3 min\u0151s\u00e9g\u0171 v\u00e9gterm\u00e9k alapja. A CID+ k\u00e9pz\u00e9s olyan k\u00e9pz\u00e9s, amely a di\u00e1kokat\/r\u00e9sztvev\u0151ket tov\u00e1bbk\u00e9pzett, min\u0151s\u00edtett \u00f6sszekapcsol\u00e1si tervez\u0151k\u00e9nt (CID+) k\u00e9pzi. Ez azt jelenti, hogy a tanul\u00f3 ezt k\u00f6vet\u0151en minden tud\u00e1ssal rendelkezik a tervez\u00e9si szab\u00e1lyokr\u00f3l (tervez\u00e9si ir\u00e1nyelvekr\u0151l).      Ez a k\u00e9pz\u00e9s halad\u00f3 (tervez\u00e9si szakemberek) sz\u00e1m\u00e1ra alkalmas, akik a tervez\u00e9si oszt\u00e1lyon dolgoznak. A CID+ tan\u00fas\u00edt\u00e1si k\u00e9pz\u00e9s k\u00e9t r\u00e9szb\u0151l \u00e1ll. Az els\u0151 r\u00e9sz az otthoni felk\u00e9sz\u00fcl\u00e9s, a m\u00e1sodik r\u00e9sz 3 k\u00e9pz\u00e9si nap, \u00e9s a k\u00e9pz\u00e9s v\u00e9g\u00e9n a r\u00e9sztvev\u0151 z\u00e1r\u00f3vizsg\u00e1t \u00edr (120 k\u00e9rd\u00e9s feleletv\u00e1laszt\u00f3s). Amikor a r\u00e9sztvev\u0151 megszerezte a CID+ tan\u00fas\u00edtv\u00e1ny\u00e1t, az a tan\u00fas\u00edtv\u00e1ny \u00f6r\u00f6kre \u00e9rv\u00e9nyes. Ezzel az IPC tan\u00fas\u00edtv\u00e1nnyal a vil\u00e1g minden t\u00e1j\u00e1n CID+ (Advanced Certified Interconnect Designer) min\u0151s\u00e9gben dolgozhat. A vezet\u0151i enged\u00e9lyhez hasonl\u00f3an ez az IPC tan\u00fas\u00edtv\u00e1ny nemzetk\u00f6zileg elismert. A CID+ a kijel\u00f6lt szem\u00e9ly, aki megbesz\u00e9li \u00e9s megoldja a probl\u00e9m\u00e1kat az \u00fcgyfelekkel.<\/p>\n<\/div><div class=\"fusion-text fusion-text-6\"><p>K\u00e9rj\u00fck, ne habozzon kapcsolatba l\u00e9pni vel\u00fcnk egy teljes k\u00e9pz\u00e9si programmal, tov\u00e1bbi inform\u00e1ci\u00f3kkal vagy egy\u00e9b k\u00e9pz\u00e9ssel kapcsolatos k\u00e9rd\u00e9sekkel kapcsolatban. Telefonon +31- (0) 45-5703333, e-mailben<a href=\"mailto:support@piek.international\"> support@piek.international<\/a> vagy<a href=\"https:\/\/piek.international\/quote-request\/\"> \u00e1raj\u00e1nlatot k\u00e9r<\/a> .<\/p>\n<\/div>\n<div style=\"text-align:right;\"><a class=\"fusion-button button-flat fusion-button-default-size button-default fusion-button-default button-2 fusion-button-default-span fusion-button-default-type\" style=\"--button_text_transform:uppercase;\" target=\"_self\" title=\"\u00c1raj\u00e1nlatk\u00e9r\u00e9s\" aria-label=\"\u00c1raj\u00e1nlatk\u00e9r\u00e9s\" href=\"https:\/\/piek.international\/quote-request\/\"><span class=\"fusion-button-text awb-button__text awb-button__text--default\">\u00c1raj\u00e1nlatk\u00e9r\u00e9s<\/span><\/a><\/div>\n<\/div><\/div><\/div><\/div><\/div><\/p>\n","protected":false},"excerpt":{"rendered":"","protected":false},"author":1,"featured_media":0,"parent":0,"menu_order":0,"comment_status":"closed","ping_status":"closed","template":"100-width.php","meta":{"footnotes":""},"class_list":["post-655","page","type-page","status-publish","hentry"],"yoast_head":"<!-- This site is optimized with the Yoast SEO plugin v27.3 - https:\/\/yoast.com\/product\/yoast-seo-wordpress\/ -->\n<title>IPC Design tan\u00fas\u00edtv\u00e1ny - IPC Accredited Training Partner - PIEK<\/title>\n<meta name=\"description\" content=\"A CID k\u00e9pz\u00e9s egy PCB tervez\u00e9si k\u00e9pz\u00e9s, amely a di\u00e1kokat IPC Certified Interconnect Designer (CID) k\u00e9pz\u00e9sben k\u00e9pzi.\" \/>\n<meta name=\"robots\" content=\"index, follow, max-snippet:-1, max-image-preview:large, max-video-preview:-1\" \/>\n<link rel=\"canonical\" href=\"https:\/\/piek.international\/hu\/ipc-design-tanusitvany\/\" \/>\n<meta property=\"og:locale\" content=\"hu_HU\" \/>\n<meta property=\"og:type\" content=\"article\" \/>\n<meta property=\"og:title\" content=\"IPC Design tan\u00fas\u00edtv\u00e1ny - IPC Accredited Training Partner - PIEK\" \/>\n<meta property=\"og:description\" content=\"A CID k\u00e9pz\u00e9s egy PCB tervez\u00e9si k\u00e9pz\u00e9s, amely a di\u00e1kokat IPC Certified Interconnect Designer (CID) k\u00e9pz\u00e9sben k\u00e9pzi.\" \/>\n<meta property=\"og:url\" content=\"https:\/\/piek.international\/hu\/ipc-design-tanusitvany\/\" \/>\n<meta property=\"og:site_name\" content=\"IPC Accredited Training Partner - PIEK\" \/>\n<meta property=\"article:modified_time\" content=\"2021-11-05T11:57:45+00:00\" \/>\n<meta name=\"twitter:card\" content=\"summary_large_image\" \/>\n<meta name=\"twitter:label1\" content=\"Becs\u00fclt olvas\u00e1si id\u0151\" \/>\n\t<meta name=\"twitter:data1\" content=\"25 perc\" \/>\n<script type=\"application\/ld+json\" class=\"yoast-schema-graph\">{\"@context\":\"https:\\\/\\\/schema.org\",\"@graph\":[{\"@type\":\"WebPage\",\"@id\":\"https:\\\/\\\/piek.international\\\/hu\\\/ipc-design-tanusitvany\\\/\",\"url\":\"https:\\\/\\\/piek.international\\\/hu\\\/ipc-design-tanusitvany\\\/\",\"name\":\"IPC Design tan\u00fas\u00edtv\u00e1ny - IPC Accredited Training Partner - PIEK\",\"isPartOf\":{\"@id\":\"https:\\\/\\\/piek.international\\\/hu\\\/#website\"},\"datePublished\":\"2021-10-20T11:21:09+00:00\",\"dateModified\":\"2021-11-05T11:57:45+00:00\",\"description\":\"A CID k\u00e9pz\u00e9s egy PCB tervez\u00e9si k\u00e9pz\u00e9s, amely a di\u00e1kokat IPC Certified Interconnect Designer (CID) k\u00e9pz\u00e9sben k\u00e9pzi.\",\"breadcrumb\":{\"@id\":\"https:\\\/\\\/piek.international\\\/hu\\\/ipc-design-tanusitvany\\\/#breadcrumb\"},\"inLanguage\":\"hu\",\"potentialAction\":[{\"@type\":\"ReadAction\",\"target\":[\"https:\\\/\\\/piek.international\\\/hu\\\/ipc-design-tanusitvany\\\/\"]}]},{\"@type\":\"BreadcrumbList\",\"@id\":\"https:\\\/\\\/piek.international\\\/hu\\\/ipc-design-tanusitvany\\\/#breadcrumb\",\"itemListElement\":[{\"@type\":\"ListItem\",\"position\":1,\"name\":\"Home\",\"item\":\"https:\\\/\\\/piek.international\\\/hu\\\/\"},{\"@type\":\"ListItem\",\"position\":2,\"name\":\"IPC Design tan\u00fas\u00edtv\u00e1ny\"}]},{\"@type\":\"WebSite\",\"@id\":\"https:\\\/\\\/piek.international\\\/hu\\\/#website\",\"url\":\"https:\\\/\\\/piek.international\\\/hu\\\/\",\"name\":\"IPC Accredited Training Partner - PIEK\",\"description\":\"\",\"potentialAction\":[{\"@type\":\"SearchAction\",\"target\":{\"@type\":\"EntryPoint\",\"urlTemplate\":\"https:\\\/\\\/piek.international\\\/hu\\\/?s={search_term_string}\"},\"query-input\":{\"@type\":\"PropertyValueSpecification\",\"valueRequired\":true,\"valueName\":\"search_term_string\"}}],\"inLanguage\":\"hu\"}]}<\/script>\n<!-- \/ Yoast SEO plugin. -->","yoast_head_json":{"title":"IPC Design tan\u00fas\u00edtv\u00e1ny - IPC Accredited Training Partner - PIEK","description":"A CID k\u00e9pz\u00e9s egy PCB tervez\u00e9si k\u00e9pz\u00e9s, amely a di\u00e1kokat IPC Certified Interconnect Designer (CID) k\u00e9pz\u00e9sben k\u00e9pzi.","robots":{"index":"index","follow":"follow","max-snippet":"max-snippet:-1","max-image-preview":"max-image-preview:large","max-video-preview":"max-video-preview:-1"},"canonical":"https:\/\/piek.international\/hu\/ipc-design-tanusitvany\/","og_locale":"hu_HU","og_type":"article","og_title":"IPC Design tan\u00fas\u00edtv\u00e1ny - IPC Accredited Training Partner - PIEK","og_description":"A CID k\u00e9pz\u00e9s egy PCB tervez\u00e9si k\u00e9pz\u00e9s, amely a di\u00e1kokat IPC Certified Interconnect Designer (CID) k\u00e9pz\u00e9sben k\u00e9pzi.","og_url":"https:\/\/piek.international\/hu\/ipc-design-tanusitvany\/","og_site_name":"IPC Accredited Training Partner - PIEK","article_modified_time":"2021-11-05T11:57:45+00:00","twitter_card":"summary_large_image","twitter_misc":{"Becs\u00fclt olvas\u00e1si id\u0151":"25 perc"},"schema":{"@context":"https:\/\/schema.org","@graph":[{"@type":"WebPage","@id":"https:\/\/piek.international\/hu\/ipc-design-tanusitvany\/","url":"https:\/\/piek.international\/hu\/ipc-design-tanusitvany\/","name":"IPC Design tan\u00fas\u00edtv\u00e1ny - IPC Accredited Training Partner - PIEK","isPartOf":{"@id":"https:\/\/piek.international\/hu\/#website"},"datePublished":"2021-10-20T11:21:09+00:00","dateModified":"2021-11-05T11:57:45+00:00","description":"A CID k\u00e9pz\u00e9s egy PCB tervez\u00e9si k\u00e9pz\u00e9s, amely a di\u00e1kokat IPC Certified Interconnect Designer (CID) k\u00e9pz\u00e9sben k\u00e9pzi.","breadcrumb":{"@id":"https:\/\/piek.international\/hu\/ipc-design-tanusitvany\/#breadcrumb"},"inLanguage":"hu","potentialAction":[{"@type":"ReadAction","target":["https:\/\/piek.international\/hu\/ipc-design-tanusitvany\/"]}]},{"@type":"BreadcrumbList","@id":"https:\/\/piek.international\/hu\/ipc-design-tanusitvany\/#breadcrumb","itemListElement":[{"@type":"ListItem","position":1,"name":"Home","item":"https:\/\/piek.international\/hu\/"},{"@type":"ListItem","position":2,"name":"IPC Design tan\u00fas\u00edtv\u00e1ny"}]},{"@type":"WebSite","@id":"https:\/\/piek.international\/hu\/#website","url":"https:\/\/piek.international\/hu\/","name":"IPC Accredited Training Partner - PIEK","description":"","potentialAction":[{"@type":"SearchAction","target":{"@type":"EntryPoint","urlTemplate":"https:\/\/piek.international\/hu\/?s={search_term_string}"},"query-input":{"@type":"PropertyValueSpecification","valueRequired":true,"valueName":"search_term_string"}}],"inLanguage":"hu"}]}},"_links":{"self":[{"href":"https:\/\/piek.international\/hu\/wp-json\/wp\/v2\/pages\/655","targetHints":{"allow":["GET"]}}],"collection":[{"href":"https:\/\/piek.international\/hu\/wp-json\/wp\/v2\/pages"}],"about":[{"href":"https:\/\/piek.international\/hu\/wp-json\/wp\/v2\/types\/page"}],"author":[{"embeddable":true,"href":"https:\/\/piek.international\/hu\/wp-json\/wp\/v2\/users\/1"}],"replies":[{"embeddable":true,"href":"https:\/\/piek.international\/hu\/wp-json\/wp\/v2\/comments?post=655"}],"version-history":[{"count":7,"href":"https:\/\/piek.international\/hu\/wp-json\/wp\/v2\/pages\/655\/revisions"}],"predecessor-version":[{"id":714,"href":"https:\/\/piek.international\/hu\/wp-json\/wp\/v2\/pages\/655\/revisions\/714"}],"wp:attachment":[{"href":"https:\/\/piek.international\/hu\/wp-json\/wp\/v2\/media?parent=655"}],"curies":[{"name":"wp","href":"https:\/\/api.w.org\/{rel}","templated":true}]}}