{"id":1711,"date":"2021-11-09T13:02:35","date_gmt":"2021-11-09T13:02:35","guid":{"rendered":"https:\/\/piek.international\/ipc-designer-sertifikatas\/"},"modified":"2021-11-09T13:02:35","modified_gmt":"2021-11-09T13:02:35","slug":"ipc-designer-sertifikatas","status":"publish","type":"page","link":"https:\/\/piek.international\/lt\/ipc-designer-sertifikatas\/","title":{"rendered":"IPC Designer sertifikatas"},"content":{"rendered":"<p><div class=\"fusion-fullwidth fullwidth-box fusion-builder-row-1 fusion-flex-container nonhundred-percent-fullwidth non-hundred-percent-height-scrolling\" style=\"--awb-border-radius-top-left:0px;--awb-border-radius-top-right:0px;--awb-border-radius-bottom-right:0px;--awb-border-radius-bottom-left:0px;--awb-flex-wrap:wrap;\" ><div class=\"fusion-builder-row fusion-row fusion-flex-align-items-flex-start fusion-flex-content-wrap\" style=\"max-width:1144px;margin-left: calc(-4% \/ 2 );margin-right: calc(-4% \/ 2 );\"><div class=\"fusion-layout-column fusion_builder_column fusion-builder-column-0 fusion_builder_column_1_1 1_1 fusion-flex-column\" style=\"--awb-bg-size:cover;--awb-width-large:100%;--awb-margin-top-large:0px;--awb-spacing-right-large:1.92%;--awb-margin-bottom-large:20px;--awb-spacing-left-large:1.92%;--awb-width-medium:100%;--awb-order-medium:0;--awb-spacing-right-medium:1.92%;--awb-spacing-left-medium:1.92%;--awb-width-small:100%;--awb-order-small:0;--awb-spacing-right-small:1.92%;--awb-spacing-left-small:1.92%;\"><div class=\"fusion-column-wrapper fusion-column-has-shadow fusion-flex-justify-content-flex-start fusion-content-layout-column\"><div class=\"fusion-title title fusion-title-1 sep-underline sep-dotted fusion-title-text fusion-title-size-one\" style=\"--awb-margin-top-small:0px;--awb-margin-right-small:0px;--awb-margin-bottom-small:20px;--awb-margin-left-small:0px;\"><h1 class=\"fusion-title-heading title-heading-left\" style=\"margin:0;\">IPC Designer sertifikatas<\/h1><\/div><\/div><\/div><\/div><\/div><div class=\"fusion-bg-parallax\" data-bg-align=\"right top\" data-direction=\"down\" data-mute=\"false\" data-opacity=\"100\" data-velocity=\"-0.3\" data-mobile-enabled=\"false\" data-break_parents=\"0\" data-bg-image=\"https:\/\/piek.international\/wp-content\/uploads\/pcb-background-v4.jpeg\" data-bg-repeat=\"false\" data-bg-color=\"#fcfcfc\" ><\/div><div class=\"fusion-fullwidth fullwidth-box fusion-builder-row-2 fusion-flex-container fusion-parallax-down nonhundred-percent-fullwidth non-hundred-percent-height-scrolling fusion-no-small-visibility fusion-no-medium-visibility\" style=\"--awb-background-position:right top;--awb-border-radius-top-left:0px;--awb-border-radius-top-right:0px;--awb-border-radius-bottom-right:0px;--awb-border-radius-bottom-left:0px;--awb-padding-top:50px;--awb-padding-bottom:25px;--awb-background-color:#fcfcfc;--awb-background-image:url(&quot;https:\/\/piek.international\/wp-content\/uploads\/pcb-background-v4.jpeg&quot;);--awb-background-size:cover;--awb-flex-wrap:wrap;--awb-box-shadow: 0px 0px ;\" ><div class=\"fusion-builder-row fusion-row fusion-flex-align-items-flex-start fusion-flex-content-wrap\" style=\"max-width:1144px;margin-left: calc(-4% \/ 2 );margin-right: calc(-4% \/ 2 );\"><div class=\"fusion-layout-column fusion_builder_column fusion-builder-column-1 fusion_builder_column_1_1 1_1 fusion-flex-column\" style=\"--awb-bg-size:cover;--awb-width-large:100%;--awb-margin-top-large:0px;--awb-spacing-right-large:1.92%;--awb-margin-bottom-large:20px;--awb-spacing-left-large:1.92%;--awb-width-medium:100%;--awb-order-medium:0;--awb-spacing-right-medium:1.92%;--awb-spacing-left-medium:1.92%;--awb-width-small:100%;--awb-order-small:0;--awb-spacing-right-small:1.92%;--awb-spacing-left-small:1.92%;\"><div class=\"fusion-column-wrapper fusion-column-has-shadow fusion-flex-justify-content-flex-start fusion-content-layout-column\"><div class=\"fusion-text fusion-text-1\"><h4><a href=\"#cid\"><i class=\"fb-icon-element-1 fb-icon-element fontawesome-icon fa-check fas circle-no fusion-text-flow\" style=\"--awb-iconcolor:#2cb34a;--awb-iconcolor-hover:#2cb34a;--awb-font-size:24px;--awb-margin-right:12px;\"><\/i>IPC CID ( CERTIFIED INTERCONNECT DESIGNER-BASIC )<\/a><\/h4>\n<h4><a href=\"#cidplus\"><i class=\"fb-icon-element-2 fb-icon-element fontawesome-icon fa-check fas circle-no fusion-text-flow\" style=\"--awb-iconcolor:#2cb34a;--awb-iconcolor-hover:#2cb34a;--awb-font-size:24px;--awb-margin-right:12px;\"><\/i>IPC CID+ ( ADVANCED CERTIFIED INTERCONNECT DESIGNER )<\/a><\/h4>\n<\/div><\/div><\/div><\/div><\/div><div class=\"fusion-fullwidth fullwidth-box fusion-builder-row-3 fusion-flex-container nonhundred-percent-fullwidth non-hundred-percent-height-scrolling fusion-no-large-visibility\" style=\"--awb-border-radius-top-left:0px;--awb-border-radius-top-right:0px;--awb-border-radius-bottom-right:0px;--awb-border-radius-bottom-left:0px;--awb-padding-top:50px;--awb-padding-bottom:25px;--awb-background-color:#fcfcfc;--awb-flex-wrap:wrap;--awb-box-shadow: 0px 0px ;\" ><div class=\"fusion-builder-row fusion-row fusion-flex-align-items-flex-start fusion-flex-content-wrap\" style=\"max-width:1144px;margin-left: calc(-4% \/ 2 );margin-right: calc(-4% \/ 2 );\"><div class=\"fusion-layout-column fusion_builder_column fusion-builder-column-2 fusion_builder_column_1_1 1_1 fusion-flex-column\" style=\"--awb-bg-size:cover;--awb-width-large:100%;--awb-margin-top-large:0px;--awb-spacing-right-large:1.92%;--awb-margin-bottom-large:20px;--awb-spacing-left-large:1.92%;--awb-width-medium:100%;--awb-order-medium:0;--awb-spacing-right-medium:1.92%;--awb-spacing-left-medium:1.92%;--awb-width-small:100%;--awb-order-small:0;--awb-spacing-right-small:1.92%;--awb-spacing-left-small:1.92%;\"><div class=\"fusion-column-wrapper fusion-column-has-shadow fusion-flex-justify-content-flex-start fusion-content-layout-column\"><div class=\"fusion-text fusion-text-2\"><h4><a href=\"#cid\"><i class=\"fb-icon-element-3 fb-icon-element fontawesome-icon fa-check fas circle-no fusion-text-flow\" style=\"--awb-iconcolor:#2cb34a;--awb-iconcolor-hover:#2cb34a;--awb-font-size:24px;--awb-margin-right:12px;\"><\/i>IPC CID ( CERTIFIED INTERCONNECT DESIGNER-BASIC )<\/a><\/h4>\n<h4><a href=\"#cidplus\"><i class=\"fb-icon-element-4 fb-icon-element fontawesome-icon fa-check fas circle-no fusion-text-flow\" style=\"--awb-iconcolor:#2cb34a;--awb-iconcolor-hover:#2cb34a;--awb-font-size:24px;--awb-margin-right:12px;\"><\/i>IPC CID+ ( ADVANCED CERTIFIED INTERCONNECT DESIGNER )<\/a><\/h4>\n<\/div><\/div><\/div><\/div><\/div><div id=\"cid\" class=\"fusion-container-anchor\"><div class=\"fusion-fullwidth fullwidth-box fusion-builder-row-4 fusion-flex-container nonhundred-percent-fullwidth non-hundred-percent-height-scrolling\" style=\"--awb-border-radius-top-left:0px;--awb-border-radius-top-right:0px;--awb-border-radius-bottom-right:0px;--awb-border-radius-bottom-left:0px;--awb-padding-top:50px;--awb-padding-bottom:25px;--awb-flex-wrap:wrap;\" ><div class=\"fusion-builder-row fusion-row fusion-flex-align-items-flex-start fusion-flex-content-wrap\" style=\"max-width:1144px;margin-left: calc(-4% \/ 2 );margin-right: calc(-4% \/ 2 );\"><div class=\"fusion-layout-column fusion_builder_column fusion-builder-column-3 fusion_builder_column_1_1 1_1 fusion-flex-column\" style=\"--awb-bg-size:cover;--awb-width-large:100%;--awb-margin-top-large:0px;--awb-spacing-right-large:1.92%;--awb-margin-bottom-large:20px;--awb-spacing-left-large:1.92%;--awb-width-medium:100%;--awb-order-medium:0;--awb-spacing-right-medium:1.92%;--awb-spacing-left-medium:1.92%;--awb-width-small:100%;--awb-order-small:0;--awb-spacing-right-small:1.92%;--awb-spacing-left-small:1.92%;\"><div class=\"fusion-column-wrapper fusion-column-has-shadow fusion-flex-justify-content-flex-start fusion-content-layout-column\"><div class=\"fusion-title title fusion-title-2 sep-underline sep-dotted fusion-title-text fusion-title-size-two\" style=\"--awb-margin-top-small:0px;--awb-margin-right-small:0px;--awb-margin-bottom-small:20px;--awb-margin-left-small:0px;\"><h2 class=\"fusion-title-heading title-heading-left\" style=\"margin:0;\">IPC CID ( CERTIFIED INTERCONNECT DESIGNER-BASIC )<\/h2><\/div><div class=\"fusion-text fusion-text-3\"><p>IPC-2220 serija (\u201eBendrasis spausdintin\u0117s plok\u0161t\u0117s dizaino standartas\u201c) yra IPC standart\u0173, pagal kuriuos kuriamos spausdintin\u0117s plok\u0161t\u0117s, serija. IPC yra Amerikos institutas, u\u017etikrinantis, kad visas \u017einias visame pasaulyje platint\u0173 sertifikuoti IPC instruktoriai pagal savo IPC standartus, IPC mokymo programas ir IPC mokymo med\u017eiag\u0105. IPC-2221 yra standartas, pagal kur\u012f dizaineriai kuria spausdintines plok\u0161tes taip, kad j\u0173 gamybos ma\u0161inose b\u016bt\u0173 tinkamai suprantami Gerber failai (projekto br\u0117\u017einiai \/ duomenys), esantys spausdintin\u0117s plok\u0161t\u0117s gamintojo pus\u0117je. Beveik visi spausdintini\u0173 plok\u0161\u010di\u0173 dizaineriai visame pasaulyje dirba pagal \u0161\u012f standart\u0105 (-us).    Jei jums reikia daugiau \u017eini\u0173 apie spausdintini\u0173 plok\u0161\u010di\u0173 projektavim\u0105, spausdintini\u0173 plok\u0161\u010di\u0173 med\u017eiagas, pavir\u0161iaus apdail\u0105, \u0161ilumin\u0119 mas\u0119, elektrinius tarpus, atstum\u0105 iki spausdintin\u0117s plok\u0161t\u0117s kra\u0161to, leistinus nuokrypius, bandymus, \u017eenklinim\u0105, jung\u010di\u0173 prijungim\u0105 \/ pakabinim\u0105, meistras br\u0117\u017einys (projektinis br\u0117\u017einys), litavimo kauk\u0117, patikimumas, aplinkosaugos aspektai ir tt, tada \u0161is standartas jums tinka.<\/p>\n<h3>AR NOR\u0116TUME I\u0160MOKYTI, KAIP PROJEKTUOTI SPAUSDIN\u0118 PLOK\u0104 (PCB)? TAIP TU GALI! <\/h3>\n<p>\u0160is standartas naudojamas projektuojant nauj\u0105 elektronikos gamin\u012f projektavimo skyriuje, o kartais ir kaip \u012f\u0117jimo patikra grandin\u0117s plok\u0161\u010di\u0173 gamintojui (\u012fmon\u0117je, gaminan\u010dioje plikas plok\u0161tes). Jei projektiniai br\u0117\u017einiai yra neteisingi, spausdintin\u0117s plok\u0161t\u0117s gamintojas negali tinkamai pagaminti, o tai rei\u0161kia, kad surink\u0117jas negali tinkamai lituoti komponent\u0173 ir d\u0117l to blogiausiu atveju elektroniniai gaminiai sugenda anks\u010diau laiko. Geras dizainas yra geros kokyb\u0117s galutinio produkto pagrindas. CID mokymai yra mokymai, kuri\u0173 metu mokinys \/ dalyvis mokomas kaip Certified Interconnect Designer (CID). Tai rei\u0161kia, kad studentas v\u0117liau turi daug \u017eini\u0173 apie projektavimo taisykles (projektavimo gaires).    <\/p>\n<p>\u0160ie mokymai tinka \u017emon\u0117ms, dirbantiems dizaino skyriuje. CID sertifikavimo mokymai susideda i\u0161 dviej\u0173 dali\u0173. Pirmoji dalis \u2013 pasiruo\u0161imas namuose, antroji dalis \u2013 3 mokymo dienos ir mokym\u0173 pabaigoje dalyvis ra\u0161o baigiam\u0105j\u012f egzamin\u0105 (110 klausim\u0173 su daugybe pasirinkim\u0173). Ma\u017eiausias balas siekiant s\u0117km\u0117s yra 73%. Kai dalyvis gauna savo CID sertifikat\u0105, tas sertifikatas galioja am\u017einai. Tur\u0117dami \u0161\u012f IPC sertifikat\u0105, galite dirbti kaip CID ( Certified Interconnect Designer ) visame pasaulyje. Kaip ir vairuotojo pa\u017eym\u0117jimas, \u0161is IPC sertifikatas yra pripa\u017eintas tarptautiniu mastu. Jei kas nors domisi papildomais (pa\u017eangiais) mokymais, tam tinka CID+ mokymai. CID yra paskirtas asmuo, kuris aptaria ir sprend\u017eia problemas su klientais.<\/p>\n<\/div><div class=\"fusion-text fusion-text-4\"><p>Nedvejodami susisiekite su mumis d\u0117l visos mokymo programos, daugiau informacijos ar kit\u0173 su mokymu susijusi\u0173 klausim\u0173. Telefonu +31-(0)45-5703333, el. pa\u0161tu <a href=\"mailto:support@piek.international\">support@piek.international<\/a> arba <a href=\"https:\/\/piek.international\/quote-request\/\">papra\u0161ykite pasi\u016blymo<\/a> .<\/p>\n<\/div>\n<div style=\"text-align:right;\"><a class=\"fusion-button button-flat fusion-button-default-size button-default fusion-button-default button-1 fusion-button-default-span fusion-button-default-type\" style=\"--button_text_transform:uppercase;\" target=\"_self\" title=\"Citatos pra\u0161ymas\" aria-label=\"Citatos pra\u0161ymas\" href=\"https:\/\/piek.international\/quote-request\/\"><span class=\"fusion-button-text awb-button__text awb-button__text--default\">Citatos pra\u0161ymas<\/span><\/a><\/div>\n<\/div><\/div><\/div><\/div><\/div><div id=\"cidplus\" class=\"fusion-container-anchor\"><div class=\"fusion-fullwidth fullwidth-box fusion-builder-row-5 fusion-flex-container nonhundred-percent-fullwidth non-hundred-percent-height-scrolling\" style=\"--awb-border-radius-top-left:0px;--awb-border-radius-top-right:0px;--awb-border-radius-bottom-right:0px;--awb-border-radius-bottom-left:0px;--awb-padding-top:50px;--awb-padding-bottom:25px;--awb-margin-top:50px;--awb-background-color:#fcfcfc;--awb-flex-wrap:wrap;\" ><div class=\"fusion-builder-row fusion-row fusion-flex-align-items-flex-start fusion-flex-content-wrap\" style=\"max-width:1144px;margin-left: calc(-4% \/ 2 );margin-right: calc(-4% \/ 2 );\"><div class=\"fusion-layout-column fusion_builder_column fusion-builder-column-4 fusion_builder_column_1_1 1_1 fusion-flex-column\" style=\"--awb-bg-size:cover;--awb-width-large:100%;--awb-margin-top-large:0px;--awb-spacing-right-large:1.92%;--awb-margin-bottom-large:20px;--awb-spacing-left-large:1.92%;--awb-width-medium:100%;--awb-order-medium:0;--awb-spacing-right-medium:1.92%;--awb-spacing-left-medium:1.92%;--awb-width-small:100%;--awb-order-small:0;--awb-spacing-right-small:1.92%;--awb-spacing-left-small:1.92%;\"><div class=\"fusion-column-wrapper fusion-column-has-shadow fusion-flex-justify-content-flex-start fusion-content-layout-column\"><div class=\"fusion-title title fusion-title-3 sep-underline sep-dotted fusion-title-text fusion-title-size-two\" style=\"--awb-margin-top-small:0px;--awb-margin-right-small:0px;--awb-margin-bottom-small:20px;--awb-margin-left-small:0px;\"><h2 class=\"fusion-title-heading title-heading-left\" style=\"margin:0;\">IPC CID+ ( ADVANCED CERTIFIED INTERCONNECT DESIGNER )<\/h2><\/div><div class=\"fusion-text fusion-text-5\"><p>IPC-2220 serija (\u201eBendrasis spausdintin\u0117s plok\u0161t\u0117s dizaino standartas\u201c) yra IPC standart\u0173, pagal kuriuos kuriamos spausdintin\u0117s plok\u0161t\u0117s, serija. IPC yra Amerikos institutas, u\u017etikrinantis, kad visas \u017einias visame pasaulyje platint\u0173 sertifikuoti IPC instruktoriai pagal savo IPC standartus, IPC mokymo programas ir IPC mokymo med\u017eiag\u0105. IPC-2221 yra standartas, pagal kur\u012f dizaineriai kuria spausdintines plok\u0161tes taip, kad j\u0173 gamybos ma\u0161inose b\u016bt\u0173 tinkamai suprantami Gerber failai (projekto br\u0117\u017einiai \/ duomenys), esantys spausdintin\u0117s plok\u0161t\u0117s gamintojo pus\u0117je. Beveik visi spausdintini\u0173 plok\u0161\u010di\u0173 dizaineriai visame pasaulyje dirba pagal \u0161\u012f standart\u0105 (-us).   <\/p>\n<h3>AR NOR\u0116TUME I\u0160MOKYTI, KAIP PROJEKTUOTI SUNKIAS SPAUSDINTAS PLOKTES (PCBS)? TAIP TU GALI! <\/h3>\n<p>Jei jums reikia daugiau \u017eini\u0173 apie spausdintini\u0173 plok\u0161\u010di\u0173 projektavim\u0105, spausdintini\u0173 plok\u0161\u010di\u0173 med\u017eiagas, pavir\u0161iaus apdail\u0105, \u0161ilumin\u0119 mas\u0119, elektrinius tarpus, atstum\u0105 iki spausdintin\u0117s plok\u0161t\u0117s kra\u0161to, leistinus nuokrypius, bandymus, \u017eenklinim\u0105, jung\u010di\u0173 prijungim\u0105 \/ pakabinim\u0105, meistras br\u0117\u017einys (projektinis br\u0117\u017einys), litavimo kauk\u0117, patikimumas, aplinkosaugos aspektai ir tt, tada \u0161is standartas jums tinka. \u0160is standartas naudojamas projektuojant nauj\u0105 elektronikos gamin\u012f projektavimo skyriuje, o kartais ir kaip \u012f\u0117jimo patikra grandin\u0117s plok\u0161\u010di\u0173 gamintojui (\u012fmon\u0117je, gaminan\u010dioje plikas plok\u0161tes). Jei projektiniai br\u0117\u017einiai yra neteisingi, spausdintin\u0117s plok\u0161t\u0117s gamintojas negali tinkamai pagaminti, o tai rei\u0161kia, kad surink\u0117jas negali tinkamai lituoti komponent\u0173 ir d\u0117l to blogiausiu atveju elektroniniai gaminiai sugenda anks\u010diau laiko. Geras dizainas yra geros kokyb\u0117s galutinio produkto pagrindas. CID+ mokymai \u2013 tai mokymai, kuri\u0173 metu mokinys\/dalyvis mokomas kaip Advanced Certified Interconnect Designer (CID+). Tai rei\u0161kia, kad studentas turi visas \u017einias apie projektavimo taisykles (projektavimo gaires) v\u0117liau.      \u0160ie mokymai tinka pa\u017eengusiems (dizaino specialistams), dirbantiems projektavimo skyriuje. CID+ sertifikavimo mokymai susideda i\u0161 dviej\u0173 dali\u0173. Pirmoji dalis \u2013 pasiruo\u0161imas namuose, antroji dalis \u2013 3 mokymo dienos ir mokym\u0173 pabaigoje dalyvis ra\u0161o baigiam\u0105j\u012f egzamin\u0105 (120 klausim\u0173 su daugybe pasirinkim\u0173). Kai dalyvis gauna CID+ sertifikat\u0105, tas sertifikatas galioja am\u017einai. Su \u0161iuo IPC sertifikatu galite dirbti visame pasaulyje kaip CID+ ( Advanced Certified Interconnect Designer ). Kaip ir vairuotojo pa\u017eym\u0117jimas, \u0161is IPC sertifikatas yra pripa\u017eintas tarptautiniu mastu. CID+ yra paskirtas asmuo, kuris aptaria ir sprend\u017eia problemas su klientais.<\/p>\n<\/div><div class=\"fusion-text fusion-text-6\"><p>Nedvejodami susisiekite su mumis d\u0117l visos mokymo programos, daugiau informacijos ar kit\u0173 su mokymu susijusi\u0173 klausim\u0173. Telefonu +31-(0)45-5703333, el. pa\u0161tu <a href=\"mailto:support@piek.international\">support@piek.international<\/a> arba <a href=\"https:\/\/piek.international\/quote-request\/\">papra\u0161ykite pasi\u016blymo<\/a> .<\/p>\n<\/div>\n<div style=\"text-align:right;\"><a class=\"fusion-button button-flat fusion-button-default-size button-default fusion-button-default button-2 fusion-button-default-span fusion-button-default-type\" style=\"--button_text_transform:uppercase;\" target=\"_self\" title=\"Citatos pra\u0161ymas\" aria-label=\"Citatos pra\u0161ymas\" href=\"https:\/\/piek.international\/quote-request\/\"><span class=\"fusion-button-text awb-button__text awb-button__text--default\">Citatos pra\u0161ymas<\/span><\/a><\/div>\n<\/div><\/div><\/div><\/div><\/div><\/p>\n","protected":false},"excerpt":{"rendered":"","protected":false},"author":1,"featured_media":0,"parent":0,"menu_order":0,"comment_status":"closed","ping_status":"closed","template":"100-width.php","meta":{"footnotes":""},"class_list":["post-1711","page","type-page","status-publish","hentry"],"yoast_head":"<!-- This site is optimized with the Yoast SEO plugin v27.3 - https:\/\/yoast.com\/product\/yoast-seo-wordpress\/ -->\n<title>IPC Designer sertifikatas - IPC Accredited Training Partner - PIEK<\/title>\n<meta name=\"description\" content=\"CID mokymai yra PCB projektavimo mokymai, kuri\u0173 metu studentas mokomas kaip IPC Certified Interconnect Designer (CID).\" \/>\n<meta name=\"robots\" content=\"index, follow, max-snippet:-1, max-image-preview:large, max-video-preview:-1\" \/>\n<link rel=\"canonical\" href=\"https:\/\/piek.international\/lt\/ipc-designer-sertifikatas\/\" \/>\n<meta property=\"og:locale\" content=\"lt_LT\" \/>\n<meta property=\"og:type\" content=\"article\" \/>\n<meta property=\"og:title\" content=\"IPC Designer sertifikatas - IPC Accredited Training Partner - PIEK\" \/>\n<meta property=\"og:description\" content=\"CID mokymai yra PCB projektavimo mokymai, kuri\u0173 metu studentas mokomas kaip IPC Certified Interconnect Designer (CID).\" \/>\n<meta property=\"og:url\" content=\"https:\/\/piek.international\/lt\/ipc-designer-sertifikatas\/\" \/>\n<meta property=\"og:site_name\" content=\"IPC Accredited Training Partner - PIEK\" \/>\n<meta name=\"twitter:card\" content=\"summary_large_image\" \/>\n<meta name=\"twitter:label1\" content=\"Est. reading time\" \/>\n\t<meta name=\"twitter:data1\" content=\"23 minut\u0117s\" \/>\n<script type=\"application\/ld+json\" class=\"yoast-schema-graph\">{\"@context\":\"https:\\\/\\\/schema.org\",\"@graph\":[{\"@type\":\"WebPage\",\"@id\":\"https:\\\/\\\/piek.international\\\/lt\\\/ipc-designer-sertifikatas\\\/\",\"url\":\"https:\\\/\\\/piek.international\\\/lt\\\/ipc-designer-sertifikatas\\\/\",\"name\":\"IPC Designer sertifikatas - IPC Accredited Training Partner - PIEK\",\"isPartOf\":{\"@id\":\"https:\\\/\\\/piek.international\\\/lt\\\/#website\"},\"datePublished\":\"2021-11-09T13:02:35+00:00\",\"description\":\"CID mokymai yra PCB projektavimo mokymai, kuri\u0173 metu studentas mokomas kaip IPC Certified Interconnect Designer (CID).\",\"breadcrumb\":{\"@id\":\"https:\\\/\\\/piek.international\\\/lt\\\/ipc-designer-sertifikatas\\\/#breadcrumb\"},\"inLanguage\":\"lt-LT\",\"potentialAction\":[{\"@type\":\"ReadAction\",\"target\":[\"https:\\\/\\\/piek.international\\\/lt\\\/ipc-designer-sertifikatas\\\/\"]}]},{\"@type\":\"BreadcrumbList\",\"@id\":\"https:\\\/\\\/piek.international\\\/lt\\\/ipc-designer-sertifikatas\\\/#breadcrumb\",\"itemListElement\":[{\"@type\":\"ListItem\",\"position\":1,\"name\":\"Home\",\"item\":\"https:\\\/\\\/piek.international\\\/lt\\\/\"},{\"@type\":\"ListItem\",\"position\":2,\"name\":\"IPC Designer sertifikatas\"}]},{\"@type\":\"WebSite\",\"@id\":\"https:\\\/\\\/piek.international\\\/lt\\\/#website\",\"url\":\"https:\\\/\\\/piek.international\\\/lt\\\/\",\"name\":\"IPC Accredited Training Partner - PIEK\",\"description\":\"\",\"potentialAction\":[{\"@type\":\"SearchAction\",\"target\":{\"@type\":\"EntryPoint\",\"urlTemplate\":\"https:\\\/\\\/piek.international\\\/lt\\\/?s={search_term_string}\"},\"query-input\":{\"@type\":\"PropertyValueSpecification\",\"valueRequired\":true,\"valueName\":\"search_term_string\"}}],\"inLanguage\":\"lt-LT\"}]}<\/script>\n<!-- \/ Yoast SEO plugin. -->","yoast_head_json":{"title":"IPC Designer sertifikatas - IPC Accredited Training Partner - PIEK","description":"CID mokymai yra PCB projektavimo mokymai, kuri\u0173 metu studentas mokomas kaip IPC Certified Interconnect Designer (CID).","robots":{"index":"index","follow":"follow","max-snippet":"max-snippet:-1","max-image-preview":"max-image-preview:large","max-video-preview":"max-video-preview:-1"},"canonical":"https:\/\/piek.international\/lt\/ipc-designer-sertifikatas\/","og_locale":"lt_LT","og_type":"article","og_title":"IPC Designer sertifikatas - IPC Accredited Training Partner - PIEK","og_description":"CID mokymai yra PCB projektavimo mokymai, kuri\u0173 metu studentas mokomas kaip IPC Certified Interconnect Designer (CID).","og_url":"https:\/\/piek.international\/lt\/ipc-designer-sertifikatas\/","og_site_name":"IPC Accredited Training Partner - PIEK","twitter_card":"summary_large_image","twitter_misc":{"Est. reading time":"23 minut\u0117s"},"schema":{"@context":"https:\/\/schema.org","@graph":[{"@type":"WebPage","@id":"https:\/\/piek.international\/lt\/ipc-designer-sertifikatas\/","url":"https:\/\/piek.international\/lt\/ipc-designer-sertifikatas\/","name":"IPC Designer sertifikatas - IPC Accredited Training Partner - PIEK","isPartOf":{"@id":"https:\/\/piek.international\/lt\/#website"},"datePublished":"2021-11-09T13:02:35+00:00","description":"CID mokymai yra PCB projektavimo mokymai, kuri\u0173 metu studentas mokomas kaip IPC Certified Interconnect Designer (CID).","breadcrumb":{"@id":"https:\/\/piek.international\/lt\/ipc-designer-sertifikatas\/#breadcrumb"},"inLanguage":"lt-LT","potentialAction":[{"@type":"ReadAction","target":["https:\/\/piek.international\/lt\/ipc-designer-sertifikatas\/"]}]},{"@type":"BreadcrumbList","@id":"https:\/\/piek.international\/lt\/ipc-designer-sertifikatas\/#breadcrumb","itemListElement":[{"@type":"ListItem","position":1,"name":"Home","item":"https:\/\/piek.international\/lt\/"},{"@type":"ListItem","position":2,"name":"IPC Designer sertifikatas"}]},{"@type":"WebSite","@id":"https:\/\/piek.international\/lt\/#website","url":"https:\/\/piek.international\/lt\/","name":"IPC Accredited Training Partner - PIEK","description":"","potentialAction":[{"@type":"SearchAction","target":{"@type":"EntryPoint","urlTemplate":"https:\/\/piek.international\/lt\/?s={search_term_string}"},"query-input":{"@type":"PropertyValueSpecification","valueRequired":true,"valueName":"search_term_string"}}],"inLanguage":"lt-LT"}]}},"_links":{"self":[{"href":"https:\/\/piek.international\/lt\/wp-json\/wp\/v2\/pages\/1711","targetHints":{"allow":["GET"]}}],"collection":[{"href":"https:\/\/piek.international\/lt\/wp-json\/wp\/v2\/pages"}],"about":[{"href":"https:\/\/piek.international\/lt\/wp-json\/wp\/v2\/types\/page"}],"author":[{"embeddable":true,"href":"https:\/\/piek.international\/lt\/wp-json\/wp\/v2\/users\/1"}],"replies":[{"embeddable":true,"href":"https:\/\/piek.international\/lt\/wp-json\/wp\/v2\/comments?post=1711"}],"version-history":[{"count":2,"href":"https:\/\/piek.international\/lt\/wp-json\/wp\/v2\/pages\/1711\/revisions"}],"predecessor-version":[{"id":1713,"href":"https:\/\/piek.international\/lt\/wp-json\/wp\/v2\/pages\/1711\/revisions\/1713"}],"wp:attachment":[{"href":"https:\/\/piek.international\/lt\/wp-json\/wp\/v2\/media?parent=1711"}],"curies":[{"name":"wp","href":"https:\/\/api.w.org\/{rel}","templated":true}]}}