{"id":1687,"date":"2021-11-09T12:14:22","date_gmt":"2021-11-09T12:14:22","guid":{"rendered":"https:\/\/piek.international\/ipc-designer-sertifikacija\/"},"modified":"2021-11-09T12:14:23","modified_gmt":"2021-11-09T12:14:23","slug":"ipc-designer-sertifikacija","status":"publish","type":"page","link":"https:\/\/piek.international\/lv\/ipc-designer-sertifikacija\/","title":{"rendered":"IPC Designer sertifik\u0101cija"},"content":{"rendered":"<p><div class=\"fusion-fullwidth fullwidth-box fusion-builder-row-1 fusion-flex-container nonhundred-percent-fullwidth non-hundred-percent-height-scrolling\" style=\"--awb-border-radius-top-left:0px;--awb-border-radius-top-right:0px;--awb-border-radius-bottom-right:0px;--awb-border-radius-bottom-left:0px;--awb-flex-wrap:wrap;\" ><div class=\"fusion-builder-row fusion-row fusion-flex-align-items-flex-start fusion-flex-content-wrap\" style=\"max-width:1144px;margin-left: calc(-4% \/ 2 );margin-right: calc(-4% \/ 2 );\"><div class=\"fusion-layout-column fusion_builder_column fusion-builder-column-0 fusion_builder_column_1_1 1_1 fusion-flex-column\" style=\"--awb-bg-size:cover;--awb-width-large:100%;--awb-margin-top-large:0px;--awb-spacing-right-large:1.92%;--awb-margin-bottom-large:20px;--awb-spacing-left-large:1.92%;--awb-width-medium:100%;--awb-order-medium:0;--awb-spacing-right-medium:1.92%;--awb-spacing-left-medium:1.92%;--awb-width-small:100%;--awb-order-small:0;--awb-spacing-right-small:1.92%;--awb-spacing-left-small:1.92%;\"><div class=\"fusion-column-wrapper fusion-column-has-shadow fusion-flex-justify-content-flex-start fusion-content-layout-column\"><div class=\"fusion-title title fusion-title-1 sep-underline sep-dotted fusion-title-text fusion-title-size-one\"><h1 class=\"fusion-title-heading title-heading-left\" style=\"margin:0;\">IPC Designer sertifik\u0101cija<\/h1><\/div><\/div><\/div><\/div><\/div><div class=\"fusion-bg-parallax\" data-bg-align=\"right top\" data-direction=\"down\" data-mute=\"false\" data-opacity=\"100\" data-velocity=\"-0.3\" data-mobile-enabled=\"false\" data-break_parents=\"0\" data-bg-image=\"https:\/\/piek.international\/wp-content\/uploads\/pcb-background-v4.jpeg\" data-bg-repeat=\"false\" data-bg-color=\"#fcfcfc\" ><\/div><div class=\"fusion-fullwidth fullwidth-box fusion-builder-row-2 fusion-flex-container fusion-parallax-down nonhundred-percent-fullwidth non-hundred-percent-height-scrolling fusion-no-small-visibility fusion-no-medium-visibility\" style=\"--awb-background-position:right top;--awb-border-radius-top-left:0px;--awb-border-radius-top-right:0px;--awb-border-radius-bottom-right:0px;--awb-border-radius-bottom-left:0px;--awb-padding-top:50px;--awb-padding-bottom:25px;--awb-background-color:#fcfcfc;--awb-background-image:url(&quot;https:\/\/piek.international\/wp-content\/uploads\/pcb-background-v4.jpeg&quot;);--awb-background-size:cover;--awb-flex-wrap:wrap;--awb-box-shadow: 0px 0px ;\" ><div class=\"fusion-builder-row fusion-row fusion-flex-align-items-flex-start fusion-flex-content-wrap\" style=\"max-width:1144px;margin-left: calc(-4% \/ 2 );margin-right: calc(-4% \/ 2 );\"><div class=\"fusion-layout-column fusion_builder_column fusion-builder-column-1 fusion_builder_column_1_1 1_1 fusion-flex-column\" style=\"--awb-bg-size:cover;--awb-width-large:100%;--awb-margin-top-large:0px;--awb-spacing-right-large:1.92%;--awb-margin-bottom-large:20px;--awb-spacing-left-large:1.92%;--awb-width-medium:100%;--awb-order-medium:0;--awb-spacing-right-medium:1.92%;--awb-spacing-left-medium:1.92%;--awb-width-small:100%;--awb-order-small:0;--awb-spacing-right-small:1.92%;--awb-spacing-left-small:1.92%;\"><div class=\"fusion-column-wrapper fusion-column-has-shadow fusion-flex-justify-content-flex-start fusion-content-layout-column\"><div class=\"fusion-text fusion-text-1\"><h4><a href=\"#cid\"><i class=\"fb-icon-element-1 fb-icon-element fontawesome-icon fa-check fas circle-no fusion-text-flow\" style=\"--awb-iconcolor:#2cb34a;--awb-iconcolor-hover:#2cb34a;--awb-font-size:24px;--awb-margin-right:12px;\"><\/i>IPC CID ( CERTIFIED INTERCONNECT DESIGNER-BASIC )<\/a><\/h4>\n<h4><a href=\"#cidplus\"><i class=\"fb-icon-element-2 fb-icon-element fontawesome-icon fa-check fas circle-no fusion-text-flow\" style=\"--awb-iconcolor:#2cb34a;--awb-iconcolor-hover:#2cb34a;--awb-font-size:24px;--awb-margin-right:12px;\"><\/i>IPC CID+ ( ADVANCED CERTIFIED INTERCONNECT DESIGNER )<\/a><\/h4>\n<\/div><\/div><\/div><\/div><\/div><div class=\"fusion-fullwidth fullwidth-box fusion-builder-row-3 fusion-flex-container nonhundred-percent-fullwidth non-hundred-percent-height-scrolling fusion-no-large-visibility\" style=\"--awb-border-radius-top-left:0px;--awb-border-radius-top-right:0px;--awb-border-radius-bottom-right:0px;--awb-border-radius-bottom-left:0px;--awb-padding-top:50px;--awb-padding-bottom:25px;--awb-background-color:#fcfcfc;--awb-flex-wrap:wrap;--awb-box-shadow: 0px 0px ;\" ><div class=\"fusion-builder-row fusion-row fusion-flex-align-items-flex-start fusion-flex-content-wrap\" style=\"max-width:1144px;margin-left: calc(-4% \/ 2 );margin-right: calc(-4% \/ 2 );\"><div class=\"fusion-layout-column fusion_builder_column fusion-builder-column-2 fusion_builder_column_1_1 1_1 fusion-flex-column\" style=\"--awb-bg-size:cover;--awb-width-large:100%;--awb-margin-top-large:0px;--awb-spacing-right-large:1.92%;--awb-margin-bottom-large:20px;--awb-spacing-left-large:1.92%;--awb-width-medium:100%;--awb-order-medium:0;--awb-spacing-right-medium:1.92%;--awb-spacing-left-medium:1.92%;--awb-width-small:100%;--awb-order-small:0;--awb-spacing-right-small:1.92%;--awb-spacing-left-small:1.92%;\"><div class=\"fusion-column-wrapper fusion-column-has-shadow fusion-flex-justify-content-flex-start fusion-content-layout-column\"><div class=\"fusion-text fusion-text-2\"><h4><a href=\"#cid\"><i class=\"fb-icon-element-3 fb-icon-element fontawesome-icon fa-check fas circle-no fusion-text-flow\" style=\"--awb-iconcolor:#2cb34a;--awb-iconcolor-hover:#2cb34a;--awb-font-size:24px;--awb-margin-right:12px;\"><\/i>IPC CID ( CERTIFIED INTERCONNECT DESIGNER-BASIC )<\/a><\/h4>\n<h4><a href=\"#cidplus\"><i class=\"fb-icon-element-4 fb-icon-element fontawesome-icon fa-check fas circle-no fusion-text-flow\" style=\"--awb-iconcolor:#2cb34a;--awb-iconcolor-hover:#2cb34a;--awb-font-size:24px;--awb-margin-right:12px;\"><\/i>IPC CID+ ( ADVANCED CERTIFIED INTERCONNECT DESIGNER )<\/a><\/h4>\n<\/div><\/div><\/div><\/div><\/div><div id=\"cid\" class=\"fusion-container-anchor\"><div class=\"fusion-fullwidth fullwidth-box fusion-builder-row-4 fusion-flex-container nonhundred-percent-fullwidth non-hundred-percent-height-scrolling\" style=\"--awb-border-radius-top-left:0px;--awb-border-radius-top-right:0px;--awb-border-radius-bottom-right:0px;--awb-border-radius-bottom-left:0px;--awb-padding-top:50px;--awb-padding-bottom:25px;--awb-flex-wrap:wrap;\" ><div class=\"fusion-builder-row fusion-row fusion-flex-align-items-flex-start fusion-flex-content-wrap\" style=\"max-width:1144px;margin-left: calc(-4% \/ 2 );margin-right: calc(-4% \/ 2 );\"><div class=\"fusion-layout-column fusion_builder_column fusion-builder-column-3 fusion_builder_column_1_1 1_1 fusion-flex-column\" style=\"--awb-bg-size:cover;--awb-width-large:100%;--awb-margin-top-large:0px;--awb-spacing-right-large:1.92%;--awb-margin-bottom-large:20px;--awb-spacing-left-large:1.92%;--awb-width-medium:100%;--awb-order-medium:0;--awb-spacing-right-medium:1.92%;--awb-spacing-left-medium:1.92%;--awb-width-small:100%;--awb-order-small:0;--awb-spacing-right-small:1.92%;--awb-spacing-left-small:1.92%;\"><div class=\"fusion-column-wrapper fusion-column-has-shadow fusion-flex-justify-content-flex-start fusion-content-layout-column\"><div class=\"fusion-title title fusion-title-2 sep-underline sep-dotted fusion-title-text fusion-title-size-two\"><h2 class=\"fusion-title-heading title-heading-left\" style=\"margin:0;\">IPC CID ( CERTIFIED INTERCONNECT DESIGNER-BASIC )<\/h2><\/div><div class=\"fusion-text fusion-text-3\"><p>IPC-2220 s\u0113rija (\u201cVisp\u0101r\u0113jais iespiedplates dizaina standarts\u201d) ir IPC standartu s\u0113rija, saska\u0146\u0101 ar kuru tiek izstr\u0101d\u0101tas iespiedsh\u0113mu plates. IPC ir Amerikas instit\u016bts, kas nodro\u0161ina, ka visas zin\u0101\u0161anas vis\u0101 pasaul\u0113 izplata sertific\u0113ti IPC treneri, izmantojot savus IPC standartus, IPC apm\u0101c\u012bbas programmas un IPC m\u0101c\u012bbu materi\u0101lus. IPC-2221 ir standarts, saska\u0146\u0101 ar kuru dizaineri izstr\u0101d\u0101 iespiedsh\u0113mu plates t\u0101, lai Gerber faili (projekta ras\u0113jumi\/dati) iespiedsh\u0113mas plates ra\u017eot\u0101ja pus\u0113 b\u016btu pareizi saprotami vi\u0146u ra\u017eo\u0161anas iek\u0101rt\u0101s. Gandr\u012bz visi iespiedsh\u0113mu plates dizaineri vis\u0101 pasaul\u0113 str\u0101d\u0101 saska\u0146\u0101 ar \u0161o standartu(-iem).    Ja jums nepiecie\u0161amas papildu zin\u0101\u0161anas iespiedsh\u0113mu plates projekt\u0113\u0161an\u0101, iespiedsh\u0113mu plates materi\u0101los, virsmas apstr\u0101d\u0113, termiskaj\u0101 mas\u0101, elektrisk\u0101s atstarpes, att\u0101lum\u0101 l\u012bdz iespiedsh\u0113mas plates malai, pielaid\u0113m, testiem, mar\u0137\u0113jumiem, cauru\u013cu piesl\u0113g\u0161anu\/uzlik\u0161anu, meistars ras\u0113jums (dizaina ras\u0113jums), lod\u0113\u0161anas maska, uzticam\u012bba, vides aspekti utt., tad \u0161is standarts ir jums piem\u0113rots.<\/p>\n<h3>VAI V\u0112L\u0112TIES UZM\u0100C\u012aTIES, K\u0100 PROJEKT\u0112T DRUK\u0100T\u0100S SH\u0112MAS (PCB)? J\u0100 TU VARI! <\/h3>\n<p>\u0160is standarts tiek izmantots jauna elektronikas izstr\u0101d\u0101juma projekt\u0113\u0161anai dizaina noda\u013c\u0101 un da\u017ek\u0101rt ar\u012b k\u0101 ieejas p\u0101rbaude sh\u0113mas plates izgatavot\u0101j\u0101 (uz\u0146\u0113mum\u0101, kas ra\u017eo tuk\u0161\u0101s sh\u0113mas plates). Ja projekta ras\u0113jumi ir nepareizi, iespiedsh\u0113mas plates ra\u017eot\u0101js nevar pareizi ra\u017eot, kas noz\u012bm\u0113, ka mont\u0113t\u0101js nevar pareizi pielod\u0113t sast\u0101vda\u013cas un rezult\u0101t\u0101 slikt\u0101kaj\u0101 gad\u012bjum\u0101 elektroniskie izstr\u0101d\u0101jumi saboj\u0101jas priek\u0161laic\u012bgi. Labs dizains ir labas kvalit\u0101tes galaprodukta pamat\u0101. CID apm\u0101c\u012bba ir apm\u0101c\u012bba, kas apm\u0101ca studentu\/dal\u012bbnieku par Certified Interconnect Designer (CID). Tas noz\u012bm\u0113, ka skol\u0113nam p\u0113c tam ir daudz zin\u0101\u0161anu par projekt\u0113\u0161anas noteikumiem (dizaina vadl\u012bnij\u0101m).    <\/p>\n<p>\u0160\u012b apm\u0101c\u012bba ir piem\u0113rota cilv\u0113kiem, kas str\u0101d\u0101 dizaina noda\u013c\u0101. CID sertifik\u0101cijas apm\u0101c\u012bba sast\u0101v no div\u0101m da\u013c\u0101m. Pirm\u0101 da\u013ca ir sagatavo\u0161an\u0101s m\u0101j\u0101s, otr\u0101 da\u013ca ir 3 apm\u0101c\u012bbu dienas un apm\u0101c\u012bbas beig\u0101s dal\u012bbnieks raksta gala eks\u0101menu (110 jaut\u0101jumi ar atbil\u017eu variantiem). Minim\u0101lais punktu skaits, lai g\u016btu pan\u0101kumus, ir 73%. Kad dal\u012bbnieks ir ieguvis savu CID sertifik\u0101tu, \u0161is sertifik\u0101ts ir der\u012bgs m\u016b\u017e\u012bgi. Ar \u0161o IPC sertifik\u0101tu j\u016bs varat str\u0101d\u0101t k\u0101 CID ( Certified Interconnect Designer ) vis\u0101 pasaul\u0113. T\u0101pat k\u0101 autovad\u012bt\u0101ja apliec\u012bba, ar\u012b \u0161is IPC sertifik\u0101ts ir starptautiski atz\u012bts. Ja k\u0101dam ir interese par papildu (padzi\u013cin\u0101t\u0101m) apm\u0101c\u012bb\u0101m, tam ir piem\u0113rotas CID+ apm\u0101c\u012bbas. CID ir izraudz\u012bt\u0101 persona, kas apsprie\u017e un risina probl\u0113mas ar klientiem.<\/p>\n<\/div><div class=\"fusion-text fusion-text-4\"><p>L\u016bdzu, nevilcinieties sazin\u0101ties ar mums, lai ieg\u016btu piln\u012bgu apm\u0101c\u012bbu programmu, vair\u0101k inform\u0101cijas vai citus ar apm\u0101c\u012bbu saist\u012btus jaut\u0101jumus. Pa t\u0101lruni +31-(0)45-5703333, e-pastu <a href=\"mailto:support@piek.international\">support@piek.international<\/a> vai <a href=\"https:\/\/piek.international\/quote-request\/\">pieprasiet pied\u0101v\u0101jumu<\/a> .<\/p>\n<\/div>\n<div style=\"text-align:right;\"><a class=\"fusion-button button-flat fusion-button-default-size button-default fusion-button-default button-1 fusion-button-default-span fusion-button-default-type\" style=\"--button_text_transform:uppercase;\" target=\"_self\" title=\"Cenas piepras\u012bjums\" aria-label=\"Cenas piepras\u012bjums\" href=\"https:\/\/piek.international\/quote-request\/\"><span class=\"fusion-button-text awb-button__text awb-button__text--default\">Cenas piepras\u012bjums<\/span><\/a><\/div>\n<\/div><\/div><\/div><\/div><\/div><div id=\"cidplus\" class=\"fusion-container-anchor\"><div class=\"fusion-fullwidth fullwidth-box fusion-builder-row-5 fusion-flex-container nonhundred-percent-fullwidth non-hundred-percent-height-scrolling\" style=\"--awb-border-radius-top-left:0px;--awb-border-radius-top-right:0px;--awb-border-radius-bottom-right:0px;--awb-border-radius-bottom-left:0px;--awb-padding-top:50px;--awb-padding-bottom:25px;--awb-margin-top:50px;--awb-background-color:#fcfcfc;--awb-flex-wrap:wrap;\" ><div class=\"fusion-builder-row fusion-row fusion-flex-align-items-flex-start fusion-flex-content-wrap\" style=\"max-width:1144px;margin-left: calc(-4% \/ 2 );margin-right: calc(-4% \/ 2 );\"><div class=\"fusion-layout-column fusion_builder_column fusion-builder-column-4 fusion_builder_column_1_1 1_1 fusion-flex-column\" style=\"--awb-bg-size:cover;--awb-width-large:100%;--awb-margin-top-large:0px;--awb-spacing-right-large:1.92%;--awb-margin-bottom-large:20px;--awb-spacing-left-large:1.92%;--awb-width-medium:100%;--awb-order-medium:0;--awb-spacing-right-medium:1.92%;--awb-spacing-left-medium:1.92%;--awb-width-small:100%;--awb-order-small:0;--awb-spacing-right-small:1.92%;--awb-spacing-left-small:1.92%;\"><div class=\"fusion-column-wrapper fusion-column-has-shadow fusion-flex-justify-content-flex-start fusion-content-layout-column\"><div class=\"fusion-title title fusion-title-3 sep-underline sep-dotted fusion-title-text fusion-title-size-two\"><h2 class=\"fusion-title-heading title-heading-left\" style=\"margin:0;\">IPC CID+ ( ADVANCED CERTIFIED INTERCONNECT DESIGNER )<\/h2><\/div><div class=\"fusion-text fusion-text-5\"><p>IPC-2220 s\u0113rija (\u201cVisp\u0101r\u0113jais iespiedplates dizaina standarts\u201d) ir IPC standartu s\u0113rija, saska\u0146\u0101 ar kuru tiek izstr\u0101d\u0101tas iespiedsh\u0113mu plates. IPC ir Amerikas instit\u016bts, kas nodro\u0161ina, ka visas zin\u0101\u0161anas vis\u0101 pasaul\u0113 izplata sertific\u0113ti IPC treneri, izmantojot savus IPC standartus, IPC apm\u0101c\u012bbas programmas un IPC m\u0101c\u012bbu materi\u0101lus. IPC-2221 ir standarts, saska\u0146\u0101 ar kuru dizaineri izstr\u0101d\u0101 iespiedsh\u0113mu plates t\u0101, lai Gerber faili (projekta ras\u0113jumi\/dati) iespiedsh\u0113mas plates ra\u017eot\u0101ja pus\u0113 b\u016btu pareizi saprotami vi\u0146u ra\u017eo\u0161anas iek\u0101rt\u0101s. Gandr\u012bz visi iespiedsh\u0113mu plates dizaineri vis\u0101 pasaul\u0113 str\u0101d\u0101 saska\u0146\u0101 ar \u0161o standartu(-iem).   <\/p>\n<h3>VAI V\u0112L\u0112TIES UZM\u0100C\u012aTIES, K\u0100 PROJEKT\u0112T GR\u016aTAS DRUK\u0100T\u0100S SH\u0112MU PL\u0100TES (PCBS)? J\u0100 TU VARI! <\/h3>\n<p>Ja jums nepiecie\u0161amas papildu zin\u0101\u0161anas iespiedsh\u0113mu plates projekt\u0113\u0161an\u0101, iespiedsh\u0113mu plates materi\u0101los, virsmas apstr\u0101d\u0113, termiskaj\u0101 mas\u0101, elektrisk\u0101s atstarpes, att\u0101lum\u0101 l\u012bdz iespiedsh\u0113mas plates malai, pielaid\u0113m, testiem, mar\u0137\u0113jumiem, cauru\u013cu piesl\u0113g\u0161anu\/uzlik\u0161anu, meistars ras\u0113jums (dizaina ras\u0113jums), lod\u0113\u0161anas maska, uzticam\u012bba, vides aspekti utt., tad \u0161is standarts ir jums piem\u0113rots. \u0160is standarts tiek izmantots jauna elektronikas izstr\u0101d\u0101juma projekt\u0113\u0161anai dizaina noda\u013c\u0101 un da\u017ek\u0101rt ar\u012b k\u0101 ieejas p\u0101rbaude sh\u0113mas plates izgatavot\u0101j\u0101 (uz\u0146\u0113mum\u0101, kas ra\u017eo tuk\u0161\u0101s sh\u0113mas plates). Ja projekta ras\u0113jumi ir nepareizi, iespiedsh\u0113mas plates ra\u017eot\u0101js nevar pareizi ra\u017eot, kas noz\u012bm\u0113, ka mont\u0113t\u0101js nevar pareizi pielod\u0113t sast\u0101vda\u013cas un rezult\u0101t\u0101 slikt\u0101kaj\u0101 gad\u012bjum\u0101 elektroniskie izstr\u0101d\u0101jumi saboj\u0101jas priek\u0161laic\u012bgi. Labs dizains ir labas kvalit\u0101tes galaprodukta pamat\u0101. CID+ apm\u0101c\u012bba ir apm\u0101c\u012bba, kas apm\u0101ca studentu\/dal\u012bbnieku k\u0101 Advanced Certified Interconnect Designer (CID+). Tas noz\u012bm\u0113, ka studentam p\u0113c tam ir visas zin\u0101\u0161anas par projekt\u0113\u0161anas noteikumiem (projekt\u0113\u0161anas vadl\u012bnij\u0101m).      \u0160\u012bs apm\u0101c\u012bbas ir piem\u0113rotas progres\u012bviem (dizaina speci\u0101listiem), kuri str\u0101d\u0101 dizaina noda\u013c\u0101. CID+ sertifik\u0101cijas apm\u0101c\u012bba sast\u0101v no div\u0101m da\u013c\u0101m. Pirm\u0101 da\u013ca ir gatavo\u0161an\u0101s m\u0101j\u0101s, otr\u0101 da\u013ca ir 3 apm\u0101c\u012bbu dienas un apm\u0101c\u012bbas beig\u0101s dal\u012bbnieks raksta gala eks\u0101menu (120 jaut\u0101jumi ar atbil\u017eu variantiem). Kad dal\u012bbnieks ir ieguvis savu CID+ sertifik\u0101tu, \u0161is sertifik\u0101ts ir der\u012bgs m\u016b\u017e\u012bgi. Ar \u0161o IPC sertifik\u0101tu j\u016bs varat str\u0101d\u0101t vis\u0101 pasaul\u0113 k\u0101 CID+ ( Advanced Certified Interconnect Designer ). T\u0101pat k\u0101 autovad\u012bt\u0101ja apliec\u012bba, ar\u012b \u0161is IPC sertifik\u0101ts ir starptautiski atz\u012bts. CID+ ir izraudz\u012bt\u0101 persona, kas apsprie\u017e un risina probl\u0113mas ar klientiem.<\/p>\n<\/div><div class=\"fusion-text fusion-text-6\"><p>L\u016bdzu, nevilcinieties sazin\u0101ties ar mums, lai ieg\u016btu piln\u012bgu apm\u0101c\u012bbu programmu, vair\u0101k inform\u0101cijas vai citus ar apm\u0101c\u012bbu saist\u012btus jaut\u0101jumus. Pa t\u0101lruni +31-(0)45-5703333, e-pastu <a href=\"mailto:support@piek.international\">support@piek.international<\/a> vai <a href=\"https:\/\/piek.international\/quote-request\/\">pieprasiet pied\u0101v\u0101jumu<\/a> .<\/p>\n<\/div>\n<div style=\"text-align:right;\"><a class=\"fusion-button button-flat fusion-button-default-size button-default fusion-button-default button-2 fusion-button-default-span fusion-button-default-type\" style=\"--button_text_transform:uppercase;\" target=\"_self\" title=\"Cenas piepras\u012bjums\" aria-label=\"Cenas piepras\u012bjums\" href=\"https:\/\/piek.international\/quote-request\/\"><span class=\"fusion-button-text awb-button__text awb-button__text--default\">Cenas piepras\u012bjums<\/span><\/a><\/div>\n<\/div><\/div><\/div><\/div><\/div><\/p>\n","protected":false},"excerpt":{"rendered":"","protected":false},"author":1,"featured_media":0,"parent":0,"menu_order":0,"comment_status":"closed","ping_status":"closed","template":"100-width.php","meta":{"footnotes":""},"class_list":["post-1687","page","type-page","status-publish","hentry"],"yoast_head":"<!-- This site is optimized with the Yoast SEO plugin v26.9 - https:\/\/yoast.com\/product\/yoast-seo-wordpress\/ -->\n<title>IPC Designer sertifik\u0101cija - IPC Accredited Training Partner - PIEK<\/title>\n<meta name=\"description\" content=\"CID apm\u0101c\u012bba ir PCB dizaina apm\u0101c\u012bba, kas apm\u0101ca studentu par IPC Certified Interconnect Designer (CID).\" \/>\n<meta name=\"robots\" content=\"index, follow, max-snippet:-1, max-image-preview:large, max-video-preview:-1\" \/>\n<link rel=\"canonical\" href=\"https:\/\/piek.international\/lv\/ipc-designer-sertifikacija\/\" \/>\n<meta property=\"og:locale\" content=\"lv_LV\" \/>\n<meta property=\"og:type\" content=\"article\" \/>\n<meta property=\"og:title\" content=\"IPC Designer sertifik\u0101cija - IPC Accredited Training Partner - PIEK\" \/>\n<meta property=\"og:description\" content=\"CID apm\u0101c\u012bba ir PCB dizaina apm\u0101c\u012bba, kas apm\u0101ca studentu par IPC Certified Interconnect Designer (CID).\" \/>\n<meta property=\"og:url\" content=\"https:\/\/piek.international\/lv\/ipc-designer-sertifikacija\/\" \/>\n<meta property=\"og:site_name\" content=\"IPC Accredited Training Partner - PIEK\" \/>\n<meta property=\"article:modified_time\" content=\"2021-11-09T12:14:23+00:00\" \/>\n<meta name=\"twitter:card\" content=\"summary_large_image\" \/>\n<meta name=\"twitter:label1\" content=\"Est. reading time\" \/>\n\t<meta name=\"twitter:data1\" content=\"24 minutes\" \/>\n<script type=\"application\/ld+json\" class=\"yoast-schema-graph\">{\"@context\":\"https:\/\/schema.org\",\"@graph\":[{\"@type\":\"WebPage\",\"@id\":\"https:\/\/piek.international\/lv\/ipc-designer-sertifikacija\/\",\"url\":\"https:\/\/piek.international\/lv\/ipc-designer-sertifikacija\/\",\"name\":\"IPC Designer sertifik\u0101cija - IPC Accredited Training Partner - PIEK\",\"isPartOf\":{\"@id\":\"https:\/\/piek.international\/lv\/#website\"},\"datePublished\":\"2021-11-09T12:14:22+00:00\",\"dateModified\":\"2021-11-09T12:14:23+00:00\",\"description\":\"CID apm\u0101c\u012bba ir PCB dizaina apm\u0101c\u012bba, kas apm\u0101ca studentu par IPC Certified Interconnect Designer (CID).\",\"breadcrumb\":{\"@id\":\"https:\/\/piek.international\/lv\/ipc-designer-sertifikacija\/#breadcrumb\"},\"inLanguage\":\"lv-LV\",\"potentialAction\":[{\"@type\":\"ReadAction\",\"target\":[\"https:\/\/piek.international\/lv\/ipc-designer-sertifikacija\/\"]}]},{\"@type\":\"BreadcrumbList\",\"@id\":\"https:\/\/piek.international\/lv\/ipc-designer-sertifikacija\/#breadcrumb\",\"itemListElement\":[{\"@type\":\"ListItem\",\"position\":1,\"name\":\"Home\",\"item\":\"https:\/\/piek.international\/lv\/\"},{\"@type\":\"ListItem\",\"position\":2,\"name\":\"IPC Designer sertifik\u0101cija\"}]},{\"@type\":\"WebSite\",\"@id\":\"https:\/\/piek.international\/lv\/#website\",\"url\":\"https:\/\/piek.international\/lv\/\",\"name\":\"IPC Accredited Training Partner - PIEK\",\"description\":\"\",\"potentialAction\":[{\"@type\":\"SearchAction\",\"target\":{\"@type\":\"EntryPoint\",\"urlTemplate\":\"https:\/\/piek.international\/lv\/?s={search_term_string}\"},\"query-input\":{\"@type\":\"PropertyValueSpecification\",\"valueRequired\":true,\"valueName\":\"search_term_string\"}}],\"inLanguage\":\"lv-LV\"}]}<\/script>\n<!-- \/ Yoast SEO plugin. -->","yoast_head_json":{"title":"IPC Designer sertifik\u0101cija - IPC Accredited Training Partner - PIEK","description":"CID apm\u0101c\u012bba ir PCB dizaina apm\u0101c\u012bba, kas apm\u0101ca studentu par IPC Certified Interconnect Designer (CID).","robots":{"index":"index","follow":"follow","max-snippet":"max-snippet:-1","max-image-preview":"max-image-preview:large","max-video-preview":"max-video-preview:-1"},"canonical":"https:\/\/piek.international\/lv\/ipc-designer-sertifikacija\/","og_locale":"lv_LV","og_type":"article","og_title":"IPC Designer sertifik\u0101cija - IPC Accredited Training Partner - PIEK","og_description":"CID apm\u0101c\u012bba ir PCB dizaina apm\u0101c\u012bba, kas apm\u0101ca studentu par IPC Certified Interconnect Designer (CID).","og_url":"https:\/\/piek.international\/lv\/ipc-designer-sertifikacija\/","og_site_name":"IPC Accredited Training Partner - PIEK","article_modified_time":"2021-11-09T12:14:23+00:00","twitter_card":"summary_large_image","twitter_misc":{"Est. reading time":"24 minutes"},"schema":{"@context":"https:\/\/schema.org","@graph":[{"@type":"WebPage","@id":"https:\/\/piek.international\/lv\/ipc-designer-sertifikacija\/","url":"https:\/\/piek.international\/lv\/ipc-designer-sertifikacija\/","name":"IPC Designer sertifik\u0101cija - IPC Accredited Training Partner - PIEK","isPartOf":{"@id":"https:\/\/piek.international\/lv\/#website"},"datePublished":"2021-11-09T12:14:22+00:00","dateModified":"2021-11-09T12:14:23+00:00","description":"CID apm\u0101c\u012bba ir PCB dizaina apm\u0101c\u012bba, kas apm\u0101ca studentu par IPC Certified Interconnect Designer (CID).","breadcrumb":{"@id":"https:\/\/piek.international\/lv\/ipc-designer-sertifikacija\/#breadcrumb"},"inLanguage":"lv-LV","potentialAction":[{"@type":"ReadAction","target":["https:\/\/piek.international\/lv\/ipc-designer-sertifikacija\/"]}]},{"@type":"BreadcrumbList","@id":"https:\/\/piek.international\/lv\/ipc-designer-sertifikacija\/#breadcrumb","itemListElement":[{"@type":"ListItem","position":1,"name":"Home","item":"https:\/\/piek.international\/lv\/"},{"@type":"ListItem","position":2,"name":"IPC Designer sertifik\u0101cija"}]},{"@type":"WebSite","@id":"https:\/\/piek.international\/lv\/#website","url":"https:\/\/piek.international\/lv\/","name":"IPC Accredited Training Partner - PIEK","description":"","potentialAction":[{"@type":"SearchAction","target":{"@type":"EntryPoint","urlTemplate":"https:\/\/piek.international\/lv\/?s={search_term_string}"},"query-input":{"@type":"PropertyValueSpecification","valueRequired":true,"valueName":"search_term_string"}}],"inLanguage":"lv-LV"}]}},"_links":{"self":[{"href":"https:\/\/piek.international\/lv\/wp-json\/wp\/v2\/pages\/1687","targetHints":{"allow":["GET"]}}],"collection":[{"href":"https:\/\/piek.international\/lv\/wp-json\/wp\/v2\/pages"}],"about":[{"href":"https:\/\/piek.international\/lv\/wp-json\/wp\/v2\/types\/page"}],"author":[{"embeddable":true,"href":"https:\/\/piek.international\/lv\/wp-json\/wp\/v2\/users\/1"}],"replies":[{"embeddable":true,"href":"https:\/\/piek.international\/lv\/wp-json\/wp\/v2\/comments?post=1687"}],"version-history":[{"count":2,"href":"https:\/\/piek.international\/lv\/wp-json\/wp\/v2\/pages\/1687\/revisions"}],"predecessor-version":[{"id":1689,"href":"https:\/\/piek.international\/lv\/wp-json\/wp\/v2\/pages\/1687\/revisions\/1689"}],"wp:attachment":[{"href":"https:\/\/piek.international\/lv\/wp-json\/wp\/v2\/media?parent=1687"}],"curies":[{"name":"wp","href":"https:\/\/api.w.org\/{rel}","templated":true}]}}