{"id":1735,"date":"2021-11-09T13:10:24","date_gmt":"2021-11-09T13:10:24","guid":{"rendered":"https:\/\/piek.international\/certifikazzjoni-tad-ipc-designer\/"},"modified":"2021-11-09T13:10:24","modified_gmt":"2021-11-09T13:10:24","slug":"certifikazzjoni-tad-ipc-designer","status":"publish","type":"page","link":"https:\/\/piek.international\/mt\/certifikazzjoni-tad-ipc-designer\/","title":{"rendered":"\u010aertifikazzjoni tad- IPC Designer"},"content":{"rendered":"<p><div class=\"fusion-fullwidth fullwidth-box fusion-builder-row-1 fusion-flex-container nonhundred-percent-fullwidth non-hundred-percent-height-scrolling\" style=\"--awb-border-radius-top-left:0px;--awb-border-radius-top-right:0px;--awb-border-radius-bottom-right:0px;--awb-border-radius-bottom-left:0px;--awb-flex-wrap:wrap;\" ><div class=\"fusion-builder-row fusion-row fusion-flex-align-items-flex-start fusion-flex-content-wrap\" style=\"max-width:1144px;margin-left: calc(-4% \/ 2 );margin-right: calc(-4% \/ 2 );\"><div class=\"fusion-layout-column fusion_builder_column fusion-builder-column-0 fusion_builder_column_1_1 1_1 fusion-flex-column\" style=\"--awb-bg-size:cover;--awb-width-large:100%;--awb-margin-top-large:0px;--awb-spacing-right-large:1.92%;--awb-margin-bottom-large:20px;--awb-spacing-left-large:1.92%;--awb-width-medium:100%;--awb-order-medium:0;--awb-spacing-right-medium:1.92%;--awb-spacing-left-medium:1.92%;--awb-width-small:100%;--awb-order-small:0;--awb-spacing-right-small:1.92%;--awb-spacing-left-small:1.92%;\"><div class=\"fusion-column-wrapper fusion-column-has-shadow fusion-flex-justify-content-flex-start fusion-content-layout-column\"><div class=\"fusion-title title fusion-title-1 sep-underline sep-dotted fusion-title-text fusion-title-size-one\" style=\"--awb-margin-top-small:0px;--awb-margin-right-small:0px;--awb-margin-bottom-small:20px;--awb-margin-left-small:0px;\"><h1 class=\"fusion-title-heading title-heading-left\" style=\"margin:0;\">\u010aertifikazzjoni tad- IPC Designer<\/h1><\/div><\/div><\/div><\/div><\/div><div class=\"fusion-bg-parallax\" data-bg-align=\"right top\" data-direction=\"down\" data-mute=\"false\" data-opacity=\"100\" data-velocity=\"-0.3\" data-mobile-enabled=\"false\" data-break_parents=\"0\" data-bg-image=\"https:\/\/piek.international\/wp-content\/uploads\/pcb-background-v4.jpeg\" data-bg-repeat=\"false\" data-bg-color=\"#fcfcfc\" ><\/div><div class=\"fusion-fullwidth fullwidth-box fusion-builder-row-2 fusion-flex-container fusion-parallax-down nonhundred-percent-fullwidth non-hundred-percent-height-scrolling fusion-no-small-visibility fusion-no-medium-visibility\" style=\"--awb-background-position:right top;--awb-border-radius-top-left:0px;--awb-border-radius-top-right:0px;--awb-border-radius-bottom-right:0px;--awb-border-radius-bottom-left:0px;--awb-padding-top:50px;--awb-padding-bottom:25px;--awb-background-color:#fcfcfc;--awb-background-image:url(&quot;https:\/\/piek.international\/wp-content\/uploads\/pcb-background-v4.jpeg&quot;);--awb-background-size:cover;--awb-flex-wrap:wrap;--awb-box-shadow: 0px 0px ;\" ><div class=\"fusion-builder-row fusion-row fusion-flex-align-items-flex-start fusion-flex-content-wrap\" style=\"max-width:1144px;margin-left: calc(-4% \/ 2 );margin-right: calc(-4% \/ 2 );\"><div class=\"fusion-layout-column fusion_builder_column fusion-builder-column-1 fusion_builder_column_1_1 1_1 fusion-flex-column\" style=\"--awb-bg-size:cover;--awb-width-large:100%;--awb-margin-top-large:0px;--awb-spacing-right-large:1.92%;--awb-margin-bottom-large:20px;--awb-spacing-left-large:1.92%;--awb-width-medium:100%;--awb-order-medium:0;--awb-spacing-right-medium:1.92%;--awb-spacing-left-medium:1.92%;--awb-width-small:100%;--awb-order-small:0;--awb-spacing-right-small:1.92%;--awb-spacing-left-small:1.92%;\"><div class=\"fusion-column-wrapper fusion-column-has-shadow fusion-flex-justify-content-flex-start fusion-content-layout-column\"><div class=\"fusion-text fusion-text-1\"><h4><a href=\"#cid\"><i class=\"fb-icon-element-1 fb-icon-element fontawesome-icon fa-check fas circle-no fusion-text-flow\" style=\"--awb-iconcolor:#2cb34a;--awb-iconcolor-hover:#2cb34a;--awb-font-size:24px;--awb-margin-right:12px;\"><\/i>IPC CID (CERTIFIED INTERCONNECT DESIGNER-BASIC)<\/a><\/h4>\n<h4><a href=\"#cidplus\"><i class=\"fb-icon-element-2 fb-icon-element fontawesome-icon fa-check fas circle-no fusion-text-flow\" style=\"--awb-iconcolor:#2cb34a;--awb-iconcolor-hover:#2cb34a;--awb-font-size:24px;--awb-margin-right:12px;\"><\/i>IPC CID+ (ADVANCED CERTIFIED INTERCONNECT DESIGNER)<\/a><\/h4>\n<\/div><\/div><\/div><\/div><\/div><div class=\"fusion-fullwidth fullwidth-box fusion-builder-row-3 fusion-flex-container nonhundred-percent-fullwidth non-hundred-percent-height-scrolling fusion-no-large-visibility\" style=\"--awb-border-radius-top-left:0px;--awb-border-radius-top-right:0px;--awb-border-radius-bottom-right:0px;--awb-border-radius-bottom-left:0px;--awb-padding-top:50px;--awb-padding-bottom:25px;--awb-background-color:#fcfcfc;--awb-flex-wrap:wrap;--awb-box-shadow: 0px 0px ;\" ><div class=\"fusion-builder-row fusion-row fusion-flex-align-items-flex-start fusion-flex-content-wrap\" style=\"max-width:1144px;margin-left: calc(-4% \/ 2 );margin-right: calc(-4% \/ 2 );\"><div class=\"fusion-layout-column fusion_builder_column fusion-builder-column-2 fusion_builder_column_1_1 1_1 fusion-flex-column\" style=\"--awb-bg-size:cover;--awb-width-large:100%;--awb-margin-top-large:0px;--awb-spacing-right-large:1.92%;--awb-margin-bottom-large:20px;--awb-spacing-left-large:1.92%;--awb-width-medium:100%;--awb-order-medium:0;--awb-spacing-right-medium:1.92%;--awb-spacing-left-medium:1.92%;--awb-width-small:100%;--awb-order-small:0;--awb-spacing-right-small:1.92%;--awb-spacing-left-small:1.92%;\"><div class=\"fusion-column-wrapper fusion-column-has-shadow fusion-flex-justify-content-flex-start fusion-content-layout-column\"><div class=\"fusion-text fusion-text-2\"><h4><a href=\"#cid\"><i class=\"fb-icon-element-3 fb-icon-element fontawesome-icon fa-check fas circle-no fusion-text-flow\" style=\"--awb-iconcolor:#2cb34a;--awb-iconcolor-hover:#2cb34a;--awb-font-size:24px;--awb-margin-right:12px;\"><\/i>IPC CID (CERTIFIED INTERCONNECT DESIGNER-BASIC)<\/a><\/h4>\n<h4><a href=\"#cidplus\"><i class=\"fb-icon-element-4 fb-icon-element fontawesome-icon fa-check fas circle-no fusion-text-flow\" style=\"--awb-iconcolor:#2cb34a;--awb-iconcolor-hover:#2cb34a;--awb-font-size:24px;--awb-margin-right:12px;\"><\/i>IPC CID+ (ADVANCED CERTIFIED INTERCONNECT DESIGNER)<\/a><\/h4>\n<\/div><\/div><\/div><\/div><\/div><div id=\"cid\" class=\"fusion-container-anchor\"><div class=\"fusion-fullwidth fullwidth-box fusion-builder-row-4 fusion-flex-container nonhundred-percent-fullwidth non-hundred-percent-height-scrolling\" style=\"--awb-border-radius-top-left:0px;--awb-border-radius-top-right:0px;--awb-border-radius-bottom-right:0px;--awb-border-radius-bottom-left:0px;--awb-padding-top:50px;--awb-padding-bottom:25px;--awb-flex-wrap:wrap;\" ><div class=\"fusion-builder-row fusion-row fusion-flex-align-items-flex-start fusion-flex-content-wrap\" style=\"max-width:1144px;margin-left: calc(-4% \/ 2 );margin-right: calc(-4% \/ 2 );\"><div class=\"fusion-layout-column fusion_builder_column fusion-builder-column-3 fusion_builder_column_1_1 1_1 fusion-flex-column\" style=\"--awb-bg-size:cover;--awb-width-large:100%;--awb-margin-top-large:0px;--awb-spacing-right-large:1.92%;--awb-margin-bottom-large:20px;--awb-spacing-left-large:1.92%;--awb-width-medium:100%;--awb-order-medium:0;--awb-spacing-right-medium:1.92%;--awb-spacing-left-medium:1.92%;--awb-width-small:100%;--awb-order-small:0;--awb-spacing-right-small:1.92%;--awb-spacing-left-small:1.92%;\"><div class=\"fusion-column-wrapper fusion-column-has-shadow fusion-flex-justify-content-flex-start fusion-content-layout-column\"><div class=\"fusion-title title fusion-title-2 sep-underline sep-dotted fusion-title-text fusion-title-size-two\" style=\"--awb-margin-top-small:0px;--awb-margin-right-small:0px;--awb-margin-bottom-small:20px;--awb-margin-left-small:0px;\"><h2 class=\"fusion-title-heading title-heading-left\" style=\"margin:0;\">IPC CID (CERTIFIED INTERCONNECT DESIGNER-BASIC)<\/h2><\/div><div class=\"fusion-text fusion-text-3\"><p>Is-Serje IPC-2220 (&#8220;Standard \u0120eneriku fuq id-Disinn tal-Bord Stampat&#8221;) hija serje ta &#8216;standards IPC li bihom huma ddisinjati bordijiet ta&#8217; \u010birkwiti stampati. L-IPC huwa istitut Amerikan li ji\u017cgura li l-g\u0127arfien kollu jitqassam mad-dinja kollha minn trejners IPC i\u010b\u010bertifikati permezz tal-istandards tal-IPC tag\u0127hom, il-programmi ta\u2019 ta\u0127ri\u0121 tal-IPC u l-materjali tat-tag\u0127lim tal-IPC. L-IPC-2221 huwa standard li bih id-disinjaturi jiddisinjaw bordijiet ta &#8216;\u010birkwiti stampati sabiex il-fajls Gerber (id-disinji tad-disinn\/data) fin-na\u0127a tal-manifattur tal-bord ta\u010b-\u010birkwit stampat jinftiehmu sew fuq il-magni tal-produzzjoni tag\u0127hom. Kwa\u017ci d-disinjaturi kollha tal-bord ta\u010b-\u010birkwit stampat madwar id-dinja ja\u0127dmu skont dan l-istandard(i).    Jekk g\u0127andek b\u017conn aktar g\u0127arfien fid-disinn ta &#8216;bords ta&#8217; \u010birkwiti stampati, materjali ta &#8216;bords ta&#8217; \u010birkwiti stampati, finituri tal-wi\u010b\u010b, massa termali, clearances elettri\u010bi, distanza g\u0127at-tarf tal-bord ta\u010b-\u010birkwit stampat, tolleranzi, testijiet, marki, plagg\/tenting ta &#8216;vias, kaptan tpin\u0121ija (tpin\u0121ija tad-disinn), maskra tal-istann, affidabilit\u00e0, aspetti ambjentali e\u010b\u010b allura dan l-istandard huwa dak it-tajjeb g\u0127alik.<\/p>\n<h3>Tixtieq TG\u0126ALLEM KIF TIddi\u017cinja BORD TA\u2019 \u010aIRKWITT STAMPAT (PCB)? IVA TISTA! <\/h3>\n<p>Dan l-istandard jintu\u017ca g\u0127ad-disinn ta &#8216;prodott elettroniku \u0121did fid-dipartiment tad-disinn u xi kultant ukoll b\u0127ala kontroll tad-d\u0127ul fil-manifattur tal-bord ta\u010b-\u010birkwit (il-kumpanija li tipprodu\u010bi bordijiet ta\u010b-\u010birkwiti vojta). Jekk it-tpin\u0121ijiet tad-disinn ma jkunux korretti, il-manifattur tal-bord ta\u010b-\u010birkwit stampat ma jistax jipprodu\u010bi kif suppost, li jfisser li l-assemblatur ma jistax jissaldja sew il-komponenti u, b\u0127ala ri\u017cultat, fl-ag\u0127ar ka\u017c il-prodotti elettroni\u010bi jfallu qabel i\u017c-\u017cmien. Disinn tajjeb huwa l-ba\u017ci ta &#8216;prodott finali ta&#8217; kwalit\u00e0 tajba. It-ta\u0127ri\u0121 tas-CID huwa ta\u0127ri\u0121 li j\u0127arre\u0121 student\/parte\u010bipant b\u0127ala Certified Interconnect Designer (CID). Dan ifisser li l-istudent g\u0127andu \u0127afna g\u0127arfien dwar ir-regoli tad-disinn (linji gwida tad-disinn) wara.    <\/p>\n<p>Dan it-ta\u0127ri\u0121 huwa adattat g\u0127al nies li ja\u0127dmu fid-dipartiment tad-disinn. It-ta\u0127ri\u0121 ta\u010b-\u010bertifikazzjoni tas-CID jikkonsisti f&#8217;\u017cew\u0121 partijiet. L-ewwel parti hija preparazzjoni fid-dar, it-tieni parti hija 3 ijiem ta &#8216;ta\u0127ri\u0121 u fi tmiem it-ta\u0127ri\u0121 il-parte\u010bipant jikteb e\u017cami finali (110 mistoqsija g\u0127a\u017cla multipla). Il-punte\u0121\u0121 minimu biex tirnexxi huwa 73%. Meta l-parte\u010bipant ikun kiseb i\u010b-\u010bertifikat tas-CID tieg\u0127u\/tag\u0127ha, dak i\u010b-\u010bertifikat ikun validu g\u0127al dejjem. B&#8217;dan i\u010b-\u010bertifikat IPC tista &#8216;ta\u0127dem b\u0127ala CID ( Certified Interconnect Designer ) mad-dinja kollha. E\u017catt b\u0127al li\u010benzja tas-sewwieq, dan i\u010b-\u010bertifikat IPC huwa rikonoxxut internazzjonalment. Jekk xi \u0127add ikun interessat f&#8217;ta\u0127ri\u0121 addizzjonali (avvanzat), it-ta\u0127ri\u0121 CID+ huwa adattat g\u0127al dan. Is-CID huwa l-persuna nominata li tiddiskuti u ssolvi l-problemi mal-klijenti.<\/p>\n<\/div><div class=\"fusion-text fusion-text-4\"><p>Jekk jog\u0127\u0121bok, toqg\u0127odx lura milli tikkuntattjana g\u0127al programm s\u0127i\u0127 ta&#8217; ta\u0127ri\u0121, aktar informazzjoni, jew kwistjonijiet o\u0127ra relatati mat-ta\u0127ri\u0121. Bit-telefon +31-(0)45-5703333, bl-email <a href=\"mailto:support@piek.international\">support@piek.international<\/a> jew <a href=\"https:\/\/piek.international\/quote-request\/\">titlob kwotazzjoni<\/a> .<\/p>\n<\/div>\n<div style=\"text-align:right;\"><a class=\"fusion-button button-flat fusion-button-default-size button-default fusion-button-default button-1 fusion-button-default-span fusion-button-default-type\" style=\"--button_text_transform:uppercase;\" target=\"_self\" title=\"Talba g\u0127al Kwotazzjoni\" aria-label=\"Talba g\u0127al Kwotazzjoni\" href=\"https:\/\/piek.international\/quote-request\/\"><span class=\"fusion-button-text awb-button__text awb-button__text--default\">Talba g\u0127al Kwotazzjoni<\/span><\/a><\/div>\n<\/div><\/div><\/div><\/div><\/div><div id=\"cidplus\" class=\"fusion-container-anchor\"><div class=\"fusion-fullwidth fullwidth-box fusion-builder-row-5 fusion-flex-container nonhundred-percent-fullwidth non-hundred-percent-height-scrolling\" style=\"--awb-border-radius-top-left:0px;--awb-border-radius-top-right:0px;--awb-border-radius-bottom-right:0px;--awb-border-radius-bottom-left:0px;--awb-padding-top:50px;--awb-padding-bottom:25px;--awb-margin-top:50px;--awb-background-color:#fcfcfc;--awb-flex-wrap:wrap;\" ><div class=\"fusion-builder-row fusion-row fusion-flex-align-items-flex-start fusion-flex-content-wrap\" style=\"max-width:1144px;margin-left: calc(-4% \/ 2 );margin-right: calc(-4% \/ 2 );\"><div class=\"fusion-layout-column fusion_builder_column fusion-builder-column-4 fusion_builder_column_1_1 1_1 fusion-flex-column\" style=\"--awb-bg-size:cover;--awb-width-large:100%;--awb-margin-top-large:0px;--awb-spacing-right-large:1.92%;--awb-margin-bottom-large:20px;--awb-spacing-left-large:1.92%;--awb-width-medium:100%;--awb-order-medium:0;--awb-spacing-right-medium:1.92%;--awb-spacing-left-medium:1.92%;--awb-width-small:100%;--awb-order-small:0;--awb-spacing-right-small:1.92%;--awb-spacing-left-small:1.92%;\"><div class=\"fusion-column-wrapper fusion-column-has-shadow fusion-flex-justify-content-flex-start fusion-content-layout-column\"><div class=\"fusion-title title fusion-title-3 sep-underline sep-dotted fusion-title-text fusion-title-size-two\" style=\"--awb-margin-top-small:0px;--awb-margin-right-small:0px;--awb-margin-bottom-small:20px;--awb-margin-left-small:0px;\"><h2 class=\"fusion-title-heading title-heading-left\" style=\"margin:0;\">IPC CID+ (ADVANCED CERTIFIED INTERCONNECT DESIGNER)<\/h2><\/div><div class=\"fusion-text fusion-text-5\"><p>Is-Serje IPC-2220 (&#8220;Standard \u0120eneriku fuq id-Disinn tal-Bord Stampat&#8221;) hija serje ta &#8216;standards IPC li bihom huma ddisinjati bordijiet ta&#8217; \u010birkwiti stampati. L-IPC huwa istitut Amerikan li ji\u017cgura li l-g\u0127arfien kollu jitqassam mad-dinja kollha minn trejners IPC i\u010b\u010bertifikati permezz tal-istandards tal-IPC tag\u0127hom, il-programmi ta\u2019 ta\u0127ri\u0121 tal-IPC u l-materjali tat-tag\u0127lim tal-IPC. L-IPC-2221 huwa standard li bih id-disinjaturi jiddisinjaw bordijiet ta &#8216;\u010birkwiti stampati sabiex il-fajls Gerber (id-disinji tad-disinn\/data) fin-na\u0127a tal-manifattur tal-bord ta\u010b-\u010birkwit stampat jinftiehmu sew fuq il-magni tal-produzzjoni tag\u0127hom. Kwa\u017ci d-disinjaturi kollha tal-bord ta\u010b-\u010birkwit stampat madwar id-dinja ja\u0127dmu skont dan l-istandard(i).   <\/p>\n<h3>Tixtieq TG\u0126ALLEM KIF TIDDISINN TA\u010a-\u010aIRCUIT BORDS STAMPATI DIFFI\u010aLI (PCBS)? IVA TISTA! <\/h3>\n<p>Jekk g\u0127andek b\u017conn aktar g\u0127arfien fid-disinn ta &#8216;bords ta&#8217; \u010birkwiti stampati, materjali ta &#8216;bords ta&#8217; \u010birkwiti stampati, finituri tal-wi\u010b\u010b, massa termali, clearances elettri\u010bi, distanza g\u0127at-tarf tal-bord ta\u010b-\u010birkwit stampat, tolleranzi, testijiet, marki, plagg\/tenting ta &#8216;vias, kaptan tpin\u0121ija (tpin\u0121ija tad-disinn), maskra tal-istann, affidabilit\u00e0, aspetti ambjentali e\u010b\u010b allura dan l-istandard huwa dak it-tajjeb g\u0127alik. Dan l-istandard jintu\u017ca g\u0127ad-disinn ta &#8216;prodott elettroniku \u0121did fid-dipartiment tad-disinn u xi kultant ukoll b\u0127ala kontroll tad-d\u0127ul fil-manifattur tal-bord ta\u010b-\u010birkwit (il-kumpanija li tipprodu\u010bi bordijiet ta\u010b-\u010birkwiti vojta). Jekk it-tpin\u0121ijiet tad-disinn ma jkunux korretti, il-manifattur tal-bord ta\u010b-\u010birkwit stampat ma jistax jipprodu\u010bi kif suppost, li jfisser li l-assemblatur ma jistax jissaldja sew il-komponenti u, b\u0127ala ri\u017cultat, fl-ag\u0127ar ka\u017c il-prodotti elettroni\u010bi jfallu qabel i\u017c-\u017cmien. Disinn tajjeb huwa l-ba\u017ci ta &#8216;prodott finali ta&#8217; kwalit\u00e0 tajba. It-ta\u0127ri\u0121 tas-CID+ huwa ta\u0127ri\u0121 li j\u0127arre\u0121 student\/parte\u010bipant b\u0127ala Advanced Certified Interconnect Designer (CID+). Dan ifisser li l-istudent ikollu l-g\u0127arfien kollu dwar ir-regoli tad-disinn (linji gwida tad-disinn) wara.      Dan it-ta\u0127ri\u0121 huwa adattat g\u0127al avvanzati (spe\u010bjalisti tad-disinn) li ja\u0127dmu fid-dipartiment tad-disinn. It-ta\u0127ri\u0121 ta\u010b-\u010bertifikazzjoni CID+ jikkonsisti f&#8217;\u017cew\u0121 partijiet. L-ewwel parti hija preparazzjoni fid-dar, it-tieni parti hija 3 ijiem ta &#8216;ta\u0127ri\u0121 u fi tmiem it-ta\u0127ri\u0121 il-parte\u010bipant jikteb e\u017cami finali (120 mistoqsija g\u0127a\u017cla multipla). Meta l-parte\u010bipant ikun kiseb i\u010b-\u010bertifikat CID+ tieg\u0127u, dak i\u010b-\u010bertifikat ikun validu g\u0127al dejjem. B&#8217;dan i\u010b-\u010bertifikat IPC tista&#8217; ta\u0127dem mad-dinja kollha b\u0127ala CID+ ( Advanced Certified Interconnect Designer ). E\u017catt b\u0127al li\u010benzja tas-sewwieq, dan i\u010b-\u010bertifikat IPC huwa rikonoxxut internazzjonalment. Is-CID+ hija l-persuna nominata li tiddiskuti u ssolvi l-problemi mal-klijenti.<\/p>\n<\/div><div class=\"fusion-text fusion-text-6\"><p>Jekk jog\u0127\u0121bok, toqg\u0127odx lura milli tikkuntattjana g\u0127al programm s\u0127i\u0127 ta&#8217; ta\u0127ri\u0121, aktar informazzjoni, jew kwistjonijiet o\u0127ra relatati mat-ta\u0127ri\u0121. Bit-telefon +31-(0)45-5703333, bl-email <a href=\"mailto:support@piek.international\">support@piek.international<\/a> jew <a href=\"https:\/\/piek.international\/quote-request\/\">titlob kwotazzjoni<\/a> .<\/p>\n<\/div>\n<div style=\"text-align:right;\"><a class=\"fusion-button button-flat fusion-button-default-size button-default fusion-button-default button-2 fusion-button-default-span fusion-button-default-type\" style=\"--button_text_transform:uppercase;\" target=\"_self\" title=\"Talba g\u0127al Kwotazzjoni\" aria-label=\"Talba g\u0127al Kwotazzjoni\" href=\"https:\/\/piek.international\/quote-request\/\"><span class=\"fusion-button-text awb-button__text awb-button__text--default\">Talba g\u0127al Kwotazzjoni<\/span><\/a><\/div>\n<\/div><\/div><\/div><\/div><\/div><\/p>\n","protected":false},"excerpt":{"rendered":"","protected":false},"author":1,"featured_media":0,"parent":0,"menu_order":0,"comment_status":"closed","ping_status":"closed","template":"100-width.php","meta":{"footnotes":""},"class_list":["post-1735","page","type-page","status-publish","hentry"],"yoast_head":"<!-- This site is optimized with the Yoast SEO plugin v27.3 - https:\/\/yoast.com\/product\/yoast-seo-wordpress\/ -->\n<title>\u010aertifikazzjoni tad- IPC Designer - IPC Accredited Training Partner - PIEK<\/title>\n<meta name=\"description\" content=\"It-ta\u0127ri\u0121 tas-CID huwa ta\u0127ri\u0121 tad-disinn tal-pcb li j\u0127arre\u0121 student b\u0127ala Certified Interconnect Designer tal-IPC (CID).\" \/>\n<meta name=\"robots\" content=\"index, follow, max-snippet:-1, max-image-preview:large, max-video-preview:-1\" \/>\n<link rel=\"canonical\" href=\"https:\/\/piek.international\/mt\/certifikazzjoni-tad-ipc-designer\/\" \/>\n<meta property=\"og:locale\" content=\"mt_MT\" \/>\n<meta property=\"og:type\" content=\"article\" \/>\n<meta property=\"og:title\" content=\"\u010aertifikazzjoni tad- IPC Designer - IPC Accredited Training Partner - PIEK\" \/>\n<meta property=\"og:description\" content=\"It-ta\u0127ri\u0121 tas-CID huwa ta\u0127ri\u0121 tad-disinn tal-pcb li j\u0127arre\u0121 student b\u0127ala Certified Interconnect Designer tal-IPC (CID).\" \/>\n<meta property=\"og:url\" content=\"https:\/\/piek.international\/mt\/certifikazzjoni-tad-ipc-designer\/\" \/>\n<meta property=\"og:site_name\" content=\"IPC Accredited Training Partner - PIEK\" \/>\n<meta name=\"twitter:card\" content=\"summary_large_image\" \/>\n<meta name=\"twitter:label1\" content=\"Est. reading time\" \/>\n\t<meta name=\"twitter:data1\" content=\"24 minutes\" \/>\n<script type=\"application\/ld+json\" class=\"yoast-schema-graph\">{\"@context\":\"https:\\\/\\\/schema.org\",\"@graph\":[{\"@type\":\"WebPage\",\"@id\":\"https:\\\/\\\/piek.international\\\/mt\\\/certifikazzjoni-tad-ipc-designer\\\/\",\"url\":\"https:\\\/\\\/piek.international\\\/mt\\\/certifikazzjoni-tad-ipc-designer\\\/\",\"name\":\"\u010aertifikazzjoni tad- IPC Designer - IPC Accredited Training Partner - PIEK\",\"isPartOf\":{\"@id\":\"https:\\\/\\\/piek.international\\\/mt\\\/#website\"},\"datePublished\":\"2021-11-09T13:10:24+00:00\",\"description\":\"It-ta\u0127ri\u0121 tas-CID huwa ta\u0127ri\u0121 tad-disinn tal-pcb li j\u0127arre\u0121 student b\u0127ala Certified Interconnect Designer tal-IPC (CID).\",\"breadcrumb\":{\"@id\":\"https:\\\/\\\/piek.international\\\/mt\\\/certifikazzjoni-tad-ipc-designer\\\/#breadcrumb\"},\"inLanguage\":\"mt-MT\",\"potentialAction\":[{\"@type\":\"ReadAction\",\"target\":[\"https:\\\/\\\/piek.international\\\/mt\\\/certifikazzjoni-tad-ipc-designer\\\/\"]}]},{\"@type\":\"BreadcrumbList\",\"@id\":\"https:\\\/\\\/piek.international\\\/mt\\\/certifikazzjoni-tad-ipc-designer\\\/#breadcrumb\",\"itemListElement\":[{\"@type\":\"ListItem\",\"position\":1,\"name\":\"Home\",\"item\":\"https:\\\/\\\/piek.international\\\/mt\\\/\"},{\"@type\":\"ListItem\",\"position\":2,\"name\":\"\u010aertifikazzjoni tad- IPC Designer\"}]},{\"@type\":\"WebSite\",\"@id\":\"https:\\\/\\\/piek.international\\\/mt\\\/#website\",\"url\":\"https:\\\/\\\/piek.international\\\/mt\\\/\",\"name\":\"IPC Accredited Training Partner - PIEK\",\"description\":\"\",\"potentialAction\":[{\"@type\":\"SearchAction\",\"target\":{\"@type\":\"EntryPoint\",\"urlTemplate\":\"https:\\\/\\\/piek.international\\\/mt\\\/?s={search_term_string}\"},\"query-input\":{\"@type\":\"PropertyValueSpecification\",\"valueRequired\":true,\"valueName\":\"search_term_string\"}}],\"inLanguage\":\"mt-MT\"}]}<\/script>\n<!-- \/ Yoast SEO plugin. -->","yoast_head_json":{"title":"\u010aertifikazzjoni tad- IPC Designer - IPC Accredited Training Partner - PIEK","description":"It-ta\u0127ri\u0121 tas-CID huwa ta\u0127ri\u0121 tad-disinn tal-pcb li j\u0127arre\u0121 student b\u0127ala Certified Interconnect Designer tal-IPC (CID).","robots":{"index":"index","follow":"follow","max-snippet":"max-snippet:-1","max-image-preview":"max-image-preview:large","max-video-preview":"max-video-preview:-1"},"canonical":"https:\/\/piek.international\/mt\/certifikazzjoni-tad-ipc-designer\/","og_locale":"mt_MT","og_type":"article","og_title":"\u010aertifikazzjoni tad- IPC Designer - IPC Accredited Training Partner - PIEK","og_description":"It-ta\u0127ri\u0121 tas-CID huwa ta\u0127ri\u0121 tad-disinn tal-pcb li j\u0127arre\u0121 student b\u0127ala Certified Interconnect Designer tal-IPC (CID).","og_url":"https:\/\/piek.international\/mt\/certifikazzjoni-tad-ipc-designer\/","og_site_name":"IPC Accredited Training Partner - PIEK","twitter_card":"summary_large_image","twitter_misc":{"Est. reading time":"24 minutes"},"schema":{"@context":"https:\/\/schema.org","@graph":[{"@type":"WebPage","@id":"https:\/\/piek.international\/mt\/certifikazzjoni-tad-ipc-designer\/","url":"https:\/\/piek.international\/mt\/certifikazzjoni-tad-ipc-designer\/","name":"\u010aertifikazzjoni tad- IPC Designer - IPC Accredited Training Partner - PIEK","isPartOf":{"@id":"https:\/\/piek.international\/mt\/#website"},"datePublished":"2021-11-09T13:10:24+00:00","description":"It-ta\u0127ri\u0121 tas-CID huwa ta\u0127ri\u0121 tad-disinn tal-pcb li j\u0127arre\u0121 student b\u0127ala Certified Interconnect Designer tal-IPC (CID).","breadcrumb":{"@id":"https:\/\/piek.international\/mt\/certifikazzjoni-tad-ipc-designer\/#breadcrumb"},"inLanguage":"mt-MT","potentialAction":[{"@type":"ReadAction","target":["https:\/\/piek.international\/mt\/certifikazzjoni-tad-ipc-designer\/"]}]},{"@type":"BreadcrumbList","@id":"https:\/\/piek.international\/mt\/certifikazzjoni-tad-ipc-designer\/#breadcrumb","itemListElement":[{"@type":"ListItem","position":1,"name":"Home","item":"https:\/\/piek.international\/mt\/"},{"@type":"ListItem","position":2,"name":"\u010aertifikazzjoni tad- IPC Designer"}]},{"@type":"WebSite","@id":"https:\/\/piek.international\/mt\/#website","url":"https:\/\/piek.international\/mt\/","name":"IPC Accredited Training Partner - PIEK","description":"","potentialAction":[{"@type":"SearchAction","target":{"@type":"EntryPoint","urlTemplate":"https:\/\/piek.international\/mt\/?s={search_term_string}"},"query-input":{"@type":"PropertyValueSpecification","valueRequired":true,"valueName":"search_term_string"}}],"inLanguage":"mt-MT"}]}},"_links":{"self":[{"href":"https:\/\/piek.international\/mt\/wp-json\/wp\/v2\/pages\/1735","targetHints":{"allow":["GET"]}}],"collection":[{"href":"https:\/\/piek.international\/mt\/wp-json\/wp\/v2\/pages"}],"about":[{"href":"https:\/\/piek.international\/mt\/wp-json\/wp\/v2\/types\/page"}],"author":[{"embeddable":true,"href":"https:\/\/piek.international\/mt\/wp-json\/wp\/v2\/users\/1"}],"replies":[{"embeddable":true,"href":"https:\/\/piek.international\/mt\/wp-json\/wp\/v2\/comments?post=1735"}],"version-history":[{"count":2,"href":"https:\/\/piek.international\/mt\/wp-json\/wp\/v2\/pages\/1735\/revisions"}],"predecessor-version":[{"id":1737,"href":"https:\/\/piek.international\/mt\/wp-json\/wp\/v2\/pages\/1735\/revisions\/1737"}],"wp:attachment":[{"href":"https:\/\/piek.international\/mt\/wp-json\/wp\/v2\/media?parent=1735"}],"curies":[{"name":"wp","href":"https:\/\/api.w.org\/{rel}","templated":true}]}}