{"id":1765,"date":"2021-11-09T13:18:26","date_gmt":"2021-11-09T13:18:26","guid":{"rendered":"https:\/\/piek.international\/ipc-designer-sertifisering\/"},"modified":"2021-11-09T13:18:26","modified_gmt":"2021-11-09T13:18:26","slug":"ipc-designer-sertifisering","status":"publish","type":"page","link":"https:\/\/piek.international\/no\/ipc-designer-sertifisering\/","title":{"rendered":"IPC Designer sertifisering"},"content":{"rendered":"<p><div class=\"fusion-fullwidth fullwidth-box fusion-builder-row-1 fusion-flex-container nonhundred-percent-fullwidth non-hundred-percent-height-scrolling\" style=\"--awb-border-radius-top-left:0px;--awb-border-radius-top-right:0px;--awb-border-radius-bottom-right:0px;--awb-border-radius-bottom-left:0px;--awb-flex-wrap:wrap;\" ><div class=\"fusion-builder-row fusion-row fusion-flex-align-items-flex-start fusion-flex-content-wrap\" style=\"max-width:1144px;margin-left: calc(-4% \/ 2 );margin-right: calc(-4% \/ 2 );\"><div class=\"fusion-layout-column fusion_builder_column fusion-builder-column-0 fusion_builder_column_1_1 1_1 fusion-flex-column\" style=\"--awb-bg-size:cover;--awb-width-large:100%;--awb-margin-top-large:0px;--awb-spacing-right-large:1.92%;--awb-margin-bottom-large:20px;--awb-spacing-left-large:1.92%;--awb-width-medium:100%;--awb-order-medium:0;--awb-spacing-right-medium:1.92%;--awb-spacing-left-medium:1.92%;--awb-width-small:100%;--awb-order-small:0;--awb-spacing-right-small:1.92%;--awb-spacing-left-small:1.92%;\"><div class=\"fusion-column-wrapper fusion-column-has-shadow fusion-flex-justify-content-flex-start fusion-content-layout-column\"><div class=\"fusion-title title fusion-title-1 sep-underline sep-dotted fusion-title-text fusion-title-size-one\"><h1 class=\"fusion-title-heading title-heading-left\" style=\"margin:0;\">IPC Designer sertifisering<\/h1><\/div><\/div><\/div><\/div><\/div><div class=\"fusion-bg-parallax\" data-bg-align=\"right top\" data-direction=\"down\" data-mute=\"false\" data-opacity=\"100\" data-velocity=\"-0.3\" data-mobile-enabled=\"false\" data-break_parents=\"0\" data-bg-image=\"https:\/\/piek.international\/wp-content\/uploads\/pcb-background-v4.jpeg\" data-bg-repeat=\"false\" data-bg-color=\"#fcfcfc\" ><\/div><div class=\"fusion-fullwidth fullwidth-box fusion-builder-row-2 fusion-flex-container fusion-parallax-down nonhundred-percent-fullwidth non-hundred-percent-height-scrolling fusion-no-small-visibility fusion-no-medium-visibility\" style=\"--awb-background-position:right top;--awb-border-radius-top-left:0px;--awb-border-radius-top-right:0px;--awb-border-radius-bottom-right:0px;--awb-border-radius-bottom-left:0px;--awb-padding-top:50px;--awb-padding-bottom:25px;--awb-background-color:#fcfcfc;--awb-background-image:url(&quot;https:\/\/piek.international\/wp-content\/uploads\/pcb-background-v4.jpeg&quot;);--awb-background-size:cover;--awb-flex-wrap:wrap;--awb-box-shadow: 0px 0px ;\" ><div class=\"fusion-builder-row fusion-row fusion-flex-align-items-flex-start fusion-flex-content-wrap\" style=\"max-width:1144px;margin-left: calc(-4% \/ 2 );margin-right: calc(-4% \/ 2 );\"><div class=\"fusion-layout-column fusion_builder_column fusion-builder-column-1 fusion_builder_column_1_1 1_1 fusion-flex-column\" style=\"--awb-bg-size:cover;--awb-width-large:100%;--awb-margin-top-large:0px;--awb-spacing-right-large:1.92%;--awb-margin-bottom-large:20px;--awb-spacing-left-large:1.92%;--awb-width-medium:100%;--awb-order-medium:0;--awb-spacing-right-medium:1.92%;--awb-spacing-left-medium:1.92%;--awb-width-small:100%;--awb-order-small:0;--awb-spacing-right-small:1.92%;--awb-spacing-left-small:1.92%;\"><div class=\"fusion-column-wrapper fusion-column-has-shadow fusion-flex-justify-content-flex-start fusion-content-layout-column\"><div class=\"fusion-text fusion-text-1\"><h4><a href=\"#cid\"><i class=\"fb-icon-element-1 fb-icon-element fontawesome-icon fa-check fas circle-no fusion-text-flow\" style=\"--awb-iconcolor:#2cb34a;--awb-iconcolor-hover:#2cb34a;--awb-font-size:24px;--awb-margin-right:12px;\"><\/i>IPC CID (CERTIFIED INTERCONNECT DESIGNER-BASIC)<\/a><\/h4>\n<h4><a href=\"#cidplus\"><i class=\"fb-icon-element-2 fb-icon-element fontawesome-icon fa-check fas circle-no fusion-text-flow\" style=\"--awb-iconcolor:#2cb34a;--awb-iconcolor-hover:#2cb34a;--awb-font-size:24px;--awb-margin-right:12px;\"><\/i>IPC CID+ (ADVANCED CERTIFIED INTERCONNECT DESIGNER)<\/a><\/h4>\n<\/div><\/div><\/div><\/div><\/div><div class=\"fusion-fullwidth fullwidth-box fusion-builder-row-3 fusion-flex-container nonhundred-percent-fullwidth non-hundred-percent-height-scrolling fusion-no-large-visibility\" style=\"--awb-border-radius-top-left:0px;--awb-border-radius-top-right:0px;--awb-border-radius-bottom-right:0px;--awb-border-radius-bottom-left:0px;--awb-padding-top:50px;--awb-padding-bottom:25px;--awb-background-color:#fcfcfc;--awb-flex-wrap:wrap;--awb-box-shadow: 0px 0px ;\" ><div class=\"fusion-builder-row fusion-row fusion-flex-align-items-flex-start fusion-flex-content-wrap\" style=\"max-width:1144px;margin-left: calc(-4% \/ 2 );margin-right: calc(-4% \/ 2 );\"><div class=\"fusion-layout-column fusion_builder_column fusion-builder-column-2 fusion_builder_column_1_1 1_1 fusion-flex-column\" style=\"--awb-bg-size:cover;--awb-width-large:100%;--awb-margin-top-large:0px;--awb-spacing-right-large:1.92%;--awb-margin-bottom-large:20px;--awb-spacing-left-large:1.92%;--awb-width-medium:100%;--awb-order-medium:0;--awb-spacing-right-medium:1.92%;--awb-spacing-left-medium:1.92%;--awb-width-small:100%;--awb-order-small:0;--awb-spacing-right-small:1.92%;--awb-spacing-left-small:1.92%;\"><div class=\"fusion-column-wrapper fusion-column-has-shadow fusion-flex-justify-content-flex-start fusion-content-layout-column\"><div class=\"fusion-text fusion-text-2\"><h4><a href=\"#cid\"><i class=\"fb-icon-element-3 fb-icon-element fontawesome-icon fa-check fas circle-no fusion-text-flow\" style=\"--awb-iconcolor:#2cb34a;--awb-iconcolor-hover:#2cb34a;--awb-font-size:24px;--awb-margin-right:12px;\"><\/i>IPC CID (CERTIFIED INTERCONNECT DESIGNER-BASIC)<\/a><\/h4>\n<h4><a href=\"#cidplus\"><i class=\"fb-icon-element-4 fb-icon-element fontawesome-icon fa-check fas circle-no fusion-text-flow\" style=\"--awb-iconcolor:#2cb34a;--awb-iconcolor-hover:#2cb34a;--awb-font-size:24px;--awb-margin-right:12px;\"><\/i>IPC CID+ (ADVANCED CERTIFIED INTERCONNECT DESIGNER)<\/a><\/h4>\n<\/div><\/div><\/div><\/div><\/div><div id=\"cid\" class=\"fusion-container-anchor\"><div class=\"fusion-fullwidth fullwidth-box fusion-builder-row-4 fusion-flex-container nonhundred-percent-fullwidth non-hundred-percent-height-scrolling\" style=\"--awb-border-radius-top-left:0px;--awb-border-radius-top-right:0px;--awb-border-radius-bottom-right:0px;--awb-border-radius-bottom-left:0px;--awb-padding-top:50px;--awb-padding-bottom:25px;--awb-flex-wrap:wrap;\" ><div class=\"fusion-builder-row fusion-row fusion-flex-align-items-flex-start fusion-flex-content-wrap\" style=\"max-width:1144px;margin-left: calc(-4% \/ 2 );margin-right: calc(-4% \/ 2 );\"><div class=\"fusion-layout-column fusion_builder_column fusion-builder-column-3 fusion_builder_column_1_1 1_1 fusion-flex-column\" style=\"--awb-bg-size:cover;--awb-width-large:100%;--awb-margin-top-large:0px;--awb-spacing-right-large:1.92%;--awb-margin-bottom-large:20px;--awb-spacing-left-large:1.92%;--awb-width-medium:100%;--awb-order-medium:0;--awb-spacing-right-medium:1.92%;--awb-spacing-left-medium:1.92%;--awb-width-small:100%;--awb-order-small:0;--awb-spacing-right-small:1.92%;--awb-spacing-left-small:1.92%;\"><div class=\"fusion-column-wrapper fusion-column-has-shadow fusion-flex-justify-content-flex-start fusion-content-layout-column\"><div class=\"fusion-title title fusion-title-2 sep-underline sep-dotted fusion-title-text fusion-title-size-two\"><h2 class=\"fusion-title-heading title-heading-left\" style=\"margin:0;\">IPC CID (CERTIFIED INTERCONNECT DESIGNER-BASIC)<\/h2><\/div><div class=\"fusion-text fusion-text-3\"><p>IPC-2220-serien (&laquo;Generisk standard for design av printkort&raquo;) er en serie IPC-standarder som kretskort er designet etter. IPC er et amerikansk institutt som s\u00f8rger for at all kunnskap distribueres over hele verden av sertifiserte IPC-trenere gjennom deres IPC-standarder, IPC-treningsprogrammer og IPC-undervisningsmateriell. IPC-2221 er en standard som designere designer kretskort slik at Gerber-filene (designtegningene\/dataene) p\u00e5 kretskortprodusentens side blir riktig forst\u00e5tt p\u00e5 deres produksjonsmaskiner. Nesten alle kretskortdesignere over hele verden jobber i henhold til denne standarden(e).    Trenger du ytterligere kunnskap innen design av kretskort, kretskortmaterialer, overflatebehandlinger, termisk masse, elektriske klaringer, avstand til kanten av kretskortet, toleranser, tester, merking, plugging\/telting av vias, master tegning (designtegning), loddemaske, p\u00e5litelighet, milj\u00f8aspekter etc. s\u00e5 er denne standarden den rette for deg.<\/p>\n<h3>VIL DU L\u00c6RE HVORDAN DU DESIGNER ET KRETSKORT (PCB)? JA DET KAN DU! <\/h3>\n<p>Denne standarden brukes til design av et nytt elektronikkprodukt i designavdelingen og noen ganger ogs\u00e5 som en inngangssjekk hos kretskortprodusenten (bedriften som produserer blanke kretskort). Hvis designtegningene er feil, kan ikke kretskortprodusenten produsere ordentlig, noe som betyr at mont\u00f8ren ikke kan lodde komponentene ordentlig og som f\u00f8lge av dette i verste fall svikter de elektroniske produktene for tidlig. Et godt design er grunnlaget for et sluttprodukt av god kvalitet. CID-oppl\u00e6ringen er en oppl\u00e6ring som utdanner en student\/deltaker til Certified Interconnect Designer (CID). Dette gj\u00f8r at eleven har mye kunnskap om designregler (designretningslinjer) i etterkant.    <\/p>\n<p>Denne oppl\u00e6ringen passer for personer som jobber i designavdelingen. CID-sertifiseringsoppl\u00e6ringen best\u00e5r av to deler. F\u00f8rste del er forberedelse hjemme, andre del er 3 treningsdager og p\u00e5 slutten av oppl\u00e6ringen skriver deltakeren avsluttende eksamen (110 sp\u00f8rsm\u00e5l multiple choice). Minste poengsum for \u00e5 lykkes er 73 %. N\u00e5r deltakeren har f\u00e5tt sitt CID-sertifikat, er dette sertifikatet gyldig for alltid. Med dette IPC-sertifikatet kan du jobbe som CID ( Certified Interconnect Designer ) over hele verden. Akkurat som et f\u00f8rerkort er dette IPC-sertifikatet internasjonalt anerkjent. Dersom noen er interessert i tilleggs (videreg\u00e5ende) oppl\u00e6ring, passer CID+ oppl\u00e6ringen for dette. CID er den utpekte personen som diskuterer og l\u00f8ser problemer med kunder.<\/p>\n<\/div><div class=\"fusion-text fusion-text-4\"><p>Ikke n\u00f8l med \u00e5 kontakte oss for et komplett treningsprogram, mer informasjon eller andre treningsrelaterte problemer. P\u00e5 telefon +31-(0)45-5703333, p\u00e5 e-post <a href=\"mailto:support@piek.international\">support@piek.international<\/a> eller <a href=\"https:\/\/piek.international\/quote-request\/\">be om et tilbud<\/a> .<\/p>\n<\/div>\n<div style=\"text-align:right;\"><a class=\"fusion-button button-flat fusion-button-default-size button-default fusion-button-default button-1 fusion-button-default-span fusion-button-default-type\" style=\"--button_text_transform:uppercase;\" target=\"_self\" title=\"Sitatforesp\u00f8rsel\" aria-label=\"Sitatforesp\u00f8rsel\" href=\"https:\/\/piek.international\/quote-request\/\"><span class=\"fusion-button-text awb-button__text awb-button__text--default\">Sitatforesp\u00f8rsel<\/span><\/a><\/div>\n<\/div><\/div><\/div><\/div><\/div><div id=\"cidplus\" class=\"fusion-container-anchor\"><div class=\"fusion-fullwidth fullwidth-box fusion-builder-row-5 fusion-flex-container nonhundred-percent-fullwidth non-hundred-percent-height-scrolling\" style=\"--awb-border-radius-top-left:0px;--awb-border-radius-top-right:0px;--awb-border-radius-bottom-right:0px;--awb-border-radius-bottom-left:0px;--awb-padding-top:50px;--awb-padding-bottom:25px;--awb-margin-top:50px;--awb-background-color:#fcfcfc;--awb-flex-wrap:wrap;\" ><div class=\"fusion-builder-row fusion-row fusion-flex-align-items-flex-start fusion-flex-content-wrap\" style=\"max-width:1144px;margin-left: calc(-4% \/ 2 );margin-right: calc(-4% \/ 2 );\"><div class=\"fusion-layout-column fusion_builder_column fusion-builder-column-4 fusion_builder_column_1_1 1_1 fusion-flex-column\" style=\"--awb-bg-size:cover;--awb-width-large:100%;--awb-margin-top-large:0px;--awb-spacing-right-large:1.92%;--awb-margin-bottom-large:20px;--awb-spacing-left-large:1.92%;--awb-width-medium:100%;--awb-order-medium:0;--awb-spacing-right-medium:1.92%;--awb-spacing-left-medium:1.92%;--awb-width-small:100%;--awb-order-small:0;--awb-spacing-right-small:1.92%;--awb-spacing-left-small:1.92%;\"><div class=\"fusion-column-wrapper fusion-column-has-shadow fusion-flex-justify-content-flex-start fusion-content-layout-column\"><div class=\"fusion-title title fusion-title-3 sep-underline sep-dotted fusion-title-text fusion-title-size-two\"><h2 class=\"fusion-title-heading title-heading-left\" style=\"margin:0;\">IPC CID+ (ADVANCED CERTIFIED INTERCONNECT DESIGNER)<\/h2><\/div><div class=\"fusion-text fusion-text-5\"><p>IPC-2220-serien (&laquo;Generisk standard for design av printkort&raquo;) er en serie IPC-standarder som kretskort er designet etter. IPC er et amerikansk institutt som s\u00f8rger for at all kunnskap distribueres over hele verden av sertifiserte IPC-trenere gjennom deres IPC-standarder, IPC-treningsprogrammer og IPC-undervisningsmateriell. IPC-2221 er en standard som designere designer kretskort slik at Gerber-filene (designtegningene\/dataene) p\u00e5 kretskortprodusentens side blir riktig forst\u00e5tt p\u00e5 deres produksjonsmaskiner. Nesten alle kretskortdesignere over hele verden jobber i henhold til denne standarden(e).   <\/p>\n<h3>VIL DU L\u00c6RE HVORDAN DU UTFORMER VANSKELIGE KRETSKRETS (PCBS)? JA DET KAN DU! <\/h3>\n<p>Trenger du ytterligere kunnskap innen design av kretskort, kretskortmaterialer, overflatebehandlinger, termisk masse, elektriske klaringer, avstand til kanten av kretskortet, toleranser, tester, merking, plugging\/telting av vias, master tegning (designtegning), loddemaske, p\u00e5litelighet, milj\u00f8aspekter etc. s\u00e5 er denne standarden den rette for deg. Denne standarden brukes til design av et nytt elektronikkprodukt i designavdelingen og noen ganger ogs\u00e5 som en inngangssjekk hos kretskortprodusenten (bedriften som produserer blanke kretskort). Hvis designtegningene er feil, kan ikke kretskortprodusenten produsere ordentlig, noe som betyr at mont\u00f8ren ikke kan lodde komponentene ordentlig og som f\u00f8lge av dette i verste fall svikter de elektroniske produktene for tidlig. Et godt design er grunnlaget for et sluttprodukt av god kvalitet. CID+-oppl\u00e6ringen er en oppl\u00e6ring som trener en student\/deltaker som Advanced Certified Interconnect Designer (CID+). Det betyr at studenten har all kunnskap om designregler (designretningslinjer) i etterkant.      Denne oppl\u00e6ringen passer for viderekomne (designspesialister) som jobber i designavdelingen. CID+ sertifiseringsoppl\u00e6ringen best\u00e5r av to deler. F\u00f8rste del er forberedelse hjemme, andre del er 3 treningsdager og p\u00e5 slutten av oppl\u00e6ringen skriver deltakeren avsluttende eksamen (120 sp\u00f8rsm\u00e5l multiple choice). N\u00e5r deltakeren har f\u00e5tt sitt CID+ sertifikat, er det sertifikatet gyldig for alltid. Med dette IPC-sertifikatet kan du jobbe over hele verden som en CID+ ( Advanced Certified Interconnect Designer ). Akkurat som et f\u00f8rerkort er dette IPC-sertifikatet internasjonalt anerkjent. CID+ er den utpekte personen som diskuterer og l\u00f8ser problemer med kunder.<\/p>\n<\/div><div class=\"fusion-text fusion-text-6\"><p>Ikke n\u00f8l med \u00e5 kontakte oss for et komplett treningsprogram, mer informasjon eller andre treningsrelaterte problemer. P\u00e5 telefon +31-(0)45-5703333, p\u00e5 e-post <a href=\"mailto:support@piek.international\">support@piek.international<\/a> eller <a href=\"https:\/\/piek.international\/quote-request\/\">be om et tilbud<\/a> .<\/p>\n<\/div>\n<div style=\"text-align:right;\"><a class=\"fusion-button button-flat fusion-button-default-size button-default fusion-button-default button-2 fusion-button-default-span fusion-button-default-type\" style=\"--button_text_transform:uppercase;\" target=\"_self\" title=\"Sitatforesp\u00f8rsel\" aria-label=\"Sitatforesp\u00f8rsel\" href=\"https:\/\/piek.international\/quote-request\/\"><span class=\"fusion-button-text awb-button__text awb-button__text--default\">Sitatforesp\u00f8rsel<\/span><\/a><\/div>\n<\/div><\/div><\/div><\/div><\/div><\/p>\n","protected":false},"excerpt":{"rendered":"","protected":false},"author":1,"featured_media":0,"parent":0,"menu_order":0,"comment_status":"closed","ping_status":"closed","template":"100-width.php","meta":{"footnotes":""},"class_list":["post-1765","page","type-page","status-publish","hentry"],"yoast_head":"<!-- This site is optimized with the Yoast SEO plugin v26.9 - https:\/\/yoast.com\/product\/yoast-seo-wordpress\/ -->\n<title>IPC Designer sertifisering - IPC Accredited Training Partner - PIEK<\/title>\n<meta name=\"description\" content=\"CID-oppl\u00e6ringen er en PCB-designoppl\u00e6ring som utdanner en student til IPC Certified Interconnect Designer (CID).\" \/>\n<meta name=\"robots\" content=\"index, follow, max-snippet:-1, max-image-preview:large, max-video-preview:-1\" \/>\n<link rel=\"canonical\" href=\"https:\/\/piek.international\/no\/ipc-designer-sertifisering\/\" \/>\n<meta property=\"og:locale\" content=\"nb_NO\" \/>\n<meta property=\"og:type\" content=\"article\" \/>\n<meta property=\"og:title\" content=\"IPC Designer sertifisering - IPC Accredited Training Partner - PIEK\" \/>\n<meta property=\"og:description\" content=\"CID-oppl\u00e6ringen er en PCB-designoppl\u00e6ring som utdanner en student til IPC Certified Interconnect Designer (CID).\" \/>\n<meta property=\"og:url\" content=\"https:\/\/piek.international\/no\/ipc-designer-sertifisering\/\" \/>\n<meta property=\"og:site_name\" content=\"IPC Accredited Training Partner - PIEK\" \/>\n<meta name=\"twitter:card\" content=\"summary_large_image\" \/>\n<meta name=\"twitter:label1\" content=\"Ansl. lesetid\" \/>\n\t<meta name=\"twitter:data1\" content=\"23 minutter\" \/>\n<script type=\"application\/ld+json\" class=\"yoast-schema-graph\">{\"@context\":\"https:\/\/schema.org\",\"@graph\":[{\"@type\":\"WebPage\",\"@id\":\"https:\/\/piek.international\/no\/ipc-designer-sertifisering\/\",\"url\":\"https:\/\/piek.international\/no\/ipc-designer-sertifisering\/\",\"name\":\"IPC Designer sertifisering - IPC Accredited Training Partner - PIEK\",\"isPartOf\":{\"@id\":\"https:\/\/piek.international\/no\/#website\"},\"datePublished\":\"2021-11-09T13:18:26+00:00\",\"description\":\"CID-oppl\u00e6ringen er en PCB-designoppl\u00e6ring som utdanner en student til IPC Certified Interconnect Designer (CID).\",\"breadcrumb\":{\"@id\":\"https:\/\/piek.international\/no\/ipc-designer-sertifisering\/#breadcrumb\"},\"inLanguage\":\"nb-NO\",\"potentialAction\":[{\"@type\":\"ReadAction\",\"target\":[\"https:\/\/piek.international\/no\/ipc-designer-sertifisering\/\"]}]},{\"@type\":\"BreadcrumbList\",\"@id\":\"https:\/\/piek.international\/no\/ipc-designer-sertifisering\/#breadcrumb\",\"itemListElement\":[{\"@type\":\"ListItem\",\"position\":1,\"name\":\"Home\",\"item\":\"https:\/\/piek.international\/no\/\"},{\"@type\":\"ListItem\",\"position\":2,\"name\":\"IPC Designer sertifisering\"}]},{\"@type\":\"WebSite\",\"@id\":\"https:\/\/piek.international\/no\/#website\",\"url\":\"https:\/\/piek.international\/no\/\",\"name\":\"IPC Accredited Training Partner - PIEK\",\"description\":\"\",\"potentialAction\":[{\"@type\":\"SearchAction\",\"target\":{\"@type\":\"EntryPoint\",\"urlTemplate\":\"https:\/\/piek.international\/no\/?s={search_term_string}\"},\"query-input\":{\"@type\":\"PropertyValueSpecification\",\"valueRequired\":true,\"valueName\":\"search_term_string\"}}],\"inLanguage\":\"nb-NO\"}]}<\/script>\n<!-- \/ Yoast SEO plugin. -->","yoast_head_json":{"title":"IPC Designer sertifisering - IPC Accredited Training Partner - PIEK","description":"CID-oppl\u00e6ringen er en PCB-designoppl\u00e6ring som utdanner en student til IPC Certified Interconnect Designer (CID).","robots":{"index":"index","follow":"follow","max-snippet":"max-snippet:-1","max-image-preview":"max-image-preview:large","max-video-preview":"max-video-preview:-1"},"canonical":"https:\/\/piek.international\/no\/ipc-designer-sertifisering\/","og_locale":"nb_NO","og_type":"article","og_title":"IPC Designer sertifisering - IPC Accredited Training Partner - PIEK","og_description":"CID-oppl\u00e6ringen er en PCB-designoppl\u00e6ring som utdanner en student til IPC Certified Interconnect Designer (CID).","og_url":"https:\/\/piek.international\/no\/ipc-designer-sertifisering\/","og_site_name":"IPC Accredited Training Partner - PIEK","twitter_card":"summary_large_image","twitter_misc":{"Ansl. lesetid":"23 minutter"},"schema":{"@context":"https:\/\/schema.org","@graph":[{"@type":"WebPage","@id":"https:\/\/piek.international\/no\/ipc-designer-sertifisering\/","url":"https:\/\/piek.international\/no\/ipc-designer-sertifisering\/","name":"IPC Designer sertifisering - IPC Accredited Training Partner - PIEK","isPartOf":{"@id":"https:\/\/piek.international\/no\/#website"},"datePublished":"2021-11-09T13:18:26+00:00","description":"CID-oppl\u00e6ringen er en PCB-designoppl\u00e6ring som utdanner en student til IPC Certified Interconnect Designer (CID).","breadcrumb":{"@id":"https:\/\/piek.international\/no\/ipc-designer-sertifisering\/#breadcrumb"},"inLanguage":"nb-NO","potentialAction":[{"@type":"ReadAction","target":["https:\/\/piek.international\/no\/ipc-designer-sertifisering\/"]}]},{"@type":"BreadcrumbList","@id":"https:\/\/piek.international\/no\/ipc-designer-sertifisering\/#breadcrumb","itemListElement":[{"@type":"ListItem","position":1,"name":"Home","item":"https:\/\/piek.international\/no\/"},{"@type":"ListItem","position":2,"name":"IPC Designer sertifisering"}]},{"@type":"WebSite","@id":"https:\/\/piek.international\/no\/#website","url":"https:\/\/piek.international\/no\/","name":"IPC Accredited Training Partner - PIEK","description":"","potentialAction":[{"@type":"SearchAction","target":{"@type":"EntryPoint","urlTemplate":"https:\/\/piek.international\/no\/?s={search_term_string}"},"query-input":{"@type":"PropertyValueSpecification","valueRequired":true,"valueName":"search_term_string"}}],"inLanguage":"nb-NO"}]}},"_links":{"self":[{"href":"https:\/\/piek.international\/no\/wp-json\/wp\/v2\/pages\/1765","targetHints":{"allow":["GET"]}}],"collection":[{"href":"https:\/\/piek.international\/no\/wp-json\/wp\/v2\/pages"}],"about":[{"href":"https:\/\/piek.international\/no\/wp-json\/wp\/v2\/types\/page"}],"author":[{"embeddable":true,"href":"https:\/\/piek.international\/no\/wp-json\/wp\/v2\/users\/1"}],"replies":[{"embeddable":true,"href":"https:\/\/piek.international\/no\/wp-json\/wp\/v2\/comments?post=1765"}],"version-history":[{"count":2,"href":"https:\/\/piek.international\/no\/wp-json\/wp\/v2\/pages\/1765\/revisions"}],"predecessor-version":[{"id":1767,"href":"https:\/\/piek.international\/no\/wp-json\/wp\/v2\/pages\/1765\/revisions\/1767"}],"wp:attachment":[{"href":"https:\/\/piek.international\/no\/wp-json\/wp\/v2\/media?parent=1765"}],"curies":[{"name":"wp","href":"https:\/\/api.w.org\/{rel}","templated":true}]}}