{"id":1789,"date":"2021-11-09T13:26:06","date_gmt":"2021-11-09T13:26:06","guid":{"rendered":"https:\/\/piek.international\/certyfikacja-ipc-designer\/"},"modified":"2021-11-09T13:26:06","modified_gmt":"2021-11-09T13:26:06","slug":"certyfikacja-ipc-designer","status":"publish","type":"page","link":"https:\/\/piek.international\/pl\/certyfikacja-ipc-designer\/","title":{"rendered":"Certyfikacja IPC Designer"},"content":{"rendered":"<p><div class=\"fusion-fullwidth fullwidth-box fusion-builder-row-1 fusion-flex-container nonhundred-percent-fullwidth non-hundred-percent-height-scrolling\" style=\"--awb-border-radius-top-left:0px;--awb-border-radius-top-right:0px;--awb-border-radius-bottom-right:0px;--awb-border-radius-bottom-left:0px;--awb-flex-wrap:wrap;\" ><div class=\"fusion-builder-row fusion-row fusion-flex-align-items-flex-start fusion-flex-content-wrap\" style=\"max-width:1144px;margin-left: calc(-4% \/ 2 );margin-right: calc(-4% \/ 2 );\"><div class=\"fusion-layout-column fusion_builder_column fusion-builder-column-0 fusion_builder_column_1_1 1_1 fusion-flex-column\" style=\"--awb-bg-size:cover;--awb-width-large:100%;--awb-margin-top-large:0px;--awb-spacing-right-large:1.92%;--awb-margin-bottom-large:20px;--awb-spacing-left-large:1.92%;--awb-width-medium:100%;--awb-order-medium:0;--awb-spacing-right-medium:1.92%;--awb-spacing-left-medium:1.92%;--awb-width-small:100%;--awb-order-small:0;--awb-spacing-right-small:1.92%;--awb-spacing-left-small:1.92%;\"><div class=\"fusion-column-wrapper fusion-column-has-shadow fusion-flex-justify-content-flex-start fusion-content-layout-column\"><div class=\"fusion-title title fusion-title-1 sep-underline sep-dotted fusion-title-text fusion-title-size-one\" style=\"--awb-margin-top-small:0px;--awb-margin-right-small:0px;--awb-margin-bottom-small:20px;--awb-margin-left-small:0px;\"><h1 class=\"fusion-title-heading title-heading-left\" style=\"margin:0;\">Certyfikacja IPC Designer<\/h1><\/div><\/div><\/div><\/div><\/div><div class=\"fusion-bg-parallax\" data-bg-align=\"right top\" data-direction=\"down\" data-mute=\"false\" data-opacity=\"100\" data-velocity=\"-0.3\" data-mobile-enabled=\"false\" data-break_parents=\"0\" data-bg-image=\"https:\/\/piek.international\/wp-content\/uploads\/pcb-background-v4.jpeg\" data-bg-repeat=\"false\" data-bg-color=\"#fcfcfc\" ><\/div><div class=\"fusion-fullwidth fullwidth-box fusion-builder-row-2 fusion-flex-container fusion-parallax-down nonhundred-percent-fullwidth non-hundred-percent-height-scrolling fusion-no-small-visibility fusion-no-medium-visibility\" style=\"--awb-background-position:right top;--awb-border-radius-top-left:0px;--awb-border-radius-top-right:0px;--awb-border-radius-bottom-right:0px;--awb-border-radius-bottom-left:0px;--awb-padding-top:50px;--awb-padding-bottom:25px;--awb-background-color:#fcfcfc;--awb-background-image:url(&quot;https:\/\/piek.international\/wp-content\/uploads\/pcb-background-v4.jpeg&quot;);--awb-background-size:cover;--awb-flex-wrap:wrap;--awb-box-shadow: 0px 0px ;\" ><div class=\"fusion-builder-row fusion-row fusion-flex-align-items-flex-start fusion-flex-content-wrap\" style=\"max-width:1144px;margin-left: calc(-4% \/ 2 );margin-right: calc(-4% \/ 2 );\"><div class=\"fusion-layout-column fusion_builder_column fusion-builder-column-1 fusion_builder_column_1_1 1_1 fusion-flex-column\" style=\"--awb-bg-size:cover;--awb-width-large:100%;--awb-margin-top-large:0px;--awb-spacing-right-large:1.92%;--awb-margin-bottom-large:20px;--awb-spacing-left-large:1.92%;--awb-width-medium:100%;--awb-order-medium:0;--awb-spacing-right-medium:1.92%;--awb-spacing-left-medium:1.92%;--awb-width-small:100%;--awb-order-small:0;--awb-spacing-right-small:1.92%;--awb-spacing-left-small:1.92%;\"><div class=\"fusion-column-wrapper fusion-column-has-shadow fusion-flex-justify-content-flex-start fusion-content-layout-column\"><div class=\"fusion-text fusion-text-1\"><h4><a href=\"#cid\"><i class=\"fb-icon-element-1 fb-icon-element fontawesome-icon fa-check fas circle-no fusion-text-flow\" style=\"--awb-iconcolor:#2cb34a;--awb-iconcolor-hover:#2cb34a;--awb-font-size:24px;--awb-margin-right:12px;\"><\/i>IPC CID (CERTIFIED INTERCONNECT DESIGNER-BASIC)<\/a><\/h4>\n<h4><a href=\"#cidplus\"><i class=\"fb-icon-element-2 fb-icon-element fontawesome-icon fa-check fas circle-no fusion-text-flow\" style=\"--awb-iconcolor:#2cb34a;--awb-iconcolor-hover:#2cb34a;--awb-font-size:24px;--awb-margin-right:12px;\"><\/i>IPC CID+ (ADVANCED CERTIFIED INTERCONNECT DESIGNER)<\/a><\/h4>\n<\/div><\/div><\/div><\/div><\/div><div class=\"fusion-fullwidth fullwidth-box fusion-builder-row-3 fusion-flex-container nonhundred-percent-fullwidth non-hundred-percent-height-scrolling fusion-no-large-visibility\" style=\"--awb-border-radius-top-left:0px;--awb-border-radius-top-right:0px;--awb-border-radius-bottom-right:0px;--awb-border-radius-bottom-left:0px;--awb-padding-top:50px;--awb-padding-bottom:25px;--awb-background-color:#fcfcfc;--awb-flex-wrap:wrap;--awb-box-shadow: 0px 0px ;\" ><div class=\"fusion-builder-row fusion-row fusion-flex-align-items-flex-start fusion-flex-content-wrap\" style=\"max-width:1144px;margin-left: calc(-4% \/ 2 );margin-right: calc(-4% \/ 2 );\"><div class=\"fusion-layout-column fusion_builder_column fusion-builder-column-2 fusion_builder_column_1_1 1_1 fusion-flex-column\" style=\"--awb-bg-size:cover;--awb-width-large:100%;--awb-margin-top-large:0px;--awb-spacing-right-large:1.92%;--awb-margin-bottom-large:20px;--awb-spacing-left-large:1.92%;--awb-width-medium:100%;--awb-order-medium:0;--awb-spacing-right-medium:1.92%;--awb-spacing-left-medium:1.92%;--awb-width-small:100%;--awb-order-small:0;--awb-spacing-right-small:1.92%;--awb-spacing-left-small:1.92%;\"><div class=\"fusion-column-wrapper fusion-column-has-shadow fusion-flex-justify-content-flex-start fusion-content-layout-column\"><div class=\"fusion-text fusion-text-2\"><h4><a href=\"#cid\"><i class=\"fb-icon-element-3 fb-icon-element fontawesome-icon fa-check fas circle-no fusion-text-flow\" style=\"--awb-iconcolor:#2cb34a;--awb-iconcolor-hover:#2cb34a;--awb-font-size:24px;--awb-margin-right:12px;\"><\/i>IPC CID (CERTIFIED INTERCONNECT DESIGNER-BASIC)<\/a><\/h4>\n<h4><a href=\"#cidplus\"><i class=\"fb-icon-element-4 fb-icon-element fontawesome-icon fa-check fas circle-no fusion-text-flow\" style=\"--awb-iconcolor:#2cb34a;--awb-iconcolor-hover:#2cb34a;--awb-font-size:24px;--awb-margin-right:12px;\"><\/i>IPC CID+ (ADVANCED CERTIFIED INTERCONNECT DESIGNER)<\/a><\/h4>\n<\/div><\/div><\/div><\/div><\/div><div id=\"cid\" class=\"fusion-container-anchor\"><div class=\"fusion-fullwidth fullwidth-box fusion-builder-row-4 fusion-flex-container nonhundred-percent-fullwidth non-hundred-percent-height-scrolling\" style=\"--awb-border-radius-top-left:0px;--awb-border-radius-top-right:0px;--awb-border-radius-bottom-right:0px;--awb-border-radius-bottom-left:0px;--awb-padding-top:50px;--awb-padding-bottom:25px;--awb-flex-wrap:wrap;\" ><div class=\"fusion-builder-row fusion-row fusion-flex-align-items-flex-start fusion-flex-content-wrap\" style=\"max-width:1144px;margin-left: calc(-4% \/ 2 );margin-right: calc(-4% \/ 2 );\"><div class=\"fusion-layout-column fusion_builder_column fusion-builder-column-3 fusion_builder_column_1_1 1_1 fusion-flex-column\" style=\"--awb-bg-size:cover;--awb-width-large:100%;--awb-margin-top-large:0px;--awb-spacing-right-large:1.92%;--awb-margin-bottom-large:20px;--awb-spacing-left-large:1.92%;--awb-width-medium:100%;--awb-order-medium:0;--awb-spacing-right-medium:1.92%;--awb-spacing-left-medium:1.92%;--awb-width-small:100%;--awb-order-small:0;--awb-spacing-right-small:1.92%;--awb-spacing-left-small:1.92%;\"><div class=\"fusion-column-wrapper fusion-column-has-shadow fusion-flex-justify-content-flex-start fusion-content-layout-column\"><div class=\"fusion-title title fusion-title-2 sep-underline sep-dotted fusion-title-text fusion-title-size-two\" style=\"--awb-margin-top-small:0px;--awb-margin-right-small:0px;--awb-margin-bottom-small:20px;--awb-margin-left-small:0px;\"><h2 class=\"fusion-title-heading title-heading-left\" style=\"margin:0;\">IPC CID (CERTIFIED INTERCONNECT DESIGNER-BASIC)<\/h2><\/div><div class=\"fusion-text fusion-text-3\"><p>Seria IPC-2220 (&#8222;Generic Standard on Printed Board Design&#8221;) to seria norm IPC, wed\u0142ug kt\u00f3rych projektowane s\u0105 obwody drukowane.<br \/>\nIPC jest ameryka\u0144skim instytutem, kt\u00f3ry zapewnia, \u017ce ca\u0142a wiedza jest rozpowszechniana na ca\u0142ym \u015bwiecie przez certyfikowanych trener\u00f3w IPC poprzez normy IPC, programy szkoleniowe IPC oraz materia\u0142y dydaktyczne IPC.<br \/>\nIPC-2221 jest standardem, wed\u0142ug kt\u00f3rego projektanci projektuj\u0105 obwody drukowane, tak aby pliki Gerber (rysunki\/dane projektowe) po stronie producenta obwod\u00f3w drukowanych by\u0142y prawid\u0142owo rozumiane na jego maszynach produkcyjnych.<br \/>\nPrawie wszyscy projektanci obwod\u00f3w drukowanych na ca\u0142ym \u015bwiecie pracuj\u0105 zgodnie z tym standardem(ami).    Je\u015bli potrzebujesz dodatkowej wiedzy na temat projektowania obwod\u00f3w drukowanych, materia\u0142\u00f3w na obwody drukowane, wyko\u0144czenia powierzchni, masy termicznej, odst\u0119p\u00f3w elektrycznych, odleg\u0142o\u015bci od kraw\u0119dzi obwodu drukowanego, tolerancji, test\u00f3w, oznacze\u0144, pod\u0142\u0105czania\/wycinania otwor\u00f3w, rysunku g\u0142\u00f3wnego (rysunku projektowego), maski lutowniczej, niezawodno\u015bci, aspekt\u00f3w \u015brodowiskowych itp.<\/p>\n<h3>CZY CHCIA\u0141BY\u015a NAUCZY\u0106 SI\u0118 JAK PROJEKTOWA\u0106 OBWODY DRUKOWANE (PCB)?<br \/>\nTAK MO\u017bESZ! <\/h3>\n<p>Standard ten jest wykorzystywany przy projektowaniu nowego produktu elektronicznego w dziale konstrukcyjnym, a czasami r\u00f3wnie\u017c jako kontrola wst\u0119pna u producenta obwod\u00f3w drukowanych (firma, kt\u00f3ra produkuje go\u0142e p\u0142ytki drukowane).<br \/>\nJe\u015bli rysunki projektowe s\u0105 nieprawid\u0142owe, producent obwod\u00f3w drukowanych nie mo\u017ce wyprodukowa\u0107 prawid\u0142owo, co oznacza, \u017ce monter nie mo\u017ce prawid\u0142owo przylutowa\u0107 element\u00f3w i w rezultacie, w najgorszym przypadku, produkty elektroniczne ulegaj\u0105 przedwczesnej awarii.<br \/>\nDobry projekt jest podstaw\u0105 dobrej jako\u015bci produktu ko\u0144cowego.<br \/>\nSzkolenie CID jest szkoleniem, kt\u00f3re kszta\u0142ci studenta\/uczestnika jako Certified Interconnect Designer (CID).<br \/>\nOznacza to, \u017ce po jego zako\u0144czeniu kursant posiada du\u017c\u0105 wiedz\u0119 na temat zasad projektowania (wytycznych projektowych).    <\/p>\n<p>Szkolenie to jest odpowiednie dla os\u00f3b, kt\u00f3re pracuj\u0105 w dziale projektowym.<br \/>\nSzkolenie certyfikacyjne CID sk\u0142ada si\u0119 z dw\u00f3ch cz\u0119\u015bci.<br \/>\nPierwsza cz\u0119\u015b\u0107 to przygotowanie w domu, druga cz\u0119\u015b\u0107 to 3 dni szkoleniowe, a na koniec szkolenia uczestnik pisze egzamin ko\u0144cowy (110 pyta\u0144 wielokrotnego wyboru).<br \/>\nMinimalny wynik, kt\u00f3ry musi zosta\u0107 osi\u0105gni\u0119ty, to 73%.<br \/>\nPo uzyskaniu przez uczestnika certyfikatu CID, certyfikat ten jest wa\u017cny na zawsze.<br \/>\nZ tym certyfikatem IPC mo\u017cesz pracowa\u0107 jako CIDCertified Interconnect Designer) na ca\u0142ym \u015bwiecie.<br \/>\nPodobnie jak prawo jazdy, certyfikat IPC jest uznawany na ca\u0142ym \u015bwiecie.<br \/>\nJe\u015bli kto\u015b jest zainteresowany dodatkowym (zaawansowanym) szkoleniem, szkolenie CID+ jest do tego odpowiednie.<br \/>\nCID jest wyznaczon\u0105 osob\u0105, kt\u00f3ra omawia i rozwi\u0105zuje problemy z klientami.<\/p>\n<\/div><div class=\"fusion-text fusion-text-4\"><p>Prosimy o kontakt z nami w sprawie kompletnego programu szkoleniowego, dodatkowych informacji lub innych kwestii zwi\u0105zanych ze szkoleniami. Telefonicznie +31-(0)45-5703333, mailowo <a href=\"mailto:support@piek.international\">support@piek.international<\/a> lub <a href=\"https:\/\/piek.international\/quote-request\/\">popro\u015b o wycen\u0119<\/a>.<\/p>\n<\/div>\n<div style=\"text-align:right;\"><a class=\"fusion-button button-flat fusion-button-default-size button-default fusion-button-default button-1 fusion-button-default-span fusion-button-default-type\" style=\"--button_text_transform:uppercase;\" target=\"_self\" title=\"Zapytanie ofertowe\" aria-label=\"Zapytanie ofertowe\" href=\"https:\/\/piek.international\/quote-request\/\"><span class=\"fusion-button-text awb-button__text awb-button__text--default\">Zapytanie ofertowe<\/span><\/a><\/div>\n<\/div><\/div><\/div><\/div><\/div><div id=\"cidplus\" class=\"fusion-container-anchor\"><div class=\"fusion-fullwidth fullwidth-box fusion-builder-row-5 fusion-flex-container nonhundred-percent-fullwidth non-hundred-percent-height-scrolling\" style=\"--awb-border-radius-top-left:0px;--awb-border-radius-top-right:0px;--awb-border-radius-bottom-right:0px;--awb-border-radius-bottom-left:0px;--awb-padding-top:50px;--awb-padding-bottom:25px;--awb-margin-top:50px;--awb-background-color:#fcfcfc;--awb-flex-wrap:wrap;\" ><div class=\"fusion-builder-row fusion-row fusion-flex-align-items-flex-start fusion-flex-content-wrap\" style=\"max-width:1144px;margin-left: calc(-4% \/ 2 );margin-right: calc(-4% \/ 2 );\"><div class=\"fusion-layout-column fusion_builder_column fusion-builder-column-4 fusion_builder_column_1_1 1_1 fusion-flex-column\" style=\"--awb-bg-size:cover;--awb-width-large:100%;--awb-margin-top-large:0px;--awb-spacing-right-large:1.92%;--awb-margin-bottom-large:20px;--awb-spacing-left-large:1.92%;--awb-width-medium:100%;--awb-order-medium:0;--awb-spacing-right-medium:1.92%;--awb-spacing-left-medium:1.92%;--awb-width-small:100%;--awb-order-small:0;--awb-spacing-right-small:1.92%;--awb-spacing-left-small:1.92%;\"><div class=\"fusion-column-wrapper fusion-column-has-shadow fusion-flex-justify-content-flex-start fusion-content-layout-column\"><div class=\"fusion-title title fusion-title-3 sep-underline sep-dotted fusion-title-text fusion-title-size-two\" style=\"--awb-margin-top-small:0px;--awb-margin-right-small:0px;--awb-margin-bottom-small:20px;--awb-margin-left-small:0px;\"><h2 class=\"fusion-title-heading title-heading-left\" style=\"margin:0;\">IPC CID+ (ADVANCED CERTIFIED INTERCONNECT DESIGNER)<\/h2><\/div><div class=\"fusion-text fusion-text-5\"><p>Seria IPC-2220 (&#8222;Generic Standard on Printed Board Design&#8221;) to seria norm IPC, wed\u0142ug kt\u00f3rych projektowane s\u0105 obwody drukowane.<br \/>\nIPC jest ameryka\u0144skim instytutem, kt\u00f3ry zapewnia, \u017ce ca\u0142a wiedza jest rozpowszechniana na ca\u0142ym \u015bwiecie przez certyfikowanych trener\u00f3w IPC poprzez normy IPC, programy szkoleniowe IPC oraz materia\u0142y dydaktyczne IPC.<br \/>\nIPC-2221 jest standardem, wed\u0142ug kt\u00f3rego projektanci projektuj\u0105 obwody drukowane, tak aby pliki Gerber (rysunki\/dane projektowe) po stronie producenta obwod\u00f3w drukowanych by\u0142y prawid\u0142owo rozumiane na jego maszynach produkcyjnych.<br \/>\nPrawie wszyscy projektanci obwod\u00f3w drukowanych na ca\u0142ym \u015bwiecie pracuj\u0105 zgodnie z tym standardem(ami).   <\/p>\n<h3>CZY CHCIA\u0141BY\u015a NAUCZY\u0106 SI\u0118 PROJEKTOWA\u0106 TRUDNE P\u0141YTKI DRUKOWANE (PCBS)?<br \/>\nTAK MO\u017bESZ! <\/h3>\n<p>Je\u015bli potrzebujesz dodatkowej wiedzy na temat projektowania obwod\u00f3w drukowanych, materia\u0142\u00f3w na obwody drukowane, wyko\u0144czenia powierzchni, masy termicznej, odst\u0119p\u00f3w elektrycznych, odleg\u0142o\u015bci od kraw\u0119dzi obwodu drukowanego, tolerancji, test\u00f3w, oznacze\u0144, wtykania\/wycinania otwor\u00f3w, rysunku wzorcowego (rysunku projektowego), maski lutowniczej, niezawodno\u015bci, aspekt\u00f3w \u015brodowiskowych itp.<br \/>\nNorma ta jest u\u017cywana przy projektowaniu nowego produktu elektronicznego w dziale projektowym, a czasami r\u00f3wnie\u017c jako kontrola wst\u0119pna u producenta obwod\u00f3w drukowanych (firma, kt\u00f3ra produkuje go\u0142e p\u0142ytki drukowane).<br \/>\nJe\u015bli rysunki projektowe s\u0105 nieprawid\u0142owe, producent obwod\u00f3w drukowanych nie mo\u017ce wyprodukowa\u0107 prawid\u0142owo, co oznacza, \u017ce monter nie mo\u017ce prawid\u0142owo przylutowa\u0107 element\u00f3w i w rezultacie, w najgorszym przypadku, produkty elektroniczne ulegaj\u0105 przedwczesnej awarii.<br \/>\nDobry projekt jest podstaw\u0105 dobrej jako\u015bci produktu ko\u0144cowego.<br \/>\nSzkolenie CID+ jest szkoleniem, kt\u00f3re kszta\u0142ci studenta\/uczestnika jako Advanced Certified Interconnect Designer (CID+).<br \/>\nOznacza to, \u017ce kursant posiada po nim ca\u0142\u0105 wiedz\u0119 na temat zasad projektowania (wytycznych projektowych).      Szkolenie to jest odpowiednie dla zaawansowanych (specjalist\u00f3w ds. projektowania), kt\u00f3rzy pracuj\u0105 w dziale projektowym.<br \/>\nSzkolenie certyfikacyjne CID+ sk\u0142ada si\u0119 z dw\u00f3ch cz\u0119\u015bci.<br \/>\nPierwsza cz\u0119\u015b\u0107 to przygotowanie w domu, druga cz\u0119\u015b\u0107 to 3 dni szkoleniowe i na koniec szkolenia uczestnik pisze egzamin ko\u0144cowy (120 pyta\u0144 wielokrotnego wyboru).<br \/>\nPo uzyskaniu przez uczestnika certyfikatu CID+, certyfikat ten jest wa\u017cny na zawsze.<br \/>\nZ tym certyfikatem IPC mo\u017cna pracowa\u0107 na ca\u0142ym \u015bwiecie jako CID+Advanced Certified Interconnect Designer).<br \/>\nPodobnie jak prawo jazdy, ten certyfikat IPC jest uznawany na ca\u0142ym \u015bwiecie.<br \/>\nCID+ jest wyznaczon\u0105 osob\u0105, kt\u00f3ra omawia i rozwi\u0105zuje problemy z klientami.<\/p>\n<\/div><div class=\"fusion-text fusion-text-6\"><p>Prosimy o kontakt z nami w sprawie kompletnego programu szkoleniowego, dodatkowych informacji lub innych kwestii zwi\u0105zanych ze szkoleniami. Telefonicznie +31-(0)45-5703333, mailowo <a href=\"mailto:support@piek.international\">support@piek.international<\/a> lub <a href=\"https:\/\/piek.international\/quote-request\/\">popro\u015b o wycen\u0119<\/a>.<\/p>\n<\/div>\n<div style=\"text-align:right;\"><a class=\"fusion-button button-flat fusion-button-default-size button-default fusion-button-default button-2 fusion-button-default-span fusion-button-default-type\" style=\"--button_text_transform:uppercase;\" target=\"_self\" title=\"Zapytanie ofertowe\" aria-label=\"Zapytanie ofertowe\" href=\"https:\/\/piek.international\/quote-request\/\"><span class=\"fusion-button-text awb-button__text awb-button__text--default\">Zapytanie ofertowe<\/span><\/a><\/div>\n<\/div><\/div><\/div><\/div><\/div><\/p>\n","protected":false},"excerpt":{"rendered":"","protected":false},"author":1,"featured_media":0,"parent":0,"menu_order":0,"comment_status":"closed","ping_status":"closed","template":"100-width.php","meta":{"footnotes":""},"class_list":["post-1789","page","type-page","status-publish","hentry"],"yoast_head":"<!-- This site is optimized with the Yoast SEO plugin v27.3 - https:\/\/yoast.com\/product\/yoast-seo-wordpress\/ -->\n<title>Certyfikacja IPC Designer - IPC Accredited Training Partner - PIEK<\/title>\n<meta name=\"description\" content=\"Szkolenie CID jest szkoleniem w zakresie projektowania pcb, kt\u00f3re przygotowuje studenta do uzyskania certyfikatu IPC Certified Interconnect Designer (CID).\" \/>\n<meta name=\"robots\" content=\"index, follow, max-snippet:-1, max-image-preview:large, max-video-preview:-1\" \/>\n<link rel=\"canonical\" href=\"https:\/\/piek.international\/pl\/certyfikacja-ipc-designer\/\" \/>\n<meta property=\"og:locale\" content=\"pl_PL\" \/>\n<meta property=\"og:type\" content=\"article\" \/>\n<meta property=\"og:title\" content=\"Certyfikacja IPC Designer - IPC Accredited Training Partner - PIEK\" \/>\n<meta property=\"og:description\" content=\"Szkolenie CID jest szkoleniem w zakresie projektowania pcb, kt\u00f3re przygotowuje studenta do uzyskania certyfikatu IPC Certified Interconnect Designer (CID).\" \/>\n<meta property=\"og:url\" content=\"https:\/\/piek.international\/pl\/certyfikacja-ipc-designer\/\" \/>\n<meta property=\"og:site_name\" content=\"IPC Accredited Training Partner - PIEK\" \/>\n<meta name=\"twitter:card\" content=\"summary_large_image\" \/>\n<meta name=\"twitter:label1\" content=\"Szacowany czas czytania\" \/>\n\t<meta name=\"twitter:data1\" content=\"23 minuty\" \/>\n<script type=\"application\/ld+json\" class=\"yoast-schema-graph\">{\"@context\":\"https:\\\/\\\/schema.org\",\"@graph\":[{\"@type\":\"WebPage\",\"@id\":\"https:\\\/\\\/piek.international\\\/pl\\\/certyfikacja-ipc-designer\\\/\",\"url\":\"https:\\\/\\\/piek.international\\\/pl\\\/certyfikacja-ipc-designer\\\/\",\"name\":\"Certyfikacja IPC Designer - IPC Accredited Training Partner - PIEK\",\"isPartOf\":{\"@id\":\"https:\\\/\\\/piek.international\\\/pl\\\/#website\"},\"datePublished\":\"2021-11-09T13:26:06+00:00\",\"description\":\"Szkolenie CID jest szkoleniem w zakresie projektowania pcb, kt\u00f3re przygotowuje studenta do uzyskania certyfikatu IPC Certified Interconnect Designer (CID).\",\"breadcrumb\":{\"@id\":\"https:\\\/\\\/piek.international\\\/pl\\\/certyfikacja-ipc-designer\\\/#breadcrumb\"},\"inLanguage\":\"pl-PL\",\"potentialAction\":[{\"@type\":\"ReadAction\",\"target\":[\"https:\\\/\\\/piek.international\\\/pl\\\/certyfikacja-ipc-designer\\\/\"]}]},{\"@type\":\"BreadcrumbList\",\"@id\":\"https:\\\/\\\/piek.international\\\/pl\\\/certyfikacja-ipc-designer\\\/#breadcrumb\",\"itemListElement\":[{\"@type\":\"ListItem\",\"position\":1,\"name\":\"Home\",\"item\":\"https:\\\/\\\/piek.international\\\/pl\\\/\"},{\"@type\":\"ListItem\",\"position\":2,\"name\":\"Certyfikacja IPC Designer\"}]},{\"@type\":\"WebSite\",\"@id\":\"https:\\\/\\\/piek.international\\\/pl\\\/#website\",\"url\":\"https:\\\/\\\/piek.international\\\/pl\\\/\",\"name\":\"IPC Accredited Training Partner - PIEK\",\"description\":\"\",\"potentialAction\":[{\"@type\":\"SearchAction\",\"target\":{\"@type\":\"EntryPoint\",\"urlTemplate\":\"https:\\\/\\\/piek.international\\\/pl\\\/?s={search_term_string}\"},\"query-input\":{\"@type\":\"PropertyValueSpecification\",\"valueRequired\":true,\"valueName\":\"search_term_string\"}}],\"inLanguage\":\"pl-PL\"}]}<\/script>\n<!-- \/ Yoast SEO plugin. -->","yoast_head_json":{"title":"Certyfikacja IPC Designer - IPC Accredited Training Partner - PIEK","description":"Szkolenie CID jest szkoleniem w zakresie projektowania pcb, kt\u00f3re przygotowuje studenta do uzyskania certyfikatu IPC Certified Interconnect Designer (CID).","robots":{"index":"index","follow":"follow","max-snippet":"max-snippet:-1","max-image-preview":"max-image-preview:large","max-video-preview":"max-video-preview:-1"},"canonical":"https:\/\/piek.international\/pl\/certyfikacja-ipc-designer\/","og_locale":"pl_PL","og_type":"article","og_title":"Certyfikacja IPC Designer - IPC Accredited Training Partner - PIEK","og_description":"Szkolenie CID jest szkoleniem w zakresie projektowania pcb, kt\u00f3re przygotowuje studenta do uzyskania certyfikatu IPC Certified Interconnect Designer (CID).","og_url":"https:\/\/piek.international\/pl\/certyfikacja-ipc-designer\/","og_site_name":"IPC Accredited Training Partner - PIEK","twitter_card":"summary_large_image","twitter_misc":{"Szacowany czas czytania":"23 minuty"},"schema":{"@context":"https:\/\/schema.org","@graph":[{"@type":"WebPage","@id":"https:\/\/piek.international\/pl\/certyfikacja-ipc-designer\/","url":"https:\/\/piek.international\/pl\/certyfikacja-ipc-designer\/","name":"Certyfikacja IPC Designer - IPC Accredited Training Partner - PIEK","isPartOf":{"@id":"https:\/\/piek.international\/pl\/#website"},"datePublished":"2021-11-09T13:26:06+00:00","description":"Szkolenie CID jest szkoleniem w zakresie projektowania pcb, kt\u00f3re przygotowuje studenta do uzyskania certyfikatu IPC Certified Interconnect Designer (CID).","breadcrumb":{"@id":"https:\/\/piek.international\/pl\/certyfikacja-ipc-designer\/#breadcrumb"},"inLanguage":"pl-PL","potentialAction":[{"@type":"ReadAction","target":["https:\/\/piek.international\/pl\/certyfikacja-ipc-designer\/"]}]},{"@type":"BreadcrumbList","@id":"https:\/\/piek.international\/pl\/certyfikacja-ipc-designer\/#breadcrumb","itemListElement":[{"@type":"ListItem","position":1,"name":"Home","item":"https:\/\/piek.international\/pl\/"},{"@type":"ListItem","position":2,"name":"Certyfikacja IPC Designer"}]},{"@type":"WebSite","@id":"https:\/\/piek.international\/pl\/#website","url":"https:\/\/piek.international\/pl\/","name":"IPC Accredited Training Partner - PIEK","description":"","potentialAction":[{"@type":"SearchAction","target":{"@type":"EntryPoint","urlTemplate":"https:\/\/piek.international\/pl\/?s={search_term_string}"},"query-input":{"@type":"PropertyValueSpecification","valueRequired":true,"valueName":"search_term_string"}}],"inLanguage":"pl-PL"}]}},"_links":{"self":[{"href":"https:\/\/piek.international\/pl\/wp-json\/wp\/v2\/pages\/1789","targetHints":{"allow":["GET"]}}],"collection":[{"href":"https:\/\/piek.international\/pl\/wp-json\/wp\/v2\/pages"}],"about":[{"href":"https:\/\/piek.international\/pl\/wp-json\/wp\/v2\/types\/page"}],"author":[{"embeddable":true,"href":"https:\/\/piek.international\/pl\/wp-json\/wp\/v2\/users\/1"}],"replies":[{"embeddable":true,"href":"https:\/\/piek.international\/pl\/wp-json\/wp\/v2\/comments?post=1789"}],"version-history":[{"count":2,"href":"https:\/\/piek.international\/pl\/wp-json\/wp\/v2\/pages\/1789\/revisions"}],"predecessor-version":[{"id":1791,"href":"https:\/\/piek.international\/pl\/wp-json\/wp\/v2\/pages\/1789\/revisions\/1791"}],"wp:attachment":[{"href":"https:\/\/piek.international\/pl\/wp-json\/wp\/v2\/media?parent=1789"}],"curies":[{"name":"wp","href":"https:\/\/api.w.org\/{rel}","templated":true}]}}