{"id":1813,"date":"2021-11-09T13:31:38","date_gmt":"2021-11-09T13:31:38","guid":{"rendered":"https:\/\/piek.international\/certificacao-de-ipc-designer\/"},"modified":"2021-11-09T13:31:38","modified_gmt":"2021-11-09T13:31:38","slug":"certificacao-de-ipc-designer","status":"publish","type":"page","link":"https:\/\/piek.international\/pt-pt\/certificacao-de-ipc-designer\/","title":{"rendered":"Certifica\u00e7\u00e3o de IPC Designer"},"content":{"rendered":"<p><div class=\"fusion-fullwidth fullwidth-box fusion-builder-row-1 fusion-flex-container nonhundred-percent-fullwidth non-hundred-percent-height-scrolling\" style=\"--awb-border-radius-top-left:0px;--awb-border-radius-top-right:0px;--awb-border-radius-bottom-right:0px;--awb-border-radius-bottom-left:0px;--awb-flex-wrap:wrap;\" ><div class=\"fusion-builder-row fusion-row fusion-flex-align-items-flex-start fusion-flex-content-wrap\" style=\"max-width:1144px;margin-left: calc(-4% \/ 2 );margin-right: calc(-4% \/ 2 );\"><div class=\"fusion-layout-column fusion_builder_column fusion-builder-column-0 fusion_builder_column_1_1 1_1 fusion-flex-column\" style=\"--awb-bg-size:cover;--awb-width-large:100%;--awb-margin-top-large:0px;--awb-spacing-right-large:1.92%;--awb-margin-bottom-large:20px;--awb-spacing-left-large:1.92%;--awb-width-medium:100%;--awb-order-medium:0;--awb-spacing-right-medium:1.92%;--awb-spacing-left-medium:1.92%;--awb-width-small:100%;--awb-order-small:0;--awb-spacing-right-small:1.92%;--awb-spacing-left-small:1.92%;\"><div class=\"fusion-column-wrapper fusion-column-has-shadow fusion-flex-justify-content-flex-start fusion-content-layout-column\"><div class=\"fusion-title title fusion-title-1 sep-underline sep-dotted fusion-title-text fusion-title-size-one\" style=\"--awb-margin-top-small:0px;--awb-margin-right-small:0px;--awb-margin-bottom-small:20px;--awb-margin-left-small:0px;\"><h1 class=\"fusion-title-heading title-heading-left\" style=\"margin:0;\">Certifica\u00e7\u00e3o de IPC Designer<\/h1><\/div><\/div><\/div><\/div><\/div><div class=\"fusion-bg-parallax\" data-bg-align=\"right top\" data-direction=\"down\" data-mute=\"false\" data-opacity=\"100\" data-velocity=\"-0.3\" data-mobile-enabled=\"false\" data-break_parents=\"0\" data-bg-image=\"https:\/\/piek.international\/wp-content\/uploads\/pcb-background-v4.jpeg\" data-bg-repeat=\"false\" data-bg-color=\"#fcfcfc\" ><\/div><div class=\"fusion-fullwidth fullwidth-box fusion-builder-row-2 fusion-flex-container fusion-parallax-down nonhundred-percent-fullwidth non-hundred-percent-height-scrolling fusion-no-small-visibility fusion-no-medium-visibility\" style=\"--awb-background-position:right top;--awb-border-radius-top-left:0px;--awb-border-radius-top-right:0px;--awb-border-radius-bottom-right:0px;--awb-border-radius-bottom-left:0px;--awb-padding-top:50px;--awb-padding-bottom:25px;--awb-background-color:#fcfcfc;--awb-background-image:url(&quot;https:\/\/piek.international\/wp-content\/uploads\/pcb-background-v4.jpeg&quot;);--awb-background-size:cover;--awb-flex-wrap:wrap;--awb-box-shadow: 0px 0px ;\" ><div class=\"fusion-builder-row fusion-row fusion-flex-align-items-flex-start fusion-flex-content-wrap\" style=\"max-width:1144px;margin-left: calc(-4% \/ 2 );margin-right: calc(-4% \/ 2 );\"><div class=\"fusion-layout-column fusion_builder_column fusion-builder-column-1 fusion_builder_column_1_1 1_1 fusion-flex-column\" style=\"--awb-bg-size:cover;--awb-width-large:100%;--awb-margin-top-large:0px;--awb-spacing-right-large:1.92%;--awb-margin-bottom-large:20px;--awb-spacing-left-large:1.92%;--awb-width-medium:100%;--awb-order-medium:0;--awb-spacing-right-medium:1.92%;--awb-spacing-left-medium:1.92%;--awb-width-small:100%;--awb-order-small:0;--awb-spacing-right-small:1.92%;--awb-spacing-left-small:1.92%;\"><div class=\"fusion-column-wrapper fusion-column-has-shadow fusion-flex-justify-content-flex-start fusion-content-layout-column\"><div class=\"fusion-text fusion-text-1\"><h4><a href=\"#cid\"><i class=\"fb-icon-element-1 fb-icon-element fontawesome-icon fa-check fas circle-no fusion-text-flow\" style=\"--awb-iconcolor:#2cb34a;--awb-iconcolor-hover:#2cb34a;--awb-font-size:24px;--awb-margin-right:12px;\"><\/i>IPC CID (CERTIFIED INTERCONNECT DESIGNER-BASIC)<\/a><\/h4>\n<h4><a href=\"#cidplus\"><i class=\"fb-icon-element-2 fb-icon-element fontawesome-icon fa-check fas circle-no fusion-text-flow\" style=\"--awb-iconcolor:#2cb34a;--awb-iconcolor-hover:#2cb34a;--awb-font-size:24px;--awb-margin-right:12px;\"><\/i>IPC CID+ (ADVANCED CERTIFIED INTERCONNECT DESIGNER)<\/a><\/h4>\n<\/div><\/div><\/div><\/div><\/div><div class=\"fusion-fullwidth fullwidth-box fusion-builder-row-3 fusion-flex-container nonhundred-percent-fullwidth non-hundred-percent-height-scrolling fusion-no-large-visibility\" style=\"--awb-border-radius-top-left:0px;--awb-border-radius-top-right:0px;--awb-border-radius-bottom-right:0px;--awb-border-radius-bottom-left:0px;--awb-padding-top:50px;--awb-padding-bottom:25px;--awb-background-color:#fcfcfc;--awb-flex-wrap:wrap;--awb-box-shadow: 0px 0px ;\" ><div class=\"fusion-builder-row fusion-row fusion-flex-align-items-flex-start fusion-flex-content-wrap\" style=\"max-width:1144px;margin-left: calc(-4% \/ 2 );margin-right: calc(-4% \/ 2 );\"><div class=\"fusion-layout-column fusion_builder_column fusion-builder-column-2 fusion_builder_column_1_1 1_1 fusion-flex-column\" style=\"--awb-bg-size:cover;--awb-width-large:100%;--awb-margin-top-large:0px;--awb-spacing-right-large:1.92%;--awb-margin-bottom-large:20px;--awb-spacing-left-large:1.92%;--awb-width-medium:100%;--awb-order-medium:0;--awb-spacing-right-medium:1.92%;--awb-spacing-left-medium:1.92%;--awb-width-small:100%;--awb-order-small:0;--awb-spacing-right-small:1.92%;--awb-spacing-left-small:1.92%;\"><div class=\"fusion-column-wrapper fusion-column-has-shadow fusion-flex-justify-content-flex-start fusion-content-layout-column\"><div class=\"fusion-text fusion-text-2\"><h4><a href=\"#cid\"><i class=\"fb-icon-element-3 fb-icon-element fontawesome-icon fa-check fas circle-no fusion-text-flow\" style=\"--awb-iconcolor:#2cb34a;--awb-iconcolor-hover:#2cb34a;--awb-font-size:24px;--awb-margin-right:12px;\"><\/i>IPC CID (CERTIFIED INTERCONNECT DESIGNER-BASIC)<\/a><\/h4>\n<h4><a href=\"#cidplus\"><i class=\"fb-icon-element-4 fb-icon-element fontawesome-icon fa-check fas circle-no fusion-text-flow\" style=\"--awb-iconcolor:#2cb34a;--awb-iconcolor-hover:#2cb34a;--awb-font-size:24px;--awb-margin-right:12px;\"><\/i>IPC CID+ (ADVANCED CERTIFIED INTERCONNECT DESIGNER)<\/a><\/h4>\n<\/div><\/div><\/div><\/div><\/div><div id=\"cid\" class=\"fusion-container-anchor\"><div class=\"fusion-fullwidth fullwidth-box fusion-builder-row-4 fusion-flex-container nonhundred-percent-fullwidth non-hundred-percent-height-scrolling\" style=\"--awb-border-radius-top-left:0px;--awb-border-radius-top-right:0px;--awb-border-radius-bottom-right:0px;--awb-border-radius-bottom-left:0px;--awb-padding-top:50px;--awb-padding-bottom:25px;--awb-flex-wrap:wrap;\" ><div class=\"fusion-builder-row fusion-row fusion-flex-align-items-flex-start fusion-flex-content-wrap\" style=\"max-width:1144px;margin-left: calc(-4% \/ 2 );margin-right: calc(-4% \/ 2 );\"><div class=\"fusion-layout-column fusion_builder_column fusion-builder-column-3 fusion_builder_column_1_1 1_1 fusion-flex-column\" style=\"--awb-bg-size:cover;--awb-width-large:100%;--awb-margin-top-large:0px;--awb-spacing-right-large:1.92%;--awb-margin-bottom-large:20px;--awb-spacing-left-large:1.92%;--awb-width-medium:100%;--awb-order-medium:0;--awb-spacing-right-medium:1.92%;--awb-spacing-left-medium:1.92%;--awb-width-small:100%;--awb-order-small:0;--awb-spacing-right-small:1.92%;--awb-spacing-left-small:1.92%;\"><div class=\"fusion-column-wrapper fusion-column-has-shadow fusion-flex-justify-content-flex-start fusion-content-layout-column\"><div class=\"fusion-title title fusion-title-2 sep-underline sep-dotted fusion-title-text fusion-title-size-two\" style=\"--awb-margin-top-small:0px;--awb-margin-right-small:0px;--awb-margin-bottom-small:20px;--awb-margin-left-small:0px;\"><h2 class=\"fusion-title-heading title-heading-left\" style=\"margin:0;\">IPC CID (CERTIFIED INTERCONNECT DESIGNER-BASIC)<\/h2><\/div><div class=\"fusion-text fusion-text-3\"><p>A s\u00e9rie IPC-2220 (&#8220;Generic Standard on Printed Board Design&#8221;) \u00e9 uma s\u00e9rie de padr\u00f5es IPC pelos quais as placas de circuito impresso s\u00e3o projetadas.<br \/>\nO IPC \u00e9 um instituto americano que garante que todo o conhecimento seja distribu\u00eddo mundialmente por instrutores IPC certificados atrav\u00e9s de seus padr\u00f5es IPC, programas de treinamento IPC e materiais did\u00e1ticos IPC.<br \/>\nO IPC-2221 \u00e9 um padr\u00e3o pelo qual os projetistas projetam placas de circuito impresso para que os arquivos Gerber (os desenhos\/dados do projeto) do lado do fabricante da placa de circuito impresso sejam devidamente compreendidos em suas m\u00e1quinas de produ\u00e7\u00e3o.<br \/>\nQuase todos os projetistas de placas de circuito impresso em todo o mundo trabalham de acordo com esta(s) norma(s).    Se precisar de mais conhecimentos no desenho de placas de circuito impresso, materiais de placas de circuito impresso, acabamentos superficiais, massa t\u00e9rmica, folgas el\u00e9ctricas, dist\u00e2ncia at\u00e9 \u00e0 borda da placa de circuito impresso, toler\u00e2ncias, testes, marca\u00e7\u00f5es, entupimento\/torneamento de vias, desenho principal (desenho de desenho), m\u00e1scara de solda, fiabilidade, aspectos ambientais, etc., ent\u00e3o esta norma \u00e9 a norma certa para si.<\/p>\n<h3>GOSTARIA DE APRENDER A DESENHAR UMA PLACA DE CIRCUITO IMPRESSO (PCB)?<br \/>\nSIM, VOC\u00ca PODE! <\/h3>\n<p>Esta norma \u00e9 utilizada para o design de um novo produto electr\u00f3nico no departamento de design e, por vezes, tamb\u00e9m como uma verifica\u00e7\u00e3o de entrada no fabricante da placa de circuito (a empresa que produz placas de circuito impresso).<br \/>\nSe os desenhos de projeto estiverem incorretos, o fabricante da placa de circuito impresso n\u00e3o pode produzir corretamente, o que significa que o montador n\u00e3o pode soldar corretamente os componentes e, como resultado, no pior dos casos, os produtos eletr\u00f4nicos falham prematuramente.<br \/>\nUm bom desenho \u00e9 a base de um produto final de boa qualidade.<br \/>\nO treinamento CID \u00e9 um treinamento que treina um estudante\/participante como um Certified Interconnect Designer (CID).<br \/>\nIsto significa que o aluno tem muito conhecimento sobre regras de design (diretrizes de design) depois.    <\/p>\n<p>Este treinamento \u00e9 adequado para pessoas que trabalham no departamento de design.<br \/>\nA forma\u00e7\u00e3o de certifica\u00e7\u00e3o CID \u00e9 composta por duas partes.<br \/>\nA primeira parte \u00e9 a prepara\u00e7\u00e3o em casa, a segunda parte \u00e9 de 3 dias de treinamento e ao final do treinamento o participante escreve um exame final (110 perguntas de m\u00faltipla escolha).<br \/>\nA nota m\u00ednima para ter sucesso \u00e9 de 73%.<br \/>\nQuando o participante tiver obtido o seu certificado CID, esse certificado \u00e9 v\u00e1lido para sempre.<br \/>\nCom este certificado IPC voc\u00ea pode trabalhar como um CIDCertified Interconnect Designer) em todo o mundo.<br \/>\nAssim como uma carteira de habilita\u00e7\u00e3o, este certificado IPC \u00e9 reconhecido internacionalmente.<br \/>\nSe algu\u00e9m estiver interessado em treinamento adicional (avan\u00e7ado), o treinamento CID+ \u00e9 adequado para isso.<br \/>\nO CID \u00e9 a pessoa designada que discute e resolve problemas com os clientes.<\/p>\n<\/div><div class=\"fusion-text fusion-text-4\"><p>N\u00e3o hesite em contactar-nos para um programa de forma\u00e7\u00e3o completo, mais informa\u00e7\u00f5es ou outras quest\u00f5es relacionadas com a forma\u00e7\u00e3o. Pelo telefone +31-(0)45-5703333, pelo e-mail <a href=\"mailto:support@piek.international\">support@piek.international<\/a> ou <a href=\"https:\/\/piek.international\/quote-request\/\">solicite um or\u00e7amento<\/a>.<\/p>\n<\/div>\n<div style=\"text-align:right;\"><a class=\"fusion-button button-flat fusion-button-default-size button-default fusion-button-default button-1 fusion-button-default-span fusion-button-default-type\" style=\"--button_text_transform:uppercase;\" target=\"_self\" title=\"Pedido de Cota\u00e7\u00e3o\" aria-label=\"Pedido de Cota\u00e7\u00e3o\" href=\"https:\/\/piek.international\/quote-request\/\"><span class=\"fusion-button-text awb-button__text awb-button__text--default\">Pedido de Cota\u00e7\u00e3o<\/span><\/a><\/div>\n<\/div><\/div><\/div><\/div><\/div><div id=\"cidplus\" class=\"fusion-container-anchor\"><div class=\"fusion-fullwidth fullwidth-box fusion-builder-row-5 fusion-flex-container nonhundred-percent-fullwidth non-hundred-percent-height-scrolling\" style=\"--awb-border-radius-top-left:0px;--awb-border-radius-top-right:0px;--awb-border-radius-bottom-right:0px;--awb-border-radius-bottom-left:0px;--awb-padding-top:50px;--awb-padding-bottom:25px;--awb-margin-top:50px;--awb-background-color:#fcfcfc;--awb-flex-wrap:wrap;\" ><div class=\"fusion-builder-row fusion-row fusion-flex-align-items-flex-start fusion-flex-content-wrap\" style=\"max-width:1144px;margin-left: calc(-4% \/ 2 );margin-right: calc(-4% \/ 2 );\"><div class=\"fusion-layout-column fusion_builder_column fusion-builder-column-4 fusion_builder_column_1_1 1_1 fusion-flex-column\" style=\"--awb-bg-size:cover;--awb-width-large:100%;--awb-margin-top-large:0px;--awb-spacing-right-large:1.92%;--awb-margin-bottom-large:20px;--awb-spacing-left-large:1.92%;--awb-width-medium:100%;--awb-order-medium:0;--awb-spacing-right-medium:1.92%;--awb-spacing-left-medium:1.92%;--awb-width-small:100%;--awb-order-small:0;--awb-spacing-right-small:1.92%;--awb-spacing-left-small:1.92%;\"><div class=\"fusion-column-wrapper fusion-column-has-shadow fusion-flex-justify-content-flex-start fusion-content-layout-column\"><div class=\"fusion-title title fusion-title-3 sep-underline sep-dotted fusion-title-text fusion-title-size-two\" style=\"--awb-margin-top-small:0px;--awb-margin-right-small:0px;--awb-margin-bottom-small:20px;--awb-margin-left-small:0px;\"><h2 class=\"fusion-title-heading title-heading-left\" style=\"margin:0;\">IPC CID+ (ADVANCED CERTIFIED INTERCONNECT DESIGNER)<\/h2><\/div><div class=\"fusion-text fusion-text-5\"><p>A s\u00e9rie IPC-2220 (&#8220;Generic Standard on Printed Board Design&#8221;) \u00e9 uma s\u00e9rie de padr\u00f5es IPC pelos quais as placas de circuito impresso s\u00e3o projetadas.<br \/>\nO IPC \u00e9 um instituto americano que garante que todo o conhecimento seja distribu\u00eddo mundialmente por instrutores IPC certificados atrav\u00e9s de seus padr\u00f5es IPC, programas de treinamento IPC e materiais did\u00e1ticos IPC.<br \/>\nO IPC-2221 \u00e9 um padr\u00e3o pelo qual os projetistas projetam placas de circuito impresso para que os arquivos Gerber (os desenhos\/dados do projeto) do lado do fabricante da placa de circuito impresso sejam devidamente compreendidos em suas m\u00e1quinas de produ\u00e7\u00e3o.<br \/>\nQuase todos os projetistas de placas de circuito impresso em todo o mundo trabalham de acordo com esta(s) norma(s).   <\/p>\n<h3>VOC\u00ca GOSTARIA DE APRENDER A DESENHAR PLACAS DE CIRCUITO IMPRESSO (PCBS) DIF\u00cdCEIS?<br \/>\nSIM, VOC\u00ca PODE! <\/h3>\n<p>Se precisar de mais conhecimentos no desenho de placas de circuito impresso, materiais de placas de circuito impresso, acabamentos superficiais, massa t\u00e9rmica, folgas el\u00e9ctricas, dist\u00e2ncia at\u00e9 \u00e0 borda da placa de circuito impresso, toler\u00e2ncias, testes, marca\u00e7\u00f5es, entupimento\/torneamento de vias, desenho principal (desenho de desenho), m\u00e1scara de solda, fiabilidade, aspectos ambientais, etc., ent\u00e3o esta norma \u00e9 a norma certa para si.<br \/>\nEsta norma \u00e9 utilizada para o design de um novo produto electr\u00f3nico no departamento de design e, por vezes, tamb\u00e9m como uma verifica\u00e7\u00e3o de entrada no fabricante da placa de circuito impresso (a empresa que produz placas de circuito impresso).<br \/>\nSe os desenhos de projeto estiverem incorretos, o fabricante da placa de circuito impresso n\u00e3o pode produzir corretamente, o que significa que o montador n\u00e3o pode soldar corretamente os componentes e, como resultado, no pior dos casos, os produtos eletr\u00f4nicos falham prematuramente.<br \/>\nUm bom desenho \u00e9 a base de um produto final de boa qualidade.<br \/>\nO treinamento CID+ \u00e9 um treinamento que treina um estudante\/participante como um Advanced Certified Interconnect Designer (CID+).<br \/>\nIsto significa que o aluno tem todo o conhecimento sobre as regras de design (diretrizes de design) posteriormente.      Esta forma\u00e7\u00e3o \u00e9 adequada para especialistas avan\u00e7ados (especialistas em design) que trabalham no departamento de design.<br \/>\nA forma\u00e7\u00e3o de certifica\u00e7\u00e3o CID+ \u00e9 composta por duas partes.<br \/>\nA primeira parte \u00e9 a prepara\u00e7\u00e3o em casa, a segunda parte \u00e9 de 3 dias de forma\u00e7\u00e3o e no final da forma\u00e7\u00e3o o participante escreve um exame final (120 perguntas de m\u00faltipla escolha).<br \/>\nQuando o participante tiver obtido o seu certificado CID+, esse certificado \u00e9 v\u00e1lido para sempre.<br \/>\nCom este certificado IPC voc\u00ea pode trabalhar em todo o mundo como um CID+Advanced Certified Interconnect Designer).<br \/>\nAssim como uma carteira de habilita\u00e7\u00e3o, este certificado IPC \u00e9 reconhecido internacionalmente.<br \/>\nO CID+ \u00e9 a pessoa designada que discute e resolve problemas com os clientes.<\/p>\n<\/div><div class=\"fusion-text fusion-text-6\"><p>N\u00e3o hesite em contactar-nos para um programa de forma\u00e7\u00e3o completo, mais informa\u00e7\u00f5es ou outras quest\u00f5es relacionadas com a forma\u00e7\u00e3o. Pelo telefone +31-(0)45-5703333, pelo e-mail <a href=\"mailto:support@piek.international\">support@piek.international<\/a> ou <a href=\"https:\/\/piek.international\/quote-request\/\">solicite um or\u00e7amento<\/a>.<\/p>\n<\/div>\n<div style=\"text-align:right;\"><a class=\"fusion-button button-flat fusion-button-default-size button-default fusion-button-default button-2 fusion-button-default-span fusion-button-default-type\" style=\"--button_text_transform:uppercase;\" target=\"_self\" title=\"Pedido de Cota\u00e7\u00e3o\" aria-label=\"Pedido de Cota\u00e7\u00e3o\" href=\"https:\/\/piek.international\/quote-request\/\"><span class=\"fusion-button-text awb-button__text awb-button__text--default\">Pedido de Cota\u00e7\u00e3o<\/span><\/a><\/div>\n<\/div><\/div><\/div><\/div><\/div><\/p>\n","protected":false},"excerpt":{"rendered":"","protected":false},"author":1,"featured_media":0,"parent":0,"menu_order":0,"comment_status":"closed","ping_status":"closed","template":"100-width.php","meta":{"footnotes":""},"class_list":["post-1813","page","type-page","status-publish","hentry"],"yoast_head":"<!-- This site is optimized with the Yoast SEO plugin v27.3 - https:\/\/yoast.com\/product\/yoast-seo-wordpress\/ -->\n<title>Certifica\u00e7\u00e3o de IPC Designer - IPC Accredited Training Partner - PIEK<\/title>\n<meta name=\"description\" content=\"O treinamento CID \u00e9 um treinamento de design de pcb que treina um aluno como um Certified Interconnect Designer pelo IPC (CID).\" \/>\n<meta name=\"robots\" content=\"index, follow, max-snippet:-1, max-image-preview:large, max-video-preview:-1\" \/>\n<link rel=\"canonical\" href=\"https:\/\/piek.international\/pt-pt\/certificacao-de-ipc-designer\/\" \/>\n<meta property=\"og:locale\" content=\"pt_PT\" \/>\n<meta property=\"og:type\" content=\"article\" \/>\n<meta property=\"og:title\" content=\"Certifica\u00e7\u00e3o de IPC Designer - IPC Accredited Training Partner - PIEK\" \/>\n<meta property=\"og:description\" content=\"O treinamento CID \u00e9 um treinamento de design de pcb que treina um aluno como um Certified Interconnect Designer pelo IPC (CID).\" \/>\n<meta property=\"og:url\" content=\"https:\/\/piek.international\/pt-pt\/certificacao-de-ipc-designer\/\" \/>\n<meta property=\"og:site_name\" content=\"IPC Accredited Training Partner - PIEK\" \/>\n<meta name=\"twitter:card\" content=\"summary_large_image\" \/>\n<meta name=\"twitter:label1\" content=\"Tempo estimado de leitura\" \/>\n\t<meta name=\"twitter:data1\" content=\"24 minutos\" \/>\n<script type=\"application\/ld+json\" class=\"yoast-schema-graph\">{\"@context\":\"https:\\\/\\\/schema.org\",\"@graph\":[{\"@type\":\"WebPage\",\"@id\":\"https:\\\/\\\/piek.international\\\/pt-pt\\\/certificacao-de-ipc-designer\\\/\",\"url\":\"https:\\\/\\\/piek.international\\\/pt-pt\\\/certificacao-de-ipc-designer\\\/\",\"name\":\"Certifica\u00e7\u00e3o de IPC Designer - IPC Accredited Training Partner - PIEK\",\"isPartOf\":{\"@id\":\"https:\\\/\\\/piek.international\\\/pt-pt\\\/#website\"},\"datePublished\":\"2021-11-09T13:31:38+00:00\",\"description\":\"O treinamento CID \u00e9 um treinamento de design de pcb que treina um aluno como um Certified Interconnect Designer pelo IPC (CID).\",\"breadcrumb\":{\"@id\":\"https:\\\/\\\/piek.international\\\/pt-pt\\\/certificacao-de-ipc-designer\\\/#breadcrumb\"},\"inLanguage\":\"pt-PT\",\"potentialAction\":[{\"@type\":\"ReadAction\",\"target\":[\"https:\\\/\\\/piek.international\\\/pt-pt\\\/certificacao-de-ipc-designer\\\/\"]}]},{\"@type\":\"BreadcrumbList\",\"@id\":\"https:\\\/\\\/piek.international\\\/pt-pt\\\/certificacao-de-ipc-designer\\\/#breadcrumb\",\"itemListElement\":[{\"@type\":\"ListItem\",\"position\":1,\"name\":\"Home\",\"item\":\"https:\\\/\\\/piek.international\\\/pt-pt\\\/\"},{\"@type\":\"ListItem\",\"position\":2,\"name\":\"Certifica\u00e7\u00e3o de IPC Designer\"}]},{\"@type\":\"WebSite\",\"@id\":\"https:\\\/\\\/piek.international\\\/pt-pt\\\/#website\",\"url\":\"https:\\\/\\\/piek.international\\\/pt-pt\\\/\",\"name\":\"IPC Accredited Training Partner - PIEK\",\"description\":\"\",\"potentialAction\":[{\"@type\":\"SearchAction\",\"target\":{\"@type\":\"EntryPoint\",\"urlTemplate\":\"https:\\\/\\\/piek.international\\\/pt-pt\\\/?s={search_term_string}\"},\"query-input\":{\"@type\":\"PropertyValueSpecification\",\"valueRequired\":true,\"valueName\":\"search_term_string\"}}],\"inLanguage\":\"pt-PT\"}]}<\/script>\n<!-- \/ Yoast SEO plugin. -->","yoast_head_json":{"title":"Certifica\u00e7\u00e3o de IPC Designer - IPC Accredited Training Partner - PIEK","description":"O treinamento CID \u00e9 um treinamento de design de pcb que treina um aluno como um Certified Interconnect Designer pelo IPC (CID).","robots":{"index":"index","follow":"follow","max-snippet":"max-snippet:-1","max-image-preview":"max-image-preview:large","max-video-preview":"max-video-preview:-1"},"canonical":"https:\/\/piek.international\/pt-pt\/certificacao-de-ipc-designer\/","og_locale":"pt_PT","og_type":"article","og_title":"Certifica\u00e7\u00e3o de IPC Designer - IPC Accredited Training Partner - PIEK","og_description":"O treinamento CID \u00e9 um treinamento de design de pcb que treina um aluno como um Certified Interconnect Designer pelo IPC (CID).","og_url":"https:\/\/piek.international\/pt-pt\/certificacao-de-ipc-designer\/","og_site_name":"IPC Accredited Training Partner - PIEK","twitter_card":"summary_large_image","twitter_misc":{"Tempo estimado de leitura":"24 minutos"},"schema":{"@context":"https:\/\/schema.org","@graph":[{"@type":"WebPage","@id":"https:\/\/piek.international\/pt-pt\/certificacao-de-ipc-designer\/","url":"https:\/\/piek.international\/pt-pt\/certificacao-de-ipc-designer\/","name":"Certifica\u00e7\u00e3o de IPC Designer - IPC Accredited Training Partner - PIEK","isPartOf":{"@id":"https:\/\/piek.international\/pt-pt\/#website"},"datePublished":"2021-11-09T13:31:38+00:00","description":"O treinamento CID \u00e9 um treinamento de design de pcb que treina um aluno como um Certified Interconnect Designer pelo IPC (CID).","breadcrumb":{"@id":"https:\/\/piek.international\/pt-pt\/certificacao-de-ipc-designer\/#breadcrumb"},"inLanguage":"pt-PT","potentialAction":[{"@type":"ReadAction","target":["https:\/\/piek.international\/pt-pt\/certificacao-de-ipc-designer\/"]}]},{"@type":"BreadcrumbList","@id":"https:\/\/piek.international\/pt-pt\/certificacao-de-ipc-designer\/#breadcrumb","itemListElement":[{"@type":"ListItem","position":1,"name":"Home","item":"https:\/\/piek.international\/pt-pt\/"},{"@type":"ListItem","position":2,"name":"Certifica\u00e7\u00e3o de IPC Designer"}]},{"@type":"WebSite","@id":"https:\/\/piek.international\/pt-pt\/#website","url":"https:\/\/piek.international\/pt-pt\/","name":"IPC Accredited Training Partner - PIEK","description":"","potentialAction":[{"@type":"SearchAction","target":{"@type":"EntryPoint","urlTemplate":"https:\/\/piek.international\/pt-pt\/?s={search_term_string}"},"query-input":{"@type":"PropertyValueSpecification","valueRequired":true,"valueName":"search_term_string"}}],"inLanguage":"pt-PT"}]}},"_links":{"self":[{"href":"https:\/\/piek.international\/pt-pt\/wp-json\/wp\/v2\/pages\/1813","targetHints":{"allow":["GET"]}}],"collection":[{"href":"https:\/\/piek.international\/pt-pt\/wp-json\/wp\/v2\/pages"}],"about":[{"href":"https:\/\/piek.international\/pt-pt\/wp-json\/wp\/v2\/types\/page"}],"author":[{"embeddable":true,"href":"https:\/\/piek.international\/pt-pt\/wp-json\/wp\/v2\/users\/1"}],"replies":[{"embeddable":true,"href":"https:\/\/piek.international\/pt-pt\/wp-json\/wp\/v2\/comments?post=1813"}],"version-history":[{"count":2,"href":"https:\/\/piek.international\/pt-pt\/wp-json\/wp\/v2\/pages\/1813\/revisions"}],"predecessor-version":[{"id":1815,"href":"https:\/\/piek.international\/pt-pt\/wp-json\/wp\/v2\/pages\/1813\/revisions\/1815"}],"wp:attachment":[{"href":"https:\/\/piek.international\/pt-pt\/wp-json\/wp\/v2\/media?parent=1813"}],"curies":[{"name":"wp","href":"https:\/\/api.w.org\/{rel}","templated":true}]}}