{"id":1840,"date":"2021-11-09T13:40:25","date_gmt":"2021-11-09T13:40:25","guid":{"rendered":"https:\/\/piek.international\/certificare-ipc-designer\/"},"modified":"2021-11-09T13:40:25","modified_gmt":"2021-11-09T13:40:25","slug":"certificare-ipc-designer","status":"publish","type":"page","link":"https:\/\/piek.international\/ro\/certificare-ipc-designer\/","title":{"rendered":"Certificare IPC Designer"},"content":{"rendered":"<p><div class=\"fusion-fullwidth fullwidth-box fusion-builder-row-1 fusion-flex-container nonhundred-percent-fullwidth non-hundred-percent-height-scrolling\" style=\"--awb-border-radius-top-left:0px;--awb-border-radius-top-right:0px;--awb-border-radius-bottom-right:0px;--awb-border-radius-bottom-left:0px;--awb-flex-wrap:wrap;\" ><div class=\"fusion-builder-row fusion-row fusion-flex-align-items-flex-start fusion-flex-content-wrap\" style=\"max-width:1144px;margin-left: calc(-4% \/ 2 );margin-right: calc(-4% \/ 2 );\"><div class=\"fusion-layout-column fusion_builder_column fusion-builder-column-0 fusion_builder_column_1_1 1_1 fusion-flex-column\" style=\"--awb-bg-size:cover;--awb-width-large:100%;--awb-margin-top-large:0px;--awb-spacing-right-large:1.92%;--awb-margin-bottom-large:20px;--awb-spacing-left-large:1.92%;--awb-width-medium:100%;--awb-order-medium:0;--awb-spacing-right-medium:1.92%;--awb-spacing-left-medium:1.92%;--awb-width-small:100%;--awb-order-small:0;--awb-spacing-right-small:1.92%;--awb-spacing-left-small:1.92%;\"><div class=\"fusion-column-wrapper fusion-column-has-shadow fusion-flex-justify-content-flex-start fusion-content-layout-column\"><div class=\"fusion-title title fusion-title-1 sep-underline sep-dotted fusion-title-text fusion-title-size-one\" style=\"--awb-margin-top-small:0px;--awb-margin-right-small:0px;--awb-margin-bottom-small:20px;--awb-margin-left-small:0px;\"><h1 class=\"fusion-title-heading title-heading-left\" style=\"margin:0;\">Certificare IPC Designer<\/h1><\/div><\/div><\/div><\/div><\/div><div class=\"fusion-bg-parallax\" data-bg-align=\"right top\" data-direction=\"down\" data-mute=\"false\" data-opacity=\"100\" data-velocity=\"-0.3\" data-mobile-enabled=\"false\" data-break_parents=\"0\" data-bg-image=\"https:\/\/piek.international\/wp-content\/uploads\/pcb-background-v4.jpeg\" data-bg-repeat=\"false\" data-bg-color=\"#fcfcfc\" ><\/div><div class=\"fusion-fullwidth fullwidth-box fusion-builder-row-2 fusion-flex-container fusion-parallax-down nonhundred-percent-fullwidth non-hundred-percent-height-scrolling fusion-no-small-visibility fusion-no-medium-visibility\" style=\"--awb-background-position:right top;--awb-border-radius-top-left:0px;--awb-border-radius-top-right:0px;--awb-border-radius-bottom-right:0px;--awb-border-radius-bottom-left:0px;--awb-padding-top:50px;--awb-padding-bottom:25px;--awb-background-color:#fcfcfc;--awb-background-image:url(&quot;https:\/\/piek.international\/wp-content\/uploads\/pcb-background-v4.jpeg&quot;);--awb-background-size:cover;--awb-flex-wrap:wrap;--awb-box-shadow: 0px 0px ;\" ><div class=\"fusion-builder-row fusion-row fusion-flex-align-items-flex-start fusion-flex-content-wrap\" style=\"max-width:1144px;margin-left: calc(-4% \/ 2 );margin-right: calc(-4% \/ 2 );\"><div class=\"fusion-layout-column fusion_builder_column fusion-builder-column-1 fusion_builder_column_1_1 1_1 fusion-flex-column\" style=\"--awb-bg-size:cover;--awb-width-large:100%;--awb-margin-top-large:0px;--awb-spacing-right-large:1.92%;--awb-margin-bottom-large:20px;--awb-spacing-left-large:1.92%;--awb-width-medium:100%;--awb-order-medium:0;--awb-spacing-right-medium:1.92%;--awb-spacing-left-medium:1.92%;--awb-width-small:100%;--awb-order-small:0;--awb-spacing-right-small:1.92%;--awb-spacing-left-small:1.92%;\"><div class=\"fusion-column-wrapper fusion-column-has-shadow fusion-flex-justify-content-flex-start fusion-content-layout-column\"><div class=\"fusion-text fusion-text-1\"><h4><a href=\"#cid\"><i class=\"fb-icon-element-1 fb-icon-element fontawesome-icon fa-check fas circle-no fusion-text-flow\" style=\"--awb-iconcolor:#2cb34a;--awb-iconcolor-hover:#2cb34a;--awb-font-size:24px;--awb-margin-right:12px;\"><\/i>IPC CID (CERTIFIED INTERCONNECT DESIGNER-BASIC)<\/a><\/h4>\n<h4><a href=\"#cidplus\"><i class=\"fb-icon-element-2 fb-icon-element fontawesome-icon fa-check fas circle-no fusion-text-flow\" style=\"--awb-iconcolor:#2cb34a;--awb-iconcolor-hover:#2cb34a;--awb-font-size:24px;--awb-margin-right:12px;\"><\/i>IPC CID+ (ADVANCED CERTIFIED INTERCONNECT DESIGNER)<\/a><\/h4>\n<\/div><\/div><\/div><\/div><\/div><div class=\"fusion-fullwidth fullwidth-box fusion-builder-row-3 fusion-flex-container nonhundred-percent-fullwidth non-hundred-percent-height-scrolling fusion-no-large-visibility\" style=\"--awb-border-radius-top-left:0px;--awb-border-radius-top-right:0px;--awb-border-radius-bottom-right:0px;--awb-border-radius-bottom-left:0px;--awb-padding-top:50px;--awb-padding-bottom:25px;--awb-background-color:#fcfcfc;--awb-flex-wrap:wrap;--awb-box-shadow: 0px 0px ;\" ><div class=\"fusion-builder-row fusion-row fusion-flex-align-items-flex-start fusion-flex-content-wrap\" style=\"max-width:1144px;margin-left: calc(-4% \/ 2 );margin-right: calc(-4% \/ 2 );\"><div class=\"fusion-layout-column fusion_builder_column fusion-builder-column-2 fusion_builder_column_1_1 1_1 fusion-flex-column\" style=\"--awb-bg-size:cover;--awb-width-large:100%;--awb-margin-top-large:0px;--awb-spacing-right-large:1.92%;--awb-margin-bottom-large:20px;--awb-spacing-left-large:1.92%;--awb-width-medium:100%;--awb-order-medium:0;--awb-spacing-right-medium:1.92%;--awb-spacing-left-medium:1.92%;--awb-width-small:100%;--awb-order-small:0;--awb-spacing-right-small:1.92%;--awb-spacing-left-small:1.92%;\"><div class=\"fusion-column-wrapper fusion-column-has-shadow fusion-flex-justify-content-flex-start fusion-content-layout-column\"><div class=\"fusion-text fusion-text-2\"><h4><a href=\"#cid\"><i class=\"fb-icon-element-3 fb-icon-element fontawesome-icon fa-check fas circle-no fusion-text-flow\" style=\"--awb-iconcolor:#2cb34a;--awb-iconcolor-hover:#2cb34a;--awb-font-size:24px;--awb-margin-right:12px;\"><\/i>IPC CID (CERTIFIED INTERCONNECT DESIGNER-BASIC)<\/a><\/h4>\n<h4><a href=\"#cidplus\"><i class=\"fb-icon-element-4 fb-icon-element fontawesome-icon fa-check fas circle-no fusion-text-flow\" style=\"--awb-iconcolor:#2cb34a;--awb-iconcolor-hover:#2cb34a;--awb-font-size:24px;--awb-margin-right:12px;\"><\/i>IPC CID+ (ADVANCED CERTIFIED INTERCONNECT DESIGNER)<\/a><\/h4>\n<\/div><\/div><\/div><\/div><\/div><div id=\"cid\" class=\"fusion-container-anchor\"><div class=\"fusion-fullwidth fullwidth-box fusion-builder-row-4 fusion-flex-container nonhundred-percent-fullwidth non-hundred-percent-height-scrolling\" style=\"--awb-border-radius-top-left:0px;--awb-border-radius-top-right:0px;--awb-border-radius-bottom-right:0px;--awb-border-radius-bottom-left:0px;--awb-padding-top:50px;--awb-padding-bottom:25px;--awb-flex-wrap:wrap;\" ><div class=\"fusion-builder-row fusion-row fusion-flex-align-items-flex-start fusion-flex-content-wrap\" style=\"max-width:1144px;margin-left: calc(-4% \/ 2 );margin-right: calc(-4% \/ 2 );\"><div class=\"fusion-layout-column fusion_builder_column fusion-builder-column-3 fusion_builder_column_1_1 1_1 fusion-flex-column\" style=\"--awb-bg-size:cover;--awb-width-large:100%;--awb-margin-top-large:0px;--awb-spacing-right-large:1.92%;--awb-margin-bottom-large:20px;--awb-spacing-left-large:1.92%;--awb-width-medium:100%;--awb-order-medium:0;--awb-spacing-right-medium:1.92%;--awb-spacing-left-medium:1.92%;--awb-width-small:100%;--awb-order-small:0;--awb-spacing-right-small:1.92%;--awb-spacing-left-small:1.92%;\"><div class=\"fusion-column-wrapper fusion-column-has-shadow fusion-flex-justify-content-flex-start fusion-content-layout-column\"><div class=\"fusion-title title fusion-title-2 sep-underline sep-dotted fusion-title-text fusion-title-size-two\" style=\"--awb-margin-top-small:0px;--awb-margin-right-small:0px;--awb-margin-bottom-small:20px;--awb-margin-left-small:0px;\"><h2 class=\"fusion-title-heading title-heading-left\" style=\"margin:0;\">IPC CID (CERTIFIED INTERCONNECT DESIGNER-BASIC)<\/h2><\/div><div class=\"fusion-text fusion-text-3\"><p>Seria IPC-2220 (\u201eStandard generic pentru designul pl\u0103cilor imprimate\u201d) este o serie de standarde IPC dup\u0103 care sunt proiectate pl\u0103cile de circuite imprimate. IPC este un institut american care se asigur\u0103 c\u0103 toate cuno\u0219tin\u021bele sunt distribuite la nivel mondial de c\u0103tre formatori IPC certifica\u021bi prin standardele lor IPC, programele de formare IPC \u0219i materialele didactice IPC. IPC-2221 este un standard prin care proiectan\u021bii proiecteaz\u0103 pl\u0103ci de circuite imprimate astfel \u00eenc\u00e2t fi\u0219ierele Gerber (desenele\/datele de proiectare) de la produc\u0103torul pl\u0103cilor de circuit imprimat s\u0103 fie \u00een\u021belese corect pe ma\u0219inile lor de produc\u021bie. Aproape to\u021bi designerii de pl\u0103ci de circuite imprimate din \u00eentreaga lume lucreaz\u0103 \u00een conformitate cu acest(ele) standard(e).    Dac\u0103 ave\u021bi nevoie de cuno\u0219tin\u021be suplimentare \u00een proiectarea pl\u0103cilor cu circuite imprimate, materialelor pl\u0103cilor cu circuite imprimate, finisajele suprafe\u021belor, masa termic\u0103, distan\u021be electrice, distan\u021ba p\u00e2n\u0103 la marginea pl\u0103cii de circuit imprimat, toleran\u021be, teste, marcaje, conectarea\/tentul de vias, master desen (desen de proiectare), masc\u0103 de lipit, fiabilitate, aspecte de mediu etc. atunci acest standard este cel potrivit pentru tine.<\/p>\n<h3>VREI S\u0102 \u00ceNV\u0102\u021aI CUM S\u0102 PROIEC\u021aI O PLAC\u0102 DE CIRCUIT IMPRIMAT (PCB)? DA, POTI! <\/h3>\n<p>Acest standard este utilizat pentru proiectarea unui nou produs electronic \u00een departamentul de proiectare \u0219i, uneori, \u0219i ca verificare de intrare la produc\u0103torul pl\u0103cilor de circuite (compania care produce pl\u0103ci de circuite goale). Dac\u0103 desenele de proiectare sunt incorecte, produc\u0103torul pl\u0103cii de circuit imprimat nu poate produce corespunz\u0103tor, ceea ce \u00eenseamn\u0103 c\u0103 asamblatorul nu poate lipi corect componentele \u0219i, ca urmare, \u00een cel mai r\u0103u caz, produsele electronice se defecteaz\u0103 prematur. Un design bun este baza unui produs final de bun\u0103 calitate. Training-ul CID este un training care preg\u0103te\u0219te un student\/participant ca Certified Interconnect Designer (CID). Aceasta \u00eenseamn\u0103 c\u0103 apoi studentul are multe cuno\u0219tin\u021be despre regulile de proiectare (orient\u0103ri de proiectare).    <\/p>\n<p>Acest training este potrivit pentru persoanele care lucreaz\u0103 \u00een departamentul de proiectare. Instruirea de certificare CID const\u0103 din dou\u0103 p\u0103r\u021bi. Prima parte este preg\u0103tirea acas\u0103, a doua parte este de 3 zile de antrenament iar la sf\u00e2r\u0219itul trainingului participantul sus\u021bine un examen final (110 \u00eentreb\u0103ri cu alegere multipl\u0103). Scorul minim pentru a reu\u0219i este de 73%. C\u00e2nd participantul \u0219i-a ob\u021binut certificatul CID, acel certificat este valabil pentru totdeauna. Cu acest certificat IPC pute\u021bi lucra ca CID ( Certified Interconnect Designer ) \u00een toat\u0103 lumea. La fel ca un permis de conducere, acest certificat IPC este recunoscut la nivel interna\u021bional. Dac\u0103 cineva este interesat de formare suplimentar\u0103 (avansat\u0103), instruirea CID+ este potrivit\u0103 pentru aceasta. CID este persoana desemnat\u0103 care discut\u0103 \u0219i rezolv\u0103 problemele cu clien\u021bii.<\/p>\n<\/div><div class=\"fusion-text fusion-text-4\"><p>V\u0103 rug\u0103m s\u0103 nu ezita\u021bi s\u0103 ne contacta\u021bi pentru un program complet de instruire, mai multe informa\u021bii sau alte probleme legate de formare. Prin telefon +31-(0)45-5703333, prin e-mail <a href=\"mailto:support@piek.international\">support@piek.international<\/a> sau <a href=\"https:\/\/piek.international\/quote-request\/\">solicita\u021bi o ofert\u0103<\/a> .<\/p>\n<\/div>\n<div style=\"text-align:right;\"><a class=\"fusion-button button-flat fusion-button-default-size button-default fusion-button-default button-1 fusion-button-default-span fusion-button-default-type\" style=\"--button_text_transform:uppercase;\" target=\"_self\" title=\"Cerere de cota\u021bie\" aria-label=\"Cerere de cota\u021bie\" href=\"https:\/\/piek.international\/quote-request\/\"><span class=\"fusion-button-text awb-button__text awb-button__text--default\">Cerere de cota\u021bie<\/span><\/a><\/div>\n<\/div><\/div><\/div><\/div><\/div><div id=\"cidplus\" class=\"fusion-container-anchor\"><div class=\"fusion-fullwidth fullwidth-box fusion-builder-row-5 fusion-flex-container nonhundred-percent-fullwidth non-hundred-percent-height-scrolling\" style=\"--awb-border-radius-top-left:0px;--awb-border-radius-top-right:0px;--awb-border-radius-bottom-right:0px;--awb-border-radius-bottom-left:0px;--awb-padding-top:50px;--awb-padding-bottom:25px;--awb-margin-top:50px;--awb-background-color:#fcfcfc;--awb-flex-wrap:wrap;\" ><div class=\"fusion-builder-row fusion-row fusion-flex-align-items-flex-start fusion-flex-content-wrap\" style=\"max-width:1144px;margin-left: calc(-4% \/ 2 );margin-right: calc(-4% \/ 2 );\"><div class=\"fusion-layout-column fusion_builder_column fusion-builder-column-4 fusion_builder_column_1_1 1_1 fusion-flex-column\" style=\"--awb-bg-size:cover;--awb-width-large:100%;--awb-margin-top-large:0px;--awb-spacing-right-large:1.92%;--awb-margin-bottom-large:20px;--awb-spacing-left-large:1.92%;--awb-width-medium:100%;--awb-order-medium:0;--awb-spacing-right-medium:1.92%;--awb-spacing-left-medium:1.92%;--awb-width-small:100%;--awb-order-small:0;--awb-spacing-right-small:1.92%;--awb-spacing-left-small:1.92%;\"><div class=\"fusion-column-wrapper fusion-column-has-shadow fusion-flex-justify-content-flex-start fusion-content-layout-column\"><div class=\"fusion-title title fusion-title-3 sep-underline sep-dotted fusion-title-text fusion-title-size-two\" style=\"--awb-margin-top-small:0px;--awb-margin-right-small:0px;--awb-margin-bottom-small:20px;--awb-margin-left-small:0px;\"><h2 class=\"fusion-title-heading title-heading-left\" style=\"margin:0;\">IPC CID+ (ADVANCED CERTIFIED INTERCONNECT DESIGNER)<\/h2><\/div><div class=\"fusion-text fusion-text-5\"><p>Seria IPC-2220 (\u201eStandard generic pentru designul pl\u0103cilor imprimate\u201d) este o serie de standarde IPC dup\u0103 care sunt proiectate pl\u0103cile de circuite imprimate. IPC este un institut american care se asigur\u0103 c\u0103 toate cuno\u0219tin\u021bele sunt distribuite la nivel mondial de c\u0103tre formatori IPC certifica\u021bi prin standardele lor IPC, programele de formare IPC \u0219i materialele didactice IPC. IPC-2221 este un standard prin care proiectan\u021bii proiecteaz\u0103 pl\u0103ci de circuite imprimate astfel \u00eenc\u00e2t fi\u0219ierele Gerber (desenele\/datele de proiectare) de la produc\u0103torul pl\u0103cilor de circuit imprimat s\u0103 fie \u00een\u021belese corect pe ma\u0219inile lor de produc\u021bie. Aproape to\u021bi designerii de pl\u0103ci de circuite imprimate din \u00eentreaga lume lucreaz\u0103 \u00een conformitate cu acest(ele) standard(e).   <\/p>\n<h3>VREI S\u0102 \u00ceNV\u0102\u021aI CUM S\u0102 PROIEC\u021aI PLACI DE CIRCUIT IMPRIMATE DIFFICILE (PCBS)? DA, POTI! <\/h3>\n<p>Dac\u0103 ave\u021bi nevoie de cuno\u0219tin\u021be suplimentare \u00een proiectarea pl\u0103cilor cu circuite imprimate, materialelor pl\u0103cilor cu circuite imprimate, finisajele suprafe\u021belor, masa termic\u0103, distan\u021be electrice, distan\u021ba p\u00e2n\u0103 la marginea pl\u0103cii de circuit imprimat, toleran\u021be, teste, marcaje, conectarea\/tentul de vias, master desen (desen de proiectare), masc\u0103 de lipit, fiabilitate, aspecte de mediu etc. atunci acest standard este cel potrivit pentru tine. Acest standard este utilizat pentru proiectarea unui nou produs electronic \u00een departamentul de proiectare \u0219i, uneori, \u0219i ca verificare de intrare la produc\u0103torul pl\u0103cilor de circuite (compania care produce pl\u0103ci de circuite goale). Dac\u0103 desenele de proiectare sunt incorecte, produc\u0103torul pl\u0103cii de circuit imprimat nu poate produce corespunz\u0103tor, ceea ce \u00eenseamn\u0103 c\u0103 asamblatorul nu poate lipi corect componentele \u0219i, ca urmare, \u00een cel mai r\u0103u caz, produsele electronice se defecteaz\u0103 prematur. Un design bun este baza unui produs final de bun\u0103 calitate. Training-ul CID+ este un training care preg\u0103te\u0219te un student\/participant ca Advanced Certified Interconnect Designer (CID+). Aceasta \u00eenseamn\u0103 c\u0103 studentul are toate cuno\u0219tin\u021bele despre regulile de proiectare (orient\u0103ri de proiectare) ulterior.      Aceast\u0103 preg\u0103tire este potrivit\u0103 pentru avansa\u021bi (speciali\u0219ti \u00een proiectare) care lucreaz\u0103 \u00een departamentul de proiectare. Instruirea de certificare CID+ const\u0103 din dou\u0103 p\u0103r\u021bi. Prima parte este preg\u0103tirea la domiciliu, a doua parte este de 3 zile de preg\u0103tire iar la sf\u00e2r\u0219itul trainingului participantul sus\u021bine un examen final (120 de \u00eentreb\u0103ri cu variante multiple). C\u00e2nd participantul \u0219i-a ob\u021binut certificatul CID+, acel certificat este valabil pentru totdeauna. Cu acest certificat IPC pute\u021bi lucra \u00een \u00eentreaga lume ca CID+ ( Advanced Certified Interconnect Designer ). La fel ca un permis de conducere, acest certificat IPC este recunoscut la nivel interna\u021bional. CID+ este persoana desemnat\u0103 care discut\u0103 \u0219i rezolv\u0103 problemele cu clien\u021bii.<\/p>\n<\/div><div class=\"fusion-text fusion-text-6\"><p>V\u0103 rug\u0103m s\u0103 nu ezita\u021bi s\u0103 ne contacta\u021bi pentru un program complet de instruire, mai multe informa\u021bii sau alte probleme legate de formare. Prin telefon +31-(0)45-5703333, prin e-mail <a href=\"mailto:support@piek.international\">support@piek.international<\/a> sau <a href=\"https:\/\/piek.international\/quote-request\/\">solicita\u021bi o ofert\u0103<\/a> .<\/p>\n<\/div>\n<div style=\"text-align:right;\"><a class=\"fusion-button button-flat fusion-button-default-size button-default fusion-button-default button-2 fusion-button-default-span fusion-button-default-type\" style=\"--button_text_transform:uppercase;\" target=\"_self\" title=\"Cerere de cota\u021bie\" aria-label=\"Cerere de cota\u021bie\" href=\"https:\/\/piek.international\/quote-request\/\"><span class=\"fusion-button-text awb-button__text awb-button__text--default\">Cerere de cota\u021bie<\/span><\/a><\/div>\n<\/div><\/div><\/div><\/div><\/div><\/p>\n","protected":false},"excerpt":{"rendered":"","protected":false},"author":1,"featured_media":0,"parent":0,"menu_order":0,"comment_status":"closed","ping_status":"closed","template":"100-width.php","meta":{"footnotes":""},"class_list":["post-1840","page","type-page","status-publish","hentry"],"yoast_head":"<!-- This site is optimized with the Yoast SEO plugin v27.3 - https:\/\/yoast.com\/product\/yoast-seo-wordpress\/ -->\n<title>Certificare IPC Designer - IPC Accredited Training Partner - PIEK<\/title>\n<meta name=\"description\" content=\"Instruirea CID este o formare de proiectare PCB care antreneaz\u0103 un student ca Certified Interconnect Designer IPC (CID).\" \/>\n<meta name=\"robots\" content=\"index, follow, max-snippet:-1, max-image-preview:large, max-video-preview:-1\" \/>\n<link rel=\"canonical\" href=\"https:\/\/piek.international\/ro\/certificare-ipc-designer\/\" \/>\n<meta property=\"og:locale\" content=\"ro_RO\" \/>\n<meta property=\"og:type\" content=\"article\" \/>\n<meta property=\"og:title\" content=\"Certificare IPC Designer - IPC Accredited Training Partner - PIEK\" \/>\n<meta property=\"og:description\" content=\"Instruirea CID este o formare de proiectare PCB care antreneaz\u0103 un student ca Certified Interconnect Designer IPC (CID).\" \/>\n<meta property=\"og:url\" content=\"https:\/\/piek.international\/ro\/certificare-ipc-designer\/\" \/>\n<meta property=\"og:site_name\" content=\"IPC Accredited Training Partner - PIEK\" \/>\n<meta name=\"twitter:card\" content=\"summary_large_image\" \/>\n<meta name=\"twitter:label1\" content=\"Timp estimat pentru citire\" \/>\n\t<meta name=\"twitter:data1\" content=\"24 de minute\" \/>\n<script type=\"application\/ld+json\" class=\"yoast-schema-graph\">{\"@context\":\"https:\\\/\\\/schema.org\",\"@graph\":[{\"@type\":\"WebPage\",\"@id\":\"https:\\\/\\\/piek.international\\\/ro\\\/certificare-ipc-designer\\\/\",\"url\":\"https:\\\/\\\/piek.international\\\/ro\\\/certificare-ipc-designer\\\/\",\"name\":\"Certificare IPC Designer - IPC Accredited Training Partner - PIEK\",\"isPartOf\":{\"@id\":\"https:\\\/\\\/piek.international\\\/ro\\\/#website\"},\"datePublished\":\"2021-11-09T13:40:25+00:00\",\"description\":\"Instruirea CID este o formare de proiectare PCB care antreneaz\u0103 un student ca Certified Interconnect Designer IPC (CID).\",\"breadcrumb\":{\"@id\":\"https:\\\/\\\/piek.international\\\/ro\\\/certificare-ipc-designer\\\/#breadcrumb\"},\"inLanguage\":\"ro-RO\",\"potentialAction\":[{\"@type\":\"ReadAction\",\"target\":[\"https:\\\/\\\/piek.international\\\/ro\\\/certificare-ipc-designer\\\/\"]}]},{\"@type\":\"BreadcrumbList\",\"@id\":\"https:\\\/\\\/piek.international\\\/ro\\\/certificare-ipc-designer\\\/#breadcrumb\",\"itemListElement\":[{\"@type\":\"ListItem\",\"position\":1,\"name\":\"Home\",\"item\":\"https:\\\/\\\/piek.international\\\/ro\\\/\"},{\"@type\":\"ListItem\",\"position\":2,\"name\":\"Certificare IPC Designer\"}]},{\"@type\":\"WebSite\",\"@id\":\"https:\\\/\\\/piek.international\\\/ro\\\/#website\",\"url\":\"https:\\\/\\\/piek.international\\\/ro\\\/\",\"name\":\"IPC Accredited Training Partner - PIEK\",\"description\":\"\",\"potentialAction\":[{\"@type\":\"SearchAction\",\"target\":{\"@type\":\"EntryPoint\",\"urlTemplate\":\"https:\\\/\\\/piek.international\\\/ro\\\/?s={search_term_string}\"},\"query-input\":{\"@type\":\"PropertyValueSpecification\",\"valueRequired\":true,\"valueName\":\"search_term_string\"}}],\"inLanguage\":\"ro-RO\"}]}<\/script>\n<!-- \/ Yoast SEO plugin. -->","yoast_head_json":{"title":"Certificare IPC Designer - IPC Accredited Training Partner - PIEK","description":"Instruirea CID este o formare de proiectare PCB care antreneaz\u0103 un student ca Certified Interconnect Designer IPC (CID).","robots":{"index":"index","follow":"follow","max-snippet":"max-snippet:-1","max-image-preview":"max-image-preview:large","max-video-preview":"max-video-preview:-1"},"canonical":"https:\/\/piek.international\/ro\/certificare-ipc-designer\/","og_locale":"ro_RO","og_type":"article","og_title":"Certificare IPC Designer - IPC Accredited Training Partner - PIEK","og_description":"Instruirea CID este o formare de proiectare PCB care antreneaz\u0103 un student ca Certified Interconnect Designer IPC (CID).","og_url":"https:\/\/piek.international\/ro\/certificare-ipc-designer\/","og_site_name":"IPC Accredited Training Partner - PIEK","twitter_card":"summary_large_image","twitter_misc":{"Timp estimat pentru citire":"24 de minute"},"schema":{"@context":"https:\/\/schema.org","@graph":[{"@type":"WebPage","@id":"https:\/\/piek.international\/ro\/certificare-ipc-designer\/","url":"https:\/\/piek.international\/ro\/certificare-ipc-designer\/","name":"Certificare IPC Designer - IPC Accredited Training Partner - PIEK","isPartOf":{"@id":"https:\/\/piek.international\/ro\/#website"},"datePublished":"2021-11-09T13:40:25+00:00","description":"Instruirea CID este o formare de proiectare PCB care antreneaz\u0103 un student ca Certified Interconnect Designer IPC (CID).","breadcrumb":{"@id":"https:\/\/piek.international\/ro\/certificare-ipc-designer\/#breadcrumb"},"inLanguage":"ro-RO","potentialAction":[{"@type":"ReadAction","target":["https:\/\/piek.international\/ro\/certificare-ipc-designer\/"]}]},{"@type":"BreadcrumbList","@id":"https:\/\/piek.international\/ro\/certificare-ipc-designer\/#breadcrumb","itemListElement":[{"@type":"ListItem","position":1,"name":"Home","item":"https:\/\/piek.international\/ro\/"},{"@type":"ListItem","position":2,"name":"Certificare IPC Designer"}]},{"@type":"WebSite","@id":"https:\/\/piek.international\/ro\/#website","url":"https:\/\/piek.international\/ro\/","name":"IPC Accredited Training Partner - PIEK","description":"","potentialAction":[{"@type":"SearchAction","target":{"@type":"EntryPoint","urlTemplate":"https:\/\/piek.international\/ro\/?s={search_term_string}"},"query-input":{"@type":"PropertyValueSpecification","valueRequired":true,"valueName":"search_term_string"}}],"inLanguage":"ro-RO"}]}},"_links":{"self":[{"href":"https:\/\/piek.international\/ro\/wp-json\/wp\/v2\/pages\/1840","targetHints":{"allow":["GET"]}}],"collection":[{"href":"https:\/\/piek.international\/ro\/wp-json\/wp\/v2\/pages"}],"about":[{"href":"https:\/\/piek.international\/ro\/wp-json\/wp\/v2\/types\/page"}],"author":[{"embeddable":true,"href":"https:\/\/piek.international\/ro\/wp-json\/wp\/v2\/users\/1"}],"replies":[{"embeddable":true,"href":"https:\/\/piek.international\/ro\/wp-json\/wp\/v2\/comments?post=1840"}],"version-history":[{"count":2,"href":"https:\/\/piek.international\/ro\/wp-json\/wp\/v2\/pages\/1840\/revisions"}],"predecessor-version":[{"id":1842,"href":"https:\/\/piek.international\/ro\/wp-json\/wp\/v2\/pages\/1840\/revisions\/1842"}],"wp:attachment":[{"href":"https:\/\/piek.international\/ro\/wp-json\/wp\/v2\/media?parent=1840"}],"curies":[{"name":"wp","href":"https:\/\/api.w.org\/{rel}","templated":true}]}}