{"id":1867,"date":"2021-11-09T13:56:10","date_gmt":"2021-11-09T13:56:10","guid":{"rendered":"https:\/\/piek.international\/certifikacia-ipc-designer\/"},"modified":"2021-11-09T13:56:10","modified_gmt":"2021-11-09T13:56:10","slug":"certifikacia-ipc-designer","status":"publish","type":"page","link":"https:\/\/piek.international\/sk\/certifikacia-ipc-designer\/","title":{"rendered":"Certifik\u00e1cia IPC Designer"},"content":{"rendered":"<p><div class=\"fusion-fullwidth fullwidth-box fusion-builder-row-1 fusion-flex-container nonhundred-percent-fullwidth non-hundred-percent-height-scrolling\" style=\"--awb-border-radius-top-left:0px;--awb-border-radius-top-right:0px;--awb-border-radius-bottom-right:0px;--awb-border-radius-bottom-left:0px;--awb-flex-wrap:wrap;\" ><div class=\"fusion-builder-row fusion-row fusion-flex-align-items-flex-start fusion-flex-content-wrap\" style=\"max-width:1144px;margin-left: calc(-4% \/ 2 );margin-right: calc(-4% \/ 2 );\"><div class=\"fusion-layout-column fusion_builder_column fusion-builder-column-0 fusion_builder_column_1_1 1_1 fusion-flex-column\" style=\"--awb-bg-size:cover;--awb-width-large:100%;--awb-margin-top-large:0px;--awb-spacing-right-large:1.92%;--awb-margin-bottom-large:20px;--awb-spacing-left-large:1.92%;--awb-width-medium:100%;--awb-order-medium:0;--awb-spacing-right-medium:1.92%;--awb-spacing-left-medium:1.92%;--awb-width-small:100%;--awb-order-small:0;--awb-spacing-right-small:1.92%;--awb-spacing-left-small:1.92%;\"><div class=\"fusion-column-wrapper fusion-column-has-shadow fusion-flex-justify-content-flex-start fusion-content-layout-column\"><div class=\"fusion-title title fusion-title-1 sep-underline sep-dotted fusion-title-text fusion-title-size-one\"><h1 class=\"fusion-title-heading title-heading-left\" style=\"margin:0;\">Certifik\u00e1cia IPC Designer<\/h1><\/div><\/div><\/div><\/div><\/div><div class=\"fusion-bg-parallax\" data-bg-align=\"right top\" data-direction=\"down\" data-mute=\"false\" data-opacity=\"100\" data-velocity=\"-0.3\" data-mobile-enabled=\"false\" data-break_parents=\"0\" data-bg-image=\"https:\/\/piek.international\/wp-content\/uploads\/pcb-background-v4.jpeg\" data-bg-repeat=\"false\" data-bg-color=\"#fcfcfc\" ><\/div><div class=\"fusion-fullwidth fullwidth-box fusion-builder-row-2 fusion-flex-container fusion-parallax-down nonhundred-percent-fullwidth non-hundred-percent-height-scrolling fusion-no-small-visibility fusion-no-medium-visibility\" style=\"--awb-background-position:right top;--awb-border-radius-top-left:0px;--awb-border-radius-top-right:0px;--awb-border-radius-bottom-right:0px;--awb-border-radius-bottom-left:0px;--awb-padding-top:50px;--awb-padding-bottom:25px;--awb-background-color:#fcfcfc;--awb-background-image:url(&quot;https:\/\/piek.international\/wp-content\/uploads\/pcb-background-v4.jpeg&quot;);--awb-background-size:cover;--awb-flex-wrap:wrap;--awb-box-shadow: 0px 0px ;\" ><div class=\"fusion-builder-row fusion-row fusion-flex-align-items-flex-start fusion-flex-content-wrap\" style=\"max-width:1144px;margin-left: calc(-4% \/ 2 );margin-right: calc(-4% \/ 2 );\"><div class=\"fusion-layout-column fusion_builder_column fusion-builder-column-1 fusion_builder_column_1_1 1_1 fusion-flex-column\" style=\"--awb-bg-size:cover;--awb-width-large:100%;--awb-margin-top-large:0px;--awb-spacing-right-large:1.92%;--awb-margin-bottom-large:20px;--awb-spacing-left-large:1.92%;--awb-width-medium:100%;--awb-order-medium:0;--awb-spacing-right-medium:1.92%;--awb-spacing-left-medium:1.92%;--awb-width-small:100%;--awb-order-small:0;--awb-spacing-right-small:1.92%;--awb-spacing-left-small:1.92%;\"><div class=\"fusion-column-wrapper fusion-column-has-shadow fusion-flex-justify-content-flex-start fusion-content-layout-column\"><div class=\"fusion-text fusion-text-1\"><h4><a href=\"#cid\"><i class=\"fb-icon-element-1 fb-icon-element fontawesome-icon fa-check fas circle-no fusion-text-flow\" style=\"--awb-iconcolor:#2cb34a;--awb-iconcolor-hover:#2cb34a;--awb-font-size:24px;--awb-margin-right:12px;\"><\/i>IPC CID (CERTIFIED INTERCONNECT DESIGNER-BASIC)<\/a><\/h4>\n<h4><a href=\"#cidplus\"><i class=\"fb-icon-element-2 fb-icon-element fontawesome-icon fa-check fas circle-no fusion-text-flow\" style=\"--awb-iconcolor:#2cb34a;--awb-iconcolor-hover:#2cb34a;--awb-font-size:24px;--awb-margin-right:12px;\"><\/i>IPC CID+ (ADVANCED CERTIFIED INTERCONNECT DESIGNER)<\/a><\/h4>\n<\/div><\/div><\/div><\/div><\/div><div class=\"fusion-fullwidth fullwidth-box fusion-builder-row-3 fusion-flex-container nonhundred-percent-fullwidth non-hundred-percent-height-scrolling fusion-no-large-visibility\" style=\"--awb-border-radius-top-left:0px;--awb-border-radius-top-right:0px;--awb-border-radius-bottom-right:0px;--awb-border-radius-bottom-left:0px;--awb-padding-top:50px;--awb-padding-bottom:25px;--awb-background-color:#fcfcfc;--awb-flex-wrap:wrap;--awb-box-shadow: 0px 0px ;\" ><div class=\"fusion-builder-row fusion-row fusion-flex-align-items-flex-start fusion-flex-content-wrap\" style=\"max-width:1144px;margin-left: calc(-4% \/ 2 );margin-right: calc(-4% \/ 2 );\"><div class=\"fusion-layout-column fusion_builder_column fusion-builder-column-2 fusion_builder_column_1_1 1_1 fusion-flex-column\" style=\"--awb-bg-size:cover;--awb-width-large:100%;--awb-margin-top-large:0px;--awb-spacing-right-large:1.92%;--awb-margin-bottom-large:20px;--awb-spacing-left-large:1.92%;--awb-width-medium:100%;--awb-order-medium:0;--awb-spacing-right-medium:1.92%;--awb-spacing-left-medium:1.92%;--awb-width-small:100%;--awb-order-small:0;--awb-spacing-right-small:1.92%;--awb-spacing-left-small:1.92%;\"><div class=\"fusion-column-wrapper fusion-column-has-shadow fusion-flex-justify-content-flex-start fusion-content-layout-column\"><div class=\"fusion-text fusion-text-2\"><h4><a href=\"#cid\"><i class=\"fb-icon-element-3 fb-icon-element fontawesome-icon fa-check fas circle-no fusion-text-flow\" style=\"--awb-iconcolor:#2cb34a;--awb-iconcolor-hover:#2cb34a;--awb-font-size:24px;--awb-margin-right:12px;\"><\/i>IPC CID (CERTIFIED INTERCONNECT DESIGNER-BASIC)<\/a><\/h4>\n<h4><a href=\"#cidplus\"><i class=\"fb-icon-element-4 fb-icon-element fontawesome-icon fa-check fas circle-no fusion-text-flow\" style=\"--awb-iconcolor:#2cb34a;--awb-iconcolor-hover:#2cb34a;--awb-font-size:24px;--awb-margin-right:12px;\"><\/i>IPC CID+ (ADVANCED CERTIFIED INTERCONNECT DESIGNER)<\/a><\/h4>\n<\/div><\/div><\/div><\/div><\/div><div id=\"cid\" class=\"fusion-container-anchor\"><div class=\"fusion-fullwidth fullwidth-box fusion-builder-row-4 fusion-flex-container nonhundred-percent-fullwidth non-hundred-percent-height-scrolling\" style=\"--awb-border-radius-top-left:0px;--awb-border-radius-top-right:0px;--awb-border-radius-bottom-right:0px;--awb-border-radius-bottom-left:0px;--awb-padding-top:50px;--awb-padding-bottom:25px;--awb-flex-wrap:wrap;\" ><div class=\"fusion-builder-row fusion-row fusion-flex-align-items-flex-start fusion-flex-content-wrap\" style=\"max-width:1144px;margin-left: calc(-4% \/ 2 );margin-right: calc(-4% \/ 2 );\"><div class=\"fusion-layout-column fusion_builder_column fusion-builder-column-3 fusion_builder_column_1_1 1_1 fusion-flex-column\" style=\"--awb-bg-size:cover;--awb-width-large:100%;--awb-margin-top-large:0px;--awb-spacing-right-large:1.92%;--awb-margin-bottom-large:20px;--awb-spacing-left-large:1.92%;--awb-width-medium:100%;--awb-order-medium:0;--awb-spacing-right-medium:1.92%;--awb-spacing-left-medium:1.92%;--awb-width-small:100%;--awb-order-small:0;--awb-spacing-right-small:1.92%;--awb-spacing-left-small:1.92%;\"><div class=\"fusion-column-wrapper fusion-column-has-shadow fusion-flex-justify-content-flex-start fusion-content-layout-column\"><div class=\"fusion-title title fusion-title-2 sep-underline sep-dotted fusion-title-text fusion-title-size-two\"><h2 class=\"fusion-title-heading title-heading-left\" style=\"margin:0;\">IPC CID (CERTIFIED INTERCONNECT DESIGNER-BASIC)<\/h2><\/div><div class=\"fusion-text fusion-text-3\"><p>S\u00e9ria IPC-2220 (\u201eV\u0161eobecn\u00fd \u0161tandard pre dizajn tla\u010den\u00fdch dosiek\u201c) je s\u00e9ria \u0161tandardov IPC, pod\u013ea ktor\u00fdch s\u00fa navrhnut\u00e9 dosky plo\u0161n\u00fdch spojov. IPC je americk\u00fd in\u0161tit\u00fat, ktor\u00fd zabezpe\u010duje, \u017ee v\u0161etky znalosti bud\u00fa distribuovan\u00e9 po celom svete certifikovan\u00fdmi IPC \u0161kolite\u013emi prostredn\u00edctvom ich IPC \u0161tandardov, IPC \u0161koliacich programov a IPC u\u010debn\u00fdch materi\u00e1lov. IPC-2221 je \u0161tandard, pod\u013ea ktor\u00e9ho dizajn\u00e9ri navrhuj\u00fa dosky plo\u0161n\u00fdch spojov tak, aby s\u00fabory Gerber (n\u00e1kresy\/\u00fadaje) na strane v\u00fdrobcu dosky plo\u0161n\u00fdch spojov boli spr\u00e1vne pochopen\u00e9 na ich v\u00fdrobn\u00fdch strojoch. Takmer v\u0161etci dizajn\u00e9ri dosiek plo\u0161n\u00fdch spojov na celom svete pracuj\u00fa pod\u013ea tejto normy (norm).    Ak potrebujete \u010fal\u0161ie znalosti v oblasti n\u00e1vrhu dosiek plo\u0161n\u00fdch spojov, materi\u00e1lov dosiek plo\u0161n\u00fdch spojov, povrchov\u00fdch \u00faprav, tepelnej hmoty, elektrick\u00fdch v\u00f4l\u00ed, vzdialenosti od okraja dosky plo\u0161n\u00fdch spojov, toleranci\u00ed, testov, zna\u010denia, zas\u00favania\/nap\u00ednania priechodiek, master v\u00fdkres (n\u00e1kres n\u00e1vrhu), sp\u00e1jkovacia maska, spo\u013eahlivos\u0165, environment\u00e1lne aspekty at\u010f., potom je tento \u0161tandard pre v\u00e1s ten prav\u00fd.<\/p>\n<h3>CHCETE SA NAU\u010cI\u0164, AKO NAVRHNU\u0164 DOSKU S DPS (PCB)? \u00c1NO M\u00d4\u017dE\u0160! <\/h3>\n<p>T\u00e1to norma sa pou\u017e\u00edva pri n\u00e1vrhu nov\u00e9ho elektronick\u00e9ho produktu v kon\u0161truk\u010dnom oddelen\u00ed a niekedy aj ako vstupn\u00e1 kontrola u v\u00fdrobcu dosiek plo\u0161n\u00fdch spojov (spolo\u010dnosti, ktor\u00e1 vyr\u00e1ba dosky s plo\u0161n\u00fdmi spojmi). Ak s\u00fa kon\u0161truk\u010dn\u00e9 v\u00fdkresy nespr\u00e1vne, v\u00fdrobca dosky plo\u0161n\u00fdch spojov nem\u00f4\u017ee spr\u00e1vne vyr\u00e1ba\u0165, \u010do znamen\u00e1, \u017ee zostavovate\u013e nem\u00f4\u017ee spr\u00e1vne sp\u00e1jkova\u0165 s\u00fa\u010diastky a v najhor\u0161om pr\u00edpade elektronick\u00e9 v\u00fdrobky pred\u010dasne zlyhaj\u00fa. Dobr\u00fd dizajn je z\u00e1kladom kvalitn\u00e9ho kone\u010dn\u00e9ho produktu. \u0160kolenie CID je \u0161kolenie, ktor\u00e9 \u0161kol\u00ed \u0161tudenta\/\u00fa\u010dastn\u00edka ako Certified Interconnect Designer (CID). To znamen\u00e1, \u017ee \u0161tudent m\u00e1 potom ve\u013ea vedomost\u00ed o pravidl\u00e1ch dizajnu (dizajnov\u00fdch pokynoch).    <\/p>\n<p>Toto \u0161kolenie je vhodn\u00e9 pre \u013eud\u00ed, ktor\u00ed pracuj\u00fa v oddelen\u00ed dizajnu. Certifika\u010dn\u00e9 \u0161kolenie CID pozost\u00e1va z dvoch \u010dast\u00ed. Prv\u00e1 \u010das\u0165 je pr\u00edprava doma, druh\u00e1 \u010das\u0165 s\u00fa 3 \u0161koliace dni a na konci \u0161kolenia \u00fa\u010dastn\u00edk p\u00ed\u0161e z\u00e1vere\u010dn\u00fa sk\u00fa\u0161ku (110 ot\u00e1zok s v\u00fdberom z viacer\u00fdch mo\u017enost\u00ed). Minim\u00e1lne sk\u00f3re na \u00faspech je 73 %. Ke\u010f \u00fa\u010dastn\u00edk z\u00edska svoj certifik\u00e1t CID, tento certifik\u00e1t je platn\u00fd nav\u017edy. S t\u00fdmto IPC certifik\u00e1tom m\u00f4\u017eete pracova\u0165 ako CID ( Certified Interconnect Designer ) po celom svete. Rovnako ako vodi\u010dsk\u00fd preukaz, aj tento certifik\u00e1t IPC je medzin\u00e1rodne uzn\u00e1van\u00fd. Ak m\u00e1 niekto z\u00e1ujem o doplnkov\u00e9 (pokro\u010dil\u00e9) \u0161kolenie, je na to vhodn\u00e9 \u0161kolenie CID+. CID je ur\u010den\u00e1 osoba, ktor\u00e1 diskutuje a rie\u0161i probl\u00e9my so z\u00e1kazn\u00edkmi.<\/p>\n<\/div><div class=\"fusion-text fusion-text-4\"><p>Nev\u00e1hajte n\u00e1s kontaktova\u0165 pre kompletn\u00fd \u0161koliaci program, viac inform\u00e1ci\u00ed alebo in\u00e9 probl\u00e9my s\u00favisiace so \u0161kolen\u00edm. Telefonicky +31-(0)45-5703333, e-mailom <a href=\"mailto:support@piek.international\">support@piek.international<\/a> alebo <a href=\"https:\/\/piek.international\/quote-request\/\">si vy\u017eiadajte cenov\u00fa ponuku<\/a> .<\/p>\n<\/div>\n<div style=\"text-align:right;\"><a class=\"fusion-button button-flat fusion-button-default-size button-default fusion-button-default button-1 fusion-button-default-span fusion-button-default-type\" style=\"--button_text_transform:uppercase;\" target=\"_self\" title=\"\u017diados\u0165 o cit\u00e1t\" aria-label=\"\u017diados\u0165 o cit\u00e1t\" href=\"https:\/\/piek.international\/quote-request\/\"><span class=\"fusion-button-text awb-button__text awb-button__text--default\">\u017diados\u0165 o cit\u00e1t<\/span><\/a><\/div>\n<\/div><\/div><\/div><\/div><\/div><div id=\"cidplus\" class=\"fusion-container-anchor\"><div class=\"fusion-fullwidth fullwidth-box fusion-builder-row-5 fusion-flex-container nonhundred-percent-fullwidth non-hundred-percent-height-scrolling\" style=\"--awb-border-radius-top-left:0px;--awb-border-radius-top-right:0px;--awb-border-radius-bottom-right:0px;--awb-border-radius-bottom-left:0px;--awb-padding-top:50px;--awb-padding-bottom:25px;--awb-margin-top:50px;--awb-background-color:#fcfcfc;--awb-flex-wrap:wrap;\" ><div class=\"fusion-builder-row fusion-row fusion-flex-align-items-flex-start fusion-flex-content-wrap\" style=\"max-width:1144px;margin-left: calc(-4% \/ 2 );margin-right: calc(-4% \/ 2 );\"><div class=\"fusion-layout-column fusion_builder_column fusion-builder-column-4 fusion_builder_column_1_1 1_1 fusion-flex-column\" style=\"--awb-bg-size:cover;--awb-width-large:100%;--awb-margin-top-large:0px;--awb-spacing-right-large:1.92%;--awb-margin-bottom-large:20px;--awb-spacing-left-large:1.92%;--awb-width-medium:100%;--awb-order-medium:0;--awb-spacing-right-medium:1.92%;--awb-spacing-left-medium:1.92%;--awb-width-small:100%;--awb-order-small:0;--awb-spacing-right-small:1.92%;--awb-spacing-left-small:1.92%;\"><div class=\"fusion-column-wrapper fusion-column-has-shadow fusion-flex-justify-content-flex-start fusion-content-layout-column\"><div class=\"fusion-title title fusion-title-3 sep-underline sep-dotted fusion-title-text fusion-title-size-two\"><h2 class=\"fusion-title-heading title-heading-left\" style=\"margin:0;\">IPC CID+ (ADVANCED CERTIFIED INTERCONNECT DESIGNER)<\/h2><\/div><div class=\"fusion-text fusion-text-5\"><p>S\u00e9ria IPC-2220 (\u201eV\u0161eobecn\u00fd \u0161tandard pre dizajn tla\u010den\u00fdch dosiek\u201c) je s\u00e9ria \u0161tandardov IPC, pod\u013ea ktor\u00fdch s\u00fa navrhnut\u00e9 dosky plo\u0161n\u00fdch spojov. IPC je americk\u00fd in\u0161tit\u00fat, ktor\u00fd zabezpe\u010duje, \u017ee v\u0161etky znalosti bud\u00fa distribuovan\u00e9 po celom svete certifikovan\u00fdmi IPC \u0161kolite\u013emi prostredn\u00edctvom ich IPC \u0161tandardov, IPC \u0161koliacich programov a IPC u\u010debn\u00fdch materi\u00e1lov. IPC-2221 je \u0161tandard, pod\u013ea ktor\u00e9ho dizajn\u00e9ri navrhuj\u00fa dosky plo\u0161n\u00fdch spojov tak, aby s\u00fabory Gerber (n\u00e1kresy\/\u00fadaje) na strane v\u00fdrobcu dosky plo\u0161n\u00fdch spojov boli spr\u00e1vne pochopen\u00e9 na ich v\u00fdrobn\u00fdch strojoch. Takmer v\u0161etci dizajn\u00e9ri dosiek plo\u0161n\u00fdch spojov na celom svete pracuj\u00fa pod\u013ea tejto normy (norm).   <\/p>\n<h3>CHCETE SA NAU\u010cI\u0164, AKO NAVRHOVA\u0164 N\u00c1RO\u010cN\u00c9 DOSKY S DPS (PCBS)? \u00c1NO M\u00d4\u017dE\u0160! <\/h3>\n<p>Ak potrebujete \u010fal\u0161ie znalosti v oblasti n\u00e1vrhu dosiek plo\u0161n\u00fdch spojov, materi\u00e1lov dosiek plo\u0161n\u00fdch spojov, povrchov\u00fdch \u00faprav, tepelnej hmoty, elektrick\u00fdch v\u00f4l\u00ed, vzdialenosti od okraja dosky plo\u0161n\u00fdch spojov, toleranci\u00ed, testov, zna\u010denia, zas\u00favania\/nap\u00ednania priechodiek, master v\u00fdkres (n\u00e1kres n\u00e1vrhu), sp\u00e1jkovacia maska, spo\u013eahlivos\u0165, environment\u00e1lne aspekty at\u010f., potom je tento \u0161tandard pre v\u00e1s ten prav\u00fd. T\u00e1to norma sa pou\u017e\u00edva pri n\u00e1vrhu nov\u00e9ho elektronick\u00e9ho produktu v kon\u0161truk\u010dnom oddelen\u00ed a niekedy aj ako vstupn\u00e1 kontrola u v\u00fdrobcu dosiek plo\u0161n\u00fdch spojov (spolo\u010dnosti, ktor\u00e1 vyr\u00e1ba dosky s plo\u0161n\u00fdmi spojmi). Ak s\u00fa kon\u0161truk\u010dn\u00e9 v\u00fdkresy nespr\u00e1vne, v\u00fdrobca dosky plo\u0161n\u00fdch spojov nem\u00f4\u017ee spr\u00e1vne vyr\u00e1ba\u0165, \u010do znamen\u00e1, \u017ee zostavovate\u013e nem\u00f4\u017ee spr\u00e1vne sp\u00e1jkova\u0165 s\u00fa\u010diastky a v najhor\u0161om pr\u00edpade elektronick\u00e9 v\u00fdrobky pred\u010dasne zlyhaj\u00fa. Dobr\u00fd dizajn je z\u00e1kladom kvalitn\u00e9ho kone\u010dn\u00e9ho produktu. \u0160kolenie CID+ je \u0161kolenie, ktor\u00e9 \u0161kol\u00ed \u0161tudenta\/\u00fa\u010dastn\u00edka ako Advanced Certified Interconnect Designer (CID+). To znamen\u00e1, \u017ee \u0161tudent m\u00e1 potom v\u0161etky vedomosti o pravidl\u00e1ch dizajnu (dizajnov\u00fdch pokynoch).      Toto \u0161kolenie je vhodn\u00e9 pre pokro\u010dil\u00fdch (\u0161pecialistov na dizajn), ktor\u00ed pracuj\u00fa v oddelen\u00ed dizajnu. Certifika\u010dn\u00e9 \u0161kolenie CID+ pozost\u00e1va z dvoch \u010dast\u00ed. Prv\u00e1 \u010das\u0165 je pr\u00edprava doma, druh\u00e1 \u010das\u0165 s\u00fa 3 \u0161koliace dni a na konci \u0161kolenia \u00fa\u010dastn\u00edk p\u00ed\u0161e z\u00e1vere\u010dn\u00fa sk\u00fa\u0161ku (120 ot\u00e1zok s mo\u017enos\u0165ou v\u00fdberu). Ke\u010f \u00fa\u010dastn\u00edk z\u00edska svoj certifik\u00e1t CID+, tento certifik\u00e1t je platn\u00fd nav\u017edy. S t\u00fdmto certifik\u00e1tom IPC m\u00f4\u017eete pracova\u0165 po celom svete ako CID+ ( Advanced Certified Interconnect Designer ). Rovnako ako vodi\u010dsk\u00fd preukaz, aj tento certifik\u00e1t IPC je medzin\u00e1rodne uzn\u00e1van\u00fd. CID+ je ur\u010den\u00e1 osoba, ktor\u00e1 diskutuje a rie\u0161i probl\u00e9my so z\u00e1kazn\u00edkmi.<\/p>\n<\/div><div class=\"fusion-text fusion-text-6\"><p>Nev\u00e1hajte n\u00e1s kontaktova\u0165 pre kompletn\u00fd \u0161koliaci program, viac inform\u00e1ci\u00ed alebo in\u00e9 probl\u00e9my s\u00favisiace so \u0161kolen\u00edm. Telefonicky +31-(0)45-5703333, e-mailom <a href=\"mailto:support@piek.international\">support@piek.international<\/a> alebo <a href=\"https:\/\/piek.international\/quote-request\/\">si vy\u017eiadajte cenov\u00fa ponuku<\/a> .<\/p>\n<\/div>\n<div style=\"text-align:right;\"><a class=\"fusion-button button-flat fusion-button-default-size button-default fusion-button-default button-2 fusion-button-default-span fusion-button-default-type\" style=\"--button_text_transform:uppercase;\" target=\"_self\" title=\"\u017diados\u0165 o cit\u00e1t\" aria-label=\"\u017diados\u0165 o cit\u00e1t\" href=\"https:\/\/piek.international\/quote-request\/\"><span class=\"fusion-button-text awb-button__text awb-button__text--default\">\u017diados\u0165 o cit\u00e1t<\/span><\/a><\/div>\n<\/div><\/div><\/div><\/div><\/div><\/p>\n","protected":false},"excerpt":{"rendered":"","protected":false},"author":1,"featured_media":0,"parent":0,"menu_order":0,"comment_status":"closed","ping_status":"closed","template":"100-width.php","meta":{"footnotes":""},"class_list":["post-1867","page","type-page","status-publish","hentry"],"yoast_head":"<!-- This site is optimized with the Yoast SEO plugin v26.9 - https:\/\/yoast.com\/product\/yoast-seo-wordpress\/ -->\n<title>Certifik\u00e1cia IPC Designer - IPC Accredited Training Partner - PIEK<\/title>\n<meta name=\"description\" content=\"\u0160kolenie CID je \u0161kolenie dizajnu PCB, ktor\u00e9 \u0161kol\u00ed \u0161tudenta ako IPC Certified Interconnect Designer (CID).\" \/>\n<meta name=\"robots\" content=\"index, follow, max-snippet:-1, max-image-preview:large, max-video-preview:-1\" \/>\n<link rel=\"canonical\" href=\"https:\/\/piek.international\/sk\/certifikacia-ipc-designer\/\" \/>\n<meta property=\"og:locale\" content=\"sk_SK\" \/>\n<meta property=\"og:type\" content=\"article\" \/>\n<meta property=\"og:title\" content=\"Certifik\u00e1cia IPC Designer - IPC Accredited Training Partner - PIEK\" \/>\n<meta property=\"og:description\" content=\"\u0160kolenie CID je \u0161kolenie dizajnu PCB, ktor\u00e9 \u0161kol\u00ed \u0161tudenta ako IPC Certified Interconnect Designer (CID).\" \/>\n<meta property=\"og:url\" content=\"https:\/\/piek.international\/sk\/certifikacia-ipc-designer\/\" \/>\n<meta property=\"og:site_name\" content=\"IPC Accredited Training Partner - PIEK\" \/>\n<meta name=\"twitter:card\" content=\"summary_large_image\" \/>\n<meta name=\"twitter:label1\" content=\"Predpokladan\u00fd \u010das \u010d\u00edtania\" \/>\n\t<meta name=\"twitter:data1\" content=\"24 min\u00fat\" \/>\n<script type=\"application\/ld+json\" class=\"yoast-schema-graph\">{\"@context\":\"https:\/\/schema.org\",\"@graph\":[{\"@type\":\"WebPage\",\"@id\":\"https:\/\/piek.international\/sk\/certifikacia-ipc-designer\/\",\"url\":\"https:\/\/piek.international\/sk\/certifikacia-ipc-designer\/\",\"name\":\"Certifik\u00e1cia IPC Designer - IPC Accredited Training Partner - PIEK\",\"isPartOf\":{\"@id\":\"https:\/\/piek.international\/sk\/#website\"},\"datePublished\":\"2021-11-09T13:56:10+00:00\",\"description\":\"\u0160kolenie CID je \u0161kolenie dizajnu PCB, ktor\u00e9 \u0161kol\u00ed \u0161tudenta ako IPC Certified Interconnect Designer (CID).\",\"breadcrumb\":{\"@id\":\"https:\/\/piek.international\/sk\/certifikacia-ipc-designer\/#breadcrumb\"},\"inLanguage\":\"sk-SK\",\"potentialAction\":[{\"@type\":\"ReadAction\",\"target\":[\"https:\/\/piek.international\/sk\/certifikacia-ipc-designer\/\"]}]},{\"@type\":\"BreadcrumbList\",\"@id\":\"https:\/\/piek.international\/sk\/certifikacia-ipc-designer\/#breadcrumb\",\"itemListElement\":[{\"@type\":\"ListItem\",\"position\":1,\"name\":\"Home\",\"item\":\"https:\/\/piek.international\/sk\/\"},{\"@type\":\"ListItem\",\"position\":2,\"name\":\"Certifik\u00e1cia IPC Designer\"}]},{\"@type\":\"WebSite\",\"@id\":\"https:\/\/piek.international\/sk\/#website\",\"url\":\"https:\/\/piek.international\/sk\/\",\"name\":\"IPC Accredited Training Partner - PIEK\",\"description\":\"\",\"potentialAction\":[{\"@type\":\"SearchAction\",\"target\":{\"@type\":\"EntryPoint\",\"urlTemplate\":\"https:\/\/piek.international\/sk\/?s={search_term_string}\"},\"query-input\":{\"@type\":\"PropertyValueSpecification\",\"valueRequired\":true,\"valueName\":\"search_term_string\"}}],\"inLanguage\":\"sk-SK\"}]}<\/script>\n<!-- \/ Yoast SEO plugin. -->","yoast_head_json":{"title":"Certifik\u00e1cia IPC Designer - IPC Accredited Training Partner - PIEK","description":"\u0160kolenie CID je \u0161kolenie dizajnu PCB, ktor\u00e9 \u0161kol\u00ed \u0161tudenta ako IPC Certified Interconnect Designer (CID).","robots":{"index":"index","follow":"follow","max-snippet":"max-snippet:-1","max-image-preview":"max-image-preview:large","max-video-preview":"max-video-preview:-1"},"canonical":"https:\/\/piek.international\/sk\/certifikacia-ipc-designer\/","og_locale":"sk_SK","og_type":"article","og_title":"Certifik\u00e1cia IPC Designer - IPC Accredited Training Partner - PIEK","og_description":"\u0160kolenie CID je \u0161kolenie dizajnu PCB, ktor\u00e9 \u0161kol\u00ed \u0161tudenta ako IPC Certified Interconnect Designer (CID).","og_url":"https:\/\/piek.international\/sk\/certifikacia-ipc-designer\/","og_site_name":"IPC Accredited Training Partner - PIEK","twitter_card":"summary_large_image","twitter_misc":{"Predpokladan\u00fd \u010das \u010d\u00edtania":"24 min\u00fat"},"schema":{"@context":"https:\/\/schema.org","@graph":[{"@type":"WebPage","@id":"https:\/\/piek.international\/sk\/certifikacia-ipc-designer\/","url":"https:\/\/piek.international\/sk\/certifikacia-ipc-designer\/","name":"Certifik\u00e1cia IPC Designer - IPC Accredited Training Partner - PIEK","isPartOf":{"@id":"https:\/\/piek.international\/sk\/#website"},"datePublished":"2021-11-09T13:56:10+00:00","description":"\u0160kolenie CID je \u0161kolenie dizajnu PCB, ktor\u00e9 \u0161kol\u00ed \u0161tudenta ako IPC Certified Interconnect Designer (CID).","breadcrumb":{"@id":"https:\/\/piek.international\/sk\/certifikacia-ipc-designer\/#breadcrumb"},"inLanguage":"sk-SK","potentialAction":[{"@type":"ReadAction","target":["https:\/\/piek.international\/sk\/certifikacia-ipc-designer\/"]}]},{"@type":"BreadcrumbList","@id":"https:\/\/piek.international\/sk\/certifikacia-ipc-designer\/#breadcrumb","itemListElement":[{"@type":"ListItem","position":1,"name":"Home","item":"https:\/\/piek.international\/sk\/"},{"@type":"ListItem","position":2,"name":"Certifik\u00e1cia IPC Designer"}]},{"@type":"WebSite","@id":"https:\/\/piek.international\/sk\/#website","url":"https:\/\/piek.international\/sk\/","name":"IPC Accredited Training Partner - PIEK","description":"","potentialAction":[{"@type":"SearchAction","target":{"@type":"EntryPoint","urlTemplate":"https:\/\/piek.international\/sk\/?s={search_term_string}"},"query-input":{"@type":"PropertyValueSpecification","valueRequired":true,"valueName":"search_term_string"}}],"inLanguage":"sk-SK"}]}},"_links":{"self":[{"href":"https:\/\/piek.international\/sk\/wp-json\/wp\/v2\/pages\/1867","targetHints":{"allow":["GET"]}}],"collection":[{"href":"https:\/\/piek.international\/sk\/wp-json\/wp\/v2\/pages"}],"about":[{"href":"https:\/\/piek.international\/sk\/wp-json\/wp\/v2\/types\/page"}],"author":[{"embeddable":true,"href":"https:\/\/piek.international\/sk\/wp-json\/wp\/v2\/users\/1"}],"replies":[{"embeddable":true,"href":"https:\/\/piek.international\/sk\/wp-json\/wp\/v2\/comments?post=1867"}],"version-history":[{"count":2,"href":"https:\/\/piek.international\/sk\/wp-json\/wp\/v2\/pages\/1867\/revisions"}],"predecessor-version":[{"id":1869,"href":"https:\/\/piek.international\/sk\/wp-json\/wp\/v2\/pages\/1867\/revisions\/1869"}],"wp:attachment":[{"href":"https:\/\/piek.international\/sk\/wp-json\/wp\/v2\/media?parent=1867"}],"curies":[{"name":"wp","href":"https:\/\/api.w.org\/{rel}","templated":true}]}}