{"id":1891,"date":"2021-11-09T14:03:51","date_gmt":"2021-11-09T14:03:51","guid":{"rendered":"https:\/\/piek.international\/certifikat-ipc-designer\/"},"modified":"2021-11-09T14:03:51","modified_gmt":"2021-11-09T14:03:51","slug":"certifikat-ipc-designer","status":"publish","type":"page","link":"https:\/\/piek.international\/sl\/certifikat-ipc-designer\/","title":{"rendered":"Certifikat IPC Designer"},"content":{"rendered":"<p><div class=\"fusion-fullwidth fullwidth-box fusion-builder-row-1 fusion-flex-container nonhundred-percent-fullwidth non-hundred-percent-height-scrolling\" style=\"--awb-border-radius-top-left:0px;--awb-border-radius-top-right:0px;--awb-border-radius-bottom-right:0px;--awb-border-radius-bottom-left:0px;--awb-flex-wrap:wrap;\" ><div class=\"fusion-builder-row fusion-row fusion-flex-align-items-flex-start fusion-flex-content-wrap\" style=\"max-width:1144px;margin-left: calc(-4% \/ 2 );margin-right: calc(-4% \/ 2 );\"><div class=\"fusion-layout-column fusion_builder_column fusion-builder-column-0 fusion_builder_column_1_1 1_1 fusion-flex-column\" style=\"--awb-bg-size:cover;--awb-width-large:100%;--awb-margin-top-large:0px;--awb-spacing-right-large:1.92%;--awb-margin-bottom-large:20px;--awb-spacing-left-large:1.92%;--awb-width-medium:100%;--awb-order-medium:0;--awb-spacing-right-medium:1.92%;--awb-spacing-left-medium:1.92%;--awb-width-small:100%;--awb-order-small:0;--awb-spacing-right-small:1.92%;--awb-spacing-left-small:1.92%;\"><div class=\"fusion-column-wrapper fusion-column-has-shadow fusion-flex-justify-content-flex-start fusion-content-layout-column\"><div class=\"fusion-title title fusion-title-1 sep-underline sep-dotted fusion-title-text fusion-title-size-one\" style=\"--awb-margin-top-small:0px;--awb-margin-right-small:0px;--awb-margin-bottom-small:20px;--awb-margin-left-small:0px;\"><h1 class=\"fusion-title-heading title-heading-left\" style=\"margin:0;\">Certifikat IPC Designer<\/h1><\/div><\/div><\/div><\/div><\/div><div class=\"fusion-bg-parallax\" data-bg-align=\"right top\" data-direction=\"down\" data-mute=\"false\" data-opacity=\"100\" data-velocity=\"-0.3\" data-mobile-enabled=\"false\" data-break_parents=\"0\" data-bg-image=\"https:\/\/piek.international\/wp-content\/uploads\/pcb-background-v4.jpeg\" data-bg-repeat=\"false\" data-bg-color=\"#fcfcfc\" ><\/div><div class=\"fusion-fullwidth fullwidth-box fusion-builder-row-2 fusion-flex-container fusion-parallax-down nonhundred-percent-fullwidth non-hundred-percent-height-scrolling fusion-no-small-visibility fusion-no-medium-visibility\" style=\"--awb-background-position:right top;--awb-border-radius-top-left:0px;--awb-border-radius-top-right:0px;--awb-border-radius-bottom-right:0px;--awb-border-radius-bottom-left:0px;--awb-padding-top:50px;--awb-padding-bottom:25px;--awb-background-color:#fcfcfc;--awb-background-image:url(&quot;https:\/\/piek.international\/wp-content\/uploads\/pcb-background-v4.jpeg&quot;);--awb-background-size:cover;--awb-flex-wrap:wrap;--awb-box-shadow: 0px 0px ;\" ><div class=\"fusion-builder-row fusion-row fusion-flex-align-items-flex-start fusion-flex-content-wrap\" style=\"max-width:1144px;margin-left: calc(-4% \/ 2 );margin-right: calc(-4% \/ 2 );\"><div class=\"fusion-layout-column fusion_builder_column fusion-builder-column-1 fusion_builder_column_1_1 1_1 fusion-flex-column\" style=\"--awb-bg-size:cover;--awb-width-large:100%;--awb-margin-top-large:0px;--awb-spacing-right-large:1.92%;--awb-margin-bottom-large:20px;--awb-spacing-left-large:1.92%;--awb-width-medium:100%;--awb-order-medium:0;--awb-spacing-right-medium:1.92%;--awb-spacing-left-medium:1.92%;--awb-width-small:100%;--awb-order-small:0;--awb-spacing-right-small:1.92%;--awb-spacing-left-small:1.92%;\"><div class=\"fusion-column-wrapper fusion-column-has-shadow fusion-flex-justify-content-flex-start fusion-content-layout-column\"><div class=\"fusion-text fusion-text-1\"><h4><a href=\"#cid\"><i class=\"fb-icon-element-1 fb-icon-element fontawesome-icon fa-check fas circle-no fusion-text-flow\" style=\"--awb-iconcolor:#2cb34a;--awb-iconcolor-hover:#2cb34a;--awb-font-size:24px;--awb-margin-right:12px;\"><\/i>IPC CID (CERTIFIED INTERCONNECT DESIGNER-BASIC)<\/a><\/h4>\n<h4><a href=\"#cidplus\"><i class=\"fb-icon-element-2 fb-icon-element fontawesome-icon fa-check fas circle-no fusion-text-flow\" style=\"--awb-iconcolor:#2cb34a;--awb-iconcolor-hover:#2cb34a;--awb-font-size:24px;--awb-margin-right:12px;\"><\/i>IPC CID+ (ADVANCED CERTIFIED INTERCONNECT DESIGNER)<\/a><\/h4>\n<\/div><\/div><\/div><\/div><\/div><div class=\"fusion-fullwidth fullwidth-box fusion-builder-row-3 fusion-flex-container nonhundred-percent-fullwidth non-hundred-percent-height-scrolling fusion-no-large-visibility\" style=\"--awb-border-radius-top-left:0px;--awb-border-radius-top-right:0px;--awb-border-radius-bottom-right:0px;--awb-border-radius-bottom-left:0px;--awb-padding-top:50px;--awb-padding-bottom:25px;--awb-background-color:#fcfcfc;--awb-flex-wrap:wrap;--awb-box-shadow: 0px 0px ;\" ><div class=\"fusion-builder-row fusion-row fusion-flex-align-items-flex-start fusion-flex-content-wrap\" style=\"max-width:1144px;margin-left: calc(-4% \/ 2 );margin-right: calc(-4% \/ 2 );\"><div class=\"fusion-layout-column fusion_builder_column fusion-builder-column-2 fusion_builder_column_1_1 1_1 fusion-flex-column\" style=\"--awb-bg-size:cover;--awb-width-large:100%;--awb-margin-top-large:0px;--awb-spacing-right-large:1.92%;--awb-margin-bottom-large:20px;--awb-spacing-left-large:1.92%;--awb-width-medium:100%;--awb-order-medium:0;--awb-spacing-right-medium:1.92%;--awb-spacing-left-medium:1.92%;--awb-width-small:100%;--awb-order-small:0;--awb-spacing-right-small:1.92%;--awb-spacing-left-small:1.92%;\"><div class=\"fusion-column-wrapper fusion-column-has-shadow fusion-flex-justify-content-flex-start fusion-content-layout-column\"><div class=\"fusion-text fusion-text-2\"><h4><a href=\"#cid\"><i class=\"fb-icon-element-3 fb-icon-element fontawesome-icon fa-check fas circle-no fusion-text-flow\" style=\"--awb-iconcolor:#2cb34a;--awb-iconcolor-hover:#2cb34a;--awb-font-size:24px;--awb-margin-right:12px;\"><\/i>IPC CID (CERTIFIED INTERCONNECT DESIGNER-BASIC)<\/a><\/h4>\n<h4><a href=\"#cidplus\"><i class=\"fb-icon-element-4 fb-icon-element fontawesome-icon fa-check fas circle-no fusion-text-flow\" style=\"--awb-iconcolor:#2cb34a;--awb-iconcolor-hover:#2cb34a;--awb-font-size:24px;--awb-margin-right:12px;\"><\/i>IPC CID+ (ADVANCED CERTIFIED INTERCONNECT DESIGNER)<\/a><\/h4>\n<\/div><\/div><\/div><\/div><\/div><div id=\"cid\" class=\"fusion-container-anchor\"><div class=\"fusion-fullwidth fullwidth-box fusion-builder-row-4 fusion-flex-container nonhundred-percent-fullwidth non-hundred-percent-height-scrolling\" style=\"--awb-border-radius-top-left:0px;--awb-border-radius-top-right:0px;--awb-border-radius-bottom-right:0px;--awb-border-radius-bottom-left:0px;--awb-padding-top:50px;--awb-padding-bottom:25px;--awb-flex-wrap:wrap;\" ><div class=\"fusion-builder-row fusion-row fusion-flex-align-items-flex-start fusion-flex-content-wrap\" style=\"max-width:1144px;margin-left: calc(-4% \/ 2 );margin-right: calc(-4% \/ 2 );\"><div class=\"fusion-layout-column fusion_builder_column fusion-builder-column-3 fusion_builder_column_1_1 1_1 fusion-flex-column\" style=\"--awb-bg-size:cover;--awb-width-large:100%;--awb-margin-top-large:0px;--awb-spacing-right-large:1.92%;--awb-margin-bottom-large:20px;--awb-spacing-left-large:1.92%;--awb-width-medium:100%;--awb-order-medium:0;--awb-spacing-right-medium:1.92%;--awb-spacing-left-medium:1.92%;--awb-width-small:100%;--awb-order-small:0;--awb-spacing-right-small:1.92%;--awb-spacing-left-small:1.92%;\"><div class=\"fusion-column-wrapper fusion-column-has-shadow fusion-flex-justify-content-flex-start fusion-content-layout-column\"><div class=\"fusion-title title fusion-title-2 sep-underline sep-dotted fusion-title-text fusion-title-size-two\" style=\"--awb-margin-top-small:0px;--awb-margin-right-small:0px;--awb-margin-bottom-small:20px;--awb-margin-left-small:0px;\"><h2 class=\"fusion-title-heading title-heading-left\" style=\"margin:0;\">IPC CID (CERTIFIED INTERCONNECT DESIGNER-BASIC)<\/h2><\/div><div class=\"fusion-text fusion-text-3\"><p>Serija IPC-2220 (\u00bbGeneric Standard on Printed Board Design\u00ab) je serija standardov IPC, po katerih so zasnovana tiskana vezja. IPC je ameri\u0161ki in\u0161titut, ki zagotavlja, da certificirani IPC trenerji razdeljujejo vse znanje po vsem svetu prek svojih standardov IPC, programov usposabljanja IPC in u\u010dnega gradiva IPC. IPC-2221 je standard, po katerem oblikovalci na\u010drtujejo tiskana vezja tako, da so Gerberjeve datoteke (risbe\/podatki na\u010drta) na strani proizvajalca tiskanega vezja pravilno razumljene na njihovih proizvodnih strojih. Skoraj vsi oblikovalci tiskanih vezij po vsem svetu delajo v skladu s tem(-i) standardom(-i).    \u010ce potrebujete dodatno znanje o na\u010drtovanju tiskanih vezij, materialih tiskanih vezij, povr\u0161inski obdelavi, toplotni masi, elektri\u010dnih razmikih, razdalji do roba tiskanega vezja, tolerancah, testih, oznakah, zama\u0161itvi\/zapiranju prehodov, master risba (risba dizajna), spajkalna maska, zanesljivost, okoljski vidiki itd., potem je ta standard pravi za vas.<\/p>\n<h3>BI SE \u017dELI NAU\u010cITI, KAKO OBLIKOVATI TISKANO VEZE (PCB)? JA LAHKO! <\/h3>\n<p>Ta standard se uporablja za na\u010drtovanje novega elektronskega izdelka v oblikovalskem oddelku in v\u010dasih tudi kot vstopno preverjanje pri proizvajalcu vezja (podjetje, ki proizvaja gola vezja). \u010ce so na\u010drtovalne risbe napa\u010dne, proizvajalec tiskanega vezja ne more pravilno izdelati, kar pomeni, da monta\u017eer ne more pravilno spajkati komponent in posledi\u010dno v najslab\u0161em primeru elektronski izdelki pred\u010dasno odpovejo. Dober dizajn je osnova za kakovosten kon\u010dni izdelek. Usposabljanje CID je usposabljanje, ki \u0161tudenta\/udele\u017eenca usposablja za Certified Interconnect Designer (CID). To pomeni, da ima \u0161tudent potem veliko znanja o pravilih oblikovanja (smernicah oblikovanja).    <\/p>\n<p>To usposabljanje je primerno za ljudi, ki delajo v oddelku za oblikovanje. Usposabljanje za certifikacijo CID je sestavljeno iz dveh delov. Prvi del je priprava doma, drugi del pa 3 vadbeni dnevi in na koncu usposabljanja udele\u017eenec napi\u0161e zaklju\u010dni izpit (110 vpra\u0161anj z ve\u010d izbiro). Najmanj\u0161i rezultat za uspeh je 73%. Ko udele\u017eenec pridobi svoj certifikat CID, je to potrdilo veljavno za vedno. S tem certifikatom IPC lahko delate kot CID ( Certified Interconnect Designer ) po vsem svetu. Tako kot vozni\u0161ko dovoljenje je tudi ta certifikat IPC mednarodno priznan. \u010ce koga zanima dodatno (napredno) usposabljanje, je za to primeren CID+ trening. CID je dolo\u010dena oseba, ki razpravlja in re\u0161uje te\u017eave s strankami.<\/p>\n<\/div><div class=\"fusion-text fusion-text-4\"><p>Ne oklevajte in nas kontaktirajte za celoten program usposabljanja, ve\u010d informacij ali druga vpra\u0161anja, povezana z usposabljanjem. Po telefonu +31-(0)45-5703333, po elektronski po\u0161ti <a href=\"mailto:support@piek.international\">support@piek.international<\/a> ali <a href=\"https:\/\/piek.international\/quote-request\/\">zahtevajte ponudbo<\/a> .<\/p>\n<\/div>\n<div style=\"text-align:right;\"><a class=\"fusion-button button-flat fusion-button-default-size button-default fusion-button-default button-1 fusion-button-default-span fusion-button-default-type\" style=\"--button_text_transform:uppercase;\" target=\"_self\" title=\"Zahteva za ponudbo\" aria-label=\"Zahteva za ponudbo\" href=\"https:\/\/piek.international\/quote-request\/\"><span class=\"fusion-button-text awb-button__text awb-button__text--default\">Zahteva za ponudbo<\/span><\/a><\/div>\n<\/div><\/div><\/div><\/div><\/div><div id=\"cidplus\" class=\"fusion-container-anchor\"><div class=\"fusion-fullwidth fullwidth-box fusion-builder-row-5 fusion-flex-container nonhundred-percent-fullwidth non-hundred-percent-height-scrolling\" style=\"--awb-border-radius-top-left:0px;--awb-border-radius-top-right:0px;--awb-border-radius-bottom-right:0px;--awb-border-radius-bottom-left:0px;--awb-padding-top:50px;--awb-padding-bottom:25px;--awb-margin-top:50px;--awb-background-color:#fcfcfc;--awb-flex-wrap:wrap;\" ><div class=\"fusion-builder-row fusion-row fusion-flex-align-items-flex-start fusion-flex-content-wrap\" style=\"max-width:1144px;margin-left: calc(-4% \/ 2 );margin-right: calc(-4% \/ 2 );\"><div class=\"fusion-layout-column fusion_builder_column fusion-builder-column-4 fusion_builder_column_1_1 1_1 fusion-flex-column\" style=\"--awb-bg-size:cover;--awb-width-large:100%;--awb-margin-top-large:0px;--awb-spacing-right-large:1.92%;--awb-margin-bottom-large:20px;--awb-spacing-left-large:1.92%;--awb-width-medium:100%;--awb-order-medium:0;--awb-spacing-right-medium:1.92%;--awb-spacing-left-medium:1.92%;--awb-width-small:100%;--awb-order-small:0;--awb-spacing-right-small:1.92%;--awb-spacing-left-small:1.92%;\"><div class=\"fusion-column-wrapper fusion-column-has-shadow fusion-flex-justify-content-flex-start fusion-content-layout-column\"><div class=\"fusion-title title fusion-title-3 sep-underline sep-dotted fusion-title-text fusion-title-size-two\" style=\"--awb-margin-top-small:0px;--awb-margin-right-small:0px;--awb-margin-bottom-small:20px;--awb-margin-left-small:0px;\"><h2 class=\"fusion-title-heading title-heading-left\" style=\"margin:0;\">IPC CID+ (ADVANCED CERTIFIED INTERCONNECT DESIGNER)<\/h2><\/div><div class=\"fusion-text fusion-text-5\"><p>Serija IPC-2220 (\u00bbGeneric Standard on Printed Board Design\u00ab) je serija standardov IPC, po katerih so zasnovana tiskana vezja. IPC je ameri\u0161ki in\u0161titut, ki zagotavlja, da certificirani IPC trenerji razdeljujejo vse znanje po vsem svetu prek svojih standardov IPC, programov usposabljanja IPC in u\u010dnega gradiva IPC. IPC-2221 je standard, po katerem oblikovalci na\u010drtujejo tiskana vezja tako, da so Gerberjeve datoteke (risbe\/podatki na\u010drta) na strani proizvajalca tiskanega vezja pravilno razumljene na njihovih proizvodnih strojih. Skoraj vsi oblikovalci tiskanih vezij po vsem svetu delajo v skladu s tem(-imi) standardom(-i).   <\/p>\n<h3>BI SE \u017dELI NAU\u010cITI, KAKO OSNOVATI TE\u017dKA TISKANA VEZIJKA (PCBS)? JA LAHKO! <\/h3>\n<p>\u010ce potrebujete dodatno znanje o na\u010drtovanju tiskanih vezij, materialih tiskanih vezij, povr\u0161inski obdelavi, toplotni masi, elektri\u010dnih razmikih, razdalji do roba tiskanega vezja, tolerancah, testih, oznakah, zama\u0161itvi\/zapiranju prehodov, master risba (risba dizajna), spajkalna maska, zanesljivost, okoljski vidiki itd., potem je ta standard pravi za vas. Ta standard se uporablja za na\u010drtovanje novega elektronskega izdelka v oblikovalskem oddelku in v\u010dasih tudi kot vstopno preverjanje pri proizvajalcu vezja (podjetje, ki proizvaja gola vezja). \u010ce so na\u010drtovalne risbe napa\u010dne, proizvajalec tiskanega vezja ne more pravilno izdelati, kar pomeni, da monta\u017eer ne more pravilno spajkati komponent in posledi\u010dno v najslab\u0161em primeru elektronski izdelki pred\u010dasno odpovejo. Dober dizajn je osnova za kakovosten kon\u010dni izdelek. Usposabljanje CID+ je usposabljanje, ki \u0161tudenta\/udele\u017eenca usposablja za Advanced Certified Interconnect Designer (CID+). To pomeni, da ima \u0161tudent vse znanje o pravilih oblikovanja (smernicah oblikovanja) kasneje.      To usposabljanje je primerno za napredne (strokovnjake za oblikovanje), ki delajo v oddelku za oblikovanje. Usposabljanje za certifikacijo CID+ je sestavljeno iz dveh delov. Prvi del je priprava doma, drugi del pa 3 vadbeni dnevi in na koncu usposabljanja udele\u017eenec napi\u0161e zaklju\u010dni izpit (120 vpra\u0161anj z mo\u017enostjo izbire). Ko udele\u017eenec pridobi svoj certifikat CID+, je to potrdilo veljavno za vedno. S tem certifikatom IPC lahko delate po vsem svetu kot CID+ ( Advanced Certified Interconnect Designer ). Tako kot vozni\u0161ko dovoljenje je tudi ta certifikat IPC mednarodno priznan. CID+ je dolo\u010dena oseba, ki razpravlja in re\u0161uje te\u017eave s strankami.<\/p>\n<\/div><div class=\"fusion-text fusion-text-6\"><p>Ne oklevajte in nas kontaktirajte za celoten program usposabljanja, ve\u010d informacij ali druga vpra\u0161anja, povezana z usposabljanjem. Po telefonu +31-(0)45-5703333, po elektronski po\u0161ti <a href=\"mailto:support@piek.international\">support@piek.international<\/a> ali <a href=\"https:\/\/piek.international\/quote-request\/\">zahtevajte ponudbo<\/a> .<\/p>\n<\/div>\n<div style=\"text-align:right;\"><a class=\"fusion-button button-flat fusion-button-default-size button-default fusion-button-default button-2 fusion-button-default-span fusion-button-default-type\" style=\"--button_text_transform:uppercase;\" target=\"_self\" title=\"Zahteva za ponudbo\" aria-label=\"Zahteva za ponudbo\" href=\"https:\/\/piek.international\/quote-request\/\"><span class=\"fusion-button-text awb-button__text awb-button__text--default\">Zahteva za ponudbo<\/span><\/a><\/div>\n<\/div><\/div><\/div><\/div><\/div><\/p>\n","protected":false},"excerpt":{"rendered":"","protected":false},"author":1,"featured_media":0,"parent":0,"menu_order":0,"comment_status":"closed","ping_status":"closed","template":"100-width.php","meta":{"footnotes":""},"class_list":["post-1891","page","type-page","status-publish","hentry"],"yoast_head":"<!-- This site is optimized with the Yoast SEO plugin v27.3 - https:\/\/yoast.com\/product\/yoast-seo-wordpress\/ -->\n<title>Certifikat IPC Designer - IPC Accredited Training Partner - PIEK<\/title>\n<meta name=\"description\" content=\"Usposabljanje CID je usposabljanje za na\u010drtovanje tiskanih plo\u0161\u010d, ki \u0161tudenta usposablja za IPC Certified Interconnect Designer (CID).\" \/>\n<meta name=\"robots\" content=\"index, follow, max-snippet:-1, max-image-preview:large, max-video-preview:-1\" \/>\n<link rel=\"canonical\" href=\"https:\/\/piek.international\/sl\/certifikat-ipc-designer\/\" \/>\n<meta property=\"og:locale\" content=\"sl_SI\" \/>\n<meta property=\"og:type\" content=\"article\" \/>\n<meta property=\"og:title\" content=\"Certifikat IPC Designer - IPC Accredited Training Partner - PIEK\" \/>\n<meta property=\"og:description\" content=\"Usposabljanje CID je usposabljanje za na\u010drtovanje tiskanih plo\u0161\u010d, ki \u0161tudenta usposablja za IPC Certified Interconnect Designer (CID).\" \/>\n<meta property=\"og:url\" content=\"https:\/\/piek.international\/sl\/certifikat-ipc-designer\/\" \/>\n<meta property=\"og:site_name\" content=\"IPC Accredited Training Partner - PIEK\" \/>\n<meta name=\"twitter:card\" content=\"summary_large_image\" \/>\n<meta name=\"twitter:label1\" content=\"Est. reading time\" \/>\n\t<meta name=\"twitter:data1\" content=\"23 minut\" \/>\n<script type=\"application\/ld+json\" class=\"yoast-schema-graph\">{\"@context\":\"https:\\\/\\\/schema.org\",\"@graph\":[{\"@type\":\"WebPage\",\"@id\":\"https:\\\/\\\/piek.international\\\/sl\\\/certifikat-ipc-designer\\\/\",\"url\":\"https:\\\/\\\/piek.international\\\/sl\\\/certifikat-ipc-designer\\\/\",\"name\":\"Certifikat IPC Designer - IPC Accredited Training Partner - PIEK\",\"isPartOf\":{\"@id\":\"https:\\\/\\\/piek.international\\\/sl\\\/#website\"},\"datePublished\":\"2021-11-09T14:03:51+00:00\",\"description\":\"Usposabljanje CID je usposabljanje za na\u010drtovanje tiskanih plo\u0161\u010d, ki \u0161tudenta usposablja za IPC Certified Interconnect Designer (CID).\",\"breadcrumb\":{\"@id\":\"https:\\\/\\\/piek.international\\\/sl\\\/certifikat-ipc-designer\\\/#breadcrumb\"},\"inLanguage\":\"sl-SI\",\"potentialAction\":[{\"@type\":\"ReadAction\",\"target\":[\"https:\\\/\\\/piek.international\\\/sl\\\/certifikat-ipc-designer\\\/\"]}]},{\"@type\":\"BreadcrumbList\",\"@id\":\"https:\\\/\\\/piek.international\\\/sl\\\/certifikat-ipc-designer\\\/#breadcrumb\",\"itemListElement\":[{\"@type\":\"ListItem\",\"position\":1,\"name\":\"Home\",\"item\":\"https:\\\/\\\/piek.international\\\/sl\\\/\"},{\"@type\":\"ListItem\",\"position\":2,\"name\":\"Certifikat IPC Designer\"}]},{\"@type\":\"WebSite\",\"@id\":\"https:\\\/\\\/piek.international\\\/sl\\\/#website\",\"url\":\"https:\\\/\\\/piek.international\\\/sl\\\/\",\"name\":\"IPC Accredited Training Partner - PIEK\",\"description\":\"\",\"potentialAction\":[{\"@type\":\"SearchAction\",\"target\":{\"@type\":\"EntryPoint\",\"urlTemplate\":\"https:\\\/\\\/piek.international\\\/sl\\\/?s={search_term_string}\"},\"query-input\":{\"@type\":\"PropertyValueSpecification\",\"valueRequired\":true,\"valueName\":\"search_term_string\"}}],\"inLanguage\":\"sl-SI\"}]}<\/script>\n<!-- \/ Yoast SEO plugin. -->","yoast_head_json":{"title":"Certifikat IPC Designer - IPC Accredited Training Partner - PIEK","description":"Usposabljanje CID je usposabljanje za na\u010drtovanje tiskanih plo\u0161\u010d, ki \u0161tudenta usposablja za IPC Certified Interconnect Designer (CID).","robots":{"index":"index","follow":"follow","max-snippet":"max-snippet:-1","max-image-preview":"max-image-preview:large","max-video-preview":"max-video-preview:-1"},"canonical":"https:\/\/piek.international\/sl\/certifikat-ipc-designer\/","og_locale":"sl_SI","og_type":"article","og_title":"Certifikat IPC Designer - IPC Accredited Training Partner - PIEK","og_description":"Usposabljanje CID je usposabljanje za na\u010drtovanje tiskanih plo\u0161\u010d, ki \u0161tudenta usposablja za IPC Certified Interconnect Designer (CID).","og_url":"https:\/\/piek.international\/sl\/certifikat-ipc-designer\/","og_site_name":"IPC Accredited Training Partner - PIEK","twitter_card":"summary_large_image","twitter_misc":{"Est. reading time":"23 minut"},"schema":{"@context":"https:\/\/schema.org","@graph":[{"@type":"WebPage","@id":"https:\/\/piek.international\/sl\/certifikat-ipc-designer\/","url":"https:\/\/piek.international\/sl\/certifikat-ipc-designer\/","name":"Certifikat IPC Designer - IPC Accredited Training Partner - PIEK","isPartOf":{"@id":"https:\/\/piek.international\/sl\/#website"},"datePublished":"2021-11-09T14:03:51+00:00","description":"Usposabljanje CID je usposabljanje za na\u010drtovanje tiskanih plo\u0161\u010d, ki \u0161tudenta usposablja za IPC Certified Interconnect Designer (CID).","breadcrumb":{"@id":"https:\/\/piek.international\/sl\/certifikat-ipc-designer\/#breadcrumb"},"inLanguage":"sl-SI","potentialAction":[{"@type":"ReadAction","target":["https:\/\/piek.international\/sl\/certifikat-ipc-designer\/"]}]},{"@type":"BreadcrumbList","@id":"https:\/\/piek.international\/sl\/certifikat-ipc-designer\/#breadcrumb","itemListElement":[{"@type":"ListItem","position":1,"name":"Home","item":"https:\/\/piek.international\/sl\/"},{"@type":"ListItem","position":2,"name":"Certifikat IPC Designer"}]},{"@type":"WebSite","@id":"https:\/\/piek.international\/sl\/#website","url":"https:\/\/piek.international\/sl\/","name":"IPC Accredited Training Partner - PIEK","description":"","potentialAction":[{"@type":"SearchAction","target":{"@type":"EntryPoint","urlTemplate":"https:\/\/piek.international\/sl\/?s={search_term_string}"},"query-input":{"@type":"PropertyValueSpecification","valueRequired":true,"valueName":"search_term_string"}}],"inLanguage":"sl-SI"}]}},"_links":{"self":[{"href":"https:\/\/piek.international\/sl\/wp-json\/wp\/v2\/pages\/1891","targetHints":{"allow":["GET"]}}],"collection":[{"href":"https:\/\/piek.international\/sl\/wp-json\/wp\/v2\/pages"}],"about":[{"href":"https:\/\/piek.international\/sl\/wp-json\/wp\/v2\/types\/page"}],"author":[{"embeddable":true,"href":"https:\/\/piek.international\/sl\/wp-json\/wp\/v2\/users\/1"}],"replies":[{"embeddable":true,"href":"https:\/\/piek.international\/sl\/wp-json\/wp\/v2\/comments?post=1891"}],"version-history":[{"count":2,"href":"https:\/\/piek.international\/sl\/wp-json\/wp\/v2\/pages\/1891\/revisions"}],"predecessor-version":[{"id":1893,"href":"https:\/\/piek.international\/sl\/wp-json\/wp\/v2\/pages\/1891\/revisions\/1893"}],"wp:attachment":[{"href":"https:\/\/piek.international\/sl\/wp-json\/wp\/v2\/media?parent=1891"}],"curies":[{"name":"wp","href":"https:\/\/api.w.org\/{rel}","templated":true}]}}