{"id":1915,"date":"2021-11-09T14:11:44","date_gmt":"2021-11-09T14:11:44","guid":{"rendered":"https:\/\/piek.international\/ipc-designer-certifiering\/"},"modified":"2021-11-09T14:11:45","modified_gmt":"2021-11-09T14:11:45","slug":"ipc-designer-certifiering","status":"publish","type":"page","link":"https:\/\/piek.international\/sv\/ipc-designer-certifiering\/","title":{"rendered":"IPC Designer certifiering"},"content":{"rendered":"<p><div class=\"fusion-fullwidth fullwidth-box fusion-builder-row-1 fusion-flex-container nonhundred-percent-fullwidth non-hundred-percent-height-scrolling\" style=\"--awb-border-radius-top-left:0px;--awb-border-radius-top-right:0px;--awb-border-radius-bottom-right:0px;--awb-border-radius-bottom-left:0px;--awb-flex-wrap:wrap;\" ><div class=\"fusion-builder-row fusion-row fusion-flex-align-items-flex-start fusion-flex-content-wrap\" style=\"max-width:1144px;margin-left: calc(-4% \/ 2 );margin-right: calc(-4% \/ 2 );\"><div class=\"fusion-layout-column fusion_builder_column fusion-builder-column-0 fusion_builder_column_1_1 1_1 fusion-flex-column\" style=\"--awb-bg-size:cover;--awb-width-large:100%;--awb-margin-top-large:0px;--awb-spacing-right-large:1.92%;--awb-margin-bottom-large:20px;--awb-spacing-left-large:1.92%;--awb-width-medium:100%;--awb-order-medium:0;--awb-spacing-right-medium:1.92%;--awb-spacing-left-medium:1.92%;--awb-width-small:100%;--awb-order-small:0;--awb-spacing-right-small:1.92%;--awb-spacing-left-small:1.92%;\"><div class=\"fusion-column-wrapper fusion-column-has-shadow fusion-flex-justify-content-flex-start fusion-content-layout-column\"><div class=\"fusion-title title fusion-title-1 sep-underline sep-dotted fusion-title-text fusion-title-size-one\" style=\"--awb-margin-top-small:0px;--awb-margin-right-small:0px;--awb-margin-bottom-small:20px;--awb-margin-left-small:0px;\"><h1 class=\"fusion-title-heading title-heading-left\" style=\"margin:0;\">IPC Designer certifiering<\/h1><\/div><\/div><\/div><\/div><\/div><div class=\"fusion-bg-parallax\" data-bg-align=\"right top\" data-direction=\"down\" data-mute=\"false\" data-opacity=\"100\" data-velocity=\"-0.3\" data-mobile-enabled=\"false\" data-break_parents=\"0\" data-bg-image=\"https:\/\/piek.international\/wp-content\/uploads\/pcb-background-v4.jpeg\" data-bg-repeat=\"false\" data-bg-color=\"#fcfcfc\" ><\/div><div class=\"fusion-fullwidth fullwidth-box fusion-builder-row-2 fusion-flex-container fusion-parallax-down nonhundred-percent-fullwidth non-hundred-percent-height-scrolling fusion-no-small-visibility fusion-no-medium-visibility\" style=\"--awb-background-position:right top;--awb-border-radius-top-left:0px;--awb-border-radius-top-right:0px;--awb-border-radius-bottom-right:0px;--awb-border-radius-bottom-left:0px;--awb-padding-top:50px;--awb-padding-bottom:25px;--awb-background-color:#fcfcfc;--awb-background-image:url(&quot;https:\/\/piek.international\/wp-content\/uploads\/pcb-background-v4.jpeg&quot;);--awb-background-size:cover;--awb-flex-wrap:wrap;--awb-box-shadow: 0px 0px ;\" ><div class=\"fusion-builder-row fusion-row fusion-flex-align-items-flex-start fusion-flex-content-wrap\" style=\"max-width:1144px;margin-left: calc(-4% \/ 2 );margin-right: calc(-4% \/ 2 );\"><div class=\"fusion-layout-column fusion_builder_column fusion-builder-column-1 fusion_builder_column_1_1 1_1 fusion-flex-column\" style=\"--awb-bg-size:cover;--awb-width-large:100%;--awb-margin-top-large:0px;--awb-spacing-right-large:1.92%;--awb-margin-bottom-large:20px;--awb-spacing-left-large:1.92%;--awb-width-medium:100%;--awb-order-medium:0;--awb-spacing-right-medium:1.92%;--awb-spacing-left-medium:1.92%;--awb-width-small:100%;--awb-order-small:0;--awb-spacing-right-small:1.92%;--awb-spacing-left-small:1.92%;\"><div class=\"fusion-column-wrapper fusion-column-has-shadow fusion-flex-justify-content-flex-start fusion-content-layout-column\"><div class=\"fusion-text fusion-text-1\"><h4><a href=\"#cid\"><i class=\"fb-icon-element-1 fb-icon-element fontawesome-icon fa-check fas circle-no fusion-text-flow\" style=\"--awb-iconcolor:#2cb34a;--awb-iconcolor-hover:#2cb34a;--awb-font-size:24px;--awb-margin-right:12px;\"><\/i>IPC CID (CERTIFIED INTERCONNECT DESIGNER-BASIC)<\/a><\/h4>\n<h4><a href=\"#cidplus\"><i class=\"fb-icon-element-2 fb-icon-element fontawesome-icon fa-check fas circle-no fusion-text-flow\" style=\"--awb-iconcolor:#2cb34a;--awb-iconcolor-hover:#2cb34a;--awb-font-size:24px;--awb-margin-right:12px;\"><\/i>IPC CID+ (ADVANCED CERTIFIED INTERCONNECT DESIGNER)<\/a><\/h4>\n<\/div><\/div><\/div><\/div><\/div><div class=\"fusion-fullwidth fullwidth-box fusion-builder-row-3 fusion-flex-container nonhundred-percent-fullwidth non-hundred-percent-height-scrolling fusion-no-large-visibility\" style=\"--awb-border-radius-top-left:0px;--awb-border-radius-top-right:0px;--awb-border-radius-bottom-right:0px;--awb-border-radius-bottom-left:0px;--awb-padding-top:50px;--awb-padding-bottom:25px;--awb-background-color:#fcfcfc;--awb-flex-wrap:wrap;--awb-box-shadow: 0px 0px ;\" ><div class=\"fusion-builder-row fusion-row fusion-flex-align-items-flex-start fusion-flex-content-wrap\" style=\"max-width:1144px;margin-left: calc(-4% \/ 2 );margin-right: calc(-4% \/ 2 );\"><div class=\"fusion-layout-column fusion_builder_column fusion-builder-column-2 fusion_builder_column_1_1 1_1 fusion-flex-column\" style=\"--awb-bg-size:cover;--awb-width-large:100%;--awb-margin-top-large:0px;--awb-spacing-right-large:1.92%;--awb-margin-bottom-large:20px;--awb-spacing-left-large:1.92%;--awb-width-medium:100%;--awb-order-medium:0;--awb-spacing-right-medium:1.92%;--awb-spacing-left-medium:1.92%;--awb-width-small:100%;--awb-order-small:0;--awb-spacing-right-small:1.92%;--awb-spacing-left-small:1.92%;\"><div class=\"fusion-column-wrapper fusion-column-has-shadow fusion-flex-justify-content-flex-start fusion-content-layout-column\"><div class=\"fusion-text fusion-text-2\"><h4><a href=\"#cid\"><i class=\"fb-icon-element-3 fb-icon-element fontawesome-icon fa-check fas circle-no fusion-text-flow\" style=\"--awb-iconcolor:#2cb34a;--awb-iconcolor-hover:#2cb34a;--awb-font-size:24px;--awb-margin-right:12px;\"><\/i>IPC CID (CERTIFIED INTERCONNECT DESIGNER-BASIC)<\/a><\/h4>\n<h4><a href=\"#cidplus\"><i class=\"fb-icon-element-4 fb-icon-element fontawesome-icon fa-check fas circle-no fusion-text-flow\" style=\"--awb-iconcolor:#2cb34a;--awb-iconcolor-hover:#2cb34a;--awb-font-size:24px;--awb-margin-right:12px;\"><\/i>IPC CID+ (ADVANCED CERTIFIED INTERCONNECT DESIGNER)<\/a><\/h4>\n<\/div><\/div><\/div><\/div><\/div><div id=\"cid\" class=\"fusion-container-anchor\"><div class=\"fusion-fullwidth fullwidth-box fusion-builder-row-4 fusion-flex-container nonhundred-percent-fullwidth non-hundred-percent-height-scrolling\" style=\"--awb-border-radius-top-left:0px;--awb-border-radius-top-right:0px;--awb-border-radius-bottom-right:0px;--awb-border-radius-bottom-left:0px;--awb-padding-top:50px;--awb-padding-bottom:25px;--awb-flex-wrap:wrap;\" ><div class=\"fusion-builder-row fusion-row fusion-flex-align-items-flex-start fusion-flex-content-wrap\" style=\"max-width:1144px;margin-left: calc(-4% \/ 2 );margin-right: calc(-4% \/ 2 );\"><div class=\"fusion-layout-column fusion_builder_column fusion-builder-column-3 fusion_builder_column_1_1 1_1 fusion-flex-column\" style=\"--awb-bg-size:cover;--awb-width-large:100%;--awb-margin-top-large:0px;--awb-spacing-right-large:1.92%;--awb-margin-bottom-large:20px;--awb-spacing-left-large:1.92%;--awb-width-medium:100%;--awb-order-medium:0;--awb-spacing-right-medium:1.92%;--awb-spacing-left-medium:1.92%;--awb-width-small:100%;--awb-order-small:0;--awb-spacing-right-small:1.92%;--awb-spacing-left-small:1.92%;\"><div class=\"fusion-column-wrapper fusion-column-has-shadow fusion-flex-justify-content-flex-start fusion-content-layout-column\"><div class=\"fusion-title title fusion-title-2 sep-underline sep-dotted fusion-title-text fusion-title-size-two\" style=\"--awb-margin-top-small:0px;--awb-margin-right-small:0px;--awb-margin-bottom-small:20px;--awb-margin-left-small:0px;\"><h2 class=\"fusion-title-heading title-heading-left\" style=\"margin:0;\">IPC CID (CERTIFIED INTERCONNECT DESIGNER-BASIC)<\/h2><\/div><div class=\"fusion-text fusion-text-3\"><p>IPC-2220-serien (&#8221;Generisk standard f\u00f6r design av tryckta kretskort&#8221;) \u00e4r en serie IPC-standarder enligt vilka kretskort utformas. IPC \u00e4r ett amerikanskt institut som ser till att all kunskap distribueras \u00f6ver hela v\u00e4rlden av certifierade IPC-utbildare genom deras IPC-standarder, IPC-utbildningsprogram och IPC-l\u00e4romaterial. IPC-2221 \u00e4r en standard enligt vilken designers designar tryckta kretskort s\u00e5 att Gerber-filerna (designritningarna\/data) p\u00e5 kretskorttillverkarens sida \u00e4r korrekt f\u00f6rst\u00e5dda p\u00e5 deras produktionsmaskiner. N\u00e4stan alla designers av kretskort runt om i v\u00e4rlden arbetar enligt denna eller de h\u00e4r standarderna.    Beh\u00f6ver du ytterligare kunskaper inom design av kretskort, kretskortsmaterial, ytfinish, termisk massa, elektriska spel, avst\u00e5nd till kretskorts kant, toleranser, tester, markeringar, pluggning\/t\u00e4ltning av vias, master ritning (designritning), l\u00f6dmask, tillf\u00f6rlitlighet, milj\u00f6aspekter etc. d\u00e5 \u00e4r denna standard r\u00e4tt f\u00f6r dig.<\/p>\n<h3>VILL DU L\u00c4RA DU UTFORMA EN TRYCKT KRETS (PCB)? JO DET KAN DU! <\/h3>\n<p>Denna standard anv\u00e4nds f\u00f6r design av en ny elektronikprodukt p\u00e5 konstruktionsavdelningen och ibland \u00e4ven som intr\u00e4deskontroll hos kretskortstillverkaren (f\u00f6retaget som tillverkar blanka kretskort). Om konstruktionsritningarna \u00e4r felaktiga kan kretskortstillverkaren inte producera ordentligt, vilket g\u00f6r att mont\u00f6ren inte kan l\u00f6da komponenterna ordentligt och som en f\u00f6ljd av detta g\u00e5r elektronikprodukterna i f\u00f6rtid. En bra design \u00e4r grunden f\u00f6r en slutprodukt av god kvalitet. CID-utbildningen \u00e4r en utbildning som utbildar en student\/deltagare till Certified Interconnect Designer (CID). Det g\u00f6r att eleven har mycket kunskap om designregler (design guidelines) i efterhand.    <\/p>\n<p>Denna utbildning \u00e4r l\u00e4mplig f\u00f6r personer som arbetar p\u00e5 designavdelningen. CID-certifieringsutbildningen best\u00e5r av tv\u00e5 delar. Den f\u00f6rsta delen \u00e4r f\u00f6rberedelser hemma, andra delen \u00e4r 3 utbildningsdagar och i slutet av utbildningen skriver deltagaren en sluttentamen (110 fr\u00e5gor flervalsfr\u00e5gor). Minsta po\u00e4ng f\u00f6r att lyckas \u00e4r 73%. N\u00e4r deltagaren har erh\u00e5llit sitt CID-certifikat \u00e4r det certifikatet giltigt f\u00f6r alltid. Med detta IPC-certifikat kan du arbeta som CID ( Certified Interconnect Designer ) \u00f6ver hela v\u00e4rlden. Precis som ett k\u00f6rkort \u00e4r detta IPC-certifikat internationellt erk\u00e4nt. Om n\u00e5gon \u00e4r intresserad av ytterligare (avancerad) utbildning passar CID+-utbildningen f\u00f6r detta. CID \u00e4r den utsedda personen som diskuterar och l\u00f6ser problem med kunder.<\/p>\n<\/div><div class=\"fusion-text fusion-text-4\"><p>Tveka inte att kontakta oss f\u00f6r ett komplett utbildningsprogram, mer information eller andra utbildningsrelaterade fr\u00e5gor. Via telefon +31-(0)45-5703333, via e-post <a href=\"mailto:support@piek.international\">support@piek.international<\/a> eller <a href=\"https:\/\/piek.international\/quote-request\/\">beg\u00e4r en offert<\/a> .<\/p>\n<\/div>\n<div style=\"text-align:right;\"><a class=\"fusion-button button-flat fusion-button-default-size button-default fusion-button-default button-1 fusion-button-default-span fusion-button-default-type\" style=\"--button_text_transform:uppercase;\" target=\"_self\" title=\"Offertf\u00f6rfr\u00e5gan\" aria-label=\"Offertf\u00f6rfr\u00e5gan\" href=\"https:\/\/piek.international\/quote-request\/\"><span class=\"fusion-button-text awb-button__text awb-button__text--default\">Offertf\u00f6rfr\u00e5gan<\/span><\/a><\/div>\n<\/div><\/div><\/div><\/div><\/div><div id=\"cidplus\" class=\"fusion-container-anchor\"><div class=\"fusion-fullwidth fullwidth-box fusion-builder-row-5 fusion-flex-container nonhundred-percent-fullwidth non-hundred-percent-height-scrolling\" style=\"--awb-border-radius-top-left:0px;--awb-border-radius-top-right:0px;--awb-border-radius-bottom-right:0px;--awb-border-radius-bottom-left:0px;--awb-padding-top:50px;--awb-padding-bottom:25px;--awb-margin-top:50px;--awb-background-color:#fcfcfc;--awb-flex-wrap:wrap;\" ><div class=\"fusion-builder-row fusion-row fusion-flex-align-items-flex-start fusion-flex-content-wrap\" style=\"max-width:1144px;margin-left: calc(-4% \/ 2 );margin-right: calc(-4% \/ 2 );\"><div class=\"fusion-layout-column fusion_builder_column fusion-builder-column-4 fusion_builder_column_1_1 1_1 fusion-flex-column\" style=\"--awb-bg-size:cover;--awb-width-large:100%;--awb-margin-top-large:0px;--awb-spacing-right-large:1.92%;--awb-margin-bottom-large:20px;--awb-spacing-left-large:1.92%;--awb-width-medium:100%;--awb-order-medium:0;--awb-spacing-right-medium:1.92%;--awb-spacing-left-medium:1.92%;--awb-width-small:100%;--awb-order-small:0;--awb-spacing-right-small:1.92%;--awb-spacing-left-small:1.92%;\"><div class=\"fusion-column-wrapper fusion-column-has-shadow fusion-flex-justify-content-flex-start fusion-content-layout-column\"><div class=\"fusion-title title fusion-title-3 sep-underline sep-dotted fusion-title-text fusion-title-size-two\" style=\"--awb-margin-top-small:0px;--awb-margin-right-small:0px;--awb-margin-bottom-small:20px;--awb-margin-left-small:0px;\"><h2 class=\"fusion-title-heading title-heading-left\" style=\"margin:0;\">IPC CID+ (ADVANCED CERTIFIED INTERCONNECT DESIGNER)<\/h2><\/div><div class=\"fusion-text fusion-text-5\"><p>IPC-2220-serien (&#8221;Generisk standard f\u00f6r design av tryckta kretskort&#8221;) \u00e4r en serie IPC-standarder enligt vilka kretskort utformas. IPC \u00e4r ett amerikanskt institut som ser till att all kunskap distribueras \u00f6ver hela v\u00e4rlden av certifierade IPC-utbildare genom deras IPC-standarder, IPC-utbildningsprogram och IPC-l\u00e4romaterial. IPC-2221 \u00e4r en standard enligt vilken designers designar tryckta kretskort s\u00e5 att Gerber-filerna (designritningarna\/data) p\u00e5 kretskorttillverkarens sida \u00e4r korrekt f\u00f6rst\u00e5dda p\u00e5 deras produktionsmaskiner. N\u00e4stan alla designers av kretskort runt om i v\u00e4rlden arbetar enligt denna eller de h\u00e4r standarderna.   <\/p>\n<h3>VILL DU L\u00c4RA DU UTFORMA SV\u00c5RA KRETSKRETS (PCBS)? JO DET KAN DU! <\/h3>\n<p>Beh\u00f6ver du ytterligare kunskaper inom design av kretskort, kretskortsmaterial, ytfinish, termisk massa, elektriska spel, avst\u00e5nd till kretskorts kant, toleranser, tester, markeringar, pluggning\/t\u00e4ltning av vias, master ritning (designritning), l\u00f6dmask, tillf\u00f6rlitlighet, milj\u00f6aspekter etc. d\u00e5 \u00e4r denna standard r\u00e4tt f\u00f6r dig. Denna standard anv\u00e4nds f\u00f6r design av en ny elektronikprodukt p\u00e5 konstruktionsavdelningen och ibland \u00e4ven som intr\u00e4deskontroll hos kretskortstillverkaren (f\u00f6retaget som tillverkar blanka kretskort). Om konstruktionsritningarna \u00e4r felaktiga kan kretskortstillverkaren inte producera ordentligt, vilket g\u00f6r att mont\u00f6ren inte kan l\u00f6da komponenterna ordentligt och som en f\u00f6ljd av detta g\u00e5r elektronikprodukterna i f\u00f6rtid. En bra design \u00e4r grunden f\u00f6r en slutprodukt av god kvalitet. CID+-utbildningen \u00e4r en utbildning som utbildar en student\/deltagare till en Advanced Certified Interconnect Designer (CID+). Det inneb\u00e4r att eleven har all kunskap om designregler (design guidelines) i efterhand.      Denna utbildning \u00e4r l\u00e4mplig f\u00f6r avancerade (designspecialister) som arbetar p\u00e5 designavdelningen. CID+ certifieringsutbildningen best\u00e5r av tv\u00e5 delar. Den f\u00f6rsta delen \u00e4r f\u00f6rberedelser hemma, andra delen \u00e4r 3 utbildningsdagar och i slutet av utbildningen skriver deltagaren en sluttentamen (120 fr\u00e5gor flervalsfr\u00e5gor). N\u00e4r deltagaren har erh\u00e5llit sitt CID+-certifikat \u00e4r det certifikatet giltigt f\u00f6r alltid. Med detta IPC-certifikat kan du arbeta \u00f6ver hela v\u00e4rlden som CID+ ( Advanced Certified Interconnect Designer ). Precis som ett k\u00f6rkort \u00e4r detta IPC-certifikat internationellt erk\u00e4nt. CID+ \u00e4r den utsedda personen som diskuterar och l\u00f6ser problem med kunder.<\/p>\n<\/div><div class=\"fusion-text fusion-text-6\"><p>Tveka inte att kontakta oss f\u00f6r ett komplett utbildningsprogram, mer information eller andra utbildningsrelaterade fr\u00e5gor. Via telefon +31-(0)45-5703333, via e-post <a href=\"mailto:support@piek.international\">support@piek.international<\/a> eller <a href=\"https:\/\/piek.international\/quote-request\/\">beg\u00e4r en offert<\/a> .<\/p>\n<\/div>\n<div style=\"text-align:right;\"><a class=\"fusion-button button-flat fusion-button-default-size button-default fusion-button-default button-2 fusion-button-default-span fusion-button-default-type\" style=\"--button_text_transform:uppercase;\" target=\"_self\" title=\"Offertf\u00f6rfr\u00e5gan\" aria-label=\"Offertf\u00f6rfr\u00e5gan\" href=\"https:\/\/piek.international\/quote-request\/\"><span class=\"fusion-button-text awb-button__text awb-button__text--default\">Offertf\u00f6rfr\u00e5gan<\/span><\/a><\/div>\n<\/div><\/div><\/div><\/div><\/div><\/p>\n","protected":false},"excerpt":{"rendered":"","protected":false},"author":1,"featured_media":0,"parent":0,"menu_order":0,"comment_status":"closed","ping_status":"closed","template":"100-width.php","meta":{"footnotes":""},"class_list":["post-1915","page","type-page","status-publish","hentry"],"yoast_head":"<!-- This site is optimized with the Yoast SEO plugin v27.3 - https:\/\/yoast.com\/product\/yoast-seo-wordpress\/ -->\n<title>IPC Designer certifiering - IPC Accredited Training Partner - PIEK<\/title>\n<meta name=\"description\" content=\"CID-utbildningen \u00e4r en PCB-designutbildning som utbildar en student till IPC Certified Interconnect Designer (CID).\" \/>\n<meta name=\"robots\" content=\"index, follow, max-snippet:-1, max-image-preview:large, max-video-preview:-1\" \/>\n<link rel=\"canonical\" href=\"https:\/\/piek.international\/sv\/ipc-designer-certifiering\/\" \/>\n<meta property=\"og:locale\" content=\"sv_SE\" \/>\n<meta property=\"og:type\" content=\"article\" \/>\n<meta property=\"og:title\" content=\"IPC Designer certifiering - IPC Accredited Training Partner - PIEK\" \/>\n<meta property=\"og:description\" content=\"CID-utbildningen \u00e4r en PCB-designutbildning som utbildar en student till IPC Certified Interconnect Designer (CID).\" \/>\n<meta property=\"og:url\" content=\"https:\/\/piek.international\/sv\/ipc-designer-certifiering\/\" \/>\n<meta property=\"og:site_name\" content=\"IPC Accredited Training Partner - PIEK\" \/>\n<meta property=\"article:modified_time\" content=\"2021-11-09T14:11:45+00:00\" \/>\n<meta name=\"twitter:card\" content=\"summary_large_image\" \/>\n<meta name=\"twitter:label1\" content=\"Ber\u00e4knad l\u00e4stid\" \/>\n\t<meta name=\"twitter:data1\" content=\"23 minuter\" \/>\n<script type=\"application\/ld+json\" class=\"yoast-schema-graph\">{\"@context\":\"https:\\\/\\\/schema.org\",\"@graph\":[{\"@type\":\"WebPage\",\"@id\":\"https:\\\/\\\/piek.international\\\/sv\\\/ipc-designer-certifiering\\\/\",\"url\":\"https:\\\/\\\/piek.international\\\/sv\\\/ipc-designer-certifiering\\\/\",\"name\":\"IPC Designer certifiering - IPC Accredited Training Partner - PIEK\",\"isPartOf\":{\"@id\":\"https:\\\/\\\/piek.international\\\/sv\\\/#website\"},\"datePublished\":\"2021-11-09T14:11:44+00:00\",\"dateModified\":\"2021-11-09T14:11:45+00:00\",\"description\":\"CID-utbildningen \u00e4r en PCB-designutbildning som utbildar en student till IPC Certified Interconnect Designer (CID).\",\"breadcrumb\":{\"@id\":\"https:\\\/\\\/piek.international\\\/sv\\\/ipc-designer-certifiering\\\/#breadcrumb\"},\"inLanguage\":\"sv-SE\",\"potentialAction\":[{\"@type\":\"ReadAction\",\"target\":[\"https:\\\/\\\/piek.international\\\/sv\\\/ipc-designer-certifiering\\\/\"]}]},{\"@type\":\"BreadcrumbList\",\"@id\":\"https:\\\/\\\/piek.international\\\/sv\\\/ipc-designer-certifiering\\\/#breadcrumb\",\"itemListElement\":[{\"@type\":\"ListItem\",\"position\":1,\"name\":\"Home\",\"item\":\"https:\\\/\\\/piek.international\\\/sv\\\/\"},{\"@type\":\"ListItem\",\"position\":2,\"name\":\"IPC Designer certifiering\"}]},{\"@type\":\"WebSite\",\"@id\":\"https:\\\/\\\/piek.international\\\/sv\\\/#website\",\"url\":\"https:\\\/\\\/piek.international\\\/sv\\\/\",\"name\":\"IPC Accredited Training Partner - PIEK\",\"description\":\"\",\"potentialAction\":[{\"@type\":\"SearchAction\",\"target\":{\"@type\":\"EntryPoint\",\"urlTemplate\":\"https:\\\/\\\/piek.international\\\/sv\\\/?s={search_term_string}\"},\"query-input\":{\"@type\":\"PropertyValueSpecification\",\"valueRequired\":true,\"valueName\":\"search_term_string\"}}],\"inLanguage\":\"sv-SE\"}]}<\/script>\n<!-- \/ Yoast SEO plugin. -->","yoast_head_json":{"title":"IPC Designer certifiering - IPC Accredited Training Partner - PIEK","description":"CID-utbildningen \u00e4r en PCB-designutbildning som utbildar en student till IPC Certified Interconnect Designer (CID).","robots":{"index":"index","follow":"follow","max-snippet":"max-snippet:-1","max-image-preview":"max-image-preview:large","max-video-preview":"max-video-preview:-1"},"canonical":"https:\/\/piek.international\/sv\/ipc-designer-certifiering\/","og_locale":"sv_SE","og_type":"article","og_title":"IPC Designer certifiering - IPC Accredited Training Partner - PIEK","og_description":"CID-utbildningen \u00e4r en PCB-designutbildning som utbildar en student till IPC Certified Interconnect Designer (CID).","og_url":"https:\/\/piek.international\/sv\/ipc-designer-certifiering\/","og_site_name":"IPC Accredited Training Partner - PIEK","article_modified_time":"2021-11-09T14:11:45+00:00","twitter_card":"summary_large_image","twitter_misc":{"Ber\u00e4knad l\u00e4stid":"23 minuter"},"schema":{"@context":"https:\/\/schema.org","@graph":[{"@type":"WebPage","@id":"https:\/\/piek.international\/sv\/ipc-designer-certifiering\/","url":"https:\/\/piek.international\/sv\/ipc-designer-certifiering\/","name":"IPC Designer certifiering - IPC Accredited Training Partner - PIEK","isPartOf":{"@id":"https:\/\/piek.international\/sv\/#website"},"datePublished":"2021-11-09T14:11:44+00:00","dateModified":"2021-11-09T14:11:45+00:00","description":"CID-utbildningen \u00e4r en PCB-designutbildning som utbildar en student till IPC Certified Interconnect Designer (CID).","breadcrumb":{"@id":"https:\/\/piek.international\/sv\/ipc-designer-certifiering\/#breadcrumb"},"inLanguage":"sv-SE","potentialAction":[{"@type":"ReadAction","target":["https:\/\/piek.international\/sv\/ipc-designer-certifiering\/"]}]},{"@type":"BreadcrumbList","@id":"https:\/\/piek.international\/sv\/ipc-designer-certifiering\/#breadcrumb","itemListElement":[{"@type":"ListItem","position":1,"name":"Home","item":"https:\/\/piek.international\/sv\/"},{"@type":"ListItem","position":2,"name":"IPC Designer certifiering"}]},{"@type":"WebSite","@id":"https:\/\/piek.international\/sv\/#website","url":"https:\/\/piek.international\/sv\/","name":"IPC Accredited Training Partner - PIEK","description":"","potentialAction":[{"@type":"SearchAction","target":{"@type":"EntryPoint","urlTemplate":"https:\/\/piek.international\/sv\/?s={search_term_string}"},"query-input":{"@type":"PropertyValueSpecification","valueRequired":true,"valueName":"search_term_string"}}],"inLanguage":"sv-SE"}]}},"_links":{"self":[{"href":"https:\/\/piek.international\/sv\/wp-json\/wp\/v2\/pages\/1915","targetHints":{"allow":["GET"]}}],"collection":[{"href":"https:\/\/piek.international\/sv\/wp-json\/wp\/v2\/pages"}],"about":[{"href":"https:\/\/piek.international\/sv\/wp-json\/wp\/v2\/types\/page"}],"author":[{"embeddable":true,"href":"https:\/\/piek.international\/sv\/wp-json\/wp\/v2\/users\/1"}],"replies":[{"embeddable":true,"href":"https:\/\/piek.international\/sv\/wp-json\/wp\/v2\/comments?post=1915"}],"version-history":[{"count":2,"href":"https:\/\/piek.international\/sv\/wp-json\/wp\/v2\/pages\/1915\/revisions"}],"predecessor-version":[{"id":1917,"href":"https:\/\/piek.international\/sv\/wp-json\/wp\/v2\/pages\/1915\/revisions\/1917"}],"wp:attachment":[{"href":"https:\/\/piek.international\/sv\/wp-json\/wp\/v2\/media?parent=1915"}],"curies":[{"name":"wp","href":"https:\/\/api.w.org\/{rel}","templated":true}]}}